{"id":5622,"date":"2020-12-09T12:54:48","date_gmt":"2020-12-09T11:54:48","guid":{"rendered":"https:\/\/semmelweis.hu\/sebeszet1\/?page_id=5622"},"modified":"2021-01-11T17:19:49","modified_gmt":"2021-01-11T16:19:49","slug":"npwt-terapia","status":"publish","type":"page","link":"https:\/\/semmelweis.hu\/sebeszet\/betegellatas\/npwt-terapia\/","title":{"rendered":"NPWT ter\u00e1pia"},"content":{"rendered":"<p style=\"text-align: justify\">M\u0171t\u00e9ten \u00e1tesett betegeink kiv\u00e9tel n\u00e9lk\u00fcl rendelkeznek kisebb- nagyobb, k\u00f6nnyen, vagy nehezebben gy\u00f3gyul\u00f3 sebekkel. Ezek gy\u00f3gyul\u00e1sa (az alap betegs\u00e9gen fel\u00fcl) n\u00e9lk\u00fcl\u00f6zhetetlen a norm\u00e1lis \u00e9letbe val\u00f3 mihamarabbi visszat\u00e9r\u00e9shez. Klinik\u00e1nkon sz\u00e1mos ter\u00e1pi\u00e1s utat tudunk k\u00edn\u00e1lni, de mindezek k\u00f6z\u00f6tt a kezel\u00e9sek &#8222;Teslaja&#8221; a Negat\u00edv nyom\u00e1s\u00fa sebkezel\u00e9s (NPWT). \u00c9rtve ez alatt az egyik legeleg\u00e1nsabb, leggyorsabb, leghat\u00e9konyabb \u00e9s legmodernebb sebkezel\u00e9si elj\u00e1r\u00e1st. Elve, hogy folyamatos, vagy intermitt\u00e1l\u00f3 negat\u00edv nyom\u00e1s al\u00e1 helyezz\u00fck a sebet. A sebet por\u00f3zus anyaggal t\u00f6ltj\u00fck ki, majd f\u00f3li\u00e1val l\u00e9gmentesen z\u00e1rjuk. A f\u00f3li\u00e1ra helyezett &#8222;porttal&#8221; egy szub-atmoszf\u00e9rikus nyom\u00e1st biztos\u00edt\u00f3 g\u00e9phez kapcsoljuk. Ennek k\u00f6sz\u00f6nhet\u0151en a seb gy\u00f3gyul\u00e1si folyamata, zsugorod\u00e1sa felgyorsul. Z\u00e1rt rendszer l\u00e9v\u00e9n a k\u00f6t\u00e9scsere ritk\u00e1bban sz\u00fcks\u00e9ges, a betegek sz\u00e1m\u00e1ra is sokkal komfortosabb viselet a sziv\u00e1rg\u00f3 v\u00e1lad\u00e9kok, valamint kellemetlen szagok elker\u00fcl\u00e9se miatt. Nyitott hasi sebek, valamint endoluminalis alkalmaz\u00e1sa m\u00e1r &#8222;gold standard&#8221;, egy\u00e9b sebekn\u00e9l sebkezel\u0151-team\u00fcnk \u00e1ll\u00edtja fel az (esetleges prevent\u00edv) indik\u00e1ci\u00f3t. Mobil eszk\u00f6z l\u00e9v\u00e9n erre alkalmas betegeinkn\u00e9l ak\u00e1r j\u00e1r\u00f3beteg-ell\u00e1t\u00e1s keretein bel\u00fcl is alkalmazhat\u00f3. <\/p>\n<p style=\"text-align: justify\"><a href=\"https:\/\/semmelweis.hu\/hirek\/2020\/12\/09\/a-sebkezeles-legujabb-lehetosegeit-mutattak-be-a-iv-npwt-tudomanyos-szakmai-napon\/\">A IV. NPWT Tudom\u00e1nyos Szakmai Nappal kapcsolatos cikkr\u0151l &lt;&lt;itt&gt;&gt; olvashat<\/a><\/p>\n","protected":false},"excerpt":{"rendered":"<p>M\u0171t\u00e9ten \u00e1tesett betegeink kiv\u00e9tel n\u00e9lk\u00fcl rendelkeznek kisebb- nagyobb, k\u00f6nnyen, vagy nehezebben gy\u00f3gyul\u00f3 sebekkel. Ezek gy\u00f3gyul\u00e1sa (az alap betegs\u00e9gen fel\u00fcl) n\u00e9lk\u00fcl\u00f6zhetetlen a norm\u00e1lis \u00e9letbe val\u00f3 mihamarabbi visszat\u00e9r\u00e9shez. Klinik\u00e1nkon sz\u00e1mos ter\u00e1pi\u00e1s utat tudunk k\u00edn\u00e1lni, de mindezek k\u00f6z\u00f6tt a kezel\u00e9sek &#8222;Teslaja&#8221; a Negat\u00edv nyom\u00e1s\u00fa sebkezel\u00e9s (NPWT). \u00c9rtve ez alatt az egyik legeleg\u00e1nsabb, leggyorsabb, leghat\u00e9konyabb \u00e9s legmodernebb sebkezel\u00e9si elj\u00e1r\u00e1st. &hellip;<\/p>\n","protected":false},"author":101236,"featured_media":0,"parent":77,"menu_order":11,"comment_status":"closed","ping_status":"closed","template":"","meta":{"_acf_changed":false,"footnotes":""},"categories":[],"tags":[],"class_list":["post-5622","page","type-page","status-publish","hentry"],"acf":[],"_links":{"self":[{"href":"https:\/\/semmelweis.hu\/sebeszet\/wp-json\/wp\/v2\/pages\/5622","targetHints":{"allow":["GET"]}}],"collection":[{"href":"https:\/\/semmelweis.hu\/sebeszet\/wp-json\/wp\/v2\/pages"}],"about":[{"href":"https:\/\/semmelweis.hu\/sebeszet\/wp-json\/wp\/v2\/types\/page"}],"author":[{"embeddable":true,"href":"https:\/\/semmelweis.hu\/sebeszet\/wp-json\/wp\/v2\/users\/101236"}],"replies":[{"embeddable":true,"href":"https:\/\/semmelweis.hu\/sebeszet\/wp-json\/wp\/v2\/comments?post=5622"}],"version-history":[{"count":3,"href":"https:\/\/semmelweis.hu\/sebeszet\/wp-json\/wp\/v2\/pages\/5622\/revisions"}],"predecessor-version":[{"id":5817,"href":"https:\/\/semmelweis.hu\/sebeszet\/wp-json\/wp\/v2\/pages\/5622\/revisions\/5817"}],"up":[{"embeddable":true,"href":"https:\/\/semmelweis.hu\/sebeszet\/wp-json\/wp\/v2\/pages\/77"}],"wp:attachment":[{"href":"https:\/\/semmelweis.hu\/sebeszet\/wp-json\/wp\/v2\/media?parent=5622"}],"wp:term":[{"taxonomy":"category","embeddable":true,"href":"https:\/\/semmelweis.hu\/sebeszet\/wp-json\/wp\/v2\/categories?post=5622"},{"taxonomy":"post_tag","embeddable":true,"href":"https:\/\/semmelweis.hu\/sebeszet\/wp-json\/wp\/v2\/tags?post=5622"}],"curies":[{"name":"wp","href":"https:\/\/api.w.org\/{rel}","templated":true}]}}