{"id":5620,"date":"2020-12-09T12:54:07","date_gmt":"2020-12-09T11:54:07","guid":{"rendered":"https:\/\/semmelweis.hu\/sebeszet1\/?page_id=5620"},"modified":"2021-01-11T16:59:52","modified_gmt":"2021-01-11T15:59:52","slug":"sebkezeles","status":"publish","type":"page","link":"https:\/\/semmelweis.hu\/sebeszet\/betegellatas\/sebkezeles\/","title":{"rendered":"Sebkezel\u00e9s"},"content":{"rendered":"<p style=\"text-align: justify\">Az elm\u00falt k\u00e9t \u00e9vtizedben a kor\u00e1bbi, a lakoss\u00e1g \u00e1ltal is j\u00f3l ismert sebkezel\u00e9si elvek \u00e9s gyakorlatok megv\u00e1ltoztak. A hazai \u00e9s nemzetk\u00f6zi kutat\u00e1si eredm\u00e9nyek alapj\u00e1n elfogadott\u00e1 v\u00e1lt, hogy a hagyom\u00e1nyos, sz\u00e1raz k\u00f6tszerekkel t\u00f6rt\u00e9n\u0151 sebkezel\u00e9si gyakorlattal szemben a \u00fagynevezett nedves sebkezel\u00e9s el\u0151ny\u00f6kkel j\u00e1r. A n\u00e9pi gy\u00f3gy\u00e1szat, s\u0151t, m\u00e1r \u00f3kori egyiptomiak is haszn\u00e1ltak olyan k\u00f6t\u00e9seket, amik alatt a seb nem sz\u00e1radt ki. Egy elm\u00e9let szerint a nyereg alatt puh\u00edtott h\u00fas legend\u00e1ja, a kalandoz\u00f3 magyarok idej\u00e9b\u0151l, onnan ered, hogy a hossz\u00fa \u00fat sor\u00e1n a l\u00f3 h\u00e1t\u00e1n keletkezett nyereg \u00e1ltal okozott sebeket kezelt\u00e9k nyers h\u00fas darab seg\u00edts\u00e9g\u00e9vel.<\/p>\n<p style=\"text-align: justify\">A modern technol\u00f3gia lehet\u0151v\u00e9 tette az \u00fagynevezett f\u00e9lig \u00e1tereszt\u0151, l\u00e9legz\u0151 k\u00f6t\u00e9sek alkalmaz\u00e1s\u00e1t. Ezek el\u0151nye, hogy a b\u0151r p\u00f3rusait a seb k\u00f6rnyezet\u00e9ben nem z\u00e1rj\u00e1k el, a seb nem f\u00fclled be, fel\u00fclet\u00e9hez is juthat oxig\u00e9n, ugyanakkor nem sz\u00e1rad ki, ez\u00e1ltal a term\u00e9szetes gy\u00f3gy\u00edt\u00f3 folyamatok szabadon, akad\u00e1ly n\u00e9lk\u00fcl v\u00e9gbe mehetnek.<\/p>\n<p style=\"text-align: justify\">Klinik\u00e1nkon nagy tapasztalattal, szakmai, kutat\u00e1si h\u00e1tt\u00e9rrel kezelj\u00fck az id\u00fclt, kor\u00e1bban nem gy\u00f3gyul\u00f3 sebeket csak\u00fagy, mint a hirtelen fell\u00e9p\u0151 fert\u0151z\u00e9seket \u00e9s a zavartalanul, szinte magukt\u00f3l gy\u00f3gyul\u00f3 friss m\u0171t\u00e9ti sebeket.<\/p>\n<p style=\"text-align: justify\">A sebv\u00e1lad\u00e9k hozam\u00e1t\u00f3l, a seb jelleg\u00e9t\u0151l f\u00fcgg\u0151en v\u00e1lasztjuk ki t\u00f6bb tucat lehet\u0151s\u00e9g k\u00f6z\u00fcl a megfelel\u0151 k\u00f6tszereket, majd a seb \u00e1llapot\u00e1t\u00f3l f\u00fcgg\u0151en \u00faj t\u00edpus\u00fara cser\u00e9lj\u00fck azt. Id\u0151r\u0151l id\u0151re, kontroll vizsg\u00e1latok alkalm\u00e1val ellen\u0151rizz\u00fck a sebek m\u00e9ret\u00e9t, m\u00e9lys\u00e9g\u00e9t, k\u00f6rnyezet\u00fcket, k\u00e9szen arra, hogy az alkalmazott ter\u00e1pi\u00e1t, a beteg szempontjait is figyelembe v\u00e9ve a miel\u0151bbi sebgy\u00f3gyul\u00e1s \u00e9rdek\u00e9ben v\u00e1ltoztassunk a kor\u00e1bban alkalmazott m\u00f3dszeren.<\/p>\n<p style=\"text-align: justify\">A kezel\u00e9s elej\u00e9n el\u0151fordulhat, hogy gyakoribb kontroll vizsg\u00e1lati intervallumokat javaslunk, annak \u00e9rdek\u00e9ben hogy pontosan l\u00e1thassuk, hogyan viselkedik az egyedi p\u00e1ciens egyedi sebe. Ezt k\u00f6vet\u0151en \u00e1ltal\u00e1ban lehet\u0151s\u00e9g van a vizitek gyakoris\u00e1g\u00e1nak cs\u00f6kkent\u00e9s\u00e9re.<\/p>\n<p style=\"text-align: justify\">Az els\u0151 kezel\u00e9s gyakran \u00fcgyeleti id\u0151ben, s\u00fcrg\u0151ss\u00e9ggel t\u00f6rt\u00e9nik, att\u00f3l f\u00fcgg\u0151en, milyen hirtelen alakult ki a seb, illetve milyen s\u00fcrg\u0151sen van sz\u00fcks\u00e9g valamif\u00e9le beavatkoz\u00e1sra.<\/p>\n<p style=\"text-align: justify\">A kontroll vizsg\u00e1latok m\u00e1r nyugodtabb k\u00f6r\u00fclm\u00e9nyek k\u00f6z\u00f6tt, fel\u00faj\u00edtott ambulanci\u00e1nkon t\u00f6rt\u00e9nnek, ahol a kezel\u0151orvos mellett speci\u00e1lis szaktud\u00e1ssal rendelkez\u0151 asszisztencia is seg\u00edt, \u00e1tv\u00e1llalva jelent\u0151s adminisztr\u00e1ci\u00f3s \u00e9s szervez\u00e9si, ak\u00e1r logisztikai terheket.<\/p>\n<p style=\"text-align: justify\">C\u00e9lunk, hogy minden beteg\u00fcnknek megtal\u00e1ljuk az optim\u00e1lis kezel\u00e9si m\u00f3dot, hogy miel\u0151bb f\u00e1jdalmak \u00e9s korl\u00e1tozotts\u00e1g n\u00e9lk\u00fcl t\u00e9rhessenek vissza norm\u00e1l \u00e9letvitel\u00fckh\u00f6z.<\/p>\n","protected":false},"excerpt":{"rendered":"<p>Az elm\u00falt k\u00e9t \u00e9vtizedben a kor\u00e1bbi, a lakoss\u00e1g \u00e1ltal is j\u00f3l ismert sebkezel\u00e9si elvek \u00e9s gyakorlatok megv\u00e1ltoztak. A hazai \u00e9s nemzetk\u00f6zi kutat\u00e1si eredm\u00e9nyek alapj\u00e1n elfogadott\u00e1 v\u00e1lt, hogy a hagyom\u00e1nyos, sz\u00e1raz k\u00f6tszerekkel t\u00f6rt\u00e9n\u0151 sebkezel\u00e9si gyakorlattal szemben a \u00fagynevezett nedves sebkezel\u00e9s el\u0151ny\u00f6kkel j\u00e1r. A n\u00e9pi gy\u00f3gy\u00e1szat, s\u0151t, m\u00e1r \u00f3kori egyiptomiak is haszn\u00e1ltak olyan k\u00f6t\u00e9seket, amik alatt a &hellip;<\/p>\n","protected":false},"author":101236,"featured_media":0,"parent":77,"menu_order":10,"comment_status":"closed","ping_status":"closed","template":"","meta":{"_acf_changed":false,"footnotes":""},"categories":[],"tags":[],"class_list":["post-5620","page","type-page","status-publish","hentry"],"acf":[],"_links":{"self":[{"href":"https:\/\/semmelweis.hu\/sebeszet\/wp-json\/wp\/v2\/pages\/5620","targetHints":{"allow":["GET"]}}],"collection":[{"href":"https:\/\/semmelweis.hu\/sebeszet\/wp-json\/wp\/v2\/pages"}],"about":[{"href":"https:\/\/semmelweis.hu\/sebeszet\/wp-json\/wp\/v2\/types\/page"}],"author":[{"embeddable":true,"href":"https:\/\/semmelweis.hu\/sebeszet\/wp-json\/wp\/v2\/users\/101236"}],"replies":[{"embeddable":true,"href":"https:\/\/semmelweis.hu\/sebeszet\/wp-json\/wp\/v2\/comments?post=5620"}],"version-history":[{"count":2,"href":"https:\/\/semmelweis.hu\/sebeszet\/wp-json\/wp\/v2\/pages\/5620\/revisions"}],"predecessor-version":[{"id":5807,"href":"https:\/\/semmelweis.hu\/sebeszet\/wp-json\/wp\/v2\/pages\/5620\/revisions\/5807"}],"up":[{"embeddable":true,"href":"https:\/\/semmelweis.hu\/sebeszet\/wp-json\/wp\/v2\/pages\/77"}],"wp:attachment":[{"href":"https:\/\/semmelweis.hu\/sebeszet\/wp-json\/wp\/v2\/media?parent=5620"}],"wp:term":[{"taxonomy":"category","embeddable":true,"href":"https:\/\/semmelweis.hu\/sebeszet\/wp-json\/wp\/v2\/categories?post=5620"},{"taxonomy":"post_tag","embeddable":true,"href":"https:\/\/semmelweis.hu\/sebeszet\/wp-json\/wp\/v2\/tags?post=5620"}],"curies":[{"name":"wp","href":"https:\/\/api.w.org\/{rel}","templated":true}]}}