{"id":5618,"date":"2020-12-09T12:53:27","date_gmt":"2020-12-09T11:53:27","guid":{"rendered":"https:\/\/semmelweis.hu\/sebeszet1\/?page_id=5618"},"modified":"2022-11-02T09:18:44","modified_gmt":"2022-11-02T08:18:44","slug":"stomaterapia","status":"publish","type":"page","link":"https:\/\/semmelweis.hu\/sebeszet\/betegellatas\/stomaterapia\/","title":{"rendered":"Szt\u00f3mater\u00e1pia"},"content":{"rendered":"<p style=\"text-align: center\"><strong>\u00dcdv\u00f6z\u00f6lj\u00fck a Seb\u00e9szeti, Transzplant\u00e1ci\u00f3s \u00e9s Gasztroenterol\u00f3giai Klinika\u00a0<\/strong><strong>Szt\u00f3mater\u00e1pi\u00e1s oldal\u00e1n!<\/strong><\/p>\n<p style=\"text-align: justify\">Klinik\u00e1nk kit\u00fcntetett szerepet sz\u00e1n a szt\u00f3m\u00e1val \u00e9l\u0151 betegek gondoz\u00e1s\u00e1nak, tekintettel arra, hogy \u00e9vente t\u00f6bb mint ezer kolorekt\u00e1lis \u00e9s gyullad\u00e1sos b\u00e9lbetegs\u00e9g miatt v\u00e9gzett m\u0171t\u00e9t sor\u00e1n, k\u00f6zel 100-150 szt\u00f3ma kialak\u00edt\u00e1sa t\u00f6rt\u00e9nik.<\/p>\n<p style=\"text-align: justify\">Oldalunkon egy r\u00f6vid \u00f6sszefoglal\u00f3 ut\u00e1n a legfontosabb inform\u00e1ci\u00f3k \u00e9s ismertet\u0151k is el\u00e9rhet\u0151ek.<\/p>\n<p style=\"text-align: justify\"><strong>Mi a szt\u00f3ma?<\/strong><\/p>\n<p style=\"text-align: justify\">A szt\u00f3ma sz\u00e1jad\u00e9kot jelent. A seb\u00e9szetben szt\u00f3m\u00e1nak nevezz\u00fck, amikor egy m\u0171t\u00e9ti elj\u00e1r\u00e1ssal a t\u00e1pcsatorna folytonoss\u00e1g\u00e1t megszak\u00edtjuk \u00e9s az \u00e1tv\u00e1gott b\u00e9lszakaszt a hasfalon ejtett ny\u00edl\u00e1son \u00e1t a b\u0151r felsz\u00edn\u00e9re vezetj\u00fck. Az ez\u00e1ltal keletkezett b\u00e9lny\u00edl\u00e1son, vagyis szt\u00f3m\u00e1n \u00e1t a sz\u00e9klet\u00a0egy a hasfalra helyezett speci\u00e1lis zs\u00e1kba \u00fcr\u00fcl. Fontos tudni, hogy a seg\u00e9deszk\u00f6z\u00f6k megfelel\u0151 haszn\u00e1lat\u00e1val teljesen higi\u00e9nikusan, szag- \u00e9s folyad\u00e9k mell\u00e9csorg\u00e1s n\u00e9lk\u00fcl lehet ezeket a sz\u00e1jad\u00e9kokat kezelni.<\/p>\n<p style=\"text-align: justify\"><strong>Mikor v\u00e9gz\u00fcnk szt\u00f3mak\u00e9pz\u0151 m\u0171t\u00e9tet?<\/strong><\/p>\n<p style=\"text-align: justify\">A szt\u00f3mak\u00e9pz\u00e9s sz\u00e1mos betegs\u00e9g eset\u00e9n v\u00e1lhat sz\u00fcks\u00e9gess\u00e9, leggyakrabban a v\u00e9gbelet \u00e9s vastagbelet \u00e9rint\u0151 el\u0151rehaladott daganatos megbeteged\u00e9sek, inkontinencia, s\u00falyos, \u00e9letet vesz\u00e9lyeztet\u0151 vastagb\u00e9l ter\u00fcleti gyullad\u00e1sos folyamatok eset\u00e9ben.<\/p>\n<p style=\"text-align: justify\">Az Seb\u00e9szeti, Transzplant\u00e1ci\u00f3s \u00e9s Gasztroenterol\u00f3giai Klinik\u00e1n a legmodernebb seb\u00e9szeti technik\u00e1k alkalmaz\u00e1s\u00e1val l\u00e1tjuk el a vastagb\u00e9l \u00e9s v\u00e9gb\u00e9l megbeteged\u00e9sek teljes spektrum\u00e1t, gasztroenterol\u00f3gus, seb\u00e9sz, radiol\u00f3gus \u00e9s onkol\u00f3gus orvosokb\u00f3l \u00e1ll\u00f3 team-\u00fcnk d\u00f6nt\u00e9sei alapj\u00e1n. Szt\u00f3ma k\u00e9pz\u00e9st Int\u00e9zet\u00fcnkben csak indokolt esetben, seb\u00e9szeti ir\u00e1nyelveknek megfelel\u0151en v\u00e9gz\u00fcnk. Err\u0151l betegeinket minden esetben m\u0171t\u00e9t el\u0151tt r\u00e9szletesen t\u00e1j\u00e9koztatjuk.<\/p>\n<p style=\"text-align: justify\"><strong>Hogyan lehet a szt\u00f3mavisel\u00e9sre felk\u00e9sz\u00fclni?<\/strong><\/p>\n<p style=\"text-align: justify\">Abban az esetben, ha a kezelend\u0151 betegs\u00e9g ok\u00e1n el\u0151re tudjuk, hogy szt\u00f3ma k\u00e9pz\u00e9sre k\u00e9nyszer\u00fcl\u00fcnk, Klinik\u00e1nkon lehet\u0151s\u00e9get biztos\u00edtunk betegeink \u00e9s hozz\u00e1tartoz\u00f3ik sz\u00e1m\u00e1ra a m\u0171t\u00e9t el\u0151tti oktat\u00e1sra, elm\u00e9leti \u00e9s gyakorlati el\u0151k\u00e9pz\u00e9sre. Ennek eredm\u00e9nyek\u00e9nt betegeink nem csup\u00e1n a szt\u00f3mak\u00e9pz\u00e9ssel \u00f3hatatlanul egy\u00fctt j\u00e1r\u00f3 pszich\u00e9s tehert\u0151l szabadulnak meg, hanem a m\u0171t\u00e9t ut\u00e1n azonnal, k\u00e9szs\u00e9gszinten k\u00e9pesek a szt\u00f3m\u00e1t \u00e9s a sz\u00fcks\u00e9ges seg\u00e9deszk\u00f6z\u00f6ket kezelni, \u00f6nmagukat \u00f6n\u00e1ll\u00f3an ell\u00e1tni. A szt\u00f3mater\u00e1pi\u00e1s k\u00e9pz\u00e9sr\u0151l a preoperat\u00edv el\u0151k\u00e9sz\u00edt\u00e9st v\u00e9gz\u0151 ERAS Ambulanci\u00e1n r\u00e9szletes t\u00e1j\u00e9koztat\u00e1st adunk.<\/p>\n<p style=\"text-align: justify\">A k\u00f3rh\u00e1zi benntart\u00f3zkod\u00e1s ideje alatt a szt\u00f3maell\u00e1t\u00e1s oktat\u00e1sa fokozatosan, l\u00e9p\u00e9sr\u0151l -l\u00e9p\u00e9sre gyakorlott szt\u00f3mater\u00e1pi\u00e1s \u00e1pol\u00f3k seg\u00edts\u00e9g\u00e9vel t\u00f6rt\u00e9nik. Az \u0151 feladatuk az egy\u00e9nre szabott ell\u00e1t\u00e1si terven kereszt\u00fcl az otthoni \u00e9letre val\u00f3 felk\u00e9sz\u00edt\u00e9s, valamint seg\u00edts\u00e9get ny\u00fajtanak abban, hogy a szt\u00f3mavisel\u0151 min\u00e9l hamarabb visszat\u00e9rhessen a kor\u00e1bbi \u00e9letvitel\u00e9hez, szabadid\u0151s \u00e9s egy\u00e9b tev\u00e9kenys\u00e9geihez.<\/p>\n<p style=\"text-align: justify\">Ennek az \u00faj \u00e9lethelyzetnek az elfogad\u00e1sa nem mindenkinek egyform\u00e1n k\u00f6nny\u0171, ez\u00e9rt sz\u00fcks\u00e9g szerint klinikai szakpszichol\u00f3gusunk is a betegek rendelkez\u00e9s\u00e9re \u00e1ll, seg\u00edtve \u0151ket a mindennapi \u00e9letbe t\u00f6rt\u00e9n\u0151 visszat\u00e9r\u00e9sre.<\/p>\n<p style=\"text-align: justify\"><strong>Hogyan gondoskodunk a k\u00f3rh\u00e1zb\u00f3l t\u00e1voz\u00f3 szt\u00f3mavisel\u0151kr\u0151l?<\/strong><\/p>\n<p style=\"text-align: justify\">Nagy hangs\u00falyt fektet\u00fcnk a szt\u00f3ma k\u00e9pz\u00e9sen \u00e1tesett betegek ut\u00f3gondoz\u00e1s\u00e1ra is. A k\u00f3rh\u00e1zb\u00f3l val\u00f3 elbocs\u00e1t\u00e1s ut\u00e1n kapcsolatot kell tartaniuk az eduk\u00e1ci\u00f3t v\u00e9gz\u0151 \u00e1pol\u00f3val, megalapozva ezzel a sz\u00fcks\u00e9ges hossz\u00fat\u00e1v\u00fa kapcsolattart\u00e1s \u00e9s rendszeres konzult\u00e1ci\u00f3 lehet\u0151s\u00e9g\u00e9t. A m\u0171t\u00e9tet k\u00f6vet\u0151en a k\u00f3rh\u00e1zb\u00f3l val\u00f3 elbocs\u00e1t\u00e1skor betegeinket mindennem\u0171, a szt\u00f3mater\u00e1pi\u00e1hoz sz\u00fcks\u00e9ges seg\u00e9deszk\u00f6z receptj\u00e9vel ell\u00e1tjuk \u00e9s a k\u00e9s\u0151bbiekben sz\u00fcks\u00e9ges tov\u00e1bbi recept\u00edr\u00e1s gyakorlat\u00e1r\u00f3l t\u00e1j\u00e9koztat\u00e1st adunk.<\/p>\n<p style=\"text-align: justify\"><strong>Hol t\u00f6rt\u00e9nik a szt\u00f3mater\u00e1pi\u00e1s oktat\u00e1s \u00e9s gondoz\u00e1s?<\/strong><\/p>\n<p style=\"text-align: justify\">A szt\u00f3mavisel\u0151k j\u00e1r\u00f3beteg ell\u00e1t\u00e1sa mind a m\u0171t\u00e9t el\u0151tt, mind a m\u0171t\u00e9t ut\u00e1ni ut\u00f3gondoz\u00e1s eset\u00e9n a Klinika alagsor\u00e1ban A20-as, erre a c\u00e9lra kialak\u00edtott Szt\u00f3magondoz\u00f3ban, el\u0151jegyz\u00e9s alapj\u00e1n t\u00f6rt\u00e9nik.<\/p>\n<p style=\"text-align: justify\"><strong>Kik v\u00e9gzik a szt\u00f3ma oktat\u00e1st \u00e9s gondoz\u00e1st?<\/strong><\/p>\n<p style=\"text-align: justify\">A Klinik\u00e1nkon dolgoz\u00f3 szt\u00f3mater\u00e1pi\u00e1s n\u0151v\u00e9rek t\u00f6bb \u00e9vtizedes tapasztalattal rendelkeznek a szt\u00f3m\u00e1s betegek oktat\u00e1s\u00e1ban, nagy emp\u00e1ti\u00e1val gondozz\u00e1k a frissen oper\u00e1lt betegeinket, valamint sz\u00fcks\u00e9g szerint h\u00f3napokon, \u00e9veken \u00e1t v\u00e9gig k\u00eds\u00e9rik, seg\u00edtik betegeink szt\u00f3m\u00e1val val\u00f3 egy\u00fctt\u00e9l\u00e9s\u00e9t. B\u00e1rmely, szt\u00f3m\u00e1val kapcsolatos k\u00e9rd\u00e9s\u00fckkel bizalommal fordulhatnak hozz\u00e1juk.<strong>\u00a0<\/strong><\/p>\n<p style=\"text-align: justify\"><strong>\u00a0<\/strong><\/p>\n<p style=\"text-align: justify\"><strong>Szt\u00f3mater\u00e1pi\u00e1s rendel\u00e9s el\u00e9rhet\u0151s\u00e9ge:<br \/>\n<\/strong>Semmelweis Egyetem, Seb\u00e9szeti,<br \/>\nTranszplant\u00e1ci\u00f3s \u00e9s Gasztroenterol\u00f3giai Klinika<br \/>\n1082 Budapest \u00dcll\u0151i \u00fat 78.<br \/>\nAlagsor 20-as rendel\u0151<\/p>\n<p style=\"text-align: justify\"><strong>El\u0151zetes id\u0151pontk\u00e9r\u00e9s sz\u00fcks\u00e9ges<\/strong>\u00a0<br \/>\ntel: +36 20\u00a0670 1409<br \/>\nminden h\u00e9tk\u00f6znap 11- 14 \u00f3ra k\u00f6z\u00f6tt<\/p>\n<p style=\"text-align: justify\"><strong>Rendel\u00e9si id\u0151pont:<\/strong>\u00a0H-P 7-15<\/p>\n","protected":false},"excerpt":{"rendered":"<p>\u00dcdv\u00f6z\u00f6lj\u00fck a Seb\u00e9szeti, Transzplant\u00e1ci\u00f3s \u00e9s Gasztroenterol\u00f3giai Klinika\u00a0Szt\u00f3mater\u00e1pi\u00e1s oldal\u00e1n! Klinik\u00e1nk kit\u00fcntetett szerepet sz\u00e1n a szt\u00f3m\u00e1val \u00e9l\u0151 betegek gondoz\u00e1s\u00e1nak, tekintettel arra, hogy \u00e9vente t\u00f6bb mint ezer kolorekt\u00e1lis \u00e9s gyullad\u00e1sos b\u00e9lbetegs\u00e9g miatt v\u00e9gzett m\u0171t\u00e9t sor\u00e1n, k\u00f6zel 100-150 szt\u00f3ma kialak\u00edt\u00e1sa t\u00f6rt\u00e9nik. Oldalunkon egy r\u00f6vid \u00f6sszefoglal\u00f3 ut\u00e1n a legfontosabb inform\u00e1ci\u00f3k \u00e9s ismertet\u0151k is el\u00e9rhet\u0151ek. Mi a szt\u00f3ma? A szt\u00f3ma sz\u00e1jad\u00e9kot &hellip;<\/p>\n","protected":false},"author":101236,"featured_media":0,"parent":77,"menu_order":9,"comment_status":"closed","ping_status":"closed","template":"","meta":{"_acf_changed":false,"footnotes":""},"categories":[],"tags":[],"class_list":["post-5618","page","type-page","status-publish","hentry"],"acf":[],"_links":{"self":[{"href":"https:\/\/semmelweis.hu\/sebeszet\/wp-json\/wp\/v2\/pages\/5618","targetHints":{"allow":["GET"]}}],"collection":[{"href":"https:\/\/semmelweis.hu\/sebeszet\/wp-json\/wp\/v2\/pages"}],"about":[{"href":"https:\/\/semmelweis.hu\/sebeszet\/wp-json\/wp\/v2\/types\/page"}],"author":[{"embeddable":true,"href":"https:\/\/semmelweis.hu\/sebeszet\/wp-json\/wp\/v2\/users\/101236"}],"replies":[{"embeddable":true,"href":"https:\/\/semmelweis.hu\/sebeszet\/wp-json\/wp\/v2\/comments?post=5618"}],"version-history":[{"count":10,"href":"https:\/\/semmelweis.hu\/sebeszet\/wp-json\/wp\/v2\/pages\/5618\/revisions"}],"predecessor-version":[{"id":7758,"href":"https:\/\/semmelweis.hu\/sebeszet\/wp-json\/wp\/v2\/pages\/5618\/revisions\/7758"}],"up":[{"embeddable":true,"href":"https:\/\/semmelweis.hu\/sebeszet\/wp-json\/wp\/v2\/pages\/77"}],"wp:attachment":[{"href":"https:\/\/semmelweis.hu\/sebeszet\/wp-json\/wp\/v2\/media?parent=5618"}],"wp:term":[{"taxonomy":"category","embeddable":true,"href":"https:\/\/semmelweis.hu\/sebeszet\/wp-json\/wp\/v2\/categories?post=5618"},{"taxonomy":"post_tag","embeddable":true,"href":"https:\/\/semmelweis.hu\/sebeszet\/wp-json\/wp\/v2\/tags?post=5618"}],"curies":[{"name":"wp","href":"https:\/\/api.w.org\/{rel}","templated":true}]}}