{"id":5598,"date":"2020-12-09T11:08:29","date_gmt":"2020-12-09T10:08:29","guid":{"rendered":"https:\/\/semmelweis.hu\/sebeszet1\/?page_id=5598"},"modified":"2025-01-27T12:29:30","modified_gmt":"2025-01-27T11:29:30","slug":"gasztroenterologiai-fekvobeteg-ellatas","status":"publish","type":"page","link":"https:\/\/semmelweis.hu\/sebeszet\/betegellatas\/sebeszet\/gasztroenterologiai-fekvobeteg-ellatas\/","title":{"rendered":"Gasztroenterol\u00f3giai fekv\u0151beteg ell\u00e1t\u00e1s"},"content":{"rendered":"<p style=\"text-align: justify\">A Semmelweis Egyetem Seb\u00e9szeti Transzplant\u00e1ci\u00f3s \u00e9s Gasztroenterol\u00f3giai Klinik\u00e1n (ST\u00e9G) az orsz\u00e1gban els\u0151k\u00e9nt val\u00f3sul meg olyan progressz\u00edv betegell\u00e1t\u00e1s, melyben belgy\u00f3gy\u00e1sz \u00e9s seb\u00e9sz gasztroenterol\u00f3gusok egy\u00fctt vesznek r\u00e9szt a napi munk\u00e1ban. Ennek eredm\u00e9nyk\u00e9nt a seb\u00e9sz-belgy\u00f3gy\u00e1sz koll\u00e9g\u00e1k k\u00f6z\u00f6sen refer\u00e1l\u00f3kon vagy a betegek \u00e1gya mellett besz\u00e9lik meg a betegekkel kapcsolatos diagnosztikai \u00e9s ter\u00e1pi\u00e1s teend\u0151ket. A betegek sors\u00e1r\u00f3l, esetleges s\u00fcrg\u0151s m\u0171t\u00e9tr\u0151l gyors \u00e9s hat\u00e9kony d\u00f6nt\u00e9sek sz\u00fcletnek.<\/p>\n<p style=\"text-align: justify\">A progressz\u00edv betegell\u00e1t\u00e1s keret\u00e9ben els\u0151sorban a k\u00f6vetkez\u0151 k\u00f3rk\u00e9pek ell\u00e1t\u00e1s\u00e1ban vesz\u00fcnk r\u00e9szt: gasztrointestinalis v\u00e9rz\u00e9sek, akut hasny\u00e1lmirigygyullad\u00e1s, konzervat\u00edv kezel\u00e9sre nem gy\u00f3gyul\u00f3 dekompenz\u00e1lt m\u00e1jcirrhosis, hepatorenalis szindr\u00f3ma, s\u00falyos hepaticus encephalopathia, intervenci\u00f3t ig\u00e9nyl\u0151 epe\u00fati betegs\u00e9g\u00e9gek, ikterusok, daganatok \u00e9s t\u00e1pl\u00e1l\u00e1ster\u00e1pi\u00e1t ig\u00e9nyl\u0151 betegek. Az oszt\u00e1lyon foly\u00f3 magas szakmai sz\u00ednvonal\u00fa munka alapja, hogy a betegek ell\u00e1t\u00e1sa az eur\u00f3pai, nemzetk\u00f6zi szakmai ir\u00e1nyelvek alapj\u00e1n t\u00f6rt\u00e9nik. Koll\u00e9g\u00e1ink a gasztroenterol\u00f3gus szakma jeles k\u00e9pvisel\u0151i, t\u00f6bben tagjai a szakter\u00fcletek vezet\u0151 test\u00fcleteinek, r\u00e9szt vesznek a hazai szakmai ir\u00e1nyelvek kidolgoz\u00e1s\u00e1ban. Rendszeresen tartanak el\u0151ad\u00e1sokat hazai \u00e9s nemzetk\u00f6zi f\u00f3rumokon, sz\u00e1mos cikk, k\u00f6nyv \u00e9s k\u00f6nyvfejezet \u00edr\u00f3i \u00e9s r\u00e9szt vesznek az egyetemen a magyar, n\u00e9met \u00e9s angol oktat\u00e1sban \u00e9s a postgradu\u00e1lis k\u00e9pz\u00e9sben egyar\u00e1nt.<\/p>\n<p style=\"text-align: justify\">A szakmai munka mellett a betegek k\u00e9nyelme is fontos sz\u00e1munkra. A Gasztroenterol\u00f3giai oszt\u00e1ly modern k\u00f6rnyezetben seg\u00edti a betegek gy\u00f3gyul\u00e1s\u00e1t. A 30 \u00e1ggyal m\u0171k\u00f6d\u0151, fel\u00faj\u00edtott oszt\u00e1lyon modern, k\u00fcl\u00f6n f\u00fcrd\u0151szob\u00e1s, l\u00e9gkondicion\u00e1lt k\u00f3rtermek \u00e1llnak a betegek rendelkez\u00e9s\u00e9re. N\u0151v\u00e9reink magas sz\u00ednvonal\u00fa munk\u00e1jukkal \u00e9s embers\u00e9g\u00fckkel t\u00e1mogatj\u00e1k a betegek miel\u0151bbi fel\u00e9p\u00fcl\u00e9s\u00e9t. Az oszt\u00e1ly munk\u00e1j\u00e1t dietetikus koll\u00e9gan\u0151 seg\u00edti.<\/p>\n<p style=\"text-align: justify\">Az oszt\u00e1ly m\u0171k\u00f6d\u00e9s\u00e9nek legfontosabb ir\u00e1nyelve, hogy a betegs\u00e9g\u00fck miatt kiszolg\u00e1ltatott embereket szeretettel, embers\u00e9ggel \u00e9s odafigyel\u00e9ssel vessz\u00fck k\u00f6r\u00fcl \u00e9s legjobb szakmai tud\u00e1sunkkal seg\u00edts\u00fck gy\u00f3gyul\u00e1sukat.<\/p>\n<p style=\"text-align: justify\">Vezet\u0151 \u00e1pol\u00f3: H\u0151gyes T\u00fcnde<\/p>\n","protected":false},"excerpt":{"rendered":"<p>A Semmelweis Egyetem Seb\u00e9szeti Transzplant\u00e1ci\u00f3s \u00e9s Gasztroenterol\u00f3giai Klinik\u00e1n (ST\u00e9G) az orsz\u00e1gban els\u0151k\u00e9nt val\u00f3sul meg olyan progressz\u00edv betegell\u00e1t\u00e1s, melyben belgy\u00f3gy\u00e1sz \u00e9s seb\u00e9sz gasztroenterol\u00f3gusok egy\u00fctt vesznek r\u00e9szt a napi munk\u00e1ban. Ennek eredm\u00e9nyk\u00e9nt a seb\u00e9sz-belgy\u00f3gy\u00e1sz koll\u00e9g\u00e1k k\u00f6z\u00f6sen refer\u00e1l\u00f3kon vagy a betegek \u00e1gya mellett besz\u00e9lik meg a betegekkel kapcsolatos diagnosztikai \u00e9s ter\u00e1pi\u00e1s teend\u0151ket. A betegek sors\u00e1r\u00f3l, esetleges s\u00fcrg\u0151s m\u0171t\u00e9tr\u0151l &hellip;<\/p>\n","protected":false},"author":101236,"featured_media":0,"parent":5587,"menu_order":0,"comment_status":"closed","ping_status":"closed","template":"","meta":{"_acf_changed":false,"footnotes":""},"categories":[],"tags":[],"class_list":["post-5598","page","type-page","status-publish","hentry"],"acf":[],"_links":{"self":[{"href":"https:\/\/semmelweis.hu\/sebeszet\/wp-json\/wp\/v2\/pages\/5598","targetHints":{"allow":["GET"]}}],"collection":[{"href":"https:\/\/semmelweis.hu\/sebeszet\/wp-json\/wp\/v2\/pages"}],"about":[{"href":"https:\/\/semmelweis.hu\/sebeszet\/wp-json\/wp\/v2\/types\/page"}],"author":[{"embeddable":true,"href":"https:\/\/semmelweis.hu\/sebeszet\/wp-json\/wp\/v2\/users\/101236"}],"replies":[{"embeddable":true,"href":"https:\/\/semmelweis.hu\/sebeszet\/wp-json\/wp\/v2\/comments?post=5598"}],"version-history":[{"count":11,"href":"https:\/\/semmelweis.hu\/sebeszet\/wp-json\/wp\/v2\/pages\/5598\/revisions"}],"predecessor-version":[{"id":9039,"href":"https:\/\/semmelweis.hu\/sebeszet\/wp-json\/wp\/v2\/pages\/5598\/revisions\/9039"}],"up":[{"embeddable":true,"href":"https:\/\/semmelweis.hu\/sebeszet\/wp-json\/wp\/v2\/pages\/5587"}],"wp:attachment":[{"href":"https:\/\/semmelweis.hu\/sebeszet\/wp-json\/wp\/v2\/media?parent=5598"}],"wp:term":[{"taxonomy":"category","embeddable":true,"href":"https:\/\/semmelweis.hu\/sebeszet\/wp-json\/wp\/v2\/categories?post=5598"},{"taxonomy":"post_tag","embeddable":true,"href":"https:\/\/semmelweis.hu\/sebeszet\/wp-json\/wp\/v2\/tags?post=5598"}],"curies":[{"name":"wp","href":"https:\/\/api.w.org\/{rel}","templated":true}]}}