{"id":5596,"date":"2020-12-09T11:07:38","date_gmt":"2020-12-09T10:07:38","guid":{"rendered":"https:\/\/semmelweis.hu\/sebeszet1\/?page_id=5596"},"modified":"2023-05-18T10:25:24","modified_gmt":"2023-05-18T08:25:24","slug":"gasztroenterologiai-jarobeteg-ellatas","status":"publish","type":"page","link":"https:\/\/semmelweis.hu\/sebeszet\/betegellatas\/sebeszet\/gasztroenterologiai-jarobeteg-ellatas\/","title":{"rendered":"Gasztroenterol\u00f3giai j\u00e1r\u00f3beteg ell\u00e1t\u00e1s"},"content":{"rendered":"<p>El\u0151zetes id\u0151pont k\u00e9r\u00e9se a k\u00f6vetkez\u0151 sz\u00e1mon lehets\u00e9ges minden h\u00e9tk\u00f6znap <strong>8:00 &#8211; 14:30<\/strong> k\u00f6z\u00f6tt<\/p>\n<p><strong>Tel:<\/strong> +36 20 663 2158<\/p>\n<p>Gasztroenterol\u00f3giai szakrendel\u00e9seinkr\u0151l az al\u00e1bbi linkeken t\u00e1j\u00e9koz\u00f3dhat:<\/p>\n<ul>\n<li><a href=\"https:\/\/semmelweis.hu\/sebeszet\/betegellatas\/sebeszet\/gasztroenterologiai-jarobeteg-ellatas\/felso-tapcsatornai-betegsegek\/\">Fels\u0151 t\u00e1pcsatornai betegs\u00e9gek<\/a><\/li>\n<li><a href=\"https:\/\/semmelweis.hu\/sebeszet\/betegellatas\/sebeszet\/gasztroenterologiai-jarobeteg-ellatas\/gyulladasos-belbetegsegek-ibd-ambulanciaja\/\">Gyullad\u00e1sos b\u00e9lbetegs\u00e9gek<\/a><\/li>\n<li><a href=\"https:\/\/semmelweis.hu\/sebeszet\/betegellatas\/sebeszet\/gasztroenterologiai-jarobeteg-ellatas\/vastagbelrak-szures\/\">Vastagb\u00e9lr\u00e1k-sz\u0171r\u00e9s<\/a><\/li>\n<li><a href=\"https:\/\/semmelweis.hu\/sebeszet\/betegellatas\/sebeszet\/gasztroenterologiai-jarobeteg-ellatas\/otthoni-parenteralis-taplalas\/\">Otthoni parenter\u00e1lis t\u00e1pl\u00e1l\u00e1s<\/a><\/li>\n<li><a href=\"https:\/\/semmelweis.hu\/sebeszet\/betegellatas\/sebeszet\/gasztroenterologiai-jarobeteg-ellatas\/hepatologia\/\">Hepatol\u00f3gia<\/a><\/li>\n<li><a href=\"https:\/\/semmelweis.hu\/sebeszet\/betegellatas\/sebeszet\/gasztroenterologiai-jarobeteg-ellatas\/funkcionalis-emesztorendszeri-vizsgalatok\/\">Funkcion\u00e1lis em\u00e9szt\u0151rendszeri vizsg\u00e1latok<\/a><\/li>\n<li><a href=\"https:\/\/semmelweis.hu\/sebeszet\/betegellatas\/sebeszet\/gasztroenterologiai-jarobeteg-ellatas\/ultrahang-szakrendeles\/\">Ultrahang szakrendel\u00e9s<\/a><\/li>\n<\/ul>\n<p>Beleegyez\u0151 nyilatkozatok:<\/p>\n<ul>\n<li><a href=\"https:\/\/semmelweis.hu\/sebeszet\/files\/2023\/05\/SE-STeG_colonoscopia2.pdf\">Colonoscopia<\/a><\/li>\n<li><a href=\"https:\/\/semmelweis.hu\/sebeszet\/files\/2023\/05\/SE-STeG_gastroscopia2.pdf\">Gastroscopia<\/a><\/li>\n<li><a href=\"https:\/\/semmelweis.hu\/sebeszet\/files\/2023\/05\/SE-STeG_eus2.pdf\">Endoszk\u00f3pos ultrahang vizsg\u00e1lat (EUH)<\/a><\/li>\n<li><a href=\"https:\/\/semmelweis.hu\/sebeszet\/files\/2023\/05\/SE-STeG_ercp2.pdf\">ERCP<\/a><\/li>\n<\/ul>\n","protected":false},"excerpt":{"rendered":"<p>El\u0151zetes id\u0151pont k\u00e9r\u00e9se a k\u00f6vetkez\u0151 sz\u00e1mon lehets\u00e9ges minden h\u00e9tk\u00f6znap 8:00 &#8211; 14:30 k\u00f6z\u00f6tt<br \/>\nTel: +36 20 663 2158<br \/>\nGasztroenterol\u00f3giai szakrendel\u00e9seinkr\u0151l az al\u00e1bbi linkeken t\u00e1j\u00e9koz\u00f3dhat:<\/p>\n<p><a href=\"https:\/\/semmelweis.hu\/sebeszet\/betegellatas\/sebeszet\/gasztroenterologiai-jarobeteg-ellatas\/felso-tapcsatornai-betegsegek\/\">Fels\u0151 t\u00e1pcsatornai betegs\u00e9gek<\/a><br \/>\n<a href=\"https:\/\/semmelweis.hu\/sebeszet\/betegellatas\/sebeszet\/gasztroenterologiai-jarobeteg-ellatas\/gyulladasos-belbetegsegek-ibd-ambulanciaja\/\">Gyullad\u00e1sos b\u00e9lbetegs\u00e9gek<\/a><br \/>\n<a href=\"https:\/\/semmelweis.hu\/sebeszet\/betegellatas\/sebeszet\/gasztroenterologiai-jarobeteg-ellatas\/vastagbelrak-szures\/\">Vastagb\u00e9lr\u00e1k-sz\u0171r\u00e9s<\/a><br \/>\n<a href=\"https:\/\/semmelweis.hu\/sebeszet\/betegellatas\/sebeszet\/gasztroenterologiai-jarobeteg-ellatas\/otthoni-parenteralis-taplalas\/\">Otthoni parenter\u00e1lis t\u00e1pl\u00e1l\u00e1s<\/a><br \/>\n<a href=\"https:\/\/semmelweis.hu\/sebeszet\/betegellatas\/sebeszet\/gasztroenterologiai-jarobeteg-ellatas\/hepatologia\/\">Hepatol\u00f3gia<\/a><br \/>\n<a href=\"https:\/\/semmelweis.hu\/sebeszet\/betegellatas\/sebeszet\/gasztroenterologiai-jarobeteg-ellatas\/funkcionalis-emesztorendszeri-vizsgalatok\/\">Funkcion\u00e1lis em\u00e9szt\u0151rendszeri vizsg\u00e1latok<\/a><br \/>\n<a href=\"https:\/\/semmelweis.hu\/sebeszet\/betegellatas\/sebeszet\/gasztroenterologiai-jarobeteg-ellatas\/ultrahang-szakrendeles\/\">Ultrahang szakrendel\u00e9s<\/a><\/p>\n<p>Beleegyez\u0151 nyilatkozatok:<\/p>\n<p><a href=\"https:\/\/semmelweis.hu\/sebeszet\/files\/2023\/05\/SE-STeG_colonoscopia2.pdf\">Colonoscopia<\/a><br \/>\n<a href=\"https:\/\/semmelweis.hu\/sebeszet\/files\/2023\/05\/SE-STeG_gastroscopia2.pdf\">Gastroscopia<\/a><br \/>\n<a href=\"https:\/\/semmelweis.hu\/sebeszet\/files\/2023\/05\/SE-STeG_eus2.pdf\">Endoszk\u00f3pos ultrahang vizsg\u00e1lat (EUH)<\/a><br \/>\n<a href=\"https:\/\/semmelweis.hu\/sebeszet\/files\/2023\/05\/SE-STeG_ercp2.pdf\">ERCP<\/a><\/p>\n","protected":false},"author":101236,"featured_media":0,"parent":5587,"menu_order":0,"comment_status":"closed","ping_status":"closed","template":"","meta":{"_acf_changed":false,"footnotes":""},"categories":[],"tags":[],"class_list":["post-5596","page","type-page","status-publish","hentry"],"acf":[],"_links":{"self":[{"href":"https:\/\/semmelweis.hu\/sebeszet\/wp-json\/wp\/v2\/pages\/5596","targetHints":{"allow":["GET"]}}],"collection":[{"href":"https:\/\/semmelweis.hu\/sebeszet\/wp-json\/wp\/v2\/pages"}],"about":[{"href":"https:\/\/semmelweis.hu\/sebeszet\/wp-json\/wp\/v2\/types\/page"}],"author":[{"embeddable":true,"href":"https:\/\/semmelweis.hu\/sebeszet\/wp-json\/wp\/v2\/users\/101236"}],"replies":[{"embeddable":true,"href":"https:\/\/semmelweis.hu\/sebeszet\/wp-json\/wp\/v2\/comments?post=5596"}],"version-history":[{"count":10,"href":"https:\/\/semmelweis.hu\/sebeszet\/wp-json\/wp\/v2\/pages\/5596\/revisions"}],"predecessor-version":[{"id":8078,"href":"https:\/\/semmelweis.hu\/sebeszet\/wp-json\/wp\/v2\/pages\/5596\/revisions\/8078"}],"up":[{"embeddable":true,"href":"https:\/\/semmelweis.hu\/sebeszet\/wp-json\/wp\/v2\/pages\/5587"}],"wp:attachment":[{"href":"https:\/\/semmelweis.hu\/sebeszet\/wp-json\/wp\/v2\/media?parent=5596"}],"wp:term":[{"taxonomy":"category","embeddable":true,"href":"https:\/\/semmelweis.hu\/sebeszet\/wp-json\/wp\/v2\/categories?post=5596"},{"taxonomy":"post_tag","embeddable":true,"href":"https:\/\/semmelweis.hu\/sebeszet\/wp-json\/wp\/v2\/tags?post=5596"}],"curies":[{"name":"wp","href":"https:\/\/api.w.org\/{rel}","templated":true}]}}