{"id":5414,"date":"2020-11-24T11:49:25","date_gmt":"2020-11-24T10:49:25","guid":{"rendered":"https:\/\/semmelweis.hu\/sebeszet1\/?page_id=5414"},"modified":"2021-11-10T10:36:16","modified_gmt":"2021-11-10T09:36:16","slug":"klinika-epuletei","status":"publish","type":"page","link":"https:\/\/semmelweis.hu\/sebeszet\/a-klinikarol\/a-xvii-szazadtol-napjainkig\/klinika-epuletei\/","title":{"rendered":"A klinika \u00e9p\u00fcletei"},"content":{"rendered":"<p style=\"text-align: justify\">1877-ben a F\u0151v\u00e1rosi Lapok h\u00edr\u00fcl adta, hogy az Orvostudom\u00e1nyi Egyetem \u00faj seb\u00e9szeti klinik\u00e1j\u00e1val gazdagodott a f\u0151v\u00e1ros. Az \u00e9p\u00fcletet &#8222;az \u00e9rdemes tud\u00f3s dr. Kov\u00e1cs J\u00f3zsef eszm\u00e9je szerint \u00e9s fel\u00fcgyelete alatt \u00e9p\u00edtette Kolbenheyer \u00e9p\u00edt\u00e9sz \u00edzl\u00e9sesen, sz\u00e9pen az \u00dcll\u0151i \u00fat \u00e9s M\u00e1ria utca sark\u00e1n&#8221;.<\/p>\n<p>1877 &#8211; 1909: A M\u00e1ria utcai klinika &#8211; <a href=\"https:\/\/semmelweis.hu\/sebeszet\/a-klinika-tortenete\/klinika-epuletei\/a-maria-utcai-klinika\/\">gal\u00e9ria<\/a><\/p>\n<p style=\"text-align: justify\">A k\u00fcls\u0151 klinikai telep \u00faj seb\u00e9szeti klinik\u00e1j\u00e1nak \u00e9p\u00edt\u00e9se 1908-ban fejez\u0151d\u00f6tt be Dollinger Gyula, Korb Fl\u00f3ris \u00e9s Giergl K\u00e1lm\u00e1nnal. Dollinger professzor mint Eur\u00f3pa egyik legkorszer\u0171bb \u00e9p\u00fclet\u00e9t mutatta be a Budapesten \u00fcl\u00e9sez\u0151 Nemzetk\u00f6zi Orvoskongresszusnak. A gy\u00f3gy\u00edt\u00e1s 1909-ben kezd\u0151d\u00f6tt az \u00e9p\u00fcletben \u00e9s napjainkig is tart.<\/p>\n<p>1909 &#8211; napjainkig: Az \u00dcll\u0151i \u00fati seb\u00e9szeti klinika &#8211; <a href=\"https:\/\/semmelweis.hu\/sebeszet\/a-klinika-tortenete\/klinika-epuletei\/az-ulloi-uti-sebeszeti-klinika\/\">gal\u00e9ria<\/a><\/p>\n","protected":false},"excerpt":{"rendered":"<p>1877-ben a F\u0151v\u00e1rosi Lapok h\u00edr\u00fcl adta, hogy az Orvostudom\u00e1nyi Egyetem \u00faj seb\u00e9szeti klinik\u00e1j\u00e1val gazdagodott a f\u0151v\u00e1ros. Az \u00e9p\u00fcletet &#8222;az \u00e9rdemes tud\u00f3s dr. Kov\u00e1cs J\u00f3zsef eszm\u00e9je szerint \u00e9s fel\u00fcgyelete alatt \u00e9p\u00edtette Kolbenheyer \u00e9p\u00edt\u00e9sz \u00edzl\u00e9sesen, sz\u00e9pen az \u00dcll\u0151i \u00fat \u00e9s M\u00e1ria utca sark\u00e1n&#8221;. 1877 &#8211; 1909: A M\u00e1ria utcai klinika &#8211; <a href=\"https:\/\/semmelweis.hu\/sebeszet\/a-klinika-tortenete\/klinika-epuletei\/a-maria-utcai-klinika\/\">gal\u00e9ria<\/a> A k\u00fcls\u0151 klinikai telep \u00faj seb\u00e9szeti &hellip;<\/p>\n","protected":false},"author":101236,"featured_media":0,"parent":5466,"menu_order":8,"comment_status":"closed","ping_status":"closed","template":"","meta":{"_acf_changed":false,"footnotes":""},"categories":[],"tags":[],"class_list":["post-5414","page","type-page","status-publish","hentry"],"acf":[],"_links":{"self":[{"href":"https:\/\/semmelweis.hu\/sebeszet\/wp-json\/wp\/v2\/pages\/5414","targetHints":{"allow":["GET"]}}],"collection":[{"href":"https:\/\/semmelweis.hu\/sebeszet\/wp-json\/wp\/v2\/pages"}],"about":[{"href":"https:\/\/semmelweis.hu\/sebeszet\/wp-json\/wp\/v2\/types\/page"}],"author":[{"embeddable":true,"href":"https:\/\/semmelweis.hu\/sebeszet\/wp-json\/wp\/v2\/users\/101236"}],"replies":[{"embeddable":true,"href":"https:\/\/semmelweis.hu\/sebeszet\/wp-json\/wp\/v2\/comments?post=5414"}],"version-history":[{"count":10,"href":"https:\/\/semmelweis.hu\/sebeszet\/wp-json\/wp\/v2\/pages\/5414\/revisions"}],"predecessor-version":[{"id":5671,"href":"https:\/\/semmelweis.hu\/sebeszet\/wp-json\/wp\/v2\/pages\/5414\/revisions\/5671"}],"up":[{"embeddable":true,"href":"https:\/\/semmelweis.hu\/sebeszet\/wp-json\/wp\/v2\/pages\/5466"}],"wp:attachment":[{"href":"https:\/\/semmelweis.hu\/sebeszet\/wp-json\/wp\/v2\/media?parent=5414"}],"wp:term":[{"taxonomy":"category","embeddable":true,"href":"https:\/\/semmelweis.hu\/sebeszet\/wp-json\/wp\/v2\/categories?post=5414"},{"taxonomy":"post_tag","embeddable":true,"href":"https:\/\/semmelweis.hu\/sebeszet\/wp-json\/wp\/v2\/tags?post=5414"}],"curies":[{"name":"wp","href":"https:\/\/api.w.org\/{rel}","templated":true}]}}