{"id":5339,"date":"2020-11-19T12:38:30","date_gmt":"2020-11-19T11:38:30","guid":{"rendered":"https:\/\/semmelweis.hu\/sebeszet1\/?page_id=5339"},"modified":"2023-04-25T14:20:17","modified_gmt":"2023-04-25T12:20:17","slug":"fizioterapia","status":"publish","type":"page","link":"https:\/\/semmelweis.hu\/sebeszet\/betegellatas\/fizioterapia\/","title":{"rendered":"Fizioter\u00e1pia"},"content":{"rendered":"<h3 style=\"text-align: center\">A\u00a0Seb\u00e9szeti, Transzplant\u00e1ci\u00f3s \u00e9s Gasztroenterol\u00f3giai Klinika (ST\u00e9G)<br \/>\nFIZIOTER\u00c1PI\u00c1S EGYS\u00c9GE<\/h3>\n<p style=\"text-align: justify\">Klinik\u00e1nk h\u00e1rom szakter\u00fcletet egyes\u00edt: seb\u00e9szet, aneszteziol\u00f3gia \u00e9s intenz\u00edv ter\u00e1pia, illetve gasztroenterol\u00f3gia. Ennek megfelel\u0151en gy\u00f3gytorn\u00e1szaink lefedve az em\u00e9szt\u0151rendszer (m\u00e1j- \u00e9s epe\u00fati, hasny\u00e1lmirigy-, fels\u0151 gasztrointesztin\u00e1lis \u00e9s coloproctol\u00f3giai megbeteged\u00e9seken szenved\u0151) onkol\u00f3giai \u00e9s nem daganatos betegs\u00e9gei miatt kezelt betegek k\u00f6r\u00e9t sz\u00e9les k\u00f6rben l\u00e1tnak el betegeket. Az el\u0151z\u0151eken t\u00fal eml\u0151-, \u00e9s endokrin seb\u00e9szeti, illetve hasfalrekonstrukci\u00f3 miatt oper\u00e1lt, valamint \u00e9s v\u00e9gtagveszt\u00e9ssel k\u00fczd\u0151 (amput\u00e1lt) betegeket kezelnek k\u00f3rh\u00e1zi bent fekv\u00e9s\u00fck alatt.<\/p>\n<p style=\"text-align: justify\">Int\u00e9zm\u00e9ny\u00fcnk profilj\u00e1hoz kapcsol\u00f3d\u00f3an elhivatottan v\u00e9gezz\u00fck az ell\u00e1t\u00e1s sz\u00e1mos szakasz\u00e1ban, a betegell\u00e1t\u00f3 team-mel szoros egy\u00fcttm\u0171k\u00f6d\u00e9sben a szem\u00e9lyre szabott fizioter\u00e1pi\u00e1t, mozg\u00e1ster\u00e1pi\u00e1t, folyamatos sz\u00f6v\u0151dm\u00e9ny-prevenci\u00f3t \u00e9s korai rehabilit\u00e1ci\u00f3t. Munk\u00e1nk sor\u00e1n minden esetben p\u00e1cienseink aktu\u00e1lis \u00e1llapot\u00e1hoz igazodva, t\u00e1rsbetegs\u00e9geiket figyelembe v\u00e9ve az \u00e9rv\u00e9nyben l\u00e9v\u0151 protokollokat szem el\u0151tt tartva j\u00e1runk el. Betegeinket v\u00e9gigk\u00eds\u00e9rj\u00fck a m\u0171t\u00e9ti el\u0151k\u00e9sz\u00edt\u00e9st\u0151l kezdve, a korai posztoperat\u00edv id\u0151szakban, az intenz\u00edv oszt\u00e1lyon, seb\u00e9szeti \u00e9s gasztroenterol\u00f3giai oszt\u00e1lyon, eg\u00e9szen az otthonukba bocs\u00e1jt\u00e1sukig. \u00c9letm\u00f3dbeli tan\u00e1csainkkal \u00e9s betegoktat\u00e1ssal folyamatosan seg\u00edtj\u00fck p\u00e1cienseink sz\u00f6v\u0151dm\u00e9nymentes, korai gy\u00f3gyul\u00e1s\u00e1t \u00e9s a mindennapi \u00e9letvitelhez val\u00f3 gyors visszat\u00e9r\u00e9st.<\/p>\n<p style=\"text-align: justify\">Az \u00e1ltalunk ell\u00e1tott ter\u00fcletek:<\/p>\n<ul style=\"text-align: justify\">\n<li>Els\u0151sorban int\u00e9zet\u00fcnkben fekv\u0151 p\u00e1cienseik (intenz\u00edv ter\u00e1pi\u00e1s oszt\u00e1ly, posztoperat\u00edv \u0151rz\u0151, seb\u00e9szeti oszt\u00e1lyok, valamint gasztroenterol\u00f3giai oszt\u00e1ly)<\/li>\n<li>J\u00e1r\u00f3beteg ell\u00e1t\u00e1sra \u00e9rkez\u0151k<\/li>\n<li>T\u00e1rsklinik\u00e1kr\u00f3l konz\u00edliumra \u00e9rkez\u0151k<\/li>\n<li>\u00c1ltalunk visszarendelt, kontrollra \u00e9rkez\u0151 p\u00e1ciensek<\/li>\n<li>Tervezett m\u0171t\u00e9tre val\u00f3 el\u0151k\u00e9sz\u00edt\u00e9sre, \u00e1llapotfelm\u00e9r\u00e9sre, prehabilit\u00e1ci\u00f3ra \u00e9rkez\u0151k<\/li>\n<\/ul>\n<p style=\"text-align: justify\">Az \u00e1ltalunk alkalmazott fizioter\u00e1pi\u00e1s elj\u00e1r\u00e1sok \u00e9s m\u00f3dszerek:<\/p>\n<ul style=\"text-align: justify\">\n<li>\u00e1llapotfelm\u00e9r\u00e9s \u00e9s anamn\u00e9zis felv\u00e9tel<\/li>\n<li>kezel\u00e9si terv fel\u00e1ll\u00edt\u00e1sa<\/li>\n<li>thromboemb\u00f3lia-, pneum\u00f3nia-, kontrakt\u00fara-, nyom\u00e1si fek\u00e9ly (dekubitusz) megel\u0151z\u00e9s<\/li>\n<li>mellkasi- \u00e9s l\u00e9gz\u00e9si fizioter\u00e1pia<\/li>\n<li>kering\u00e9sjav\u00edt\u00f3 fizioter\u00e1pia<\/li>\n<li>nyirok\u00f6d\u00e9ma megel\u0151z\u00e9s<\/li>\n<li>kompresszi\u00f3s ter\u00e1pia<\/li>\n<li>korai mobiliz\u00e1ci\u00f3, j\u00e1r\u00e1sk\u00e9szs\u00e9g fejleszt\u00e9se, \u00f6nell\u00e1t\u00e1s fejleszt\u00e9se<\/li>\n<li>seg\u00e9deszk\u00f6z\u00f6k haszn\u00e1lat\u00e1nak betan\u00edt\u00e1sa<\/li>\n<li>amput\u00e1ltak korai ell\u00e1t\u00e1sa \u00e9s rehabilit\u00e1ci\u00f3ra val\u00f3 felk\u00e9sz\u00edt\u00e9s\u00fck<\/li>\n<li>eml\u0151daganatos betegek m\u0171t\u00e9t ut\u00e1ni komplex fizioter\u00e1pi\u00e1ja<\/li>\n<li>\u00e9letm\u00f3dbeli tan\u00e1csok, betegoktat\u00e1s<\/li>\n<\/ul>\n<p style=\"text-align: justify\">K\u00f6zrem\u0171k\u00f6d\u00e9s\u00fcnkkel \u00e9s javaslatainkkal seg\u00edtj\u00fck betegeink miel\u0151bbi, egy\u00e9nre szabott gy\u00f3gy\u00e1szati seg\u00e9deszk\u00f6zzel val\u00f3 ell\u00e1t\u00e1s\u00e1t.<\/p>\n<p style=\"text-align: justify\">Akt\u00edvan r\u00e9szt vesz\u00fcnk a Semmelweis Egyetem Eg\u00e9szs\u00e9gtudom\u00e1nyi Kar Gy\u00f3gytorn\u00e1sz Szakir\u00e1ny\u00e1nak hallgat\u00f3i specifikus gyakorlati k\u00e9pz\u00e9s\u00e9ben.<\/p>\n<p style=\"text-align: justify\">Fizioter\u00e1pi\u00e1val \u00e9s mozg\u00e1ster\u00e1pi\u00e1val kapcsolatos inform\u00e1ci\u00f3kkal keresse bizalommal Fizioter\u00e1pi\u00e1s Egys\u00e9g\u00fcnk el\u00e9rhet\u0151s\u00e9g\u00e9t a Munkat\u00e1rsak men\u00fcpont alatt.<\/p>\n<p>&nbsp;<\/p>\n<hr \/>\n<h3>\u00a0<\/h3>\n<h3 style=\"text-align: center\">OKTAT\u00d3VIDE\u00d3K<\/h3>\n<p style=\"text-align: center\"><iframe loading=\"lazy\" src=\"https:\/\/www.youtube.com\/embed\/nHxxk1jZNUk\" width=\"560\" height=\"315\"><\/iframe><br \/>\n<span style=\"font-size: 12pt\">L\u00e9gz\u00e9storna incentive spirom\u00e9terrel a m\u0171t\u00e9ti el\u0151k\u00e9sz\u00fclet sor\u00e1n<\/span><\/p>\n<p>&nbsp;<\/p>\n","protected":false},"excerpt":{"rendered":"<p>A\u00a0Seb\u00e9szeti, Transzplant\u00e1ci\u00f3s \u00e9s Gasztroenterol\u00f3giai Klinika (ST\u00e9G) FIZIOTER\u00c1PI\u00c1S EGYS\u00c9GE Klinik\u00e1nk h\u00e1rom szakter\u00fcletet egyes\u00edt: seb\u00e9szet, aneszteziol\u00f3gia \u00e9s intenz\u00edv ter\u00e1pia, illetve gasztroenterol\u00f3gia. Ennek megfelel\u0151en gy\u00f3gytorn\u00e1szaink lefedve az em\u00e9szt\u0151rendszer (m\u00e1j- \u00e9s epe\u00fati, hasny\u00e1lmirigy-, fels\u0151 gasztrointesztin\u00e1lis \u00e9s coloproctol\u00f3giai megbeteged\u00e9seken szenved\u0151) onkol\u00f3giai \u00e9s nem daganatos betegs\u00e9gei miatt kezelt betegek k\u00f6r\u00e9t sz\u00e9les k\u00f6rben l\u00e1tnak el betegeket. Az el\u0151z\u0151eken t\u00fal eml\u0151-, \u00e9s endokrin &hellip;<\/p>\n","protected":false},"author":101236,"featured_media":0,"parent":77,"menu_order":13,"comment_status":"closed","ping_status":"closed","template":"","meta":{"_acf_changed":false,"footnotes":""},"categories":[],"tags":[],"class_list":["post-5339","page","type-page","status-publish","hentry"],"acf":[],"_links":{"self":[{"href":"https:\/\/semmelweis.hu\/sebeszet\/wp-json\/wp\/v2\/pages\/5339","targetHints":{"allow":["GET"]}}],"collection":[{"href":"https:\/\/semmelweis.hu\/sebeszet\/wp-json\/wp\/v2\/pages"}],"about":[{"href":"https:\/\/semmelweis.hu\/sebeszet\/wp-json\/wp\/v2\/types\/page"}],"author":[{"embeddable":true,"href":"https:\/\/semmelweis.hu\/sebeszet\/wp-json\/wp\/v2\/users\/101236"}],"replies":[{"embeddable":true,"href":"https:\/\/semmelweis.hu\/sebeszet\/wp-json\/wp\/v2\/comments?post=5339"}],"version-history":[{"count":10,"href":"https:\/\/semmelweis.hu\/sebeszet\/wp-json\/wp\/v2\/pages\/5339\/revisions"}],"predecessor-version":[{"id":8036,"href":"https:\/\/semmelweis.hu\/sebeszet\/wp-json\/wp\/v2\/pages\/5339\/revisions\/8036"}],"up":[{"embeddable":true,"href":"https:\/\/semmelweis.hu\/sebeszet\/wp-json\/wp\/v2\/pages\/77"}],"wp:attachment":[{"href":"https:\/\/semmelweis.hu\/sebeszet\/wp-json\/wp\/v2\/media?parent=5339"}],"wp:term":[{"taxonomy":"category","embeddable":true,"href":"https:\/\/semmelweis.hu\/sebeszet\/wp-json\/wp\/v2\/categories?post=5339"},{"taxonomy":"post_tag","embeddable":true,"href":"https:\/\/semmelweis.hu\/sebeszet\/wp-json\/wp\/v2\/tags?post=5339"}],"curies":[{"name":"wp","href":"https:\/\/api.w.org\/{rel}","templated":true}]}}