{"id":5337,"date":"2020-11-19T12:38:06","date_gmt":"2020-11-19T11:38:06","guid":{"rendered":"https:\/\/semmelweis.hu\/sebeszet1\/?page_id=5337"},"modified":"2023-04-25T14:21:12","modified_gmt":"2023-04-25T12:21:12","slug":"prehabilitacio","status":"publish","type":"page","link":"https:\/\/semmelweis.hu\/sebeszet\/betegellatas\/prehabilitacio\/","title":{"rendered":"Prehabilit\u00e1ci\u00f3"},"content":{"rendered":"<p style=\"text-align: justify\">Magyarorsz\u00e1gon, \u00e9s a vil\u00e1gon a daganatos megbeteged\u00e9sek jelentik a m\u00e1sodik leggyakoribb hal\u00e1lokok. Jelen ismereteink szerint a r\u00e1k leghat\u00e9konyabb kezel\u00e9si m\u00f3dja a tumor m\u0171t\u00e9ti elt\u00e1vol\u00edt\u00e1s. Ezen, \u00fagynevezett onkol\u00f3giai m\u0171t\u00e9tek, ugyanakkor tov\u00e1bbra is nagy kock\u00e1zatot jelentenek, viszonylag magas ar\u00e1nyban kell sz\u00e1molnunk k\u00fcl\u00f6nb\u00f6z\u0151 m\u0171t\u00e9ti sz\u00f6v\u0151dm\u00e9nyek megjelen\u00e9s\u00e9vel, \u00e9s ennek k\u00f6vetkezt\u00e9ben a k\u00f3rh\u00e1zi kezel\u00e9s elh\u00faz\u00f3d\u00e1s\u00e1val. Ennek oka a daganatos alapbetegs\u00e9g \u201esenyveszt\u0151\u201d hat\u00e1s\u00e1n t\u00fal, a nagy \u00e9s megterhel\u0151 m\u0171t\u00e9t, ami jelent\u0151s m\u00e9rt\u00e9kben ig\u00e9nybe veszi a beteg szervezet\u00e9t. Ebb\u0151l k\u00f6vetkezik, hogy a m\u0171t\u00e9t ut\u00e1ni fel\u00e9p\u00fcl\u00e9st, a gy\u00f3gyul\u00e1si id\u0151 hossz\u00e1t nagyban befoly\u00e1solja a beteg \u00e1ltal\u00e1nos \u00e9s t\u00e1pl\u00e1lts\u00e1gi \u00e1llapota, valamint teherb\u00edr\u00f3 k\u00e9pess\u00e9ge.<\/p>\n<p style=\"text-align: justify\">Az ut\u00f3bbi \u00e9vekben egy \u00faj koncepci\u00f3 l\u00e1tott napvil\u00e1got, amit PREHABILIT\u00c1CI\u00d3NAK nevezz\u00fcnk. A m\u00f3dszer l\u00e9nyege, hogy ak\u00e1rcsak egy maraton fut\u00f3t, a beteget is tudatosan, szoros ellen\u0151rz\u00e9s mellett felk\u00e9sz\u00edts\u00fck a jelent\u0151s megterhel\u00e9ssel j\u00e1r\u00f3 hasi m\u0171t\u00e9tre. A prehabilit\u00e1ci\u00f3 teh\u00e1t egy 3-6 hetes szervezett program, mely 3 f\u0151 pill\u00e9ren \u00e1ll: (1) a beteg m\u0171t\u00e9t el\u0151tti t\u00e1pl\u00e1lts\u00e1gi \u00e1llapot\u00e1nak jav\u00edt\u00e1sa di\u00e9t\u00e1s tan\u00e1csad\u00e1s, sz\u00fcks\u00e9g szerint t\u00e1pszeres kieg\u00e9sz\u00edt\u00e9s elrendel\u00e9se, (2) fizikai felk\u00e9sz\u00edt\u00e9s, \u201eedz\u00e9s\u201d, melynek c\u00e9lja a beteg l\u00e9gz\u0151- \u00e9s v\u00e1zizmainak er\u0151s\u00edt\u00e9se, valamint a sz\u00edv- \u00e9s \u00e9rrendszerei \u00e1llapot\u00e1nak jav\u00edt\u00e1sa, (3) illetve, de nem utols\u00f3sorban pszich\u00e9s, lelki t\u00e1mogat\u00e1s.<\/p>\n<p style=\"text-align: justify\">A Semmelweis Egyetem Seb\u00e9szeti, Transzplant\u00e1ci\u00f3s \u00e9s Gasztroenterol\u00f3giai Klinik\u00e1ja (ST\u00e9G) &#8211; t\u00f6bb \u00e9vtizedes hagyom\u00e1nyokra alapozva &#8211; az orsz\u00e1gban \u00e9len j\u00e1r a seb\u00e9sz betegek t\u00e1pl\u00e1lts\u00e1gi \u00e1llapot\u00e1nak felm\u00e9r\u00e9s\u00e9ben \u00e9s kezel\u00e9s\u00e9ben. Ennek megfelel\u0151en az ut\u00f3bbi \u00e9vekben m\u00e9lyen elk\u00f6telez\u0151d\u00f6tt az \u00faj, a betegek t\u00e1pl\u00e1lts\u00e1gi \u00e1llapota mellett, fizikai \u00e9s lelki \u00e1llapot\u00e1ra is koncentr\u00e1l\u00f3 koncepci\u00f3 mellett. Ez mutatja a t\u00e9m\u00e1ban megjelent hazai \u00e9s nemzetk\u00f6zi publik\u00e1ci\u00f3k, valamint sz\u00e1mos tudom\u00e1nyos el\u0151ad\u00e1s is. Az elm\u00falt \u00e9vben dietetikus, gy\u00f3gytorn\u00e1sz \u00e9s pszichol\u00f3gus koll\u00e9g\u00e1k bevon\u00e1s\u00e1val, szervezett programot \u00e1ll\u00edtottunk fel betegeink m\u0171t\u00e9ti felk\u00e9sz\u00edt\u00e9se c\u00e9lj\u00e1b\u00f3l. Az \u00faj m\u00f3dszer seg\u00edts\u00e9g\u00e9vel, betegeink jobb \u00e1ltal\u00e1nos \u00e1llapotnak ker\u00fclnek m\u0171t\u00e9tre, melynek k\u00f6sz\u00f6nhet\u0151en cs\u00f6kken a m\u0171t\u00e9ti sz\u00f6v\u0151dm\u00e9nyek ar\u00e1nya, valamint ler\u00f6vid\u00fcl a k\u00f3rh\u00e1zi tart\u00f3zkod\u00e1s hossza!<\/p>\n<p style=\"text-align: justify\">\u00a0<\/p>\n<p><strong>Folyamatban l\u00e9v\u0151 klinikai kutat\u00e1sok:<\/strong><\/p>\n<p>Prevenci\u00f3s szeml\u00e9let, Prehabilit\u00e1ci\u00f3s Program bevezet\u00e9se a fels\u0151 t\u00e1pcsatorna tumorainak seb\u00e9szi ell\u00e1t\u00e1s\u00e1ban. (vezet\u0151 kutat\u00f3: Prof. Szij\u00e1rt\u00f3 Attila \u2013 dr. Vass Tam\u00e1s)<\/p>\n<p><strong>Kapcsol\u00f3d\u00f3 publik\u00e1ci\u00f3k:<\/strong><\/p>\n<ol start=\"6\">\n<li>Fulop L. Lakatos N. Susztak\u00a0 A. Szijarto\u00a0 B. Banky: The effect of trimodal prehabilitation on the physical and psychological health of patients undergoing colorectal surgery: a randomised clinical trial. Anaesthesia. 2020 Aug 6. doi: 10.1111\/anae.15215.<\/li>\n<\/ol>\n<p>B\u00e1nky Bal\u00e1zs, F\u00fcl\u00f6p Andr\u00e1s, Szij\u00e1rt\u00f3 Attila, Tegzes Gy\u00f6ngyi, Cseh Zsuzsanna, Kecskem\u00e9ti Csilla, L\u0151ke J\u00e1nos: Prehabilit\u00e1ci\u00f3 \u2013 \u00faj koncepci\u00f3 a nagy kock\u00e1zat\u00fa seb\u00e9szeti betegek k\u00f3rh\u00e1zi kezel\u00e9s\u00e9ben. IME. 2018, 9:40-45.<\/p>\n<p>&nbsp;<\/p>\n<p><strong>Kapcsol\u00f3d\u00f3 el\u0151ad\u00e1sok: <\/strong><\/p>\n<p>F\u00fcl\u00f6p Andr\u00e1s, Hars\u00e1nyi L\u00e1szl\u00f3: M\u0171t\u00e9ti stresszel \u00f6sszef\u00fcgg\u0151 katabolizmus cs\u00f6kkent\u00e9se \u00e9s a kimenetel jav\u00edt\u00e1sa. Nutricia Szak\u00e9rt\u0151i Mesterkurzus, Velence, 2019.04.4-5.<\/p>\n<p>F\u00fcl\u00f6p Andr\u00e1s, B\u00e1nky Bal\u00e1zs: A prehabilit\u00e1ci\u00f3 jelent\u0151s\u00e9ge a nagy kock\u00e1zat\u00fa gastrointestinalis seb\u00e9szetben. FISESZ, Balatonalm\u00e1di, 2019.03.29-31.<\/p>\n<p>Andras Fulop: Improve the patients\u2019 nutritional status \u2013 with prehabilitation. Nutricia Round Table &#8211; ESSO congress. Budapest, 2018.10.10.<\/p>\n<p>F\u00fcl\u00f6p Andr\u00e1s: A prehabilit\u00e1ci\u00f3s szeml\u00e9let \u00e9s tev\u00e9kenys\u00e9g prognosztikai \u00e9rt\u00e9k\u00e9r\u0151l. A Magyar Seb\u00e9sz T\u00e1rsas\u00e1g 64. kongresszusa, Debrecen, 2018.05.24-26.<\/p>\n<p>F\u00fcl\u00f6p Andr\u00e1s, Szij\u00e1rt\u00f3 Attila: Nutricia Mesterkurzus \u2013 Prehabilit\u00e1ci\u00f3. M\u00e1trah\u00e1za, 2017.04.27-28.<\/p>\n","protected":false},"excerpt":{"rendered":"<p>Magyarorsz\u00e1gon, \u00e9s a vil\u00e1gon a daganatos megbeteged\u00e9sek jelentik a m\u00e1sodik leggyakoribb hal\u00e1lokok. Jelen ismereteink szerint a r\u00e1k leghat\u00e9konyabb kezel\u00e9si m\u00f3dja a tumor m\u0171t\u00e9ti elt\u00e1vol\u00edt\u00e1s. Ezen, \u00fagynevezett onkol\u00f3giai m\u0171t\u00e9tek, ugyanakkor tov\u00e1bbra is nagy kock\u00e1zatot jelentenek, viszonylag magas ar\u00e1nyban kell sz\u00e1molnunk k\u00fcl\u00f6nb\u00f6z\u0151 m\u0171t\u00e9ti sz\u00f6v\u0151dm\u00e9nyek megjelen\u00e9s\u00e9vel, \u00e9s ennek k\u00f6vetkezt\u00e9ben a k\u00f3rh\u00e1zi kezel\u00e9s elh\u00faz\u00f3d\u00e1s\u00e1val. Ennek oka a daganatos alapbetegs\u00e9g &hellip;<\/p>\n","protected":false},"author":101236,"featured_media":0,"parent":77,"menu_order":14,"comment_status":"closed","ping_status":"closed","template":"","meta":{"_acf_changed":false,"footnotes":""},"categories":[],"tags":[],"class_list":["post-5337","page","type-page","status-publish","hentry"],"acf":[],"_links":{"self":[{"href":"https:\/\/semmelweis.hu\/sebeszet\/wp-json\/wp\/v2\/pages\/5337","targetHints":{"allow":["GET"]}}],"collection":[{"href":"https:\/\/semmelweis.hu\/sebeszet\/wp-json\/wp\/v2\/pages"}],"about":[{"href":"https:\/\/semmelweis.hu\/sebeszet\/wp-json\/wp\/v2\/types\/page"}],"author":[{"embeddable":true,"href":"https:\/\/semmelweis.hu\/sebeszet\/wp-json\/wp\/v2\/users\/101236"}],"replies":[{"embeddable":true,"href":"https:\/\/semmelweis.hu\/sebeszet\/wp-json\/wp\/v2\/comments?post=5337"}],"version-history":[{"count":4,"href":"https:\/\/semmelweis.hu\/sebeszet\/wp-json\/wp\/v2\/pages\/5337\/revisions"}],"predecessor-version":[{"id":8037,"href":"https:\/\/semmelweis.hu\/sebeszet\/wp-json\/wp\/v2\/pages\/5337\/revisions\/8037"}],"up":[{"embeddable":true,"href":"https:\/\/semmelweis.hu\/sebeszet\/wp-json\/wp\/v2\/pages\/77"}],"wp:attachment":[{"href":"https:\/\/semmelweis.hu\/sebeszet\/wp-json\/wp\/v2\/media?parent=5337"}],"wp:term":[{"taxonomy":"category","embeddable":true,"href":"https:\/\/semmelweis.hu\/sebeszet\/wp-json\/wp\/v2\/categories?post=5337"},{"taxonomy":"post_tag","embeddable":true,"href":"https:\/\/semmelweis.hu\/sebeszet\/wp-json\/wp\/v2\/tags?post=5337"}],"curies":[{"name":"wp","href":"https:\/\/api.w.org\/{rel}","templated":true}]}}