{"id":5332,"date":"2020-11-19T12:32:16","date_gmt":"2020-11-19T11:32:16","guid":{"rendered":"https:\/\/semmelweis.hu\/sebeszet1\/?page_id=5332"},"modified":"2023-04-25T14:19:35","modified_gmt":"2023-04-25T12:19:35","slug":"dietetika","status":"publish","type":"page","link":"https:\/\/semmelweis.hu\/sebeszet\/betegellatas\/dietetika\/","title":{"rendered":"Dietetika"},"content":{"rendered":"<p style=\"text-align: justify\">A dietetika, m\u00e1s n\u00e9ven t\u00e1pl\u00e1lkoz\u00e1studom\u00e1ny. Els\u0151dleges c\u00e9lja, hogy seg\u00edtsen \u00d6nnek szem\u00e9lyre szabott \u00e9tkez\u00e9si szok\u00e1sok kialak\u00edt\u00e1s\u00e1ban, illetve a m\u00e1r megl\u00e9v\u0151 betegs\u00e9gekhez alkalmazkod\u00f3 \u00e9trend l\u00e9trehoz\u00e1s\u00e1ban.<\/p>\n<p style=\"text-align: justify\">Az Seb\u00e9szeti, Transzplant\u00e1ci\u00f3s \u00e9s Gasztroenterol\u00f3giai Klinika (ST\u00e9G) ter\u00e1pi\u00e1s dietetikusai mind a betegoszt\u00e1lyokon, mind ambulanci\u00e1kon elhivatottan dolgoznak azon, hogy \u00d6n szem\u00e9lyre szabott \u00e9trendi tan\u00e1csokat kapjon. Tud\u00e1sukat folyamatosan friss\u00edtve, az aktu\u00e1lis szakmai aj\u00e1nl\u00e1sok alapj\u00e1n komplex t\u00e1pl\u00e1l\u00e1ster\u00e1pi\u00e1t \u00e1ll\u00edtanak \u00f6ssze.<\/p>\n<p>A dietetikai konzult\u00e1ci\u00f3 folyamata:<\/p>\n<ul>\n<li>Anamn\u00e9zis felv\u00e9tele<br \/>\nK\u00f3rel\u0151zm\u00e9ny \u00e9s t\u00e1pl\u00e1lkoz\u00e1si anamn\u00e9zis megismer\u00e9se<\/li>\n<li>Kor\u00e1bbi vizsg\u00e1latok, laborparam\u00e9terek \u00e1ttekint\u00e9se<br \/>\nAz aktu\u00e1lis \u00e1llapot szempontj\u00e1b\u00f3l relev\u00e1ns inform\u00e1ci\u00f3k \u00e9rt\u00e9kel\u00e9se<\/li>\n<li>Malnutr\u00edci\u00f3 rizik\u00f3 sz\u0171r\u00e9se<br \/>\nJelenlegi tests\u00faly \u00e9s esetleges testt\u00f6meg veszt\u00e9s, cs\u00f6kkent t\u00e1pl\u00e1l\u00e9kbevitel \u00e9s alapbetegs\u00e9g figyelembev\u00e9tel\u00e9vel<\/li>\n<li>T\u00e1pl\u00e1lts\u00e1gi \u00e1llapot felm\u00e9r\u00e9s<br \/>\nJelenlegi legkorszer\u0171bb test\u00f6sszet\u00e9tel analiz\u00e1tor (InBody770) seg\u00edts\u00e9g\u00e9vel<\/li>\n<li>Hozott t\u00e1pl\u00e1lkoz\u00e1si napl\u00f3 \u00e1ttekint\u00e9se (minta megtal\u00e1lhat\u00f3 honlapunkon itt)<br \/>\nDi\u00e9tahib\u00e1k korrekci\u00f3ja, energia-\u00e9s t\u00e1panyagbevitel monitoroz\u00e1sa<\/li>\n<li>Dietetikai diagn\u00f3zis fel\u00e1ll\u00edt\u00e1sa<br \/>\nAz inform\u00e1ci\u00f3k \u00f6sszegz\u00e9se alapj\u00e1n meghat\u00e1rozott \u00e1llapot, melynek seg\u00edts\u00e9g\u00e9vel c\u00e9lzott, szem\u00e9lyre szabott t\u00e1pl\u00e1l\u00e1ster\u00e1pia ind\u00edthat\u00f3<\/li>\n<li>T\u00e1pl\u00e1l\u00e1si terv fel\u00e1ll\u00edt\u00e1sa<br \/>\nEnergia-\u00e9s t\u00e1panyagbevitel meghat\u00e1roz\u00e1sa, sz\u00fcks\u00e9g eset\u00e9n t\u00e1pszeres kieg\u00e9sz\u00edt\u00e9sre t\u00f6rt\u00e9n\u0151 javaslatt\u00e9tel<\/li>\n<\/ul>\n<p>Betegeink nem csak egyszeri dietetikai tan\u00e1csad\u00e1st kapnak, hanem sz\u00fcks\u00e9g \u00e9s ig\u00e9ny szerint hossz\u00fat\u00e1v\u00fa gondoz\u00e1sban r\u00e9szes\u00fclnek.<\/p>\n<p style=\"text-align: justify\">Amennyiben \u00d6nnek t\u00e1pl\u00e1lkoz\u00e1ssal kapcsolatos k\u00e9rd\u00e9se mer\u00fcl fel, keresse bizalommal Klinik\u00e1nk Dietetikai Szolg\u00e1lat\u00e1t. Dietetikusaink el\u00e9rhet\u0151s\u00e9g\u00e9t \u201e<a href=\"https:\/\/semmelweis.hu\/sebeszet\/munkatarsak\/\">Munkat\u00e1rsaink<\/a>\u201d men\u00fcpont alatt megtal\u00e1lj\u00e1k.<\/p>\n","protected":false},"excerpt":{"rendered":"<p>A dietetika, m\u00e1s n\u00e9ven t\u00e1pl\u00e1lkoz\u00e1studom\u00e1ny. Els\u0151dleges c\u00e9lja, hogy seg\u00edtsen \u00d6nnek szem\u00e9lyre szabott \u00e9tkez\u00e9si szok\u00e1sok kialak\u00edt\u00e1s\u00e1ban, illetve a m\u00e1r megl\u00e9v\u0151 betegs\u00e9gekhez alkalmazkod\u00f3 \u00e9trend l\u00e9trehoz\u00e1s\u00e1ban. Az Seb\u00e9szeti, Transzplant\u00e1ci\u00f3s \u00e9s Gasztroenterol\u00f3giai Klinika (ST\u00e9G) ter\u00e1pi\u00e1s dietetikusai mind a betegoszt\u00e1lyokon, mind ambulanci\u00e1kon elhivatottan dolgoznak azon, hogy \u00d6n szem\u00e9lyre szabott \u00e9trendi tan\u00e1csokat kapjon. Tud\u00e1sukat folyamatosan friss\u00edtve, az aktu\u00e1lis szakmai aj\u00e1nl\u00e1sok alapj\u00e1n &hellip;<\/p>\n","protected":false},"author":101236,"featured_media":0,"parent":77,"menu_order":12,"comment_status":"closed","ping_status":"closed","template":"","meta":{"_acf_changed":false,"footnotes":""},"categories":[],"tags":[],"class_list":["post-5332","page","type-page","status-publish","hentry"],"acf":[],"_links":{"self":[{"href":"https:\/\/semmelweis.hu\/sebeszet\/wp-json\/wp\/v2\/pages\/5332","targetHints":{"allow":["GET"]}}],"collection":[{"href":"https:\/\/semmelweis.hu\/sebeszet\/wp-json\/wp\/v2\/pages"}],"about":[{"href":"https:\/\/semmelweis.hu\/sebeszet\/wp-json\/wp\/v2\/types\/page"}],"author":[{"embeddable":true,"href":"https:\/\/semmelweis.hu\/sebeszet\/wp-json\/wp\/v2\/users\/101236"}],"replies":[{"embeddable":true,"href":"https:\/\/semmelweis.hu\/sebeszet\/wp-json\/wp\/v2\/comments?post=5332"}],"version-history":[{"count":7,"href":"https:\/\/semmelweis.hu\/sebeszet\/wp-json\/wp\/v2\/pages\/5332\/revisions"}],"predecessor-version":[{"id":8035,"href":"https:\/\/semmelweis.hu\/sebeszet\/wp-json\/wp\/v2\/pages\/5332\/revisions\/8035"}],"up":[{"embeddable":true,"href":"https:\/\/semmelweis.hu\/sebeszet\/wp-json\/wp\/v2\/pages\/77"}],"wp:attachment":[{"href":"https:\/\/semmelweis.hu\/sebeszet\/wp-json\/wp\/v2\/media?parent=5332"}],"wp:term":[{"taxonomy":"category","embeddable":true,"href":"https:\/\/semmelweis.hu\/sebeszet\/wp-json\/wp\/v2\/categories?post=5332"},{"taxonomy":"post_tag","embeddable":true,"href":"https:\/\/semmelweis.hu\/sebeszet\/wp-json\/wp\/v2\/tags?post=5332"}],"curies":[{"name":"wp","href":"https:\/\/api.w.org\/{rel}","templated":true}]}}