{"id":4983,"date":"2020-05-09T11:24:40","date_gmt":"2020-05-09T09:24:40","guid":{"rendered":"https:\/\/semmelweis.hu\/sebeszet1\/?page_id=4983"},"modified":"2022-10-17T14:10:45","modified_gmt":"2022-10-17T12:10:45","slug":"tudomanymetria-publikaciok","status":"publish","type":"page","link":"https:\/\/semmelweis.hu\/sebeszet\/kutatas\/tudomanymetria-publikaciok\/","title":{"rendered":"Tudom\u00e1nymetria, publik\u00e1ci\u00f3k"},"content":{"rendered":"<div class=\"responsive-tabs\">\n<h2 class=\"tabtitle\">Tudom\u00e1nymetria<\/h2>\n<div class=\"tabcontent\">\n\n<p><a href=\"https:\/\/semmelweis.hu\/sebeszet\/files\/2022\/10\/STeG_SEPUB_2017-2022_elemzes_20220824.pdf\">Tudom\u00e1nymetria<\/a><\/p>\n\n<\/div><h2 class=\"tabtitle\">Publik\u00e1ci\u00f3k<\/h2>\n<div class=\"tabcontent\">\n\n<p><a href=\"https:\/\/lib.semmelweis.hu\/publikaciok\/department\/10358\">Publik\u00e1ci\u00f3k<\/a><\/p>\n<\/div><\/div>\n","protected":false},"excerpt":{"rendered":"<p><a href=\"https:\/\/semmelweis.hu\/sebeszet\/files\/2022\/10\/STeG_SEPUB_2017-2022_elemzes_20220824.pdf\">Tudom\u00e1nymetria<\/a><\/p>\n<p><a href=\"https:\/\/lib.semmelweis.hu\/publikaciok\/department\/10358\">Publik\u00e1ci\u00f3k<\/a><\/p>\n","protected":false},"author":101236,"featured_media":0,"parent":91,"menu_order":3,"comment_status":"closed","ping_status":"closed","template":"","meta":{"_acf_changed":false,"footnotes":""},"categories":[],"tags":[],"class_list":["post-4983","page","type-page","status-publish","hentry"],"acf":[],"_links":{"self":[{"href":"https:\/\/semmelweis.hu\/sebeszet\/wp-json\/wp\/v2\/pages\/4983","targetHints":{"allow":["GET"]}}],"collection":[{"href":"https:\/\/semmelweis.hu\/sebeszet\/wp-json\/wp\/v2\/pages"}],"about":[{"href":"https:\/\/semmelweis.hu\/sebeszet\/wp-json\/wp\/v2\/types\/page"}],"author":[{"embeddable":true,"href":"https:\/\/semmelweis.hu\/sebeszet\/wp-json\/wp\/v2\/users\/101236"}],"replies":[{"embeddable":true,"href":"https:\/\/semmelweis.hu\/sebeszet\/wp-json\/wp\/v2\/comments?post=4983"}],"version-history":[{"count":4,"href":"https:\/\/semmelweis.hu\/sebeszet\/wp-json\/wp\/v2\/pages\/4983\/revisions"}],"predecessor-version":[{"id":7701,"href":"https:\/\/semmelweis.hu\/sebeszet\/wp-json\/wp\/v2\/pages\/4983\/revisions\/7701"}],"up":[{"embeddable":true,"href":"https:\/\/semmelweis.hu\/sebeszet\/wp-json\/wp\/v2\/pages\/91"}],"wp:attachment":[{"href":"https:\/\/semmelweis.hu\/sebeszet\/wp-json\/wp\/v2\/media?parent=4983"}],"wp:term":[{"taxonomy":"category","embeddable":true,"href":"https:\/\/semmelweis.hu\/sebeszet\/wp-json\/wp\/v2\/categories?post=4983"},{"taxonomy":"post_tag","embeddable":true,"href":"https:\/\/semmelweis.hu\/sebeszet\/wp-json\/wp\/v2\/tags?post=4983"}],"curies":[{"name":"wp","href":"https:\/\/api.w.org\/{rel}","templated":true}]}}