{"id":4853,"date":"2020-04-23T15:57:09","date_gmt":"2020-04-23T13:57:09","guid":{"rendered":"http:\/\/semmelweis.hu\/sebeszet1\/?page_id=4853"},"modified":"2021-01-13T13:27:59","modified_gmt":"2021-01-13T12:27:59","slug":"altalanos-sebeszeti-szakrendeles","status":"publish","type":"page","link":"https:\/\/semmelweis.hu\/sebeszet\/betegellatas\/sebeszet-2\/sebeszeti-jarobeteg-ellatas\/altalanos-sebeszeti-szakrendeles\/","title":{"rendered":"\u00c1ltal\u00e1nos seb\u00e9szeti szakrendel\u00e9s"},"content":{"rendered":"<p style=\"text-align: justify\">Az \u00e1ltal\u00e1nos seb\u00e9szeti eseteket minden <strong>h\u00e9tk\u00f6znap 8:30-14:30<\/strong> k\u00f6z\u00f6tt l\u00e1tjuk el ambulanci\u00e1nkon.<\/p>\n<p style=\"text-align: justify\">Betegel\u0151jegyz\u00e9s minden <strong>h\u00e9tk\u00f6znap 8:00-14:30<\/strong> k\u00f6z\u00f6tt a <strong>+36 20 825 9090<\/strong> telefonsz\u00e1mon.<\/p>\n<p style=\"text-align: justify\"><strong>Klinik\u00e1nk a h\u00e9t minden napj\u00e1n, napi 24 \u00f3r\u00e1ban ell\u00e1t s\u00fcrg\u0151s seb\u00e9szi eseteket.<\/strong> Az egykapus bel\u00e9ptet\u00e9s jegy\u00e9ben a s\u00fcrg\u0151s seb\u00e9szi ell\u00e1t\u00e1st ig\u00e9nyl\u0151 betegeket kiz\u00e1r\u00f3lag a S\u00fcrg\u0151ss\u00e9gi Betegell\u00e1t\u00f3 Oszt\u00e1lyon kereszt\u00fcl fogadjuk.<\/p>\n","protected":false},"excerpt":{"rendered":"<p>Az \u00e1ltal\u00e1nos seb\u00e9szeti eseteket minden h\u00e9tk\u00f6znap 8:30-14:30 k\u00f6z\u00f6tt l\u00e1tjuk el ambulanci\u00e1nkon.<br \/>\nBetegel\u0151jegyz\u00e9s minden h\u00e9tk\u00f6znap 8:00-14:30 k\u00f6z\u00f6tt a +36 20 825 9090 telefonsz\u00e1mon.<br \/>\nKlinik\u00e1nk a h\u00e9t minden napj\u00e1n, napi 24 \u00f3r\u00e1ban ell\u00e1t s\u00fcrg\u0151s seb\u00e9szi eseteket. Az egykapus bel\u00e9ptet\u00e9s jegy\u00e9ben a s\u00fcrg\u0151s seb\u00e9szi ell\u00e1t\u00e1st ig\u00e9nyl\u0151 betegeket kiz\u00e1r\u00f3lag a S\u00fcrg\u0151ss\u00e9gi Betegell\u00e1t\u00f3 Oszt\u00e1lyon kereszt\u00fcl fogadjuk.<\/p>\n","protected":false},"author":101022,"featured_media":0,"parent":640,"menu_order":1,"comment_status":"closed","ping_status":"closed","template":"","meta":{"_acf_changed":false,"footnotes":""},"categories":[],"tags":[],"class_list":["post-4853","page","type-page","status-publish","hentry"],"acf":[],"_links":{"self":[{"href":"https:\/\/semmelweis.hu\/sebeszet\/wp-json\/wp\/v2\/pages\/4853","targetHints":{"allow":["GET"]}}],"collection":[{"href":"https:\/\/semmelweis.hu\/sebeszet\/wp-json\/wp\/v2\/pages"}],"about":[{"href":"https:\/\/semmelweis.hu\/sebeszet\/wp-json\/wp\/v2\/types\/page"}],"author":[{"embeddable":true,"href":"https:\/\/semmelweis.hu\/sebeszet\/wp-json\/wp\/v2\/users\/101022"}],"replies":[{"embeddable":true,"href":"https:\/\/semmelweis.hu\/sebeszet\/wp-json\/wp\/v2\/comments?post=4853"}],"version-history":[{"count":6,"href":"https:\/\/semmelweis.hu\/sebeszet\/wp-json\/wp\/v2\/pages\/4853\/revisions"}],"predecessor-version":[{"id":5957,"href":"https:\/\/semmelweis.hu\/sebeszet\/wp-json\/wp\/v2\/pages\/4853\/revisions\/5957"}],"up":[{"embeddable":true,"href":"https:\/\/semmelweis.hu\/sebeszet\/wp-json\/wp\/v2\/pages\/640"}],"wp:attachment":[{"href":"https:\/\/semmelweis.hu\/sebeszet\/wp-json\/wp\/v2\/media?parent=4853"}],"wp:term":[{"taxonomy":"category","embeddable":true,"href":"https:\/\/semmelweis.hu\/sebeszet\/wp-json\/wp\/v2\/categories?post=4853"},{"taxonomy":"post_tag","embeddable":true,"href":"https:\/\/semmelweis.hu\/sebeszet\/wp-json\/wp\/v2\/tags?post=4853"}],"curies":[{"name":"wp","href":"https:\/\/api.w.org\/{rel}","templated":true}]}}