{"id":4851,"date":"2020-04-23T15:55:20","date_gmt":"2020-04-23T13:55:20","guid":{"rendered":"http:\/\/semmelweis.hu\/sebeszet1\/?page_id=4851"},"modified":"2021-01-13T13:24:39","modified_gmt":"2021-01-13T12:24:39","slug":"ultrahang-szakrendeles","status":"publish","type":"page","link":"https:\/\/semmelweis.hu\/sebeszet\/betegellatas\/sebeszet-2\/sebeszeti-jarobeteg-ellatas\/ultrahang-szakrendeles\/","title":{"rendered":"Ultrahang szakrendel\u00e9s"},"content":{"rendered":"<p><strong>Rendel\u00e9si id\u0151pont:<\/strong><span style=\"font-weight: 400\"> minden h\u00e9tk\u00f6znap el\u0151jegyz\u00e9s alapj\u00e1n<\/span><\/p>\n<p><a href=\"https:\/\/semmelweis.hu\/telefonkonyv\/?act=mt&amp;inst_id=56&amp;emp_id=3734\"><span style=\"font-weight: 400\">Dr. Zsirka Attila<\/span><\/a><br \/>\n<span style=\"font-weight: 400\">helysz\u00edn: UH labor<\/span><\/p>\n","protected":false},"excerpt":{"rendered":"<p>Rendel\u00e9si id\u0151pont: minden h\u00e9tk\u00f6znap el\u0151jegyz\u00e9s alapj\u00e1n<br \/>\n<a href=\"https:\/\/semmelweis.hu\/telefonkonyv\/?act=mt&amp;inst_id=56&amp;emp_id=3734\">Dr. Zsirka Attila<\/a><br \/>\nhelysz\u00edn: UH labor<\/p>\n","protected":false},"author":101022,"featured_media":0,"parent":640,"menu_order":12,"comment_status":"closed","ping_status":"closed","template":"","meta":{"_acf_changed":false,"footnotes":""},"categories":[],"tags":[],"class_list":["post-4851","page","type-page","status-publish","hentry"],"acf":[],"_links":{"self":[{"href":"https:\/\/semmelweis.hu\/sebeszet\/wp-json\/wp\/v2\/pages\/4851","targetHints":{"allow":["GET"]}}],"collection":[{"href":"https:\/\/semmelweis.hu\/sebeszet\/wp-json\/wp\/v2\/pages"}],"about":[{"href":"https:\/\/semmelweis.hu\/sebeszet\/wp-json\/wp\/v2\/types\/page"}],"author":[{"embeddable":true,"href":"https:\/\/semmelweis.hu\/sebeszet\/wp-json\/wp\/v2\/users\/101022"}],"replies":[{"embeddable":true,"href":"https:\/\/semmelweis.hu\/sebeszet\/wp-json\/wp\/v2\/comments?post=4851"}],"version-history":[{"count":9,"href":"https:\/\/semmelweis.hu\/sebeszet\/wp-json\/wp\/v2\/pages\/4851\/revisions"}],"predecessor-version":[{"id":5950,"href":"https:\/\/semmelweis.hu\/sebeszet\/wp-json\/wp\/v2\/pages\/4851\/revisions\/5950"}],"up":[{"embeddable":true,"href":"https:\/\/semmelweis.hu\/sebeszet\/wp-json\/wp\/v2\/pages\/640"}],"wp:attachment":[{"href":"https:\/\/semmelweis.hu\/sebeszet\/wp-json\/wp\/v2\/media?parent=4851"}],"wp:term":[{"taxonomy":"category","embeddable":true,"href":"https:\/\/semmelweis.hu\/sebeszet\/wp-json\/wp\/v2\/categories?post=4851"},{"taxonomy":"post_tag","embeddable":true,"href":"https:\/\/semmelweis.hu\/sebeszet\/wp-json\/wp\/v2\/tags?post=4851"}],"curies":[{"name":"wp","href":"https:\/\/api.w.org\/{rel}","templated":true}]}}