{"id":4841,"date":"2020-04-23T15:47:29","date_gmt":"2020-04-23T13:47:29","guid":{"rendered":"http:\/\/semmelweis.hu\/sebeszet1\/?page_id=4841"},"modified":"2022-02-08T12:59:14","modified_gmt":"2022-02-08T11:59:14","slug":"endokrin-sebeszet","status":"publish","type":"page","link":"https:\/\/semmelweis.hu\/sebeszet\/betegellatas\/sebeszet-2\/sebeszeti-jarobeteg-ellatas\/endokrin-sebeszet\/","title":{"rendered":"Endokrin seb\u00e9szet"},"content":{"rendered":"<p><span style=\"font-weight: 400\"><strong>El\u0151zetes id\u0151pont k\u00e9r\u00e9se<\/strong> a k\u00f6vetkez\u0151 sz\u00e1mon lehets\u00e9ges minden h\u00e9tk\u00f6znap 8:00-14:30 k\u00f6z\u00f6tt: +36 20 825 9090<\/span><\/p>\n<p><strong>Rendel\u00e9si id\u0151pont:<\/strong><span style=\"font-weight: 400\"> kedd 8:30-14:30<\/span><\/p>\n<p><strong>Munkat\u00e1rsak:<\/strong><\/p>\n<p><a href=\"https:\/\/semmelweis.hu\/telefonkonyv\/?act=mt&amp;inst_id=56&amp;emp_id=1787\"><span style=\"font-weight: 400\">Dr. Hor\u00e1nyi J\u00e1nos<\/span><\/a><br \/>\n<span style=\"font-weight: 400\">helysz\u00edn: alagsor<\/span><\/p>\n<p><a href=\"https:\/\/semmelweis.hu\/telefonkonyv\/?emp_id=13804\">Dr. Ill\u00e9s Krist\u00f3f<\/a><br \/>\n<span style=\"font-weight: 400\">helysz\u00edn: alagsor<\/span><\/p>\n<p><a href=\"https:\/\/semmelweis.hu\/telefonkonyv\/?emp_id=6591\">Dr. P\u00e1lh\u00e1zy T\u00edmea<\/a><br \/>\n<span style=\"font-weight: 400\">helysz\u00edn: alagsor<\/span><\/p>\n<p><a href=\"https:\/\/semmelweis.hu\/telefonkonyv\/?act=mt&amp;inst_id=56&amp;emp_id=4249\"><span style=\"font-weight: 400\">Dr. Szl\u00e1vik Rezs\u0151<\/span><\/a><br \/>\n<span style=\"font-weight: 400\">helysz\u00edn: f\u00f6ldszint<\/span><\/p>\n","protected":false},"excerpt":{"rendered":"<p>El\u0151zetes id\u0151pont k\u00e9r\u00e9se a k\u00f6vetkez\u0151 sz\u00e1mon lehets\u00e9ges minden h\u00e9tk\u00f6znap 8:00-14:30 k\u00f6z\u00f6tt: +36 20 825 9090<br \/>\nRendel\u00e9si id\u0151pont: kedd 8:30-14:30<br \/>\nMunkat\u00e1rsak:<br \/>\n<a href=\"https:\/\/semmelweis.hu\/telefonkonyv\/?act=mt&amp;inst_id=56&amp;emp_id=1787\">Dr. Hor\u00e1nyi J\u00e1nos<\/a><br \/>\nhelysz\u00edn: alagsor<br \/>\n<a href=\"https:\/\/semmelweis.hu\/telefonkonyv\/?emp_id=13804\">Dr. Ill\u00e9s Krist\u00f3f<\/a><br \/>\nhelysz\u00edn: alagsor<br \/>\n<a href=\"https:\/\/semmelweis.hu\/telefonkonyv\/?emp_id=6591\">Dr. P\u00e1lh\u00e1zy T\u00edmea<\/a><br \/>\nhelysz\u00edn: alagsor<br \/>\n<a href=\"https:\/\/semmelweis.hu\/telefonkonyv\/?act=mt&amp;inst_id=56&amp;emp_id=4249\">Dr. Szl\u00e1vik Rezs\u0151<\/a><br \/>\nhelysz\u00edn: f\u00f6ldszint<\/p>\n","protected":false},"author":101022,"featured_media":0,"parent":640,"menu_order":6,"comment_status":"closed","ping_status":"closed","template":"","meta":{"_acf_changed":false,"footnotes":""},"categories":[],"tags":[],"class_list":["post-4841","page","type-page","status-publish","hentry"],"acf":[],"_links":{"self":[{"href":"https:\/\/semmelweis.hu\/sebeszet\/wp-json\/wp\/v2\/pages\/4841","targetHints":{"allow":["GET"]}}],"collection":[{"href":"https:\/\/semmelweis.hu\/sebeszet\/wp-json\/wp\/v2\/pages"}],"about":[{"href":"https:\/\/semmelweis.hu\/sebeszet\/wp-json\/wp\/v2\/types\/page"}],"author":[{"embeddable":true,"href":"https:\/\/semmelweis.hu\/sebeszet\/wp-json\/wp\/v2\/users\/101022"}],"replies":[{"embeddable":true,"href":"https:\/\/semmelweis.hu\/sebeszet\/wp-json\/wp\/v2\/comments?post=4841"}],"version-history":[{"count":10,"href":"https:\/\/semmelweis.hu\/sebeszet\/wp-json\/wp\/v2\/pages\/4841\/revisions"}],"predecessor-version":[{"id":7268,"href":"https:\/\/semmelweis.hu\/sebeszet\/wp-json\/wp\/v2\/pages\/4841\/revisions\/7268"}],"up":[{"embeddable":true,"href":"https:\/\/semmelweis.hu\/sebeszet\/wp-json\/wp\/v2\/pages\/640"}],"wp:attachment":[{"href":"https:\/\/semmelweis.hu\/sebeszet\/wp-json\/wp\/v2\/media?parent=4841"}],"wp:term":[{"taxonomy":"category","embeddable":true,"href":"https:\/\/semmelweis.hu\/sebeszet\/wp-json\/wp\/v2\/categories?post=4841"},{"taxonomy":"post_tag","embeddable":true,"href":"https:\/\/semmelweis.hu\/sebeszet\/wp-json\/wp\/v2\/tags?post=4841"}],"curies":[{"name":"wp","href":"https:\/\/api.w.org\/{rel}","templated":true}]}}