{"id":4792,"date":"2020-04-23T14:58:01","date_gmt":"2020-04-23T12:58:01","guid":{"rendered":"http:\/\/semmelweis.hu\/sebeszet1\/?page_id=4792"},"modified":"2023-05-18T10:12:11","modified_gmt":"2023-05-18T08:12:11","slug":"betegellatas-a-klinikankon","status":"publish","type":"page","link":"https:\/\/semmelweis.hu\/sebeszet\/betegellatas\/betegellatas-a-klinikankon\/","title":{"rendered":"Betegell\u00e1t\u00e1s a Klinik\u00e1nkon"},"content":{"rendered":"<p style=\"text-align: justify\">A m\u0171t\u00e9tet megel\u0151z\u0151 betegfelv\u00e9teli dokument\u00e1ci\u00f3 meg\u00edr\u00e1s\u00e1ra (k\u00f3rlap\u00edr\u00e1s, aneszteziol\u00f3giai konz\u00edlium) kapott el\u0151jegyz\u00e9shez k\u00e9rj\u00fck, hozza mag\u00e1val a javaslati lista<strong><em> Szem\u00e9lyes okm\u00e1nyok, Eg\u00e9szs\u00e9g\u00fcgyi dokument\u00e1ci\u00f3, Gy\u00f3gyszerek<\/em><\/strong> t\u00e1bl\u00e1zat\u00e1ban tal\u00e1lhat\u00f3 felsoroltakat.<\/p>\n<p style=\"text-align: justify\"><em>Ez az el\u0151jegyz\u00e9si id\u0151pont nem azonos az oszt\u00e1lyos befekv\u00e9s\u00e9vel \u00e9s a m\u0171t\u00e9tj\u00e9nek az id\u0151pontj\u00e1val!<\/em><\/p>\n<p style=\"text-align: justify\">\u00d6sszefoglaltunk n\u00e9h\u00e1ny hasznos inform\u00e1ci\u00f3t, melyek a Klinik\u00e1nkon az oszt\u00e1lyos befekv\u00e9shez ad \u00d6nnek \u00e9s hozz\u00e1tartoz\u00f3inak seg\u00edts\u00e9get.<\/p>\n<p style=\"text-align: justify\"><u>A tervezett m\u0171t\u00e9t pontos id\u0151pontj\u00e1r\u00f3l a M\u0171t\u0151koordin\u00e1tor vezet\u0151 asszisztens telefonon fogja \u00e9rtes\u00edteni. Egyben fontos, felt\u00e9tlen\u00fcl betartand\u00f3 inform\u00e1ci\u00f3kat ad \u00d6nnek:<\/u><\/p>\n<p style=\"text-align: justify\">P\u00e9ld\u00e1ul:<\/p>\n<ul style=\"text-align: justify\">\n<li>a befekv\u00e9s id\u0151pontj\u00e1r\u00f3l (pontos megjelen\u00e9sre sz\u00e1m\u00edtunk),<\/li>\n<li>a m\u0171t\u00e9tet megel\u0151z\u0151, sz\u00fcks\u00e9g szerinti otthoni el\u0151k\u00e9sz\u00edt\u00e9sr\u0151l: hashajt\u00e1s, h\u00e1ny \u00f3r\u00e1ig ehet-ihat (\u00e9s mit), mely gy\u00f3gyszereit veheti be, mely gy\u00f3gyszerek bev\u00e9tel\u00e9t kell mell\u0151znie, di\u00e9ta<\/li>\n<li>a m\u0171t\u00e9t napj\u00e1n az otthoni reggeli teend\u0151ir\u0151l:\n<ul>\n<li>tiszt\u00e1lkod\u00e1s, fogmos\u00e1s, hajmos\u00e1s, borotv\u00e1lkoz\u00e1s,<\/li>\n<li>k\u00f6r\u00f6mlakk elt\u00e1vol\u00edt\u00e1sa k\u00e9zr\u0151l \u00e9s l\u00e1br\u00f3l egyar\u00e1nt (m\u0171k\u00f6r\u00f6m-lehet\u0151s\u00e9g szerint ne legyen), smink elt\u00e1vol\u00edt\u00e1s,<\/li>\n<li>\u00e9kszerek otthoni lev\u00e9tele (gy\u0171r\u0171, kark\u00f6t\u0151, nyakl\u00e1nc, bokal\u00e1nc, piercing, kar\u00f3ra),<\/li>\n<li>kontaklencse kiv\u00e9tele,<\/li>\n<li>kivehet\u0151 m\u0171fogsor\u00e1t ne ragassza be, mert a m\u0171t\u00e9t el\u0151tt azt el kell t\u00e1vol\u00edtani.<\/li>\n<\/ul>\n<\/li>\n<\/ul>\n<p style=\"text-align: justify\"><strong><u>Figyelem!<\/u><\/strong> <strong>Csak a M\u0171t\u0151koordin\u00e1torral telefonon megbesz\u00e9lt id\u0151pontban lehets\u00e9ges a m\u0171t\u00e9tre befek\u00fcdni, oszt\u00e1lyos befekv\u00e9sre \u00e9rkezni.<\/strong><\/p>\n<p style=\"text-align: justify\">A Klinik\u00e1ra t\u00f6rt\u00e9n\u0151 befekv\u00e9s napj\u00e1n a betegnek be kell jelentkeznie a magasf\u00f6ldszinten tal\u00e1lhat\u00f3 Regisztr\u00e1ci\u00f3s pultn\u00e1l.<\/p>\n<p style=\"text-align: justify\">Ut\u00e1na megmondj\u00e1k \u00d6nnek, hogy melyik oszt\u00e1lyra kell mennie, ahol az oszt\u00e1lyvezet\u0151 f\u0151n\u0151v\u00e9rt kell keresnie.<\/p>\n<p style=\"text-align: justify\"><u>K\u00e9sz\u00edtett\u00fcnk egy javaslati list\u00e1t \u201d k\u00f3rh\u00e1zi csomag \u00f6ssze\u00e1ll\u00edt\u00e1s\u00e1hoz\u201d, mely Klinik\u00e1nkon az oszt\u00e1lyos befekv\u00e9shez ad \u00d6nnek \u00e9s hozz\u00e1tartoz\u00f3inak seg\u00edts\u00e9get. <\/u><\/p>\n<p style=\"text-align: justify\">Amit m\u00e1r \u00f6sszek\u00e9sz\u00edtett: ki tudja a list\u00e1ban pip\u00e1lni \u00fc<\/p>\n<p style=\"text-align: justify\"><strong>A list\u00e1n szerepl\u0151 javasolt k\u00f3rh\u00e1zi csomag \u00f6ssze\u00e1ll\u00edt\u00e1sa minimum 2 hetes k\u00f3rh\u00e1zi tart\u00f3zkod\u00e1shoz k\u00e9sz\u00fclt.<\/strong><\/p>\n<p style=\"text-align: justify\">Tov\u00e1bbi inform\u00e1ci\u00f3kat honlapunk tal\u00e1lhat: <a href=\"https:\/\/semmelweis.hu\/sebeszet\/\">https:\/\/semmelweis.hu\/sebeszet\/<\/a> a Betegell\u00e1t\u00e1s c\u00edm\u0171 men\u00fcpontban.<\/p>\n<p><strong>EGY TISZTA T\u00c1SK\u00c1BA (SPORTT\u00c1SKA, KISB\u0150R\u00d6ND) AZ AL\u00c1BBIAKAT K\u00c9SZ\u00cdTSE \u00d6SSZE:\u00a0\u00a0\u00a0 <\/strong><\/p>\n<table style=\"width: 73.5035%\" width=\"0\">\n<tbody>\n<tr>\n<td style=\"width: 156.967%\" colspan=\"2\" width=\"609\">\n<p><strong><em>Szem\u00e9lyes okm\u00e1nyok, Eg\u00e9szs\u00e9g\u00fcgyi dokument\u00e1ci\u00f3, Gy\u00f3gyszerek<\/em><\/strong><\/p>\n<\/td>\n<\/tr>\n<tr>\n<td style=\"width: 48.1301%\" width=\"294\">\n<p><strong>JAVASLAT<\/strong><\/p>\n<\/td>\n<td style=\"width: 108.837%\" width=\"315\">\n<p><strong>KIEG\u00c9SZ\u00cdT\u00c9S<\/strong><\/p>\n<\/td>\n<\/tr>\n<tr>\n<td style=\"width: 48.1301%\" width=\"294\">\n<p>Szem\u00e9lyazonos\u00edt\u00f3 igazolv\u00e1ny<\/p>\n<\/td>\n<td style=\"width: 108.837%\" width=\"315\">\n<p>amely lehet b\u00e1rmely \u00c9RV\u00c9NYES f\u00e9nyk\u00e9pes igazolv\u00e1ny (szig, jogos\u00edtv\u00e1ny, \u00fatlev\u00e9l)<\/p>\n<\/td>\n<\/tr>\n<tr>\n<td style=\"width: 48.1301%\" width=\"294\">\n<p>Taj k\u00e1rtya<\/p>\n<\/td>\n<td style=\"width: 108.837%\" width=\"315\">\n<p>Taj k\u00e1rtya hi\u00e1ny\u00e1ban: Eur\u00f3pai Eg\u00e9szs\u00e9gbiztos\u00edt\u00e1si K\u00e1rtya, vagy egy\u00e9b k\u00fclf\u00f6ldi eg\u00e9szs\u00e9gbiztos\u00edt\u00e1st igazol\u00f3 okm\u00e1ny<\/p>\n<\/td>\n<\/tr>\n<tr>\n<td style=\"width: 48.1301%\" width=\"294\">\n<p>Lakc\u00edm k\u00e1rtya<\/p>\n<\/td>\n<td style=\"width: 108.837%\" width=\"315\">\n<p>&nbsp;<\/p>\n<\/td>\n<\/tr>\n<tr>\n<td style=\"width: 48.1301%\" width=\"294\">\n<p>V\u00e9detts\u00e9gi igazolv\u00e1ny<\/p>\n<\/td>\n<td style=\"width: 108.837%\" width=\"315\">\n<p>Igazol\u00e1s SARS-COV-2 elleni eml\u00e9keztet\u0151 v\u00e9d\u0151olt\u00e1sr\u00f3l<\/p>\n<\/td>\n<\/tr>\n<tr>\n<td style=\"width: 48.1301%\" width=\"294\">\n<p>Legk\u00f6zelebbi Hozz\u00e1tartoz\u00f3 vagy a beteg \u00e1ltal megjel\u00f6lt \u00e9rtes\u00edtend\u0151 szem\u00e9ly megjel\u00f6l\u00e9se \u00e9s el\u00e9rhet\u0151s\u00e9gei<\/p>\n<\/td>\n<td style=\"width: 108.837%\" width=\"315\">\n<p><strong>Olvashat\u00f3an<\/strong>: N\u00e9v, lakc\u00edm (ir\u00e1ny\u00edt\u00f3sz\u00e1m is), telefonsz\u00e1m \u00e9s a rokons\u00e1gi fok megjel\u00f6l\u00e9se (p\u00e9ld\u00e1ul: feles\u00e9g, f\u00e9rj, \u00e9lett\u00e1rs, gyermek, testv\u00e9r, nagysz\u00fcl\u0151)<\/p>\n<\/td>\n<\/tr>\n<tr>\n<td style=\"width: 48.1301%\" width=\"294\">\n<p>Betegs\u00e9geivel kapcsolatos eg\u00e9szs\u00e9g\u00fcgyi dokument\u00e1ci\u00f3<\/p>\n<\/td>\n<td style=\"width: 108.837%\" width=\"315\">\n<p>Egy dosszi\u00e9ban \u00f6sszek\u00e9sz\u00edteni (id\u0151rendbe): kor\u00e1bbi z\u00e1r\u00f3jelent\u00e9sek, ambul\u00e1ns lapok, j\u00e1r\u00f3beteg vizsg\u00e1lati \u00f6sszefoglal\u00f3k, laboreredm\u00e9nyek, r\u00f6ntgen, ultrahang, CT, MRI eredm\u00e9nyek \u00e9s felv\u00e9telek CD-n<\/p>\n<\/td>\n<\/tr>\n<tr>\n<td style=\"width: 48.1301%\" width=\"294\">\n<p>Klinikai vizsg\u00e1lati r\u00e9szv\u00e9telr\u0151l sz\u00f3l\u00f3 t\u00e1j\u00e9koztat\u00f3<\/p>\n<\/td>\n<td style=\"width: 108.837%\" width=\"315\">\n<p>&nbsp;<\/p>\n<\/td>\n<\/tr>\n<tr>\n<td style=\"width: 48.1301%\" width=\"294\">\n<p>Jelenleg szedett gy\u00f3gyszerek list\u00e1ja (olvashat\u00f3 m\u00f3don \u00edrja le):<\/p>\n<p>napi adagol\u00e1s napszakoknak megfelel\u0151en (p\u00e9ld\u00e1ul: R: Betaloc 10mg, D: nincs, Este: Betaloc 5mg)<\/p>\n<p>&nbsp;<\/p>\n<\/td>\n<td style=\"width: 108.837%\" width=\"315\">\n<p>H\u00e1ziorvosa ki tudja nyomtatni ezt a list\u00e1t, k\u00e9rjen t\u0151le.<\/p>\n<p>Legyenek felt\u00fcntetve a napi rendszeress\u00e9ggel szedett vitaminok \u00e9s t\u00e1pl\u00e1l\u00e9k-kieg\u00e9sz\u00edt\u0151k is.<\/p>\n<\/td>\n<\/tr>\n<tr>\n<td style=\"width: 48.1301%\" width=\"294\">\n<p>Olyan gy\u00f3gyszerek bek\u00e9sz\u00edt\u00e9se, amelyeket alkalomszer\u0171en, ritka vagy speci\u00e1lis betegs\u00e9g\u00e9hez k\u00f6thet\u0151ek, egyedi import gy\u00f3gyszerek, vagy a gy\u00f3gyszer specialit\u00e1sai miatt az oszt\u00e1ly nem rendelkezik az adott k\u00e9sz\u00edtm\u00e9nnyel<\/p>\n<\/td>\n<td style=\"width: 108.837%\" width=\"315\">\n<p><strong>P\u00e9ld\u00e1ul:<\/strong> asztma, illetve kr\u00f3nikus t\u00fcd\u0151betegs\u00e9g fenn\u00e1ll\u00e1sa est\u00e9n: inhal\u00e1tor, porlaszt\u00f3 k\u00e9sz\u00fcl\u00e9k + a k\u00e9sz\u00fcl\u00e9khez tartoz\u00f3 gy\u00f3gyszer; Cukorbetegs\u00e9g eset\u00e9n: insulin, pen, v\u00e9rcukorm\u00e9r\u0151 + tesztcs\u00edk<\/p>\n<\/td>\n<\/tr>\n<\/tbody>\n<\/table>\n<p>&nbsp;<\/p>\n<table style=\"width: 73.1404%\" width=\"0\">\n<tbody>\n<tr>\n<td style=\"width: 156.407%\" colspan=\"2\" width=\"608\">\n<p><strong><em>Tiszt\u00e1lkod\u00e1si, higi\u00e9niai felszerel\u00e9s- EGY K\u00dcL\u00d6N CSOMAGBA EGYBE \u00d6SSZEK\u00c9SZ\u00cdTENI<\/em><\/strong><\/p>\n<\/td>\n<\/tr>\n<tr>\n<td style=\"width: 48.2949%\" width=\"275\">\n<p><strong>JAVASLAT<\/strong><\/p>\n<\/td>\n<td style=\"width: 108.112%\" width=\"333\">\n<p><strong>KIEG\u00c9SZ\u00cdT\u00c9S<\/strong><\/p>\n<\/td>\n<\/tr>\n<tr>\n<td style=\"width: 48.2949%\" width=\"275\">\n<p>Fogkefe, fogkr\u00e9m, fogmos\u00f3 poh\u00e1r, sz\u00e1jv\u00edz<\/p>\n<\/td>\n<td style=\"width: 108.112%\" width=\"333\">\n<p>fogselyem, ha szokott haszn\u00e1lni<\/p>\n<p>fert\u0151tlen\u00edt\u0151 hat\u00e1s\u00fa sz\u00e1jv\u00edz (Corsodyl)<\/p>\n<\/td>\n<\/tr>\n<tr>\n<td style=\"width: 48.2949%\" width=\"275\">\n<p>Fogprot\u00e9zis<\/p>\n<\/td>\n<td style=\"width: 108.112%\" width=\"333\">\n<p>fogprot\u00e9zis ragaszt\u00f3, fogprot\u00e9zis fert\u0151tlen\u00edt\u0151 tabletta, fogprot\u00e9zis tart\u00f3<\/p>\n<\/td>\n<\/tr>\n<tr>\n<td style=\"width: 48.2949%\" width=\"275\">\n<p>Szappan\/ Tusf\u00fcrd\u0151<\/p>\n<\/td>\n<td style=\"width: 108.112%\" width=\"333\">\n<p>Sampon<\/p>\n<\/td>\n<\/tr>\n<tr>\n<td style=\"width: 48.2949%\" width=\"275\">\n<p>T\u00f6r\u00fclk\u00f6z\u0151 szett<\/p>\n<\/td>\n<td style=\"width: 108.112%\" width=\"333\">\n<p>Tartalma: 1db arcra, 1db k\u00e9zre, 1db fels\u0151test, 1db als\u00f3test t\u00f6rl\u00e9sre<\/p>\n<\/td>\n<\/tr>\n<tr>\n<td style=\"width: 156.407%\" colspan=\"2\" width=\"608\">\n<p><strong><em>Tiszt\u00e1lkod\u00e1si, higi\u00e9niai felszerel\u00e9s- EGY K\u00dcL\u00d6N CSOMAGBA EGYBE \u00d6SSZEK\u00c9SZ\u00cdTENI<\/em><\/strong><\/p>\n<\/td>\n<\/tr>\n<tr>\n<td style=\"width: 48.2949%\" width=\"275\">\n<p><strong>JAVASLAT<\/strong><\/p>\n<\/td>\n<td style=\"width: 108.112%\" width=\"333\">\n<p><strong>KIEG\u00c9SZ\u00cdT\u00c9S<\/strong><\/p>\n<\/td>\n<\/tr>\n<tr>\n<td style=\"width: 48.2949%\" width=\"275\">\n<p>K\u00e9zfert\u0151tlen\u00edt\u0151<\/p>\n<\/td>\n<td style=\"width: 108.112%\" width=\"333\">\n<p>Klinik\u00e1nkon minden k\u00f3rteremben \u00e9s folyos\u00f3n el\u00e9rhet\u0151. <strong>K\u00e9zfert\u0151tlen\u00edt\u00e9st k\u00e9rj\u00fck elv\u00e9gezni minden \u00e9tkez\u00e9s el\u0151tt \u00e9s WC haszn\u00e1lat ut\u00e1n<\/strong><\/p>\n<\/td>\n<\/tr>\n<tr>\n<td style=\"width: 48.2949%\" width=\"275\">\n<p>Mosd\u00f3szivacs vagy mosd\u00f3keszty\u0171<\/p>\n<\/td>\n<td style=\"width: 108.112%\" width=\"333\">\n<p>Lehet\u0151s\u00e9g szerint 3 k\u00fcl\u00f6nb\u00f6z\u0151 sz\u00edn\u0171: arcra, fels\u0151testre, als\u00f3testre<\/p>\n<\/td>\n<\/tr>\n<tr>\n<td style=\"width: 48.2949%\" width=\"275\">\n<p>Dezodor\/stift<\/p>\n<\/td>\n<td style=\"width: 108.112%\" width=\"333\">\n<p>&nbsp;<\/p>\n<\/td>\n<\/tr>\n<tr>\n<td style=\"width: 48.2949%\" width=\"275\">\n<p>Wc-pap\u00edr<\/p>\n<\/td>\n<td style=\"width: 108.112%\" width=\"333\">\n<p>&nbsp;<\/p>\n<\/td>\n<\/tr>\n<tr>\n<td style=\"width: 48.2949%\" width=\"275\">\n<p>Nedves t\u00f6rl\u0151kend\u0151<\/p>\n<\/td>\n<td style=\"width: 108.112%\" width=\"333\">\n<p>&nbsp;<\/p>\n<\/td>\n<\/tr>\n<tr>\n<td style=\"width: 48.2949%\" width=\"275\">\n<p>Borotv\u00e1lkoz\u00e1s eszk\u00f6zei<\/p>\n<\/td>\n<td style=\"width: 108.112%\" width=\"333\">\n<p>1x haszn\u00e1latos borotva\/villanyborotva, borotvahab, arcv\u00edz\/arctej<\/p>\n<\/td>\n<\/tr>\n<tr>\n<td style=\"width: 48.2949%\" width=\"275\">\n<p>Test\u00e1pol\u00f3<\/p>\n<\/td>\n<td style=\"width: 108.112%\" width=\"333\">\n<p>Id\u0151s betegek est\u00e9n vitaminos, hidrat\u00e1l\u00f3 test\u00e1pol\u00f3 beszerz\u00e9se aj\u00e1nlott a b\u0151rv\u00e9delem \u00e9rdek\u00e9ben<\/p>\n<\/td>\n<\/tr>\n<tr>\n<td style=\"width: 48.2949%\" width=\"275\">\n<p>F\u00e9s\u0171, hajkefe<\/p>\n<\/td>\n<td style=\"width: 108.112%\" width=\"333\">\n<p>Hossz\u00fa haj\u00fa \u00e1poltak sz\u00e1m\u00e1ra: hajcsat, hajgumi<\/p>\n<\/td>\n<\/tr>\n<tr>\n<td style=\"width: 48.2949%\" width=\"275\">\n<p>Hosszantart\u00f3 fekv\u00e9s est\u00e9re a felfekv\u00e9s (decubitus) megel\u0151z\u00e9sre: MEDIFLEUR\/MENALIND<\/p>\n<\/td>\n<td style=\"width: 108.112%\" width=\"333\">\n<p>&nbsp;<\/p>\n<\/td>\n<\/tr>\n<tr>\n<td style=\"width: 48.2949%\" width=\"275\">\n<p>Pelenka\/Inkontinencia bet\u00e9t \u00e9s r\u00f6gz\u00edt\u0151 als\u00f3nem\u0171<\/p>\n<\/td>\n<td style=\"width: 108.112%\" width=\"333\">\n<p>&nbsp;<\/p>\n<\/td>\n<\/tr>\n<tr>\n<td style=\"width: 48.2949%\" width=\"275\">\n<p>Tisztas\u00e1gi bet\u00e9t, intim\/menstru\u00e1ci\u00f3s bet\u00e9t<\/p>\n<\/td>\n<td style=\"width: 108.112%\" width=\"333\">\n<p>FIGYELEM! Tampon haszn\u00e1lat\u00e1t csak a m\u0171t\u00e9t idej\u00e9re aj\u00e1nljuk (egyeztet\u00e9st ig\u00e9nyel) Egyebekben k\u00f3rh\u00e1zi tart\u00f3zkod\u00e1s eset\u00e9n nem javasoljuk a tampon haszn\u00e1lat\u00e1t<\/p>\n<\/td>\n<\/tr>\n<\/tbody>\n<\/table>\n<p>&nbsp;<\/p>\n<table style=\"width: 73.0592%\" width=\"0\">\n<tbody>\n<tr>\n<td style=\"width: 159.568%\" colspan=\"2\" width=\"604\">\n<p><strong><em>\u00c9tkez\u00e9s<\/em><\/strong><\/p>\n<\/td>\n<\/tr>\n<tr>\n<td style=\"width: 48.1038%\" width=\"274\">\n<p><strong>JAVASLAT<\/strong><\/p>\n<\/td>\n<td style=\"width: 111.464%\" width=\"330\">\n<p><strong>KIEG\u00c9SZ\u00cdT\u00c9S<\/strong><\/p>\n<\/td>\n<\/tr>\n<tr>\n<td style=\"width: 48.1038%\" width=\"274\">\n<p>Ev\u0151eszk\u00f6z\u00f6k<\/p>\n<\/td>\n<td style=\"width: 111.464%\" width=\"330\">\n<p>kan\u00e1l, kiskan\u00e1l, villa, k\u00e9s<\/p>\n<\/td>\n<\/tr>\n<tr>\n<td style=\"width: 48.1038%\" width=\"274\">\n<p>Poh\u00e1r \u00e9s b\u00f6gre<\/p>\n<\/td>\n<td style=\"width: 111.464%\" rowspan=\"2\" width=\"330\">\n<p>Mosogat\u00f3szer (nem sok), mosogat\u00f3 szivacs<\/p>\n<\/td>\n<\/tr>\n<tr>\n<td style=\"width: 48.1038%\" width=\"274\">\n<p>T\u00e1ny\u00e9r<\/p>\n<\/td>\n<\/tr>\n<tr>\n<td style=\"width: 48.1038%\" width=\"274\">\n<p>Pap\u00edrszalv\u00e9ta<\/p>\n<\/td>\n<td style=\"width: 111.464%\" width=\"330\">\n<p>&nbsp;<\/p>\n<\/td>\n<\/tr>\n<tr>\n<td style=\"width: 48.1038%\" width=\"274\">\n<p>Pap\u00edrk\u00e9zt\u00f6rl\u0151<\/p>\n<\/td>\n<td style=\"width: 111.464%\" width=\"330\">\n<p>&nbsp;<\/p>\n<\/td>\n<\/tr>\n<tr>\n<td style=\"width: 48.1038%\" width=\"274\">\n<p>Pap\u00edrzsebkend\u0151<\/p>\n<\/td>\n<td style=\"width: 111.464%\" width=\"330\">\n<p>&nbsp;<\/p>\n<\/td>\n<\/tr>\n<tr>\n<td style=\"width: 48.1038%\" width=\"274\">\n<p>Z\u00e1r\u00f3kupakos palack\/ itat\u00f3palack<\/p>\n<\/td>\n<td style=\"width: 111.464%\" width=\"330\">\n<p>Sz\u00edv\u00f3sz\u00e1l<\/p>\n<\/td>\n<\/tr>\n<tr>\n<td style=\"width: 48.1038%\" width=\"274\">\n<p>Sz\u00e9nsavmentes palackos v\u00edz<\/p>\n<\/td>\n<td style=\"width: 111.464%\" width=\"330\">\n<p>&nbsp;<\/p>\n<\/td>\n<\/tr>\n<\/tbody>\n<\/table>\n<p>&nbsp;<\/p>\n<table style=\"width: 72.8422%;height: 1440px\" width=\"0\">\n<tbody>\n<tr style=\"height: 53px\">\n<td style=\"width: 159.346%;height: 53px\" colspan=\"2\" width=\"604\">\n<p><strong><em>Ruh\u00e1zat, text\u00edlia, v\u00e9d\u0151eszk\u00f6z<\/em><\/strong><\/p>\n<\/td>\n<\/tr>\n<tr style=\"height: 53px\">\n<td style=\"width: 47.7129%;height: 53px\" width=\"274\">\n<p><strong>JAVASLAT<\/strong><\/p>\n<\/td>\n<td style=\"width: 111.633%;height: 53px\" width=\"330\">\n<p><strong>KIEG\u00c9SZ\u00cdT\u00c9S<\/strong><\/p>\n<\/td>\n<\/tr>\n<tr style=\"height: 53px\">\n<td style=\"width: 47.7129%;height: 53px\" width=\"274\">\n<p>K\u00f6nt\u00f6s<\/p>\n<\/td>\n<td style=\"width: 111.633%;height: 53px\" width=\"330\">\n<p>&nbsp;<\/p>\n<\/td>\n<\/tr>\n<tr style=\"height: 83px\">\n<td style=\"width: 47.7129%;height: 83px\" width=\"274\">\n<p>H\u00e1l\u00f3ing\/pizsama<\/p>\n<\/td>\n<td style=\"width: 111.633%;height: 83px\" width=\"330\">\n<p>Legal\u00e1bb 3-4 v\u00e1lt\u00e1sra val\u00f3 \u00f6sszek\u00e9sz\u00edt\u00e9se (min. 4db)<\/p>\n<\/td>\n<\/tr>\n<tr style=\"height: 83px\">\n<td style=\"width: 47.7129%;height: 83px\" width=\"274\">\n<p>Feh\u00e9rnem\u0171\/Als\u00f3nadr\u00e1g<\/p>\n<\/td>\n<td style=\"width: 111.633%;height: 83px\" width=\"330\">\n<p>Legal\u00e1bb 7 v\u00e1lt\u00e1sra val\u00f3 \u00f6sszek\u00e9sz\u00edt\u00e9se\u00a0\u00a0\u00a0\u00a0 (min. 7 db)<\/p>\n<\/td>\n<\/tr>\n<tr style=\"height: 83px\">\n<td style=\"width: 47.7129%;height: 83px\" width=\"274\">\n<p>Zokni<\/p>\n<\/td>\n<td style=\"width: 111.633%;height: 83px\" width=\"330\">\n<p>Legal\u00e1bb 7 v\u00e1lt\u00e1sra val\u00f3 \u00f6sszek\u00e9sz\u00edt\u00e9se\u00a0\u00a0\u00a0\u00a0 (min. 7 p\u00e1r)<\/p>\n<\/td>\n<\/tr>\n<tr style=\"height: 53px\">\n<td style=\"width: 159.346%;height: 53px\" colspan=\"2\" width=\"604\">\n<p><strong><em>Ruh\u00e1zat, text\u00edlia, v\u00e9d\u0151eszk\u00f6z<\/em><\/strong><\/p>\n<\/td>\n<\/tr>\n<tr style=\"height: 53px\">\n<td style=\"width: 47.7129%;height: 53px\" width=\"274\">\n<p><strong>JAVASLAT<\/strong><\/p>\n<\/td>\n<td style=\"width: 111.633%;height: 53px\" width=\"330\">\n<p><strong>KIEG\u00c9SZ\u00cdT\u00c9S<\/strong><\/p>\n<\/td>\n<\/tr>\n<tr style=\"height: 83px\">\n<td style=\"width: 47.7129%;height: 83px\" width=\"274\">\n<p>Szabadid\u0151 ruha \u00e9s p\u00f3l\u00f3<\/p>\n<\/td>\n<td style=\"width: 111.633%;height: 83px\" width=\"330\">\n<p>\u00c9vszaknak megfelel\u0151en\u00a0\u00a0\u00a0\u00a0\u00a0\u00a0\u00a0\u00a0\u00a0\u00a0\u00a0\u00a0\u00a0\u00a0\u00a0\u00a0\u00a0\u00a0\u00a0\u00a0\u00a0\u00a0\u00a0\u00a0\u00a0 (tr\u00e9ning als\u00f3 \u00e9s fels\u0151, r\u00f6vidnadr\u00e1g)<\/p>\n<\/td>\n<\/tr>\n<tr style=\"height: 53px\">\n<td style=\"width: 47.7129%;height: 53px\" width=\"274\">\n<p>Papucs\/ szabadid\u0151 cip\u0151<\/p>\n<\/td>\n<td style=\"width: 111.633%;height: 53px\" width=\"330\">\n<p>z\u00e1rt, f\u0171z\u0151s sportcip\u0151<\/p>\n<\/td>\n<\/tr>\n<tr style=\"height: 143px\">\n<td style=\"width: 47.7129%;height: 143px\" width=\"274\">\n<p>Seb\u00e9szeti sz\u00e1jmaszk (1x haszn\u00e1latos) vagy moshat\u00f3\/fert\u0151tlen\u00edthet\u0151 textil sz\u00e1jmaszk<\/p>\n<\/td>\n<td style=\"width: 111.633%;height: 143px\" width=\"330\">\n<p>Ha elfogyott a seb\u00e9szeti sz\u00e1jmaszkja a beteg\u00fcnknek, azt tudjuk p\u00f3tolni<\/p>\n<\/td>\n<\/tr>\n<tr style=\"height: 53px\">\n<td style=\"width: 159.346%;height: 53px\" colspan=\"2\" width=\"604\">\n<p><strong><em>Egy\u00e9b haszn\u00e1lati t\u00e1rgyak, eszk\u00f6z\u00f6k<\/em><\/strong><\/p>\n<\/td>\n<\/tr>\n<tr style=\"height: 53px\">\n<td style=\"width: 47.7129%;height: 53px\" width=\"274\">\n<p><strong>JAVASLAT<\/strong><\/p>\n<\/td>\n<td style=\"width: 111.633%;height: 53px\" width=\"330\">\n<p><strong>KIEG\u00c9SZ\u00cdT\u00c9S<\/strong><\/p>\n<\/td>\n<\/tr>\n<tr style=\"height: 53px\">\n<td style=\"width: 47.7129%;height: 53px\" width=\"274\">\n<p>Mobiltelefon, t\u00f6lt\u0151, f\u00fclhallgat\u00f3<\/p>\n<\/td>\n<td style=\"width: 111.633%;height: 53px\" width=\"330\">\n<p>&nbsp;<\/p>\n<\/td>\n<\/tr>\n<tr style=\"height: 83px\">\n<td style=\"width: 47.7129%;height: 83px\" width=\"274\">\n<p>Szem\u00fcveg \u00e9s tok, lencset\u00f6rl\u0151 kend\u0151<\/p>\n<\/td>\n<td style=\"width: 111.633%;height: 83px\" width=\"330\">\n<p>&nbsp;<\/p>\n<\/td>\n<\/tr>\n<tr style=\"height: 53px\">\n<td style=\"width: 47.7129%;height: 53px\" width=\"274\">\n<p>Hall\u00f3k\u00e9sz\u00fcl\u00e9k<\/p>\n<\/td>\n<td style=\"width: 111.633%;height: 53px\" width=\"330\">\n<p>P\u00f3t elemek<\/p>\n<\/td>\n<\/tr>\n<tr style=\"height: 83px\">\n<td style=\"width: 47.7129%;height: 83px\" width=\"274\">\n<p>Gy\u00f3gy\u00e1szati seg\u00e9deszk\u00f6z\u00f6k<\/p>\n<\/td>\n<td style=\"width: 111.633%;height: 83px\" width=\"330\">\n<p>J\u00e1r\u00f3keret, bot, kerekessz\u00e9k, roll\u00e1tor, m\u0171v\u00e9gtag<\/p>\n<\/td>\n<\/tr>\n<tr style=\"height: 163px\">\n<td style=\"width: 47.7129%;height: 163px\" width=\"274\">\n<p>Egy\u00e9b gy\u00f3gy\u00e1szati seg\u00e9deszk\u00f6z\u00f6k<\/p>\n<\/td>\n<td style=\"width: 111.633%;height: 163px\" width=\"330\">\n<p>Stoma visel\u00e9s est\u00e9n: stomazs\u00e1k, stoma \u00e1pol\u00e1si eszk\u00f6z\u00f6k<\/p>\n<p>PEG\/PEJ visel\u00e9se est\u00e9n: speci\u00e1lis fecskend\u0151, k\u00f6tszer<\/p>\n<\/td>\n<\/tr>\n<tr style=\"height: 53px\">\n<td style=\"width: 47.7129%;height: 53px\" width=\"274\">\n<p>K\u00f6nyv, \u00fajs\u00e1g, rejtv\u00e9ny<\/p>\n<\/td>\n<td style=\"width: 111.633%;height: 53px\" width=\"330\">\n<p>Toll<\/p>\n<\/td>\n<\/tr>\n<tr style=\"height: 53px\">\n<td style=\"width: 47.7129%;height: 53px\" width=\"274\">\n<p>Kisp\u00e1rna+ fert\u0151tlen\u00edthet\u0151 huzat<\/p>\n<\/td>\n<td style=\"width: 111.633%;height: 53px\" width=\"330\">\n<p>Ig\u00e9ny szerint behozhat\u00f3<\/p>\n<\/td>\n<\/tr>\n<\/tbody>\n<\/table>\n<p>&nbsp;<\/p>\n<p>A let\u00f6lthet\u0151 form\u00e1tumot <a href=\"https:\/\/semmelweis.hu\/sebeszet\/files\/2023\/05\/SE-STeG_Betegtajekoztato_javaslati-lista_honlap.pdf\">&lt;&lt;ITT&gt;&gt;<\/a> tal\u00e1lja.<\/p>\n","protected":false},"excerpt":{"rendered":"<p>A m\u0171t\u00e9tet megel\u0151z\u0151 betegfelv\u00e9teli dokument\u00e1ci\u00f3 meg\u00edr\u00e1s\u00e1ra (k\u00f3rlap\u00edr\u00e1s, aneszteziol\u00f3giai konz\u00edlium) kapott el\u0151jegyz\u00e9shez k\u00e9rj\u00fck, hozza mag\u00e1val a javaslati lista Szem\u00e9lyes okm\u00e1nyok, Eg\u00e9szs\u00e9g\u00fcgyi dokument\u00e1ci\u00f3, Gy\u00f3gyszerek t\u00e1bl\u00e1zat\u00e1ban tal\u00e1lhat\u00f3 felsoroltakat. Ez az el\u0151jegyz\u00e9si id\u0151pont nem azonos az oszt\u00e1lyos befekv\u00e9s\u00e9vel \u00e9s a m\u0171t\u00e9tj\u00e9nek az id\u0151pontj\u00e1val! \u00d6sszefoglaltunk n\u00e9h\u00e1ny hasznos inform\u00e1ci\u00f3t, melyek a Klinik\u00e1nkon az oszt\u00e1lyos befekv\u00e9shez ad \u00d6nnek \u00e9s hozz\u00e1tartoz\u00f3inak seg\u00edts\u00e9get. A &hellip;<\/p>\n","protected":false},"author":101022,"featured_media":0,"parent":77,"menu_order":3,"comment_status":"closed","ping_status":"closed","template":"","meta":{"_acf_changed":false,"footnotes":""},"categories":[],"tags":[],"class_list":["post-4792","page","type-page","status-publish","hentry"],"acf":[],"_links":{"self":[{"href":"https:\/\/semmelweis.hu\/sebeszet\/wp-json\/wp\/v2\/pages\/4792","targetHints":{"allow":["GET"]}}],"collection":[{"href":"https:\/\/semmelweis.hu\/sebeszet\/wp-json\/wp\/v2\/pages"}],"about":[{"href":"https:\/\/semmelweis.hu\/sebeszet\/wp-json\/wp\/v2\/types\/page"}],"author":[{"embeddable":true,"href":"https:\/\/semmelweis.hu\/sebeszet\/wp-json\/wp\/v2\/users\/101022"}],"replies":[{"embeddable":true,"href":"https:\/\/semmelweis.hu\/sebeszet\/wp-json\/wp\/v2\/comments?post=4792"}],"version-history":[{"count":10,"href":"https:\/\/semmelweis.hu\/sebeszet\/wp-json\/wp\/v2\/pages\/4792\/revisions"}],"predecessor-version":[{"id":8068,"href":"https:\/\/semmelweis.hu\/sebeszet\/wp-json\/wp\/v2\/pages\/4792\/revisions\/8068"}],"up":[{"embeddable":true,"href":"https:\/\/semmelweis.hu\/sebeszet\/wp-json\/wp\/v2\/pages\/77"}],"wp:attachment":[{"href":"https:\/\/semmelweis.hu\/sebeszet\/wp-json\/wp\/v2\/media?parent=4792"}],"wp:term":[{"taxonomy":"category","embeddable":true,"href":"https:\/\/semmelweis.hu\/sebeszet\/wp-json\/wp\/v2\/categories?post=4792"},{"taxonomy":"post_tag","embeddable":true,"href":"https:\/\/semmelweis.hu\/sebeszet\/wp-json\/wp\/v2\/tags?post=4792"}],"curies":[{"name":"wp","href":"https:\/\/api.w.org\/{rel}","templated":true}]}}