{"id":4525,"date":"2018-12-05T10:59:21","date_gmt":"2018-12-05T09:59:21","guid":{"rendered":"http:\/\/semmelweis.hu\/sebeszet1\/?page_id=4525"},"modified":"2025-06-30T13:09:02","modified_gmt":"2025-06-30T11:09:02","slug":"fekvobeteg-ellatas","status":"publish","type":"page","link":"https:\/\/semmelweis.hu\/sebeszet\/betegellatas\/sebeszet-2\/fekvobeteg-ellatas\/","title":{"rendered":"Seb\u00e9szeti fekv\u0151beteg ell\u00e1t\u00e1s"},"content":{"rendered":"<p style=\"text-align: justify\">A befekv\u00e9s sor\u00e1n sz\u00fcks\u00e9ges tudnival\u00f3kat az <a href=\"https:\/\/semmelweis.hu\/sebeszet\/files\/2022\/02\/SE-STeG_Betegtajekoztato.pdf\">&lt;&lt;ITT&gt;&gt;<\/a> let\u00f6lthet\u0151 dokumentumban foglaltuk \u00f6ssze.<\/p>\n<p style=\"text-align: justify\">Oszt\u00e1lyaink el\u00e9rhet\u0151s\u00e9gei a Seb\u00e9szet \u00e9p\u00fclet\u00e9ben:<\/p>\n<p style=\"text-align: justify\"><strong>I. em. jobb oszt\u00e1ly<\/strong><br \/>\nVezet\u0151 \u00e1pol\u00f3: Farkas Val\u00e9ria\u00a0<\/p>\n<p style=\"text-align: justify\"><strong>I. em. bal oszt\u00e1ly<\/strong><br \/>\nVezet\u0151 \u00e1pol\u00f3: Cserm\u00e1k Ibolya<\/p>\n<p style=\"text-align: justify\"><strong>II. em. intenz\u00edv oszt\u00e1ly (ITO)<\/strong><br \/>\nVezet\u0151 \u00e1pol\u00f3: Csern\u00e1n\u00e9 Gombos Elisabeth<br \/>\nTelefonsz\u00e1m: +36 1 459 1500\/ 52151 mell\u00e9k<\/p>\n<p style=\"text-align: justify\"><strong>II. em posztoperat\u00edv \u0151rz\u0151 (Posztop)<br \/>\n<\/strong>Vezet\u0151 \u00e1pol\u00f3: Vit\u00e9z Andrea<br \/>\n<strong><br \/>\n<\/strong><\/p>\n<p>Oszt\u00e1lyaink el\u00e9rhet\u0151s\u00e9gei a K\u00f6zponti Betegell\u00e1t\u00f3 (KBE) \u00e9p\u00fclet\u00e9ben:<\/p>\n<p><strong>III. em. transzplant\u00e1ci\u00f3s oszt\u00e1ly (Tx)<\/strong><br \/>\nVezet\u0151 \u00e1pol\u00f3: Pik\u00f3 Krisztina<\/p>\n<p><strong>IV. emelet TX intenz\u00edv (TRIO)<\/strong><br \/>\nVezet\u0151 \u00e1pol\u00f3: Rengein\u00e9 Dr. Kiss T\u00edmea<br \/>\nTelefonsz\u00e1m: +36 1 459 1500\/ 60840 mell\u00e9k<\/p>\n","protected":false},"excerpt":{"rendered":"<p>A befekv\u00e9s sor\u00e1n sz\u00fcks\u00e9ges tudnival\u00f3kat az <a href=\"https:\/\/semmelweis.hu\/sebeszet\/files\/2022\/02\/SE-STeG_Betegtajekoztato.pdf\">&lt;&lt;ITT&gt;&gt;<\/a> let\u00f6lthet\u0151 dokumentumban foglaltuk \u00f6ssze. Oszt\u00e1lyaink el\u00e9rhet\u0151s\u00e9gei a Seb\u00e9szet \u00e9p\u00fclet\u00e9ben: I. em. jobb oszt\u00e1ly Vezet\u0151 \u00e1pol\u00f3: Farkas Val\u00e9ria\u00a0 I. em. bal oszt\u00e1ly Vezet\u0151 \u00e1pol\u00f3: Cserm\u00e1k Ibolya II. em. intenz\u00edv oszt\u00e1ly (ITO) Vezet\u0151 \u00e1pol\u00f3: Csern\u00e1n\u00e9 Gombos Elisabeth Telefonsz\u00e1m: +36 1 459 1500\/ 52151 mell\u00e9k II. em posztoperat\u00edv \u0151rz\u0151 (Posztop) Vezet\u0151 \u00e1pol\u00f3: &hellip;<\/p>\n","protected":false},"author":101022,"featured_media":0,"parent":5592,"menu_order":1,"comment_status":"closed","ping_status":"closed","template":"","meta":{"_acf_changed":false,"footnotes":""},"categories":[],"tags":[],"class_list":["post-4525","page","type-page","status-publish","hentry"],"acf":[],"_links":{"self":[{"href":"https:\/\/semmelweis.hu\/sebeszet\/wp-json\/wp\/v2\/pages\/4525","targetHints":{"allow":["GET"]}}],"collection":[{"href":"https:\/\/semmelweis.hu\/sebeszet\/wp-json\/wp\/v2\/pages"}],"about":[{"href":"https:\/\/semmelweis.hu\/sebeszet\/wp-json\/wp\/v2\/types\/page"}],"author":[{"embeddable":true,"href":"https:\/\/semmelweis.hu\/sebeszet\/wp-json\/wp\/v2\/users\/101022"}],"replies":[{"embeddable":true,"href":"https:\/\/semmelweis.hu\/sebeszet\/wp-json\/wp\/v2\/comments?post=4525"}],"version-history":[{"count":11,"href":"https:\/\/semmelweis.hu\/sebeszet\/wp-json\/wp\/v2\/pages\/4525\/revisions"}],"predecessor-version":[{"id":9308,"href":"https:\/\/semmelweis.hu\/sebeszet\/wp-json\/wp\/v2\/pages\/4525\/revisions\/9308"}],"up":[{"embeddable":true,"href":"https:\/\/semmelweis.hu\/sebeszet\/wp-json\/wp\/v2\/pages\/5592"}],"wp:attachment":[{"href":"https:\/\/semmelweis.hu\/sebeszet\/wp-json\/wp\/v2\/media?parent=4525"}],"wp:term":[{"taxonomy":"category","embeddable":true,"href":"https:\/\/semmelweis.hu\/sebeszet\/wp-json\/wp\/v2\/categories?post=4525"},{"taxonomy":"post_tag","embeddable":true,"href":"https:\/\/semmelweis.hu\/sebeszet\/wp-json\/wp\/v2\/tags?post=4525"}],"curies":[{"name":"wp","href":"https:\/\/api.w.org\/{rel}","templated":true}]}}