{"id":4044,"date":"2017-01-11T23:10:18","date_gmt":"2017-01-11T22:10:18","guid":{"rendered":"http:\/\/semmelweis.hu\/sebeszet1\/?page_id=4044"},"modified":"2025-05-12T08:56:56","modified_gmt":"2025-05-12T06:56:56","slug":"betegjogi-kepviselet","status":"publish","type":"page","link":"https:\/\/semmelweis.hu\/sebeszet\/betegellatas\/betegjogi-kepviselet\/","title":{"rendered":"Betegjogi k\u00e9pviselet, panaszkezel\u00e9s"},"content":{"rendered":"<p style=\"text-align: justify\">Tisztelt Beteg\u00fcnk!<\/p>\n<p style=\"text-align: justify\">Mindent megtesz\u00fcnk, hogy el\u00e9gedett legyen munk\u00e1nkkal!<\/p>\n<p style=\"text-align: justify\">Ugyanakkor, amennyiben az eg\u00e9szs\u00e9g\u00fcgyi ell\u00e1t\u00e1s ig\u00e9nybev\u00e9tele sor\u00e1n vagy ut\u00e1n az ell\u00e1t\u00e1ssal \u00f6sszef\u00fcgg\u00e9sben javaslata, \u00e9szrev\u00e9tele van, vagy panaszt k\u00edv\u00e1n tenni, k\u00e9rem az al\u00e1bbi el\u00e9rhet\u0151s\u00e9gen legyen kedves jelezni azt.<\/p>\n<p style=\"text-align: justify\">E-mail: <a href=\"mailto:steg@semmelweis.hu\">steg@semmelweis.hu<\/a><\/p>\n<p style=\"text-align: justify\">Tisztelettel,<\/p>\n<p style=\"text-align: justify\">Dr. Szij\u00e1rt\u00f3 Attila<br \/>\nigazgat\u00f3<\/p>\n<hr \/>\n<p>Az Integr\u00e1lt Jogv\u00e9delmi Szolg\u00e1lat \u00e1ltal foglalkoztatott betegjogi k\u00e9pvisel\u0151 az eg\u00e9szs\u00e9g\u00fcgyi int\u00e9zm\u00e9nyekt\u0151l f\u00fcggetlen szem\u00e9lyk\u00e9nt a hat\u00e1lyos eg\u00e9szs\u00e9g\u00fcgyi t\u00f6rv\u00e9nyben (1997. \u00e9vi CLIV. t\u00f6rv\u00e9ny) \u00e9s a 381\/2016. (XII.2.) Korm\u00e1nyrendeletben foglaltak alapj\u00e1n j\u00e1rhat el.<\/p>\n<p><strong>A betegjogi k\u00e9pvisel\u0151 tev\u00e9kenys\u00e9ge k\u00fcl\u00f6n\u00f6sen az al\u00e1bbiakat foglalja mag\u00e1ban:<\/strong><\/p>\n<ul>\n<li><strong>seg\u00edti a beteget<\/strong>\u00a0az eg\u00e9szs\u00e9g\u00fcgyi dokument\u00e1ci\u00f3hoz val\u00f3 hozz\u00e1jut\u00e1sban, azzal kapcsolatos megjegyz\u00e9sek, k\u00e9rd\u00e9sek felt\u00e9tel\u00e9ben,<\/li>\n<li><strong>seg\u00edt a betegnek<\/strong>\u00a0panasza megfogalmaz\u00e1s\u00e1ban, kezdem\u00e9nyezheti annak kivizsg\u00e1l\u00e1s\u00e1t,<\/li>\n<li><strong>a beteg \u00edr\u00e1sbeli meghatalmaz\u00e1sa alapj\u00e1n<\/strong>\u00a0panaszt tehet az eg\u00e9szs\u00e9g\u00fcgyi szolg\u00e1ltat\u00f3 vezet\u0151j\u00e9n\u00e9l, fenntart\u00f3j\u00e1n\u00e1l, illetve \u2013\u00a0<strong>a beteg gy\u00f3gykezel\u00e9s\u00e9vel \u00f6sszef\u00fcgg\u0151 \u00fcgyekben elj\u00e1r<\/strong>\u00a0az arra hat\u00e1sk\u00f6rrel \u00e9s illet\u00e9kess\u00e9ggel rendelkez\u0151\u00a0<strong>hat\u00f3s\u00e1gn\u00e1l<\/strong>, \u00e9s\u00a0<strong>ennek sor\u00e1n k\u00e9pviseli\u00a0<\/strong>a beteget.<\/li>\n<\/ul>\n<p><strong><a href=\"http:\/\/ijsz.hu\/\" target=\"_blank\" rel=\"noopener noreferrer\">Integr\u00e1lt Jogv\u00e9delmi Szolg\u00e1lat<\/a>:<\/strong><br \/>\nC\u00edm: H-1134 Budapest, T\u00fcz\u00e9r u. 33. II. em.<br \/>\nPostac\u00edm: 1365 Bp., Pf.: 646.<br \/>\nTelefon: +36 1 8969 000<br \/>\nZ\u00f6ld sz\u00e1m: +36 80 620 055<br \/>\n(k\u00fclf\u00f6ldr\u0151l): +36 20 489 9614<\/p>\n<p><span style=\"text-decoration: underline\"><strong>Betegjogi k\u00e9pvisel\u0151:<br \/>\n<\/strong><\/span>n\u00e9v: Dr. Mina Andr\u00e1s<br \/>\nmobil: +36 20 489 9577, melyen el\u00e9rhet\u0151 <em>h\u00e9tf\u0151t\u0151l-cs\u00fct\u00f6rt\u00f6kig<\/em> 08:00 \u2013 16:30, <em>p\u00e9nteken<\/em> 08:00 \u2013 14:00 \u00f3ra k\u00f6z\u00f6tt<br \/>\ne-mail: andras.mina@ijsz.bm.gov.hu<\/p>\n","protected":false},"excerpt":{"rendered":"<p>Tisztelt Beteg\u00fcnk! Mindent megtesz\u00fcnk, hogy el\u00e9gedett legyen munk\u00e1nkkal! Ugyanakkor, amennyiben az eg\u00e9szs\u00e9g\u00fcgyi ell\u00e1t\u00e1s ig\u00e9nybev\u00e9tele sor\u00e1n vagy ut\u00e1n az ell\u00e1t\u00e1ssal \u00f6sszef\u00fcgg\u00e9sben javaslata, \u00e9szrev\u00e9tele van, vagy panaszt k\u00edv\u00e1n tenni, k\u00e9rem az al\u00e1bbi el\u00e9rhet\u0151s\u00e9gen legyen kedves jelezni azt. E-mail: <a href=\"mailto:steg@semmelweis.hu\">steg@semmelweis.hu<\/a> Tisztelettel, Dr. Szij\u00e1rt\u00f3 Attila igazgat\u00f3 Az Integr\u00e1lt Jogv\u00e9delmi Szolg\u00e1lat \u00e1ltal foglalkoztatott betegjogi k\u00e9pvisel\u0151 az eg\u00e9szs\u00e9g\u00fcgyi int\u00e9zm\u00e9nyekt\u0151l f\u00fcggetlen szem\u00e9lyk\u00e9nt a &hellip;<\/p>\n","protected":false},"author":101022,"featured_media":0,"parent":77,"menu_order":4,"comment_status":"closed","ping_status":"closed","template":"","meta":{"_acf_changed":false,"footnotes":""},"categories":[],"tags":[],"class_list":["post-4044","page","type-page","status-publish","hentry"],"acf":[],"_links":{"self":[{"href":"https:\/\/semmelweis.hu\/sebeszet\/wp-json\/wp\/v2\/pages\/4044","targetHints":{"allow":["GET"]}}],"collection":[{"href":"https:\/\/semmelweis.hu\/sebeszet\/wp-json\/wp\/v2\/pages"}],"about":[{"href":"https:\/\/semmelweis.hu\/sebeszet\/wp-json\/wp\/v2\/types\/page"}],"author":[{"embeddable":true,"href":"https:\/\/semmelweis.hu\/sebeszet\/wp-json\/wp\/v2\/users\/101022"}],"replies":[{"embeddable":true,"href":"https:\/\/semmelweis.hu\/sebeszet\/wp-json\/wp\/v2\/comments?post=4044"}],"version-history":[{"count":11,"href":"https:\/\/semmelweis.hu\/sebeszet\/wp-json\/wp\/v2\/pages\/4044\/revisions"}],"predecessor-version":[{"id":9184,"href":"https:\/\/semmelweis.hu\/sebeszet\/wp-json\/wp\/v2\/pages\/4044\/revisions\/9184"}],"up":[{"embeddable":true,"href":"https:\/\/semmelweis.hu\/sebeszet\/wp-json\/wp\/v2\/pages\/77"}],"wp:attachment":[{"href":"https:\/\/semmelweis.hu\/sebeszet\/wp-json\/wp\/v2\/media?parent=4044"}],"wp:term":[{"taxonomy":"category","embeddable":true,"href":"https:\/\/semmelweis.hu\/sebeszet\/wp-json\/wp\/v2\/categories?post=4044"},{"taxonomy":"post_tag","embeddable":true,"href":"https:\/\/semmelweis.hu\/sebeszet\/wp-json\/wp\/v2\/tags?post=4044"}],"curies":[{"name":"wp","href":"https:\/\/api.w.org\/{rel}","templated":true}]}}