{"id":3990,"date":"2016-11-18T09:58:51","date_gmt":"2016-11-18T08:58:51","guid":{"rendered":"http:\/\/semmelweis.hu\/sebeszet1\/?page_id=3990"},"modified":"2021-11-10T10:41:07","modified_gmt":"2021-11-10T09:41:07","slug":"az-ulloi-uti-sebeszeti-klinika-1909-2009","status":"publish","type":"page","link":"https:\/\/semmelweis.hu\/sebeszet\/a-klinikarol\/a-xvii-szazadtol-napjainkig\/az-ulloi-uti-sebeszeti-klinika-1909-2009\/","title":{"rendered":"Az \u00dcll\u0151i \u00fati Seb\u00e9szeti Klinika 1909-2009 (Semmelweis Kiad\u00f3)"},"content":{"rendered":"<p>A klinika 1909. szeptember 27-i \u00e1tad\u00e1s\u00e1r\u00f3l sz\u00f3l\u00f3 eredeti \u00fajs\u00e1gcikk <a href=\"https:\/\/semmelweis.hu\/sebeszet\/files\/2020\/05\/BudapestiHirlap-1909-09-pages779-780.pdf\">ide kattintva olvashat\u00f3<\/a>.<\/p>\n<p><strong><a href=\"https:\/\/www.semmelweiskiado.hu\/flipbook\/1493#16\">Klinik\u00e1nk fenn\u00e1ll\u00e1s\u00e1nak\u00a0100. \u00e9vfordul\u00f3j\u00e1ra k\u00e9sz\u00edtett k\u00f6nyvet teljes eg\u00e9sz\u00e9ben\u00a0itt \u00e9rheti el \u2192<\/a><\/strong><\/p>\n<p><embed src=\"https:\/\/semmelweis.hu\/sebeszet\/files\/2016\/11\/100_eves_netre.pdf\" width=\"670\" height=\"800\"><\/embed><\/p>\n","protected":false},"excerpt":{"rendered":"<p>A klinika 1909. szeptember 27-i \u00e1tad\u00e1s\u00e1r\u00f3l sz\u00f3l\u00f3 eredeti \u00fajs\u00e1gcikk <a href=\"https:\/\/semmelweis.hu\/sebeszet\/files\/2020\/05\/BudapestiHirlap-1909-09-pages779-780.pdf\">ide kattintva olvashat\u00f3<\/a>.<br \/>\n<a href=\"https:\/\/www.semmelweiskiado.hu\/flipbook\/1493#16\">Klinik\u00e1nk fenn\u00e1ll\u00e1s\u00e1nak\u00a0100. \u00e9vfordul\u00f3j\u00e1ra k\u00e9sz\u00edtett k\u00f6nyvet teljes eg\u00e9sz\u00e9ben\u00a0itt \u00e9rheti el \u2192<\/a><\/p>\n","protected":false},"author":101022,"featured_media":0,"parent":5466,"menu_order":3,"comment_status":"closed","ping_status":"closed","template":"","meta":{"_acf_changed":false,"footnotes":""},"categories":[],"tags":[],"class_list":["post-3990","page","type-page","status-publish","hentry"],"acf":[],"_links":{"self":[{"href":"https:\/\/semmelweis.hu\/sebeszet\/wp-json\/wp\/v2\/pages\/3990","targetHints":{"allow":["GET"]}}],"collection":[{"href":"https:\/\/semmelweis.hu\/sebeszet\/wp-json\/wp\/v2\/pages"}],"about":[{"href":"https:\/\/semmelweis.hu\/sebeszet\/wp-json\/wp\/v2\/types\/page"}],"author":[{"embeddable":true,"href":"https:\/\/semmelweis.hu\/sebeszet\/wp-json\/wp\/v2\/users\/101022"}],"replies":[{"embeddable":true,"href":"https:\/\/semmelweis.hu\/sebeszet\/wp-json\/wp\/v2\/comments?post=3990"}],"version-history":[{"count":10,"href":"https:\/\/semmelweis.hu\/sebeszet\/wp-json\/wp\/v2\/pages\/3990\/revisions"}],"predecessor-version":[{"id":5453,"href":"https:\/\/semmelweis.hu\/sebeszet\/wp-json\/wp\/v2\/pages\/3990\/revisions\/5453"}],"up":[{"embeddable":true,"href":"https:\/\/semmelweis.hu\/sebeszet\/wp-json\/wp\/v2\/pages\/5466"}],"wp:attachment":[{"href":"https:\/\/semmelweis.hu\/sebeszet\/wp-json\/wp\/v2\/media?parent=3990"}],"wp:term":[{"taxonomy":"category","embeddable":true,"href":"https:\/\/semmelweis.hu\/sebeszet\/wp-json\/wp\/v2\/categories?post=3990"},{"taxonomy":"post_tag","embeddable":true,"href":"https:\/\/semmelweis.hu\/sebeszet\/wp-json\/wp\/v2\/tags?post=3990"}],"curies":[{"name":"wp","href":"https:\/\/api.w.org\/{rel}","templated":true}]}}