{"id":3405,"date":"2016-04-07T13:07:39","date_gmt":"2016-04-07T11:07:39","guid":{"rendered":"http:\/\/semmelweis.hu\/sebeszet1\/?page_id=3405"},"modified":"2025-07-16T08:03:31","modified_gmt":"2025-07-16T06:03:31","slug":"surgossegi-ellatas-sebeszeti-ugyelet","status":"publish","type":"page","link":"https:\/\/semmelweis.hu\/sebeszet\/betegellatas\/surgossegi-ellatas-sebeszeti-ugyelet\/","title":{"rendered":"S\u00fcrg\u0151ss\u00e9gi ell\u00e1t\u00e1s"},"content":{"rendered":"<div class=\"responsive-tabs\">\n<h2 class=\"tabtitle\">Seb\u00e9szeti \u00fcgyelet<\/h2>\n<div class=\"tabcontent\">\n\n<p>A Seb\u00e9szeti, Transzplant\u00e1ci\u00f3s \u00e9s Gasztroenterol\u00f3giai Klinik\u00e1ra \u00fcgyeleti id\u0151ben csak a klinika szomsz\u00e9dj\u00e1ban, a 1082 Budapest, \u00dcll\u0151i \u00fat 78.\/A. h\u00e1zsz\u00e1m alatt elhelyezked\u0151 Semmelweis Egyetem S\u00fcrg\u0151ss\u00e9gi Betegell\u00e1t\u00f3 Oszt\u00e1ly\u00e1n kereszt\u00fcl lehet jelentkezni. A s\u00fcrg\u0151ss\u00e9gi oszt\u00e1lyon a beteg ell\u00e1t\u00e1s\u00e1t megkezdik, seb\u00e9szeti konz\u00edliumot az oxyol\u00f3gus koll\u00e9g\u00e1k megk\u00e9rik. A seb\u00e9szeti alapvizsg\u00e1latok is a s\u00fcrg\u0151ss\u00e9gi oszt\u00e1lyon t\u00f6rt\u00e9nnek, a tov\u00e1bbi ell\u00e1t\u00e1s pedig a s\u00fcrg\u0151ss\u00e9gi oszt\u00e1ly \u00e9s a seb\u00e9szet szoros egy\u00fcttm\u0171k\u00f6d\u00e9s\u00e9ben folytat\u00f3dik.<\/p>\n<p>Amennyiben s\u00fcrg\u0151s eg\u00e9szs\u00e9g\u00fcgyi ell\u00e1t\u00e1sra szorul, els\u0151k\u00e9nt h\u00edvja az alapell\u00e1t\u00f3 rendszer ter\u00fcleti \u00fcgyeletes\u00e9t. A ter\u00fcleti \u00fcgyeletesek el\u00e9rhet\u0151s\u00e9g\u00e9t az egyes \u00f6nkorm\u00e1nyzatok teszik k\u00f6zz\u00e9.<\/p>\n<p>Amennyiben k\u00f6zvetlen \u00e9letvesz\u00e9lyt el\u0151id\u00e9z\u0151 helyzet \u00e1ll el\u0151 (els\u0151sorban, de nem kiz\u00e1r\u00f3lag az al\u00e1bbiak), akkor k\u00f6zvetlen\u00fcl h\u00edvja az Orsz\u00e1gos Ment\u0151szolg\u00e1lat k\u00f6zponti sz\u00e1m\u00e1t, ahol a diszp\u00e9cser int\u00e9zkedik az adott probl\u00e9m\u00e1nak megfelel\u0151 \u00fcgyeletes int\u00e9zm\u00e9nybe val\u00f3 sz\u00e1ll\u00edt\u00e1sr\u00f3l. Ilyen helyzet p\u00e9ld\u00e1ul:<\/p>\n<ul>\n<li>elviselhetetlen hasi f\u00e1jdalmak<\/li>\n<li>s\u00falyos (k\u00f6z\u00fati, h\u00e1ztart\u00e1si) baleset<\/li>\n<li>heveny sz\u00edvizominfarktus<\/li>\n<li>agyi \u00e9rkatasztr\u00f3fa (stroke)<\/li>\n<li>eszm\u00e9letveszt\u00e9s, g\u00f6rcsrohamok<\/li>\n<\/ul>\n<p>A K\u00f6z\u00e9p-magyarorsz\u00e1gi r\u00e9gi\u00f3 valamennyi, akut seb\u00e9szeti, ter\u00fcleti ell\u00e1t\u00e1si k\u00f6telezetts\u00e9ggel b\u00edr\u00f3, k\u00f6zfinansz\u00edrozott seb\u00e9szeti fekv\u0151beteg-ell\u00e1t\u00f3 oszt\u00e1lya folyamatos \u00fcgyeleti ell\u00e1t\u00e1st biztos\u00edt.<\/p>\n<p>Minden seb\u00e9szeti oszt\u00e1ly\/klinika a ter\u00fcleti ell\u00e1t\u00e1si k\u00f6telezetts\u00e9g\u00e9nek (TEK) megfelel\u0151en l\u00e1tja el a beutalt, besz\u00e1ll\u00edtott, illetve szem\u00e9lyes megkeres\u00e9s \u00fatj\u00e1n jelentkez\u0151 betegeket a h\u00e9t minden napj\u00e1n 24 \u00f3r\u00e1ban.<\/p>\n<p>A f\u0151v\u00e1ros k\u00f6zigazgat\u00e1si hat\u00e1r\u00e1n k\u00edv\u00fcli lakc\u00edmmel rendelkez\u0151ket \u00e9s a k\u00fclf\u00f6ldi betegeket a feltal\u00e1l\u00e1si hely szerint, bejegyzett budapesti tart\u00f3zkod\u00e1si hellyel rendelkez\u0151ket az annak megfelel\u0151 int\u00e9zetbe kell utalni, illetve ott ker\u00fclnek ell\u00e1t\u00e1sra.<\/p>\n<p>Azokban az esetekben, amikor a sz\u00e1ll\u00edt\u00e1s a beteg \u00e1llapot\u00e1t nem vesz\u00e9lyezteti, a seb\u00e9szeti ell\u00e1t\u00e1st ig\u00e9nyl\u0151 betegeket a ter\u00fcleti ell\u00e1t\u00e1si k\u00f6telezetts\u00e9g szerint illet\u00e9kes gy\u00f3gyint\u00e9zetben kell elhelyezni. Az egy\u00e9rtelm\u0171en magas id\u0151faktor\u00fa, azaz s\u00falyos, \u00e9letet k\u00f6zvetlen\u00fcl vesz\u00e9lyeztet\u0151 k\u00f3rk\u00e9pek eset\u00e9n a legk\u00f6zelebbi, v\u00e9gleges ell\u00e1t\u00e1s biztos\u00edt\u00e1s\u00e1ra k\u00e9pes int\u00e9zetbe sz\u00e1ll\u00edtand\u00f3 a beteg.<\/p>\n\n<\/div><h2 class=\"tabtitle\">Gasztroenterol\u00f3giai \u00fcgyelet<\/h2>\n<div class=\"tabcontent\">\n\n<p>A Seb\u00e9szeti, Transzplant\u00e1ci\u00f3s \u00e9s Gasztroenterol\u00f3giai Klinik\u00e1ra \u00fcgyeleti id\u0151ben csak a klinika szomsz\u00e9dj\u00e1ban, a 1082 Budapest, \u00dcll\u0151i \u00fat 78.\/A. h\u00e1zsz\u00e1m alatt elhelyezked\u0151 Semmelweis Egyetem S\u00fcrg\u0151ss\u00e9gi Betegell\u00e1t\u00f3 Oszt\u00e1ly\u00e1n kereszt\u00fcl lehet jelentkezni. A s\u00fcrg\u0151ss\u00e9gi oszt\u00e1lyon a beteg ell\u00e1t\u00e1s\u00e1t megkezdik, a klinik\u00e1nk \u00e1ltal ell\u00e1tott gasztroenterol\u00f3giai, illetve s\u00fcrg\u0151s endoszk\u00f3pos konz\u00edliumot az oxyol\u00f3gus koll\u00e9g\u00e1k megk\u00e9rik.<\/p>\n<p>Amennyiben \u00d6n s\u00fcrg\u0151s eg\u00e9szs\u00e9g\u00fcgyi ell\u00e1t\u00e1sra szorul, els\u0151k\u00e9nt h\u00edvja az alapell\u00e1t\u00f3 rendszer ter\u00fcleti \u00fcgyeletes\u00e9t. A ter\u00fcleti \u00fcgyeletesek el\u00e9rhet\u0151s\u00e9g\u00e9t az egyes \u00f6nkorm\u00e1nyzatok teszik k\u00f6zz\u00e9.<\/p>\n<p>Amennyiben k\u00f6zvetlen \u00e9letvesz\u00e9lyt el\u0151id\u00e9z\u0151 helyzet \u00e1ll el\u0151 (els\u0151sorban, de nem kiz\u00e1r\u00f3lag az al\u00e1bbiak), akkor k\u00f6zvetlen\u00fcl h\u00edvja az\u00a0<a href=\"http:\/\/www.mentok.hu\/index.php?id=104_hu\">Orsz\u00e1gos Ment\u0151szolg\u00e1lat k\u00f6zponti sz\u00e1m\u00e1t<\/a>, ahol a diszp\u00e9cser int\u00e9zkedik az adott probl\u00e9m\u00e1nak megfelel\u0151 \u00fcgyeletes int\u00e9zm\u00e9nybe val\u00f3 sz\u00e1ll\u00edt\u00e1sr\u00f3l. Ilyen helyzet p\u00e9ld\u00e1ul:<\/p>\n<ul>\n<li>elviselhetetlen hasi f\u00e1jdalmak<\/li>\n<li>s\u00falyos (k\u00f6z\u00fati, h\u00e1ztart\u00e1si) baleset,<\/li>\n<li>heveny sz\u00edvizominfarktus,<\/li>\n<li>agyi \u00e9rkatasztr\u00f3fa (stroke),<\/li>\n<li>eszm\u00e9letveszt\u00e9s, g\u00f6rcsrohamok,<\/li>\n<li>v\u00e9rz\u00e9s.<\/li>\n<\/ul>\n<p>Azokban az esetekben, amikor a sz\u00e1ll\u00edt\u00e1s a beteg \u00e1llapot\u00e1t nem vesz\u00e9lyezteti, az ell\u00e1t\u00e1st ig\u00e9nyl\u0151 betegeket a ter\u00fcleti ell\u00e1t\u00e1si k\u00f6telezetts\u00e9g szerint illet\u00e9kes gy\u00f3gyint\u00e9zetben kell elhelyezni. Az egy\u00e9rtelm\u0171en magas id\u0151faktor\u00fa, azaz s\u00falyos, \u00e9letet k\u00f6zvetlen\u00fcl vesz\u00e9lyeztet\u0151 k\u00f3rk\u00e9pek eset\u00e9n a legk\u00f6zelebbi, v\u00e9gleges ell\u00e1t\u00e1s biztos\u00edt\u00e1s\u00e1ra k\u00e9pes int\u00e9zetbe sz\u00e1ll\u00edtand\u00f3 a beteg.<\/p>\n<\/div><\/div>\n","protected":false},"excerpt":{"rendered":"<p>A Seb\u00e9szeti, Transzplant\u00e1ci\u00f3s \u00e9s Gasztroenterol\u00f3giai Klinik\u00e1ra \u00fcgyeleti id\u0151ben csak a klinika szomsz\u00e9dj\u00e1ban, a 1082 Budapest, \u00dcll\u0151i \u00fat 78.\/A. h\u00e1zsz\u00e1m alatt elhelyezked\u0151 Semmelweis Egyetem S\u00fcrg\u0151ss\u00e9gi Betegell\u00e1t\u00f3 Oszt\u00e1ly\u00e1n kereszt\u00fcl lehet jelentkezni. A s\u00fcrg\u0151ss\u00e9gi oszt\u00e1lyon a beteg ell\u00e1t\u00e1s\u00e1t megkezdik, seb\u00e9szeti konz\u00edliumot az oxyol\u00f3gus koll\u00e9g\u00e1k megk\u00e9rik. A seb\u00e9szeti alapvizsg\u00e1latok is a s\u00fcrg\u0151ss\u00e9gi oszt\u00e1lyon t\u00f6rt\u00e9nnek, a tov\u00e1bbi ell\u00e1t\u00e1s pedig a &hellip;<\/p>\n","protected":false},"author":101022,"featured_media":0,"parent":77,"menu_order":8,"comment_status":"closed","ping_status":"closed","template":"","meta":{"_acf_changed":false,"footnotes":""},"categories":[],"tags":[],"class_list":["post-3405","page","type-page","status-publish","hentry"],"acf":[],"_links":{"self":[{"href":"https:\/\/semmelweis.hu\/sebeszet\/wp-json\/wp\/v2\/pages\/3405","targetHints":{"allow":["GET"]}}],"collection":[{"href":"https:\/\/semmelweis.hu\/sebeszet\/wp-json\/wp\/v2\/pages"}],"about":[{"href":"https:\/\/semmelweis.hu\/sebeszet\/wp-json\/wp\/v2\/types\/page"}],"author":[{"embeddable":true,"href":"https:\/\/semmelweis.hu\/sebeszet\/wp-json\/wp\/v2\/users\/101022"}],"replies":[{"embeddable":true,"href":"https:\/\/semmelweis.hu\/sebeszet\/wp-json\/wp\/v2\/comments?post=3405"}],"version-history":[{"count":11,"href":"https:\/\/semmelweis.hu\/sebeszet\/wp-json\/wp\/v2\/pages\/3405\/revisions"}],"predecessor-version":[{"id":9339,"href":"https:\/\/semmelweis.hu\/sebeszet\/wp-json\/wp\/v2\/pages\/3405\/revisions\/9339"}],"up":[{"embeddable":true,"href":"https:\/\/semmelweis.hu\/sebeszet\/wp-json\/wp\/v2\/pages\/77"}],"wp:attachment":[{"href":"https:\/\/semmelweis.hu\/sebeszet\/wp-json\/wp\/v2\/media?parent=3405"}],"wp:term":[{"taxonomy":"category","embeddable":true,"href":"https:\/\/semmelweis.hu\/sebeszet\/wp-json\/wp\/v2\/categories?post=3405"},{"taxonomy":"post_tag","embeddable":true,"href":"https:\/\/semmelweis.hu\/sebeszet\/wp-json\/wp\/v2\/tags?post=3405"}],"curies":[{"name":"wp","href":"https:\/\/api.w.org\/{rel}","templated":true}]}}