{"id":306,"date":"2015-09-21T00:00:00","date_gmt":"2015-09-20T22:00:00","guid":{"rendered":"http:\/\/semmelweis.hu\/sebeszet1\/depat\/"},"modified":"2020-10-16T15:14:17","modified_gmt":"2020-10-16T13:14:17","slug":"depat","status":"publish","type":"page","link":"https:\/\/semmelweis.hu\/sebeszet\/de\/depat\/","title":{"rendered":"Patienten"},"content":{"rendered":"<p>I.Chirurgische Klinik<br \/>\nSemmelweis Universitat<br \/>\n1082 Budapest \u00dcll\u0151i \u00fat 78<br \/>\nTel: +36-1-459-1500 &#8211; 52120<br \/>\nE-mail: igazgato.seb1 &#8222;kukac&#8221; med.semmelweis-univ.hu<br \/>\n<p class=\"wpcf7-contact-form-not-found\"><strong>Hiba:<\/strong> Kapcsolatfelv\u00e9teli \u0171rlap nem tal\u00e1lhat\u00f3.<\/p><br \/>\n\n<!-- iframe plugin v.4.9 wordpress.org\/plugins\/iframe\/ -->\n<iframe loading=\"lazy\" src=\"https:\/\/www.google.com\/maps\/embed?pb=!1m18!1m12!1m3!1d2696.3839413685705!2d19.079972!3d47.48243340000002!2m3!1f0!2f0!3f0!3m2!1i1024!2i768!4f13.1!3m3!1m2!1s0x4741dce42f6edf0d%3A0xd3829506ecc86745!2sSemmelweis+Egyetem+I.+Sz.+Seb%C3%A9szeti+Klinika!5e0!3m2!1shu!2shu!4v1443132418057\" width=\"600\" height=\"450\" scrolling=\"yes\" class=\"iframe-class\" frameborder=\"0\"><\/iframe>\n<\/p>\n<p>&nbsp;<\/p>\n<p>&nbsp;<\/p>\n","protected":false},"excerpt":{"rendered":"<p>I.Chirurgische Klinik<br \/>\nSemmelweis Universitat<br \/>\n1082 Budapest \u00dcll\u0151i \u00fat 78<br \/>\nTel: +36-1-459-1500 &#8211; 52120<br \/>\nE-mail: igazgato.seb1 &#8222;kukac&#8221; med.semmelweis-univ.hu<br \/>\n&nbsp;<br \/>\n&nbsp;<\/p>\n","protected":false},"author":101236,"featured_media":0,"parent":0,"menu_order":0,"comment_status":"closed","ping_status":"closed","template":"","meta":{"_acf_changed":false,"footnotes":""},"categories":[],"tags":[],"class_list":["post-306","page","type-page","status-publish","hentry"],"acf":[],"_links":{"self":[{"href":"https:\/\/semmelweis.hu\/sebeszet\/wp-json\/wp\/v2\/pages\/306","targetHints":{"allow":["GET"]}}],"collection":[{"href":"https:\/\/semmelweis.hu\/sebeszet\/wp-json\/wp\/v2\/pages"}],"about":[{"href":"https:\/\/semmelweis.hu\/sebeszet\/wp-json\/wp\/v2\/types\/page"}],"author":[{"embeddable":true,"href":"https:\/\/semmelweis.hu\/sebeszet\/wp-json\/wp\/v2\/users\/101236"}],"replies":[{"embeddable":true,"href":"https:\/\/semmelweis.hu\/sebeszet\/wp-json\/wp\/v2\/comments?post=306"}],"version-history":[{"count":7,"href":"https:\/\/semmelweis.hu\/sebeszet\/wp-json\/wp\/v2\/pages\/306\/revisions"}],"predecessor-version":[{"id":5250,"href":"https:\/\/semmelweis.hu\/sebeszet\/wp-json\/wp\/v2\/pages\/306\/revisions\/5250"}],"wp:attachment":[{"href":"https:\/\/semmelweis.hu\/sebeszet\/wp-json\/wp\/v2\/media?parent=306"}],"wp:term":[{"taxonomy":"category","embeddable":true,"href":"https:\/\/semmelweis.hu\/sebeszet\/wp-json\/wp\/v2\/categories?post=306"},{"taxonomy":"post_tag","embeddable":true,"href":"https:\/\/semmelweis.hu\/sebeszet\/wp-json\/wp\/v2\/tags?post=306"}],"curies":[{"name":"wp","href":"https:\/\/api.w.org\/{rel}","templated":true}]}}