{"id":240,"date":"2015-09-18T00:00:00","date_gmt":"2015-09-17T22:00:00","guid":{"rendered":"http:\/\/semmelweis.hu\/sebeszet1\/tortenet_56kk\/"},"modified":"2023-04-24T14:08:33","modified_gmt":"2023-04-24T12:08:33","slug":"flautner-lajos","status":"publish","type":"page","link":"https:\/\/semmelweis.hu\/sebeszet\/a-klinikarol\/a-xvii-szazadtol-napjainkig\/tanszekvezetok\/flautner-lajos\/","title":{"rendered":"1990 &#8211; 2003: Flautner Lajos (1938- )"},"content":{"rendered":"<h2 align=\"center\">Flautner Lajos (1938-)<\/h2>\n<p style=\"text-align: justify\">1990-t\u0151l 2003. j\u00fan. 30-ig a klinika \u00e9s 1992-t\u0151l az Orsz\u00e1gos Seb\u00e9szeti Int\u00e9zet igazgat\u00f3ja.\u00a0<\/p>\n<p>1970 \u00f3ta dolgozik a SE I. sz. Seb\u00e9szeti klinik\u00e1n.\u00a0Az orvostudom\u00e1nyok kandid\u00e1tusa, 1974.\u00a0Az orvostudom\u00e1nyok doktora c\u00edmet 1987-ben nyerte el.\u00a0Balassa J\u00e1nos eml\u00e9k\u00e9rem tulajdonosa, 1998.\u00a0&#8222;Pro optimo merito in pancreatico-oncologia&#8221; d\u00edj, 1999.\u00a0Sz\u00e9ch\u00e9nyi Professzori \u00d6szt\u00f6nd\u00edj, 2000-2003.\u00a0Professzor Emeritus c\u00edmben r\u00e9szes\u00fclt, 2008. j\u00falius.<br \/>\nA Magyar K\u00f6zt\u00e1rsas\u00e1gi \u00c9edemrend Lovagkeresztje kit\u00fcntet\u00e9st vette \u00e1t 2008. augusztus 20-\u00e1n.\u00a0<\/p>\n<p style=\"text-align: justify\">F\u0151 kutat\u00e1si \u00e9s gy\u00f3gy\u00edt\u00e1si ter\u00fclete a gastroenterol\u00f3giai seb\u00e9szet, kiemelten a hasny\u00e1lmirigy seb\u00e9szete. T\u00f6bb \u00faj seb\u00e9szi megold\u00e1st dolgozott ki \u00e9s alkalmazta. Nev\u00e9hez f\u0171z\u0151dik a pylorusmegtart\u00e1sos pancreatoduodenectomia kr\u00f3nikus pancreatitisben, mely Flautner-m\u0171t\u00e9t n\u00e9ven terjedt el a vil\u00e1gban.\u00a0\u00a0Vezet\u00e9se alatt Eur\u00f3pai szint\u0171 gastroenterol\u00f3giai seb\u00e9szeti centrumot alak\u00edtott ki. A klinika kiemelt jelent\u0151s\u00e9g\u0171 ter\u00fcleteken (hasny\u00e1lmirigy, nyel\u0151cs\u0151, m\u00e1j) orsz\u00e1gos referencia k\u00f6zpont lett. L\u00e9trehozta munkat\u00e1rsaival a \u201eBalassa J\u00e1nos Seb\u00e9szeti Alap\u00edtv\u00e1nyt\u201d.\u00a0<\/p>\n<p>A klinik\u00e1n 1992-ben t\u00f6rt\u00e9nt az els\u0151 laparoscopos cholecystectomia. 1996-ban a klinika tev\u00e9kenys\u00e9gi k\u00f6re \u00fajabb szakmai feladatokkal b\u0171v\u00fclt, amikor otthont adott a megsz\u00fcnt II. sz. Seb\u00e9szeti Klinika \u00e9rseb\u00e9szeti munkacsoportj\u00e1nak.\u00a0M\u0171k\u00f6d\u00e9se alatt t\u00f6bb szinten fel\u00faj\u00edt\u00e1si \u00e9s korszer\u0171s\u00edt\u00e9si munk\u00e1latok t\u00f6rt\u00e9ntek (m\u0171t\u0151k, tanterem, orvosi szob\u00e1k, k\u00f3rtermek, szakk\u00f6nyvt\u00e1r, komputerh\u00e1l\u00f3zat, telefonk\u00f6zpont, \u00faj m\u0171t\u0151 \u00e9s intenz\u00edv r\u00e9szleg). Tudom\u00e1nyos munk\u00e1ss\u00e1g\u00e1nak \u00e9rdemeit sz\u00e1mos elismer\u0151 oklev\u00e9l \u00e9s kit\u00fcntet\u00e9s, hazai \u00e9s k\u00fcl\u00f6ldi orvos-t\u00e1rsas\u00e1gi tags\u00e1g tan\u00fas\u00edtja. Megjelent k\u00f6zlem\u00e9nyeinek sz\u00e1ma t\u00f6bb mint 400.<\/p>\n","protected":false},"excerpt":{"rendered":"<p>Flautner Lajos (1938-) 1990-t\u0151l 2003. j\u00fan. 30-ig a klinika \u00e9s 1992-t\u0151l az Orsz\u00e1gos Seb\u00e9szeti Int\u00e9zet igazgat\u00f3ja.\u00a0 1970 \u00f3ta dolgozik a SE I. sz. Seb\u00e9szeti klinik\u00e1n.\u00a0Az orvostudom\u00e1nyok kandid\u00e1tusa, 1974.\u00a0Az orvostudom\u00e1nyok doktora c\u00edmet 1987-ben nyerte el.\u00a0Balassa J\u00e1nos eml\u00e9k\u00e9rem tulajdonosa, 1998.\u00a0&#8222;Pro optimo merito in pancreatico-oncologia&#8221; d\u00edj, 1999.\u00a0Sz\u00e9ch\u00e9nyi Professzori \u00d6szt\u00f6nd\u00edj, 2000-2003.\u00a0Professzor Emeritus c\u00edmben r\u00e9szes\u00fclt, 2008. j\u00falius. A Magyar K\u00f6zt\u00e1rsas\u00e1gi &hellip;<\/p>\n","protected":false},"author":41,"featured_media":0,"parent":243,"menu_order":15,"comment_status":"closed","ping_status":"closed","template":"","meta":{"_acf_changed":false,"footnotes":""},"categories":[],"tags":[],"class_list":["post-240","page","type-page","status-publish","hentry"],"acf":[],"_links":{"self":[{"href":"https:\/\/semmelweis.hu\/sebeszet\/wp-json\/wp\/v2\/pages\/240","targetHints":{"allow":["GET"]}}],"collection":[{"href":"https:\/\/semmelweis.hu\/sebeszet\/wp-json\/wp\/v2\/pages"}],"about":[{"href":"https:\/\/semmelweis.hu\/sebeszet\/wp-json\/wp\/v2\/types\/page"}],"author":[{"embeddable":true,"href":"https:\/\/semmelweis.hu\/sebeszet\/wp-json\/wp\/v2\/users\/41"}],"replies":[{"embeddable":true,"href":"https:\/\/semmelweis.hu\/sebeszet\/wp-json\/wp\/v2\/comments?post=240"}],"version-history":[{"count":6,"href":"https:\/\/semmelweis.hu\/sebeszet\/wp-json\/wp\/v2\/pages\/240\/revisions"}],"predecessor-version":[{"id":7998,"href":"https:\/\/semmelweis.hu\/sebeszet\/wp-json\/wp\/v2\/pages\/240\/revisions\/7998"}],"up":[{"embeddable":true,"href":"https:\/\/semmelweis.hu\/sebeszet\/wp-json\/wp\/v2\/pages\/243"}],"wp:attachment":[{"href":"https:\/\/semmelweis.hu\/sebeszet\/wp-json\/wp\/v2\/media?parent=240"}],"wp:term":[{"taxonomy":"category","embeddable":true,"href":"https:\/\/semmelweis.hu\/sebeszet\/wp-json\/wp\/v2\/categories?post=240"},{"taxonomy":"post_tag","embeddable":true,"href":"https:\/\/semmelweis.hu\/sebeszet\/wp-json\/wp\/v2\/tags?post=240"}],"curies":[{"name":"wp","href":"https:\/\/api.w.org\/{rel}","templated":true}]}}