{"id":238,"date":"2015-09-18T00:00:00","date_gmt":"2015-09-17T22:00:00","guid":{"rendered":"http:\/\/semmelweis.hu\/sebeszet1\/tortenet_54kk\/"},"modified":"2023-04-24T14:08:47","modified_gmt":"2023-04-24T12:08:47","slug":"rubanyi-pal","status":"publish","type":"page","link":"https:\/\/semmelweis.hu\/sebeszet\/a-klinikarol\/a-xvii-szazadtol-napjainkig\/tanszekvezetok\/rubanyi-pal\/","title":{"rendered":"1963 &#8211; 1975: Rub\u00e1nyi P\u00e1l (1904-1984)"},"content":{"rendered":"<h2 align=\"center\">Rub\u00e1nyi P\u00e1l (1904-1984)<\/h2>\n<p style=\"text-align: justify\">1963-t\u00f3l 1975-ig a klinika igazgat\u00f3ja. Egyetemi tan\u00e1r, az orvostudom\u00e1nyok kandid\u00e1tusa, az Orsz\u00e1gos Seb\u00e9szeti Int\u00e9zet igazgat\u00f3ja, a Magyar Seb\u00e9sz T\u00e1rsas\u00e1gnak 1967-71 k\u00f6z\u00f6tt eln\u00f6ke, 1969-74 k\u00f6z\u00f6tt az egyetem rektorhelyettese.\u00a0\u00daj profilokkal gazdag\u00edtotta a klinik\u00e1t, modern seb\u00e9szeti technik\u00e1kat vezetett be. A nyel\u0151cs\u0151 \u00e9s a mellkas-seb\u00e9szet egyik \u00fatt\u00f6r\u0151je, nev\u00e9hez f\u0171z\u0151dik a szerv\u00e1t\u00fcltet\u00e9si program kidolgoz\u00e1sa \u00e9s megval\u00f3s\u00edt\u00e1sa. Maradand\u00f3t alkotott a gyomorr\u00e1k, az endokrin daganatok, valamint a hypertonia seb\u00e9szi kezel\u00e9se ter\u00fclet\u00e9n.\u00a0<\/p>\n<p style=\"text-align: justify\">Az Archivum Chirurgicum els\u0151 szerkeszt\u0151je, majd jogut\u00f3dj\u00e1nak a Magyar Seb\u00e9szetnek f\u0151szerkeszt\u0151je, tagja volt sz\u00e1mos hazai \u00e9s k\u00fclf\u00f6ldi szaklap szerkeszt\u0151 bizotts\u00e1g\u00e1nak. Kiemelked\u0151 szakmai, tudom\u00e1nyos \u00e9s k\u00f6z\u00e9leti tev\u00e9kenys\u00e9g\u00e9t sz\u00e1mos kit\u00fcntet\u00e9s f\u00e9mjelzi: Balassa-, H\u0151gyes-, Semmelweis-eml\u00e9k\u00e9rem, Semmelweis aranygy\u0171r\u0171, Kossuth-d\u00edj, Munka \u00c9rdemrend arany fokozata.<\/p>\n","protected":false},"excerpt":{"rendered":"<p>Rub\u00e1nyi P\u00e1l (1904-1984) 1963-t\u00f3l 1975-ig a klinika igazgat\u00f3ja. Egyetemi tan\u00e1r, az orvostudom\u00e1nyok kandid\u00e1tusa, az Orsz\u00e1gos Seb\u00e9szeti Int\u00e9zet igazgat\u00f3ja, a Magyar Seb\u00e9sz T\u00e1rsas\u00e1gnak 1967-71 k\u00f6z\u00f6tt eln\u00f6ke, 1969-74 k\u00f6z\u00f6tt az egyetem rektorhelyettese.\u00a0\u00daj profilokkal gazdag\u00edtotta a klinik\u00e1t, modern seb\u00e9szeti technik\u00e1kat vezetett be. A nyel\u0151cs\u0151 \u00e9s a mellkas-seb\u00e9szet egyik \u00fatt\u00f6r\u0151je, nev\u00e9hez f\u0171z\u0151dik a szerv\u00e1t\u00fcltet\u00e9si program kidolgoz\u00e1sa \u00e9s megval\u00f3s\u00edt\u00e1sa. Maradand\u00f3t &hellip;<\/p>\n","protected":false},"author":41,"featured_media":0,"parent":243,"menu_order":13,"comment_status":"closed","ping_status":"closed","template":"","meta":{"_acf_changed":false,"footnotes":""},"categories":[],"tags":[],"class_list":["post-238","page","type-page","status-publish","hentry"],"acf":[],"_links":{"self":[{"href":"https:\/\/semmelweis.hu\/sebeszet\/wp-json\/wp\/v2\/pages\/238","targetHints":{"allow":["GET"]}}],"collection":[{"href":"https:\/\/semmelweis.hu\/sebeszet\/wp-json\/wp\/v2\/pages"}],"about":[{"href":"https:\/\/semmelweis.hu\/sebeszet\/wp-json\/wp\/v2\/types\/page"}],"author":[{"embeddable":true,"href":"https:\/\/semmelweis.hu\/sebeszet\/wp-json\/wp\/v2\/users\/41"}],"replies":[{"embeddable":true,"href":"https:\/\/semmelweis.hu\/sebeszet\/wp-json\/wp\/v2\/comments?post=238"}],"version-history":[{"count":6,"href":"https:\/\/semmelweis.hu\/sebeszet\/wp-json\/wp\/v2\/pages\/238\/revisions"}],"predecessor-version":[{"id":7999,"href":"https:\/\/semmelweis.hu\/sebeszet\/wp-json\/wp\/v2\/pages\/238\/revisions\/7999"}],"up":[{"embeddable":true,"href":"https:\/\/semmelweis.hu\/sebeszet\/wp-json\/wp\/v2\/pages\/243"}],"wp:attachment":[{"href":"https:\/\/semmelweis.hu\/sebeszet\/wp-json\/wp\/v2\/media?parent=238"}],"wp:term":[{"taxonomy":"category","embeddable":true,"href":"https:\/\/semmelweis.hu\/sebeszet\/wp-json\/wp\/v2\/categories?post=238"},{"taxonomy":"post_tag","embeddable":true,"href":"https:\/\/semmelweis.hu\/sebeszet\/wp-json\/wp\/v2\/tags?post=238"}],"curies":[{"name":"wp","href":"https:\/\/api.w.org\/{rel}","templated":true}]}}