{"id":237,"date":"2015-09-18T00:00:00","date_gmt":"2015-09-17T22:00:00","guid":{"rendered":"http:\/\/semmelweis.hu\/sebeszet1\/tortenet_53kk\/"},"modified":"2023-04-24T14:08:56","modified_gmt":"2023-04-24T12:08:56","slug":"hedri-endre","status":"publish","type":"page","link":"https:\/\/semmelweis.hu\/sebeszet\/a-klinikarol\/a-xvii-szazadtol-napjainkig\/tanszekvezetok\/hedri-endre\/","title":{"rendered":"1949 &#8211; 1962: Hedri Endre (1893-1962)"},"content":{"rendered":"<h2 align=\"center\">Hedri Endre (1893-1962)<\/h2>\n<p style=\"text-align: justify\">1949. okt\u00f3ber\u00e9ben vette \u00e1t a klinika vezet\u00e9s\u00e9t, melynek hal\u00e1l\u00e1ig, 1962-ig igazgat\u00f3ja volt. Kiv\u00e1l\u00f3 orvos, az orvostudom\u00e1nyok doktora. A magyar baleseti seb\u00e9szet megalap\u00edt\u00f3ja. Vezet\u00e9se alatt korszer\u0171 mellkas-seb\u00e9szeti \u00e9s traumatol\u00f3giai oszt\u00e1ly l\u00e9tes\u00fclt a klinik\u00e1n. Jelent\u0151s eredm\u00e9nyeket \u00e9rt el a vastagb\u00e9l \u00e9s a hasny\u00e1lmirigy betegs\u00e9geinek m\u0171t\u00e9ti megold\u00e1sa ter\u00e9n.<\/p>\n","protected":false},"excerpt":{"rendered":"<p>Hedri Endre (1893-1962)<br \/>\n1949. okt\u00f3ber\u00e9ben vette \u00e1t a klinika vezet\u00e9s\u00e9t, melynek hal\u00e1l\u00e1ig, 1962-ig igazgat\u00f3ja volt. Kiv\u00e1l\u00f3 orvos, az orvostudom\u00e1nyok doktora. A magyar baleseti seb\u00e9szet megalap\u00edt\u00f3ja. Vezet\u00e9se alatt korszer\u0171 mellkas-seb\u00e9szeti \u00e9s traumatol\u00f3giai oszt\u00e1ly l\u00e9tes\u00fclt a klinik\u00e1n. Jelent\u0151s eredm\u00e9nyeket \u00e9rt el a vastagb\u00e9l \u00e9s a hasny\u00e1lmirigy betegs\u00e9geinek m\u0171t\u00e9ti megold\u00e1sa ter\u00e9n.<\/p>\n","protected":false},"author":41,"featured_media":0,"parent":243,"menu_order":12,"comment_status":"closed","ping_status":"closed","template":"","meta":{"_acf_changed":false,"footnotes":""},"categories":[],"tags":[],"class_list":["post-237","page","type-page","status-publish","hentry"],"acf":[],"_links":{"self":[{"href":"https:\/\/semmelweis.hu\/sebeszet\/wp-json\/wp\/v2\/pages\/237","targetHints":{"allow":["GET"]}}],"collection":[{"href":"https:\/\/semmelweis.hu\/sebeszet\/wp-json\/wp\/v2\/pages"}],"about":[{"href":"https:\/\/semmelweis.hu\/sebeszet\/wp-json\/wp\/v2\/types\/page"}],"author":[{"embeddable":true,"href":"https:\/\/semmelweis.hu\/sebeszet\/wp-json\/wp\/v2\/users\/41"}],"replies":[{"embeddable":true,"href":"https:\/\/semmelweis.hu\/sebeszet\/wp-json\/wp\/v2\/comments?post=237"}],"version-history":[{"count":4,"href":"https:\/\/semmelweis.hu\/sebeszet\/wp-json\/wp\/v2\/pages\/237\/revisions"}],"predecessor-version":[{"id":8000,"href":"https:\/\/semmelweis.hu\/sebeszet\/wp-json\/wp\/v2\/pages\/237\/revisions\/8000"}],"up":[{"embeddable":true,"href":"https:\/\/semmelweis.hu\/sebeszet\/wp-json\/wp\/v2\/pages\/243"}],"wp:attachment":[{"href":"https:\/\/semmelweis.hu\/sebeszet\/wp-json\/wp\/v2\/media?parent=237"}],"wp:term":[{"taxonomy":"category","embeddable":true,"href":"https:\/\/semmelweis.hu\/sebeszet\/wp-json\/wp\/v2\/categories?post=237"},{"taxonomy":"post_tag","embeddable":true,"href":"https:\/\/semmelweis.hu\/sebeszet\/wp-json\/wp\/v2\/tags?post=237"}],"curies":[{"name":"wp","href":"https:\/\/api.w.org\/{rel}","templated":true}]}}