{"id":235,"date":"2015-09-18T00:00:00","date_gmt":"2015-09-17T22:00:00","guid":{"rendered":"http:\/\/semmelweis.hu\/sebeszet1\/tortenet_51kk\/"},"modified":"2023-04-24T14:09:23","modified_gmt":"2023-04-24T12:09:23","slug":"marik-miklos","status":"publish","type":"page","link":"https:\/\/semmelweis.hu\/sebeszet\/a-klinikarol\/a-xvii-szazadtol-napjainkig\/tanszekvezetok\/marik-miklos\/","title":{"rendered":"1946 &#8211; 1947: Marik Mikl\u00f3s (1904-1994)"},"content":{"rendered":"<h2 align=\"center\">Marik Mikl\u00f3s (1904-1994)<\/h2>\n<p style=\"text-align: justify\">1946-47-ig a klinika megb\u00edzott vezet\u0151je.\u00a0A diploma megszerz\u00e9s\u00e9t k\u00f6vet\u0151en 1928-1929 k\u00f6z\u00f6tt pathol\u00f3giai tanulm\u00e1nyokat folytatott, majd 1929-t\u0151l 1949-ig a klinik\u00e1n tan\u00e1rseg\u00e9d, adjunktus, 1943-t\u00f3l egyetemi tan\u00e1r.\u00a0Tudom\u00e1nyos tev\u00e9kenys\u00e9g\u00e9nek k\u00f6z\u00e9ppontj\u00e1ban a gyomor \u00e9s a vastagb\u00e9l betegs\u00e9geinek seb\u00e9szi kezel\u00e9se \u00e1llt.\u00a0<\/p>\n<p>P\u00e1lyafut\u00e1s\u00e1nak fel\u00edvel\u0151 szakasz\u00e1ban, a h\u00e1bor\u00fa befejez\u00e9s\u00e9t k\u00f6vet\u0151 \u00e9vekben jelent\u0151s t\u00f6rt\u00e9st okozott a fenn\u00e1ll\u00f3 hatalommal szembeni bizalmatlans\u00e1ga. Miut\u00e1n eltan\u00e1csolt\u00e1k az egyetemr\u0151l 1949-1951-ig egy szanat\u00f3rium szakorvosi rendel\u0151j\u00e9ben tev\u00e9kenykedett, ezt k\u00f6vet\u0151en a csepeli szakrendel\u0151 seb\u00e9sz-orvosa, majd 1951-t\u0151l 1956-ig a cegl\u00e9di k\u00f3rh\u00e1z seb\u00e9szeti oszt\u00e1ly\u00e1n dolgozott.\u00a0\u00a0Munk\u00e1j\u00e1nak elismer\u00e9s\u00e9\u00fcl kinevezt\u00e9k a budapesti Kor\u00e1nyi Ferenc K\u00f6zk\u00f3rh\u00e1z oszt\u00e1lyvezet\u0151 f\u0151orvos\u00e1nak, ahol 1956-1973-ig, nyugd\u00edjba vonul\u00e1s\u00e1ig t\u00f6lt\u00f6tte be ezt a tisztet.<\/p>\n","protected":false},"excerpt":{"rendered":"<p>Marik Mikl\u00f3s (1904-1994) 1946-47-ig a klinika megb\u00edzott vezet\u0151je.\u00a0A diploma megszerz\u00e9s\u00e9t k\u00f6vet\u0151en 1928-1929 k\u00f6z\u00f6tt pathol\u00f3giai tanulm\u00e1nyokat folytatott, majd 1929-t\u0151l 1949-ig a klinik\u00e1n tan\u00e1rseg\u00e9d, adjunktus, 1943-t\u00f3l egyetemi tan\u00e1r.\u00a0Tudom\u00e1nyos tev\u00e9kenys\u00e9g\u00e9nek k\u00f6z\u00e9ppontj\u00e1ban a gyomor \u00e9s a vastagb\u00e9l betegs\u00e9geinek seb\u00e9szi kezel\u00e9se \u00e1llt.\u00a0 P\u00e1lyafut\u00e1s\u00e1nak fel\u00edvel\u0151 szakasz\u00e1ban, a h\u00e1bor\u00fa befejez\u00e9s\u00e9t k\u00f6vet\u0151 \u00e9vekben jelent\u0151s t\u00f6rt\u00e9st okozott a fenn\u00e1ll\u00f3 hatalommal szembeni bizalmatlans\u00e1ga. Miut\u00e1n eltan\u00e1csolt\u00e1k &hellip;<\/p>\n","protected":false},"author":41,"featured_media":0,"parent":243,"menu_order":10,"comment_status":"closed","ping_status":"closed","template":"","meta":{"_acf_changed":false,"footnotes":""},"categories":[],"tags":[],"class_list":["post-235","page","type-page","status-publish","hentry"],"acf":[],"_links":{"self":[{"href":"https:\/\/semmelweis.hu\/sebeszet\/wp-json\/wp\/v2\/pages\/235","targetHints":{"allow":["GET"]}}],"collection":[{"href":"https:\/\/semmelweis.hu\/sebeszet\/wp-json\/wp\/v2\/pages"}],"about":[{"href":"https:\/\/semmelweis.hu\/sebeszet\/wp-json\/wp\/v2\/types\/page"}],"author":[{"embeddable":true,"href":"https:\/\/semmelweis.hu\/sebeszet\/wp-json\/wp\/v2\/users\/41"}],"replies":[{"embeddable":true,"href":"https:\/\/semmelweis.hu\/sebeszet\/wp-json\/wp\/v2\/comments?post=235"}],"version-history":[{"count":4,"href":"https:\/\/semmelweis.hu\/sebeszet\/wp-json\/wp\/v2\/pages\/235\/revisions"}],"predecessor-version":[{"id":8002,"href":"https:\/\/semmelweis.hu\/sebeszet\/wp-json\/wp\/v2\/pages\/235\/revisions\/8002"}],"up":[{"embeddable":true,"href":"https:\/\/semmelweis.hu\/sebeszet\/wp-json\/wp\/v2\/pages\/243"}],"wp:attachment":[{"href":"https:\/\/semmelweis.hu\/sebeszet\/wp-json\/wp\/v2\/media?parent=235"}],"wp:term":[{"taxonomy":"category","embeddable":true,"href":"https:\/\/semmelweis.hu\/sebeszet\/wp-json\/wp\/v2\/categories?post=235"},{"taxonomy":"post_tag","embeddable":true,"href":"https:\/\/semmelweis.hu\/sebeszet\/wp-json\/wp\/v2\/tags?post=235"}],"curies":[{"name":"wp","href":"https:\/\/api.w.org\/{rel}","templated":true}]}}