{"id":233,"date":"2015-09-18T00:00:00","date_gmt":"2015-09-17T22:00:00","guid":{"rendered":"http:\/\/semmelweis.hu\/sebeszet1\/tortenet_58k\/"},"modified":"2023-04-24T14:09:44","modified_gmt":"2023-04-24T12:09:44","slug":"verebely-tibor","status":"publish","type":"page","link":"https:\/\/semmelweis.hu\/sebeszet\/a-klinikarol\/a-xvii-szazadtol-napjainkig\/tanszekvezetok\/verebely-tibor\/","title":{"rendered":"1919 &#8211; 1941: Vereb\u00e9ly Tibor (1875-1941)"},"content":{"rendered":"<h2 align=\"center\">Vereb\u00e9ly Tibor (1875-1941)<\/h2>\n<p style=\"text-align: justify\">1919-t\u0151l &#8211; Dollinger Gyula nyugd\u00edjba vonul\u00e1sa ut\u00e1n &#8211; lett a klinika igazgat\u00f3ja 1941-ben bek\u00f6vetkezett hal\u00e1l\u00e1ig. 1938-39-ben az egyetem rektora.\u00a0<\/p>\n<p style=\"text-align: justify\">A magyar seb\u00e9szet egyik vezet\u0151 egy\u00e9nis\u00e9ge. \u0150 volt az els\u0151 magyar seb\u00e9sz, aki hossz\u00fa pathol\u00f3giai tanulm\u00e1nyok ut\u00e1n lett a seb\u00e9szet nyilv\u00e1nos rendes tan\u00e1ra. Kutat\u00e1sokat folytatott a l\u00e9p, a gyomor, a hasny\u00e1lmirigy \u00e9s a daganatok seb\u00e9szeti vonatkoz\u00e1saival kapcsolatban.\u00a0<\/p>\n<p style=\"text-align: justify\">Sz\u00e9les k\u00f6r\u0171 elm\u00e9leti \u00e9s gyakorlati munk\u00e1ss\u00e1g\u00e1t bizony\u00edtja t\u00f6bb mint 300 tudom\u00e1nyos m\u0171ve. Jelent\u0151s munk\u00e1ja a n\u00e9gy k\u00f6tetes Seb\u00e9szklinikai el\u0151ad\u00e1sok c\u00edm\u0171 kiadv\u00e1ny. A Magyar Tudom\u00e1nyos akad\u00e9mia tagja, az Igazs\u00e1g\u00fcgyi Orvosi Tan\u00e1cs, az Orsz\u00e1gos Orvosi Kamara eln\u00f6ke. Jelszava volt: \u201eScientiam et vitam pro patria\u201d \u2013 a tudom\u00e1nyt \u00e9s az \u00e9letet a haz\u00e1\u00e9rt.<\/p>\n","protected":false},"excerpt":{"rendered":"<p>Vereb\u00e9ly Tibor (1875-1941) 1919-t\u0151l &#8211; Dollinger Gyula nyugd\u00edjba vonul\u00e1sa ut\u00e1n &#8211; lett a klinika igazgat\u00f3ja 1941-ben bek\u00f6vetkezett hal\u00e1l\u00e1ig. 1938-39-ben az egyetem rektora.\u00a0 A magyar seb\u00e9szet egyik vezet\u0151 egy\u00e9nis\u00e9ge. \u0150 volt az els\u0151 magyar seb\u00e9sz, aki hossz\u00fa pathol\u00f3giai tanulm\u00e1nyok ut\u00e1n lett a seb\u00e9szet nyilv\u00e1nos rendes tan\u00e1ra. Kutat\u00e1sokat folytatott a l\u00e9p, a gyomor, a hasny\u00e1lmirigy \u00e9s a &hellip;<\/p>\n","protected":false},"author":41,"featured_media":0,"parent":243,"menu_order":8,"comment_status":"closed","ping_status":"closed","template":"","meta":{"_acf_changed":false,"footnotes":""},"categories":[],"tags":[],"class_list":["post-233","page","type-page","status-publish","hentry"],"acf":[],"_links":{"self":[{"href":"https:\/\/semmelweis.hu\/sebeszet\/wp-json\/wp\/v2\/pages\/233","targetHints":{"allow":["GET"]}}],"collection":[{"href":"https:\/\/semmelweis.hu\/sebeszet\/wp-json\/wp\/v2\/pages"}],"about":[{"href":"https:\/\/semmelweis.hu\/sebeszet\/wp-json\/wp\/v2\/types\/page"}],"author":[{"embeddable":true,"href":"https:\/\/semmelweis.hu\/sebeszet\/wp-json\/wp\/v2\/users\/41"}],"replies":[{"embeddable":true,"href":"https:\/\/semmelweis.hu\/sebeszet\/wp-json\/wp\/v2\/comments?post=233"}],"version-history":[{"count":4,"href":"https:\/\/semmelweis.hu\/sebeszet\/wp-json\/wp\/v2\/pages\/233\/revisions"}],"predecessor-version":[{"id":8004,"href":"https:\/\/semmelweis.hu\/sebeszet\/wp-json\/wp\/v2\/pages\/233\/revisions\/8004"}],"up":[{"embeddable":true,"href":"https:\/\/semmelweis.hu\/sebeszet\/wp-json\/wp\/v2\/pages\/243"}],"wp:attachment":[{"href":"https:\/\/semmelweis.hu\/sebeszet\/wp-json\/wp\/v2\/media?parent=233"}],"wp:term":[{"taxonomy":"category","embeddable":true,"href":"https:\/\/semmelweis.hu\/sebeszet\/wp-json\/wp\/v2\/categories?post=233"},{"taxonomy":"post_tag","embeddable":true,"href":"https:\/\/semmelweis.hu\/sebeszet\/wp-json\/wp\/v2\/tags?post=233"}],"curies":[{"name":"wp","href":"https:\/\/api.w.org\/{rel}","templated":true}]}}