{"id":232,"date":"2015-09-18T00:00:00","date_gmt":"2015-09-17T22:00:00","guid":{"rendered":"http:\/\/semmelweis.hu\/sebeszet1\/tortenet_57k\/"},"modified":"2023-04-24T14:09:58","modified_gmt":"2023-04-24T12:09:58","slug":"dollinger-gyula","status":"publish","type":"page","link":"https:\/\/semmelweis.hu\/sebeszet\/a-klinikarol\/a-xvii-szazadtol-napjainkig\/tanszekvezetok\/dollinger-gyula\/","title":{"rendered":"1898 &#8211; 1919: Dollinger Gyula (1849-1937)"},"content":{"rendered":"<h2 align=\"center\">Dollinger Gyula (1849-1937)<\/h2>\n<p style=\"text-align: justify\">Tansz\u00e9kvezet\u0151 1898-1919 k\u00f6z\u00f6tt. A hazai orthop\u00e9dia megalapoz\u00f3ja, kor\u00e1nak minden \u00faj\u00edt\u00e1s\u00e1val l\u00e9p\u00e9st tartott, iskol\u00e1t teremtett a seb\u00e9szeti tev\u00e9kenys\u00e9g fejleszt\u00e9se \u00e9s az \u00fajabb technik\u00e1k bevezet\u00e9se ter\u00e9n.\u00a0<\/p>\n<p style=\"text-align: justify\">\u0150 v\u00e9gezte az els\u0151 epek\u0151 m\u0171t\u00e9tet haz\u00e1nkban. A Magyar Seb\u00e9sz T\u00e1rsas\u00e1g alap\u00edt\u00f3 eln\u00f6ke, megalak\u00edtotta az Orsz\u00e1gos R\u00e1kbizotts\u00e1got, a Budapesti Orvosegyes\u00fcletnek, az Orsz\u00e1gos Orvossz\u00f6vets\u00e9gnek eln\u00f6ke volt. \u0150 terveztette a k\u00fcls\u0151 klinikai telepen a klinika v\u00e9gleges \u00e9p\u00fclet\u00e9t, mely Korb Fl\u00f3ris \u00e9s Giergl K\u00e1lm\u00e1n \u00e9p\u00edt\u00e9szek tervei alapj\u00e1n k\u00e9sz\u00fclt. \u00c1tad\u00e1s\u00e1ra 1909-ben ker\u00fclt sor a Szigony utca \u00e9s az \u0170ll\u0151i \u00fat sark\u00e1n.<\/p>\n","protected":false},"excerpt":{"rendered":"<p>Dollinger Gyula (1849-1937) Tansz\u00e9kvezet\u0151 1898-1919 k\u00f6z\u00f6tt. A hazai orthop\u00e9dia megalapoz\u00f3ja, kor\u00e1nak minden \u00faj\u00edt\u00e1s\u00e1val l\u00e9p\u00e9st tartott, iskol\u00e1t teremtett a seb\u00e9szeti tev\u00e9kenys\u00e9g fejleszt\u00e9se \u00e9s az \u00fajabb technik\u00e1k bevezet\u00e9se ter\u00e9n.\u00a0 \u0150 v\u00e9gezte az els\u0151 epek\u0151 m\u0171t\u00e9tet haz\u00e1nkban. A Magyar Seb\u00e9sz T\u00e1rsas\u00e1g alap\u00edt\u00f3 eln\u00f6ke, megalak\u00edtotta az Orsz\u00e1gos R\u00e1kbizotts\u00e1got, a Budapesti Orvosegyes\u00fcletnek, az Orsz\u00e1gos Orvossz\u00f6vets\u00e9gnek eln\u00f6ke volt. \u0150 terveztette a &hellip;<\/p>\n","protected":false},"author":41,"featured_media":0,"parent":243,"menu_order":7,"comment_status":"closed","ping_status":"closed","template":"","meta":{"_acf_changed":false,"footnotes":""},"categories":[],"tags":[],"class_list":["post-232","page","type-page","status-publish","hentry"],"acf":[],"_links":{"self":[{"href":"https:\/\/semmelweis.hu\/sebeszet\/wp-json\/wp\/v2\/pages\/232","targetHints":{"allow":["GET"]}}],"collection":[{"href":"https:\/\/semmelweis.hu\/sebeszet\/wp-json\/wp\/v2\/pages"}],"about":[{"href":"https:\/\/semmelweis.hu\/sebeszet\/wp-json\/wp\/v2\/types\/page"}],"author":[{"embeddable":true,"href":"https:\/\/semmelweis.hu\/sebeszet\/wp-json\/wp\/v2\/users\/41"}],"replies":[{"embeddable":true,"href":"https:\/\/semmelweis.hu\/sebeszet\/wp-json\/wp\/v2\/comments?post=232"}],"version-history":[{"count":5,"href":"https:\/\/semmelweis.hu\/sebeszet\/wp-json\/wp\/v2\/pages\/232\/revisions"}],"predecessor-version":[{"id":8005,"href":"https:\/\/semmelweis.hu\/sebeszet\/wp-json\/wp\/v2\/pages\/232\/revisions\/8005"}],"up":[{"embeddable":true,"href":"https:\/\/semmelweis.hu\/sebeszet\/wp-json\/wp\/v2\/pages\/243"}],"wp:attachment":[{"href":"https:\/\/semmelweis.hu\/sebeszet\/wp-json\/wp\/v2\/media?parent=232"}],"wp:term":[{"taxonomy":"category","embeddable":true,"href":"https:\/\/semmelweis.hu\/sebeszet\/wp-json\/wp\/v2\/categories?post=232"},{"taxonomy":"post_tag","embeddable":true,"href":"https:\/\/semmelweis.hu\/sebeszet\/wp-json\/wp\/v2\/tags?post=232"}],"curies":[{"name":"wp","href":"https:\/\/api.w.org\/{rel}","templated":true}]}}