{"id":231,"date":"2015-09-18T00:00:00","date_gmt":"2015-09-17T22:00:00","guid":{"rendered":"http:\/\/semmelweis.hu\/sebeszet1\/tortenet_56k\/"},"modified":"2023-04-24T14:10:12","modified_gmt":"2023-04-24T12:10:12","slug":"kovacs-jozsef","status":"publish","type":"page","link":"https:\/\/semmelweis.hu\/sebeszet\/a-klinikarol\/a-xvii-szazadtol-napjainkig\/tanszekvezetok\/kovacs-jozsef\/","title":{"rendered":"1869 &#8211; 1897: Kov\u00e1cs J\u00f3zsef (1832-1898)"},"content":{"rendered":"<h2 align=\"center\">Kov\u00e1cs J\u00f3zsef (1832-1898)<\/h2>\n<p style=\"text-align: justify\">1869-t\u0151l 1897-ig a Seb\u00e9szeti K\u00f3roda vezet\u0151je, a gyakorlati seb\u00e9szet tan\u00e1ra, kit\u0171n\u0151 el\u0151ad\u00f3, kiv\u00e1l\u00f3 seb\u00e9sz, 1874-ben az egyetem rektora. Balassa tan\u00edtv\u00e1nya, aki professzora hal\u00e1la ut\u00e1n 36 \u00e9vesen vette \u00e1t a Seb\u00e9szeti K\u00f3roda vezet\u00e9s\u00e9t \u00e9s 29 \u00e9ven \u00e1t volt professzor.\u00a0<\/p>\n<p style=\"text-align: justify\">Plasztikai m\u0171t\u00e9tek mellett rendk\u00edv\u00fcl sok h\u00f3lyagk\u0151m\u0171t\u00e9tet, h\u00f3lyagk\u0151t\u00f6r\u00e9st v\u00e9gzett. A megalakul\u00f3 Igazs\u00e1g\u00fcgyi Orvosi Tan\u00e1cs els\u0151 eln\u00f6ke lett.\u00a0Az \u0151 fel\u00fcgyelete alatt nyitotta meg kapuit 1876-ben a Kolbenheyer Ferenc \u00e9p\u00edt\u00e9sz tervei alapj\u00e1n k\u00e9sz\u00fclt \u00faj Seb\u00e9szeti K\u00f3roda az \u0170ll\u0151i \u00fat \u00e9s a M\u00e1ria utca sark\u00e1n (a mai B\u0151r- \u00e9s Nemik\u00f3rtani Klinika ter\u00fclet\u00e9n). 1873-ban az egyetem neve: Budapesti Kir\u00e1lyi Magyar Tudom\u00e1nyegyetem. A tansz\u00e9k 1880-ban az I. sz. Seb\u00e9szeti Klinika elnevez\u00e9st kapta.<\/p>\n","protected":false},"excerpt":{"rendered":"<p>Kov\u00e1cs J\u00f3zsef (1832-1898) 1869-t\u0151l 1897-ig a Seb\u00e9szeti K\u00f3roda vezet\u0151je, a gyakorlati seb\u00e9szet tan\u00e1ra, kit\u0171n\u0151 el\u0151ad\u00f3, kiv\u00e1l\u00f3 seb\u00e9sz, 1874-ben az egyetem rektora. Balassa tan\u00edtv\u00e1nya, aki professzora hal\u00e1la ut\u00e1n 36 \u00e9vesen vette \u00e1t a Seb\u00e9szeti K\u00f3roda vezet\u00e9s\u00e9t \u00e9s 29 \u00e9ven \u00e1t volt professzor.\u00a0 Plasztikai m\u0171t\u00e9tek mellett rendk\u00edv\u00fcl sok h\u00f3lyagk\u0151m\u0171t\u00e9tet, h\u00f3lyagk\u0151t\u00f6r\u00e9st v\u00e9gzett. A megalakul\u00f3 Igazs\u00e1g\u00fcgyi Orvosi Tan\u00e1cs els\u0151 &hellip;<\/p>\n","protected":false},"author":41,"featured_media":0,"parent":243,"menu_order":6,"comment_status":"closed","ping_status":"closed","template":"","meta":{"_acf_changed":false,"footnotes":""},"categories":[],"tags":[],"class_list":["post-231","page","type-page","status-publish","hentry"],"acf":[],"_links":{"self":[{"href":"https:\/\/semmelweis.hu\/sebeszet\/wp-json\/wp\/v2\/pages\/231","targetHints":{"allow":["GET"]}}],"collection":[{"href":"https:\/\/semmelweis.hu\/sebeszet\/wp-json\/wp\/v2\/pages"}],"about":[{"href":"https:\/\/semmelweis.hu\/sebeszet\/wp-json\/wp\/v2\/types\/page"}],"author":[{"embeddable":true,"href":"https:\/\/semmelweis.hu\/sebeszet\/wp-json\/wp\/v2\/users\/41"}],"replies":[{"embeddable":true,"href":"https:\/\/semmelweis.hu\/sebeszet\/wp-json\/wp\/v2\/comments?post=231"}],"version-history":[{"count":6,"href":"https:\/\/semmelweis.hu\/sebeszet\/wp-json\/wp\/v2\/pages\/231\/revisions"}],"predecessor-version":[{"id":8007,"href":"https:\/\/semmelweis.hu\/sebeszet\/wp-json\/wp\/v2\/pages\/231\/revisions\/8007"}],"up":[{"embeddable":true,"href":"https:\/\/semmelweis.hu\/sebeszet\/wp-json\/wp\/v2\/pages\/243"}],"wp:attachment":[{"href":"https:\/\/semmelweis.hu\/sebeszet\/wp-json\/wp\/v2\/media?parent=231"}],"wp:term":[{"taxonomy":"category","embeddable":true,"href":"https:\/\/semmelweis.hu\/sebeszet\/wp-json\/wp\/v2\/categories?post=231"},{"taxonomy":"post_tag","embeddable":true,"href":"https:\/\/semmelweis.hu\/sebeszet\/wp-json\/wp\/v2\/tags?post=231"}],"curies":[{"name":"wp","href":"https:\/\/api.w.org\/{rel}","templated":true}]}}