{"id":230,"date":"2015-09-18T00:00:00","date_gmt":"2015-09-17T22:00:00","guid":{"rendered":"http:\/\/semmelweis.hu\/sebeszet1\/tortenet_55k\/"},"modified":"2023-04-24T14:10:25","modified_gmt":"2023-04-24T12:10:25","slug":"balassa-janos","status":"publish","type":"page","link":"https:\/\/semmelweis.hu\/sebeszet\/a-klinikarol\/a-xvii-szazadtol-napjainkig\/tanszekvezetok\/balassa-janos\/","title":{"rendered":"1843 &#8211; 1869: Balassa J\u00e1nos (1814-1868)"},"content":{"rendered":"<h2 align=\"center\">Balassa J\u00e1nos (1814-1868)<\/h2>\n<p style=\"text-align: justify\">1843-ban 28 \u00e9ves, amikor kinevezt\u00e9k a Seb\u00e9szeti K\u00f3roda tansz\u00e9kvezet\u0151j\u00e9nek. A seb\u00e9szet, a sz\u00fcl\u00e9szet \u00e9s a szem\u00e9szet tan\u00e1ra. Sokoldal\u00fa seb\u00e9szi \u00e9s irodalmi munk\u00e1ss\u00e1g\u00e1val megalap\u00edtotta az \u00f6n\u00e1ll\u00f3 magyar seb\u00e9szetet \u00e9s annak tekint\u00e9lyt, nemzetk\u00f6zi elismer\u00e9st szerzett.\u00a0<\/p>\n<p style=\"text-align: justify\">R\u00e9szt vett az egyetemi oktat\u00e1s reformj\u00e1nak el\u0151k\u00e9sz\u00edt\u00e9s\u00e9ben, a korszer\u0171 seb\u00e9szeti oktat\u00e1s megszervez\u00e9s\u00e9ben. El\u0151sz\u00f6r alkalmazott haz\u00e1nkban aethernark\u00f3zist.<\/p>\n<p style=\"text-align: justify\">Sz\u00e1mos \u00faj m\u0171t\u00e9ti elj\u00e1r\u00e1st dolgozott ki. Az urol\u00f3giai seb\u00e9szet megalapoz\u00f3ja, nagy sz\u00e1mban v\u00e9gzett h\u00f3lyagmetsz\u00e9st \u00e9s k\u0151morzsol\u00e1st. \u00daj megold\u00e1sokat alkalmazott a plasztikai m\u0171t\u00e9tek (k\u00e9pz\u0151m\u0171t\u00e9tek) ter\u00e9n. Nagy jelent\u0151s\u00e9g\u0171ek a hasi s\u00e9rvekr\u0151l \u00e9s a plasztikai m\u0171t\u00e9tekr\u0151l \u00edrott munk\u00e1i.\u00a0M\u0171k\u00f6d\u00e9se alatt 1859-ben a Seb\u00e9szeti K\u00f3rod\u00e1t \u00e1thelyezt\u00e9k az Orsz\u00e1g\u00fati Kunewalder-h\u00e1zba (ma M\u00fazeum k\u00f6r\u00fat).<\/p>\n","protected":false},"excerpt":{"rendered":"<p>Balassa J\u00e1nos (1814-1868) 1843-ban 28 \u00e9ves, amikor kinevezt\u00e9k a Seb\u00e9szeti K\u00f3roda tansz\u00e9kvezet\u0151j\u00e9nek. A seb\u00e9szet, a sz\u00fcl\u00e9szet \u00e9s a szem\u00e9szet tan\u00e1ra. Sokoldal\u00fa seb\u00e9szi \u00e9s irodalmi munk\u00e1ss\u00e1g\u00e1val megalap\u00edtotta az \u00f6n\u00e1ll\u00f3 magyar seb\u00e9szetet \u00e9s annak tekint\u00e9lyt, nemzetk\u00f6zi elismer\u00e9st szerzett.\u00a0 R\u00e9szt vett az egyetemi oktat\u00e1s reformj\u00e1nak el\u0151k\u00e9sz\u00edt\u00e9s\u00e9ben, a korszer\u0171 seb\u00e9szeti oktat\u00e1s megszervez\u00e9s\u00e9ben. El\u0151sz\u00f6r alkalmazott haz\u00e1nkban aethernark\u00f3zist. Sz\u00e1mos \u00faj m\u0171t\u00e9ti &hellip;<\/p>\n","protected":false},"author":41,"featured_media":0,"parent":243,"menu_order":5,"comment_status":"closed","ping_status":"closed","template":"","meta":{"_acf_changed":false,"footnotes":""},"categories":[],"tags":[],"class_list":["post-230","page","type-page","status-publish","hentry"],"acf":[],"_links":{"self":[{"href":"https:\/\/semmelweis.hu\/sebeszet\/wp-json\/wp\/v2\/pages\/230","targetHints":{"allow":["GET"]}}],"collection":[{"href":"https:\/\/semmelweis.hu\/sebeszet\/wp-json\/wp\/v2\/pages"}],"about":[{"href":"https:\/\/semmelweis.hu\/sebeszet\/wp-json\/wp\/v2\/types\/page"}],"author":[{"embeddable":true,"href":"https:\/\/semmelweis.hu\/sebeszet\/wp-json\/wp\/v2\/users\/41"}],"replies":[{"embeddable":true,"href":"https:\/\/semmelweis.hu\/sebeszet\/wp-json\/wp\/v2\/comments?post=230"}],"version-history":[{"count":6,"href":"https:\/\/semmelweis.hu\/sebeszet\/wp-json\/wp\/v2\/pages\/230\/revisions"}],"predecessor-version":[{"id":8008,"href":"https:\/\/semmelweis.hu\/sebeszet\/wp-json\/wp\/v2\/pages\/230\/revisions\/8008"}],"up":[{"embeddable":true,"href":"https:\/\/semmelweis.hu\/sebeszet\/wp-json\/wp\/v2\/pages\/243"}],"wp:attachment":[{"href":"https:\/\/semmelweis.hu\/sebeszet\/wp-json\/wp\/v2\/media?parent=230"}],"wp:term":[{"taxonomy":"category","embeddable":true,"href":"https:\/\/semmelweis.hu\/sebeszet\/wp-json\/wp\/v2\/categories?post=230"},{"taxonomy":"post_tag","embeddable":true,"href":"https:\/\/semmelweis.hu\/sebeszet\/wp-json\/wp\/v2\/tags?post=230"}],"curies":[{"name":"wp","href":"https:\/\/api.w.org\/{rel}","templated":true}]}}