{"id":229,"date":"2015-09-18T00:00:00","date_gmt":"2015-09-17T22:00:00","guid":{"rendered":"http:\/\/semmelweis.hu\/sebeszet1\/tortenet_54k\/"},"modified":"2023-04-24T14:10:37","modified_gmt":"2023-04-24T12:10:37","slug":"pikovich-janos","status":"publish","type":"page","link":"https:\/\/semmelweis.hu\/sebeszet\/a-klinikarol\/a-xvii-szazadtol-napjainkig\/tanszekvezetok\/pikovich-janos\/","title":{"rendered":"1841 &#8211; 1843: Piskovich J\u00e1nos (1805-1847)"},"content":{"rendered":"<h2 align=\"center\">Piskovich J\u00e1nos (1805-1847)<\/h2>\n<p style=\"text-align: justify\">St\u00e1hly Ign\u00e1c protomedikuss\u00e1 (orsz\u00e1gos f\u0151orvos) t\u00f6rt\u00e9nt kinevez\u00e9se ut\u00e1n 1841-1843-ig mint helyettes a seb\u00e9szeti tansz\u00e9ket vezette, gyakorlati seb\u00e9szetet tan\u00edtott.<\/p>\n<p style=\"text-align: justify\">Lugosi sz\u00fclet\u00e9s\u0171, a pesti Szt. R\u00f3kus polg\u00e1ri k\u00f3rh\u00e1z seb\u00e9sz-f\u0151orvosa, 35 \u00e9ves amikor megb\u00edzt\u00e1k a tansz\u00e9ken -az \u00faj tan\u00e1r kinevez\u00e9s\u00e9ig- St\u00e1hly helyettes\u00edt\u00e9s\u00e9vel.<\/p>\n<p style=\"text-align: justify\">A tansz\u00e9ki p\u00e1ly\u00e1zatok elb\u00edr\u00e1l\u00e1sa ut\u00e1n Balassa J\u00e1nos volt az, aki elnyerte a tansz\u00e9kvezet\u0151i kinevez\u00e9st. Miut\u00e1n elfoglalta hely\u00e9t a hazai tudom\u00e1nyos seb\u00e9szet \u00e9s a magyar orvosi iskola alapjait vetette meg.<\/p>\n","protected":false},"excerpt":{"rendered":"<p>Piskovich J\u00e1nos (1805-1847) St\u00e1hly Ign\u00e1c protomedikuss\u00e1 (orsz\u00e1gos f\u0151orvos) t\u00f6rt\u00e9nt kinevez\u00e9se ut\u00e1n 1841-1843-ig mint helyettes a seb\u00e9szeti tansz\u00e9ket vezette, gyakorlati seb\u00e9szetet tan\u00edtott. Lugosi sz\u00fclet\u00e9s\u0171, a pesti Szt. R\u00f3kus polg\u00e1ri k\u00f3rh\u00e1z seb\u00e9sz-f\u0151orvosa, 35 \u00e9ves amikor megb\u00edzt\u00e1k a tansz\u00e9ken -az \u00faj tan\u00e1r kinevez\u00e9s\u00e9ig- St\u00e1hly helyettes\u00edt\u00e9s\u00e9vel. A tansz\u00e9ki p\u00e1ly\u00e1zatok elb\u00edr\u00e1l\u00e1sa ut\u00e1n Balassa J\u00e1nos volt az, aki elnyerte a tansz\u00e9kvezet\u0151i &hellip;<\/p>\n","protected":false},"author":41,"featured_media":0,"parent":243,"menu_order":4,"comment_status":"closed","ping_status":"closed","template":"","meta":{"_acf_changed":false,"footnotes":""},"categories":[],"tags":[],"class_list":["post-229","page","type-page","status-publish","hentry"],"acf":[],"_links":{"self":[{"href":"https:\/\/semmelweis.hu\/sebeszet\/wp-json\/wp\/v2\/pages\/229","targetHints":{"allow":["GET"]}}],"collection":[{"href":"https:\/\/semmelweis.hu\/sebeszet\/wp-json\/wp\/v2\/pages"}],"about":[{"href":"https:\/\/semmelweis.hu\/sebeszet\/wp-json\/wp\/v2\/types\/page"}],"author":[{"embeddable":true,"href":"https:\/\/semmelweis.hu\/sebeszet\/wp-json\/wp\/v2\/users\/41"}],"replies":[{"embeddable":true,"href":"https:\/\/semmelweis.hu\/sebeszet\/wp-json\/wp\/v2\/comments?post=229"}],"version-history":[{"count":6,"href":"https:\/\/semmelweis.hu\/sebeszet\/wp-json\/wp\/v2\/pages\/229\/revisions"}],"predecessor-version":[{"id":8009,"href":"https:\/\/semmelweis.hu\/sebeszet\/wp-json\/wp\/v2\/pages\/229\/revisions\/8009"}],"up":[{"embeddable":true,"href":"https:\/\/semmelweis.hu\/sebeszet\/wp-json\/wp\/v2\/pages\/243"}],"wp:attachment":[{"href":"https:\/\/semmelweis.hu\/sebeszet\/wp-json\/wp\/v2\/media?parent=229"}],"wp:term":[{"taxonomy":"category","embeddable":true,"href":"https:\/\/semmelweis.hu\/sebeszet\/wp-json\/wp\/v2\/categories?post=229"},{"taxonomy":"post_tag","embeddable":true,"href":"https:\/\/semmelweis.hu\/sebeszet\/wp-json\/wp\/v2\/tags?post=229"}],"curies":[{"name":"wp","href":"https:\/\/api.w.org\/{rel}","templated":true}]}}