{"id":228,"date":"2015-09-18T00:00:00","date_gmt":"2015-09-17T22:00:00","guid":{"rendered":"http:\/\/semmelweis.hu\/sebeszet1\/tortenet_53k\/"},"modified":"2023-04-24T14:10:50","modified_gmt":"2023-04-24T12:10:50","slug":"stahly-ignacz","status":"publish","type":"page","link":"https:\/\/semmelweis.hu\/sebeszet\/a-klinikarol\/a-xvii-szazadtol-napjainkig\/tanszekvezetok\/stahly-ignacz\/","title":{"rendered":"1827 &#8211; 1840: St\u00e1hly Ign\u00e1cz (1787-1849)"},"content":{"rendered":"<h2 align=\"center\">St\u00e1hly Ign\u00e1cz (1787-1849)<\/h2>\n<p style=\"text-align: justify\">1827-1840-ig tansz\u00e9kvezet\u0151, a gyakorlati seb\u00e9szet tan\u00e1ra, mint helyettes sz\u00fcl\u00e9szetet \u00e9s szem\u00e9szetet is el\u0151adott. Tan\u00e1rkod\u00e1sa idej\u00e9n tov\u00e1bb fejl\u0151d\u00f6tt az Eckstein Ferenc m\u0171k\u00f6d\u00e9se alatt lend\u00fcletet vett seb\u00e9szet.<\/p>\n<p style=\"text-align: justify\">Seb\u00e9szi el\u0151ad\u00e1saiban m\u00e1r felhaszn\u00e1lt n\u00e9met m\u0171vek mellett magyar munk\u00e1kat is. 1829\/30 tan\u00e9vben az egyetem rektora volt.<\/p>\n","protected":false},"excerpt":{"rendered":"<p>St\u00e1hly Ign\u00e1cz (1787-1849)<br \/>\n1827-1840-ig tansz\u00e9kvezet\u0151, a gyakorlati seb\u00e9szet tan\u00e1ra, mint helyettes sz\u00fcl\u00e9szetet \u00e9s szem\u00e9szetet is el\u0151adott. Tan\u00e1rkod\u00e1sa idej\u00e9n tov\u00e1bb fejl\u0151d\u00f6tt az Eckstein Ferenc m\u0171k\u00f6d\u00e9se alatt lend\u00fcletet vett seb\u00e9szet.<br \/>\nSeb\u00e9szi el\u0151ad\u00e1saiban m\u00e1r felhaszn\u00e1lt n\u00e9met m\u0171vek mellett magyar munk\u00e1kat is. 1829\/30 tan\u00e9vben az egyetem rektora volt.<\/p>\n","protected":false},"author":41,"featured_media":0,"parent":243,"menu_order":3,"comment_status":"closed","ping_status":"closed","template":"","meta":{"_acf_changed":false,"footnotes":""},"categories":[],"tags":[],"class_list":["post-228","page","type-page","status-publish","hentry"],"acf":[],"_links":{"self":[{"href":"https:\/\/semmelweis.hu\/sebeszet\/wp-json\/wp\/v2\/pages\/228","targetHints":{"allow":["GET"]}}],"collection":[{"href":"https:\/\/semmelweis.hu\/sebeszet\/wp-json\/wp\/v2\/pages"}],"about":[{"href":"https:\/\/semmelweis.hu\/sebeszet\/wp-json\/wp\/v2\/types\/page"}],"author":[{"embeddable":true,"href":"https:\/\/semmelweis.hu\/sebeszet\/wp-json\/wp\/v2\/users\/41"}],"replies":[{"embeddable":true,"href":"https:\/\/semmelweis.hu\/sebeszet\/wp-json\/wp\/v2\/comments?post=228"}],"version-history":[{"count":5,"href":"https:\/\/semmelweis.hu\/sebeszet\/wp-json\/wp\/v2\/pages\/228\/revisions"}],"predecessor-version":[{"id":8010,"href":"https:\/\/semmelweis.hu\/sebeszet\/wp-json\/wp\/v2\/pages\/228\/revisions\/8010"}],"up":[{"embeddable":true,"href":"https:\/\/semmelweis.hu\/sebeszet\/wp-json\/wp\/v2\/pages\/243"}],"wp:attachment":[{"href":"https:\/\/semmelweis.hu\/sebeszet\/wp-json\/wp\/v2\/media?parent=228"}],"wp:term":[{"taxonomy":"category","embeddable":true,"href":"https:\/\/semmelweis.hu\/sebeszet\/wp-json\/wp\/v2\/categories?post=228"},{"taxonomy":"post_tag","embeddable":true,"href":"https:\/\/semmelweis.hu\/sebeszet\/wp-json\/wp\/v2\/tags?post=228"}],"curies":[{"name":"wp","href":"https:\/\/api.w.org\/{rel}","templated":true}]}}