{"id":227,"date":"2015-09-18T00:00:00","date_gmt":"2015-09-17T22:00:00","guid":{"rendered":"http:\/\/semmelweis.hu\/sebeszet1\/tortenet_52k\/"},"modified":"2023-04-24T14:07:37","modified_gmt":"2023-04-24T12:07:37","slug":"eckstein-ferenc","status":"publish","type":"page","link":"https:\/\/semmelweis.hu\/sebeszet\/a-klinikarol\/a-xvii-szazadtol-napjainkig\/tanszekvezetok\/eckstein-ferenc\/","title":{"rendered":"1802 &#8211; 1826: Eckstein Ferenc (1769-1833)"},"content":{"rendered":"<h2 align=\"center\">Eckstein Ferenc (1769-1833)<\/h2>\n<p style=\"text-align: justify\">1802-1826-ig tansz\u00e9kvezet\u0151, a gyakorlati seb\u00e9szet tan\u00e1ra. Kinevez\u00e9s\u00e9t megel\u0151z\u0151en St\u00e1hly Gy\u00f6rgy mellett tan\u00e1rseg\u00e9d, seb\u00e9szeti, sz\u00fcl\u00e9szeti majd orvosdoktori oklevelet nyert. M\u0171k\u00f6d\u00e9se alatt \u00faj lend\u00fcletet vett a seb\u00e9szeti oktat\u00e1s \u00fagy az elm\u00e9letben, mint a gyakorlatban. 1805\/07-ben kari d\u00e9k\u00e1n, 1813\/14-ben az egyetem rektora.<\/p>\n<p style=\"text-align: justify\">Tan\u00e1ri \u00e9s katonai \u00e9rdemei\u00e9rt magyar nemess\u00e9ggel, 1826-ban kir\u00e1lyi tan\u00e1csosi c\u00edmmel, majd Lip\u00f3trenddel t\u00fcntett\u00e9k ki.<\/p>\n","protected":false},"excerpt":{"rendered":"<p>Eckstein Ferenc (1769-1833) 1802-1826-ig tansz\u00e9kvezet\u0151, a gyakorlati seb\u00e9szet tan\u00e1ra. Kinevez\u00e9s\u00e9t megel\u0151z\u0151en St\u00e1hly Gy\u00f6rgy mellett tan\u00e1rseg\u00e9d, seb\u00e9szeti, sz\u00fcl\u00e9szeti majd orvosdoktori oklevelet nyert. M\u0171k\u00f6d\u00e9se alatt \u00faj lend\u00fcletet vett a seb\u00e9szeti oktat\u00e1s \u00fagy az elm\u00e9letben, mint a gyakorlatban. 1805\/07-ben kari d\u00e9k\u00e1n, 1813\/14-ben az egyetem rektora. Tan\u00e1ri \u00e9s katonai \u00e9rdemei\u00e9rt magyar nemess\u00e9ggel, 1826-ban kir\u00e1lyi tan\u00e1csosi c\u00edmmel, majd Lip\u00f3trenddel t\u00fcntett\u00e9k &hellip;<\/p>\n","protected":false},"author":41,"featured_media":0,"parent":243,"menu_order":2,"comment_status":"closed","ping_status":"closed","template":"","meta":{"_acf_changed":false,"footnotes":""},"categories":[],"tags":[],"class_list":["post-227","page","type-page","status-publish","hentry"],"acf":[],"_links":{"self":[{"href":"https:\/\/semmelweis.hu\/sebeszet\/wp-json\/wp\/v2\/pages\/227","targetHints":{"allow":["GET"]}}],"collection":[{"href":"https:\/\/semmelweis.hu\/sebeszet\/wp-json\/wp\/v2\/pages"}],"about":[{"href":"https:\/\/semmelweis.hu\/sebeszet\/wp-json\/wp\/v2\/types\/page"}],"author":[{"embeddable":true,"href":"https:\/\/semmelweis.hu\/sebeszet\/wp-json\/wp\/v2\/users\/41"}],"replies":[{"embeddable":true,"href":"https:\/\/semmelweis.hu\/sebeszet\/wp-json\/wp\/v2\/comments?post=227"}],"version-history":[{"count":5,"href":"https:\/\/semmelweis.hu\/sebeszet\/wp-json\/wp\/v2\/pages\/227\/revisions"}],"predecessor-version":[{"id":7996,"href":"https:\/\/semmelweis.hu\/sebeszet\/wp-json\/wp\/v2\/pages\/227\/revisions\/7996"}],"up":[{"embeddable":true,"href":"https:\/\/semmelweis.hu\/sebeszet\/wp-json\/wp\/v2\/pages\/243"}],"wp:attachment":[{"href":"https:\/\/semmelweis.hu\/sebeszet\/wp-json\/wp\/v2\/media?parent=227"}],"wp:term":[{"taxonomy":"category","embeddable":true,"href":"https:\/\/semmelweis.hu\/sebeszet\/wp-json\/wp\/v2\/categories?post=227"},{"taxonomy":"post_tag","embeddable":true,"href":"https:\/\/semmelweis.hu\/sebeszet\/wp-json\/wp\/v2\/tags?post=227"}],"curies":[{"name":"wp","href":"https:\/\/api.w.org\/{rel}","templated":true}]}}