{"id":226,"date":"2015-09-18T00:00:00","date_gmt":"2015-09-17T22:00:00","guid":{"rendered":"http:\/\/semmelweis.hu\/sebeszet1\/tortenet_51k\/"},"modified":"2023-04-24T14:07:19","modified_gmt":"2023-04-24T12:07:19","slug":"stahly-gyorgy","status":"publish","type":"page","link":"https:\/\/semmelweis.hu\/sebeszet\/a-klinikarol\/a-xvii-szazadtol-napjainkig\/tanszekvezetok\/stahly-gyorgy\/","title":{"rendered":"1783 &#8211; 1802: St\u00e1hly Gy\u00f6rgy (1755-1802)"},"content":{"rendered":"<h2 align=\"center\">St\u00e1hly Gy\u00f6rgy (1755-1802)<\/h2>\n<p style=\"text-align: justify\">1783-t\u00f3l 1802-ig tansz\u00e9kvezet\u0151 (kinevez\u00e9s\u00e9t megel\u0151z\u0151 id\u0151szakban katonaorvos, a Josephinum -katonai orvosseb\u00e9szi akad\u00e9mia- rendk\u00edv\u00fcli tan\u00e1ra volt).<br \/>\nOrvos, seb\u00e9szdoktor \u00e9s sz\u00fcl\u00e9szmester, a seb\u00e9szet, a sz\u00fcl\u00e9szet \u00e9s a szem\u00e9szet tan\u00e1ra. Orsz\u00e1gos szemorvos, h\u00e1rom \u00edzben kari d\u00e9k\u00e1n.\u00a0<\/p>\n<p style=\"text-align: justify\">M\u0171k\u00f6d\u00e9se alatt 1784-ben az egyetemet \u00e1thelyezt\u00e9k Bud\u00e1r\u00f3l Pestre, a Hatvani utca \u00e9s az \u00dajvil\u00e1g utca sark\u00e1n l\u00e9v\u0151 egykori jezsuita kolostor \u00e9p\u00fclet\u00e9be (a mai Kossuth Lajos utca \u00e9s Semmelweis utca), ahol 1859-ig kapott otthont.<\/p>\n","protected":false},"excerpt":{"rendered":"<p>St\u00e1hly Gy\u00f6rgy (1755-1802) 1783-t\u00f3l 1802-ig tansz\u00e9kvezet\u0151 (kinevez\u00e9s\u00e9t megel\u0151z\u0151 id\u0151szakban katonaorvos, a Josephinum -katonai orvosseb\u00e9szi akad\u00e9mia- rendk\u00edv\u00fcli tan\u00e1ra volt). Orvos, seb\u00e9szdoktor \u00e9s sz\u00fcl\u00e9szmester, a seb\u00e9szet, a sz\u00fcl\u00e9szet \u00e9s a szem\u00e9szet tan\u00e1ra. Orsz\u00e1gos szemorvos, h\u00e1rom \u00edzben kari d\u00e9k\u00e1n.\u00a0 M\u0171k\u00f6d\u00e9se alatt 1784-ben az egyetemet \u00e1thelyezt\u00e9k Bud\u00e1r\u00f3l Pestre, a Hatvani utca \u00e9s az \u00dajvil\u00e1g utca sark\u00e1n l\u00e9v\u0151 egykori jezsuita &hellip;<\/p>\n","protected":false},"author":41,"featured_media":0,"parent":243,"menu_order":1,"comment_status":"closed","ping_status":"closed","template":"","meta":{"_acf_changed":false,"footnotes":""},"categories":[],"tags":[],"class_list":["post-226","page","type-page","status-publish","hentry"],"acf":[],"_links":{"self":[{"href":"https:\/\/semmelweis.hu\/sebeszet\/wp-json\/wp\/v2\/pages\/226","targetHints":{"allow":["GET"]}}],"collection":[{"href":"https:\/\/semmelweis.hu\/sebeszet\/wp-json\/wp\/v2\/pages"}],"about":[{"href":"https:\/\/semmelweis.hu\/sebeszet\/wp-json\/wp\/v2\/types\/page"}],"author":[{"embeddable":true,"href":"https:\/\/semmelweis.hu\/sebeszet\/wp-json\/wp\/v2\/users\/41"}],"replies":[{"embeddable":true,"href":"https:\/\/semmelweis.hu\/sebeszet\/wp-json\/wp\/v2\/comments?post=226"}],"version-history":[{"count":5,"href":"https:\/\/semmelweis.hu\/sebeszet\/wp-json\/wp\/v2\/pages\/226\/revisions"}],"predecessor-version":[{"id":7995,"href":"https:\/\/semmelweis.hu\/sebeszet\/wp-json\/wp\/v2\/pages\/226\/revisions\/7995"}],"up":[{"embeddable":true,"href":"https:\/\/semmelweis.hu\/sebeszet\/wp-json\/wp\/v2\/pages\/243"}],"wp:attachment":[{"href":"https:\/\/semmelweis.hu\/sebeszet\/wp-json\/wp\/v2\/media?parent=226"}],"wp:term":[{"taxonomy":"category","embeddable":true,"href":"https:\/\/semmelweis.hu\/sebeszet\/wp-json\/wp\/v2\/categories?post=226"},{"taxonomy":"post_tag","embeddable":true,"href":"https:\/\/semmelweis.hu\/sebeszet\/wp-json\/wp\/v2\/tags?post=226"}],"curies":[{"name":"wp","href":"https:\/\/api.w.org\/{rel}","templated":true}]}}