{"id":81,"date":"2021-10-06T09:04:30","date_gmt":"2021-10-06T07:04:30","guid":{"rendered":"https:\/\/semmelweis.hu\/rokus\/?page_id=81"},"modified":"2021-11-26T09:45:52","modified_gmt":"2021-11-26T08:45:52","slug":"kardiologiai-rehabilitacio","status":"publish","type":"page","link":"https:\/\/semmelweis.hu\/rokus\/betegellatas\/kardiologiai-rehabilitacio\/","title":{"rendered":"Kardiol\u00f3giai Rehabilit\u00e1ci\u00f3s R\u00e9szleg &#8211; V\u00e1rosmajori Sz\u00edv- \u00e9s \u00c9rgy\u00f3gy\u00e1szati Klinika"},"content":{"rendered":"<p><strong>Helysz\u00edn:<\/strong> Szent R\u00f3kus Klinikai T\u00f6mb &#8211; Gyulai P\u00e1l u. 2. I. emelet<br \/>\n<strong>N\u0151v\u00e9rpult:<\/strong> +36 1 235 6518<br \/>\n<strong>Oszt\u00e1lyvezet\u0151:<\/strong> +36 1 235 6695<\/p>\n<p><strong>Ambulancia: <\/strong>a Semmelweis Egyetem Szakrendel\u0151 Int\u00e9zet\u00e9hez tartozik, Szent R\u00f3kus Klinikai T\u00f6mb &#8211; St\u00e1hly u. 7-9. III. emelet<\/p>\n<p><strong>J<\/strong><strong>\u00e1r\u00f3beteg el\u0151jegyz\u00e9s:<\/strong> +36 1 235 6549<\/p>\n<h1>Tev\u00e9kenys\u00e9gi k\u00f6r:<\/h1>\n<p>Valamennyi hirtelen fell\u00e9p\u0151 \u00e9s kr\u00f3nikusan kezelend\u0151 sz\u00edvbetegs\u00e9g rehabilit\u00e1ci\u00f3ja, bele\u00e9rtve a m\u0171t\u00e9tek el\u0151tti el\u0151k\u00e9sz\u00edt\u00e9seket \u00e9s kivizsg\u00e1l\u00e1sokat, illetve a m\u0171t\u00e9tek ut\u00e1ni k\u00f6zvetlen rehabilit\u00e1ci\u00f3kat.<\/p>\n<div class=\"keretes w-100\">\n<p><strong>Felv\u00e9tel kiz\u00e1r\u00f3lag el\u0151jegyz\u00e9s alapj\u00e1n:<\/strong><\/p>\n<ul style=\"list-style-type: square\">\n<li><strong>Kardiol\u00f3giai szakrendel\u00e9sre utal\u00e1ssal<\/strong><\/li>\n<li><strong>orvos \u00e1ltali k\u00f6zvetlen \u00e1tv\u00e9tel, illetve felv\u00e9tel k\u00e9r\u00e9ssel dr. Papp Andr\u00e1s oszt\u00e1lyvezet\u0151vel egyeztetve<\/strong><\/li>\n<\/ul>\n<\/div>\n<p><strong>Vizsg\u00e1latok \u00e9s ell\u00e1t\u00e1sok:<\/strong><\/p>\n<ul style=\"list-style-type: square\">\n<li>Kardiol\u00f3giai szakvizsg\u00e1lat\/kezel\u00e9s<\/li>\n<li>Echocardiogr\u00e1fia<\/li>\n<li>Ergometria<\/li>\n<li>Holter monitoriz\u00e1l\u00e1s<\/li>\n<li>ABPM vizsg\u00e1lat<\/li>\n<li>Elektromos \u00e9s gy\u00f3gyszeres cardioversio<\/li>\n<\/ul>\n<p><strong>A rehabilit\u00e1ci\u00f3 r\u00e9szek\u00e9nt:<\/strong><\/p>\n<ul style=\"list-style-type: square\">\n<li>gy\u00f3gytorna<\/li>\n<li>fizikoter\u00e1pia<\/li>\n<li>psychol\u00f3gusi szakell\u00e1t\u00e1s<\/li>\n<li>dietetikai<\/li>\n<li>logopediai ell\u00e1t\u00e1s\/tan\u00e1csad\u00e1s<\/li>\n<li>orvosi massz\u00e1zs<\/li>\n<\/ul>\n<h1>Munkat\u00e1rsaink:<\/h1>\n<p><strong>dr. Papp Andr\u00e1s, oszt\u00e1lyvezet\u0151\u00a0<\/strong><br \/>\nkardiol\u00f3gus, kardiol\u00f3giai rehabilit\u00e1ci\u00f3s szakorvos<br \/>\n+36 30 683 5311<\/p>\n<p><strong>Bartha Barna, oszt\u00e1lyvezet\u0151 f\u0151\u00e1pol\u00f3\u00a0<\/strong><br \/>\ndiplom\u00e1s \u00e1pol\u00f3<br \/>\n+36 30 016 4042<\/p>\n<p><strong>dr. Tak\u00e1cs \u00c1gota oszt\u00e1lyvezet\u0151 helyettes\u00a0<\/strong><br \/>\nkardiol\u00f3gus, diabetol\u00f3gus<br \/>\n+36 30 016 4338<\/p>\n<p><strong>dr. Bertha Kl\u00e1ra<\/strong>\u00a0<br \/>\nbelgy\u00f3gy\u00e1sz, nephrol\u00f3gus<br \/>\n+36 20 967 6708<\/p>\n<p><strong>dr. Kicsi D\u00f3ra\u00a0<\/strong><br \/>\nbelgy\u00f3gy\u00e1sz<br \/>\n+36 30 016 4349<\/p>\n<p><strong>dr. Fekete Eszter\u00a0<\/strong><br \/>\nbelgy\u00f3gy\u00e1sz, kardiol\u00f3gus<br \/>\n+36 30 016 4340<\/p>\n<p><strong>dr. Paptam\u00e1si Nagy Gabriella\u00a0<\/strong><br \/>\naneszteziol\u00f3gus<br \/>\n+36 30 016 4341<\/p>\n","protected":false},"excerpt":{"rendered":"<p>Helysz\u00edn: Szent R\u00f3kus Klinikai T\u00f6mb &#8211; Gyulai P\u00e1l u. 2. I. emelet N\u0151v\u00e9rpult: +36 1 235 6518 Oszt\u00e1lyvezet\u0151: +36 1 235 6695 Ambulancia: a Semmelweis Egyetem Szakrendel\u0151 Int\u00e9zet\u00e9hez tartozik, Szent R\u00f3kus Klinikai T\u00f6mb &#8211; St\u00e1hly u. 7-9. III. emelet J\u00e1r\u00f3beteg el\u0151jegyz\u00e9s: +36 1 235 6549 Tev\u00e9kenys\u00e9gi k\u00f6r: Valamennyi hirtelen fell\u00e9p\u0151 \u00e9s kr\u00f3nikusan kezelend\u0151 sz\u00edvbetegs\u00e9g rehabilit\u00e1ci\u00f3ja, &hellip;<\/p>\n","protected":false},"author":12,"featured_media":0,"parent":26,"menu_order":4,"comment_status":"closed","ping_status":"closed","template":"","meta":{"_acf_changed":false,"footnotes":""},"categories":[],"tags":[],"class_list":["post-81","page","type-page","status-publish","hentry"],"acf":[],"_links":{"self":[{"href":"https:\/\/semmelweis.hu\/rokus\/wp-json\/wp\/v2\/pages\/81","targetHints":{"allow":["GET"]}}],"collection":[{"href":"https:\/\/semmelweis.hu\/rokus\/wp-json\/wp\/v2\/pages"}],"about":[{"href":"https:\/\/semmelweis.hu\/rokus\/wp-json\/wp\/v2\/types\/page"}],"author":[{"embeddable":true,"href":"https:\/\/semmelweis.hu\/rokus\/wp-json\/wp\/v2\/users\/12"}],"replies":[{"embeddable":true,"href":"https:\/\/semmelweis.hu\/rokus\/wp-json\/wp\/v2\/comments?post=81"}],"version-history":[{"count":10,"href":"https:\/\/semmelweis.hu\/rokus\/wp-json\/wp\/v2\/pages\/81\/revisions"}],"predecessor-version":[{"id":419,"href":"https:\/\/semmelweis.hu\/rokus\/wp-json\/wp\/v2\/pages\/81\/revisions\/419"}],"up":[{"embeddable":true,"href":"https:\/\/semmelweis.hu\/rokus\/wp-json\/wp\/v2\/pages\/26"}],"wp:attachment":[{"href":"https:\/\/semmelweis.hu\/rokus\/wp-json\/wp\/v2\/media?parent=81"}],"wp:term":[{"taxonomy":"category","embeddable":true,"href":"https:\/\/semmelweis.hu\/rokus\/wp-json\/wp\/v2\/categories?post=81"},{"taxonomy":"post_tag","embeddable":true,"href":"https:\/\/semmelweis.hu\/rokus\/wp-json\/wp\/v2\/tags?post=81"}],"curies":[{"name":"wp","href":"https:\/\/api.w.org\/{rel}","templated":true}]}}