{"id":63,"date":"2021-10-05T15:54:47","date_gmt":"2021-10-05T13:54:47","guid":{"rendered":"https:\/\/semmelweis.hu\/rokus\/?page_id=63"},"modified":"2024-09-09T09:48:23","modified_gmt":"2024-09-09T07:48:23","slug":"a-szent-rokus-korhaz-tortenete","status":"publish","type":"page","link":"https:\/\/semmelweis.hu\/rokus\/a-szent-rokus-klinikai-tombigazgatosag-bemutatasa\/a-szent-rokus-korhaz-tortenete\/","title":{"rendered":"A Szent R\u00f3kus K\u00f3rh\u00e1z t\u00f6rt\u00e9nete"},"content":{"rendered":"<h1 style=\"text-align: left\" align=\"center\">A Pest Megyei Szent R\u00f3kus K\u00f3rh\u00e1z t\u00f6rt\u00e9nete<\/h1>\n<p style=\"text-align: justify\">A Szent R\u00f3kus K\u00f3rh\u00e1z, Eur\u00f3pa egyik legr\u00e9gibb, nagy m\u00falt\u00fa eg\u00e9szs\u00e9g\u00fcgyi int\u00e9zm\u00e9nye. Egyike azoknak a k\u00f3rh\u00e1zaknak, amelyek meg\u00e9lve k\u00e9t \u00e9vsz\u00e1zad t\u00f6rt\u00e9nelmi viharait m\u00e1ig megmaradtak, \u00e9s ma is az \u00e1pol\u00e1s \u00e9s gy\u00f3gy\u00edt\u00e1s szolg\u00e1lat\u00e1ban tev\u00e9kenykednek. A k\u00f3rh\u00e1z t\u00f6bb, mint 200 \u00e9ves m\u00faltja k\u00f6telez. Az eg\u00e9szs\u00e9g\u00fcgyi int\u00e9zm\u00e9nyek k\u00f6z\u00fcl els\u0151k\u00e9nt, \u00e9s eddig egyetlenk\u00e9nt az orsz\u00e1gban k\u00f3rh\u00e1zunk a Magyar \u00f6r\u00f6ks\u00e9g r\u00e9sze, amelyr\u0151l az oklevelet 2001-ben kaptuk meg.<\/p>\n<p style=\"text-align: justify\">A 18. sz\u00e1zad els\u0151 \u00e9vtizedeiben az osztr\u00e1k cs\u00e1sz\u00e1r t\u00f6bbsz\u00f6r is felsz\u00f3l\u00edtotta a magyar rendeket, hogy l\u00e9tes\u00edtsenek k\u00f3rh\u00e1zakat, a Helytart\u00f3tan\u00e1cs pedig 1724-ben elrendelte, hogy a k\u00f6zs\u00e9geknek maguknak kell gondoskodniuk a szeg\u00e9ny betegekr\u0151l. Pesten is emeltek &#8211; feltehet\u0151leg 1701-ben &#8211; egy kis k\u00f3rh\u00e1zat, a mai Kossuth Lajos utca \u00e9s Semmelweis utca sark\u00e1n. A csaknem 30 ezer lakos\u00fa Pest v\u00e1ros\u00e1nak 72 beteg\u00e1gya volt \u00f6sszesen. A v\u00e1ros tan\u00e1cs\u00e1nak hat\u00e1rozata alapj\u00e1n sz\u00fcletett az a d\u00f6nt\u00e9s, hogy a R\u00f3kus szeg\u00e9nyh\u00e1zat kib\u0151v\u00edtik, \u00e9s k\u00f3rh\u00e1zz\u00e1 \u00e9p\u00edtik, ez alapj\u00e1n 1795. augusztus 30-\u00e1n megindult \u00e9p\u00edtkez\u00e9s. A f\u0151homlokzat 1796-ban tet\u0151 al\u00e1 ker\u00fclt, \u00e9s a teljes \u00e9p\u00fcletegy\u00fcttest 1798. m\u00e1jus 28-\u00e1n \u00fcnnep\u00e9lyesen megnyitott\u00e1k. Az \u00faj k\u00f3rh\u00e1z neve \u201ePesti Polg\u00e1ri k\u00f6z Ispot\u00e1ly\u201d volt. A f\u0151bej\u00e1rat akkor a mai R\u00f3kus-pl\u00e9b\u00e1nia copfst\u00edlus\u00fa, k\u0151b\u0151l faragott keret\u0171 bej\u00e1rata volt, f\u00f6l\u00f6tte az \u00e9p\u00fclet hivat\u00e1s\u00e1t jelz\u0151 \u00e9s ma is olvashat\u00f3 sz\u00f6veggel:<\/p>\n<blockquote>\n<p>Pestanum Calamitosorum Domicilium.\u00a0<\/p>\n<\/blockquote>\n<p><a href=\"https:\/\/semmelweis.hu\/rokus\/files\/2021\/10\/Rokus_templom.jpg\"><img loading=\"lazy\" decoding=\"async\" class=\"aligncenter size-full wp-image-65\" src=\"https:\/\/semmelweis.hu\/rokus\/files\/2021\/10\/Rokus_templom.jpg\" alt=\"\" width=\"1024\" height=\"768\" srcset=\"https:\/\/semmelweis.hu\/rokus\/files\/2021\/10\/Rokus_templom.jpg 1024w, https:\/\/semmelweis.hu\/rokus\/files\/2021\/10\/Rokus_templom-400x300.jpg 400w, https:\/\/semmelweis.hu\/rokus\/files\/2021\/10\/Rokus_templom-768x576.jpg 768w, https:\/\/semmelweis.hu\/rokus\/files\/2021\/10\/Rokus_templom-753x565.jpg 753w\" sizes=\"auto, (max-width: 1024px) 100vw, 1024px\" \/><\/a><\/p>\n<p style=\"text-align: justify\">A szeg\u00e9nyh\u00e1z h\u00e1rom szinten 60 f\u0151nek adott otthont, a k\u00f3rh\u00e1zban ugyancsak h\u00e1rom szinten \u201eminden oszt\u00e1ly b\u00e9li szem\u00e9lyek sz\u00e1m\u00e1ra 237 k\u00fcl\u00f6n \u00e1gyak rendeltettek\u201d. Ebb\u0151l 100 \u00e1gy ingyenes volt, a t\u00f6bbi\u00e9rt napi 12 krajc\u00e1rt kellett fizetni. A gazdagoknak azonban 12 k\u00fcl\u00f6n szoba volt fenntartva napi 50 krajc\u00e1r\u00e9rt \u2013 egy forint\u00e9rt. El\u0151re meg\u00e1llap\u00edtott\u00e1k a szem\u00e9lyi \u00e1llom\u00e1nyt (igazgat\u00f3t\u00f3l a kapusig 20 f\u0151) \u00e9s a javadalmaz\u00e1st is: \u00f6sszesen \u00e9vi 3070 forint. Az els\u0151 igazgat\u00f3 Haffner Mih\u00e1ly\u00a0volt.<\/p>\n<p style=\"text-align: justify\">A megnyit\u00e1st k\u00f6vet\u0151en megindult a k\u00f3rh\u00e1z rendes \u00e9lete. A betegforgalomr\u00f3l havonta k\u00e9sz\u00edtettek statisztik\u00e1t. Az els\u0151 \u00e9vben a havonta felvett betegek sz\u00e1ma nem sokkal haladta meg a sz\u00e1zat, de 1805-t\u0151l m\u00e1r \u00e9vi 2000 ell\u00e1tott betegr\u0151l tan\u00faskodnak a korabeli statisztik\u00e1k. 1830-as \u00e9vekt\u0151l, amikor\u00a0 a k\u00f3rh\u00e1z \u00f6ssze\u00e9p\u00fclt a k\u00e1poln\u00e1val, m\u00e1r Szent R\u00f3kus K\u00f3rh\u00e1z n\u00e9ven utalnak az int\u00e9zm\u00e9nyre.<\/p>\n<p style=\"text-align: justify\">1847-ben a Szent R\u00f3kus K\u00f3rh\u00e1zban Balassa J\u00e1nos \u00e9s Fl\u00f3r Ferenc Eur\u00f3pai szinten is az els\u0151k k\u00f6z\u00f6tt v\u00e9gzett \u00e9ter-nark\u00f3zisban m\u0171t\u00e9tet, majd k\u00e9s\u0151bb Fl\u00f3r Ferenc volt az els\u0151 haz\u00e1nkban, aki a kloroform altat\u00e1st alkalmazta. \u0150t 1848-ban Pest v\u00e1ros tiszti f\u0151orvos\u00e1v\u00e1 \u00e9s a Szent R\u00f3kus K\u00f3rh\u00e1z igazgat\u00f3j\u00e1v\u00e1 is megv\u00e1lasztott\u00e1k. 1851. m\u00e1jus 20-\u00e1n, 33 \u00e9ves kor\u00e1ban vette \u00e1t az akkor \u00f6n\u00e1ll\u00f3sult sz\u00fcl\u00e9szeti oszt\u00e1ly vezet\u00e9s\u00e9t Semmelweis Ign\u00e1c F\u00fcl\u00f6p, aki itt is bevezette a kl\u00f3rvizes k\u00e9zmos\u00e1st, \u00e9s ezzel a gyermek\u00e1gyi l\u00e1zat 1% al\u00e1 cs\u00f6kkentette.<\/p>\n<p style=\"text-align: justify\">1857-ben\u00a0a k\u00f3rh\u00e1z hivatalosan is k\u00f6zk\u00f3rh\u00e1zz\u00e1 lett. 1860\u20131862 k\u00f6z\u00f6tt a mai M\u00e1rkus Em\u00edlia utc\u00e1ban k\u00e9temeletes \u00faj k\u00f3rh\u00e1zi sz\u00e1rny \u00e9p\u00fclt, ezzel a k\u00f3rh\u00e1zi \u00e1gyak sz\u00e1ma 678-ra emelkedett. 1875-ben a k\u00f3rh\u00e1z \u00e1tvette a r\u00e9gi dologh\u00e1zi \u00e9p\u00fcletet, ezzel sokat lehetett jav\u00edtani a n\u0151i bujak\u00f3ros (szifiliszes) betegek \u00e1pol\u00e1s\u00e1n. Megkezdt\u00e9k a fert\u0151z\u0151 betegek elk\u00fcl\u00f6n\u00edt\u00e9s\u00e9t.<\/p>\n<p style=\"text-align: justify\">1876. janu\u00e1r 19-\u00e9n I. Ferenc J\u00f3zsef megl\u00e1togatta a K\u00f3rh\u00e1zat, \u00e9s megel\u00e9ged\u00e9s\u00e9t fejezte ki a rend \u00e9s tisztas\u00e1g miatt. 1877-ben \u00faj orvosi p\u00e1ly\u00e1zati rend, \u00faj k\u00f3rh\u00e1zi alapszab\u00e1ly \u00e9s h\u00e1zirend k\u00e9sz\u00fclt. Ennek hat\u00e1sak\u00e9nt megsz\u00fcntett\u00e9k a k\u00fcl\u00f6nszob\u00e1kat, hogy helyet nyerjenek az egyre t\u00f6bb elmebeteg megfigyel\u00e9s\u00e9re. A toloncoszt\u00e1lyt is megsz\u00fcntett\u00e9k, a rend\u0151ri betegek betegs\u00e9g\u00fcknek megfelel\u0151 elhelyez\u00e9st kaptak.<\/p>\n<p style=\"text-align: justify\">1898-ban, k\u00e9t \u00e9vvel R\u00f6ntgen felfedez\u00e9se ut\u00e1n m\u0171k\u00f6d\u00e9sbe l\u00e9pett a R\u00f3kus K\u00f3rh\u00e1zban Eur\u00f3pa els\u0151 k\u00f6zponti r\u00f6ntgenlaborat\u00f3riuma! Vezet\u0151je Don\u00e1th Gyula, majd Stein Adolf lett. 1919-ben a Szent R\u00f3kus K\u00f3rh\u00e1zat K\u00f6zponti K\u00f3rh\u00e1znak nevezt\u00e9k el.<\/p>\n<p style=\"text-align: justify\">A k\u00f3rh\u00e1zi \u00e1gyakban egyre nagyobb lett a hi\u00e1ny. 1928\u20131929-ben napirendre ker\u00fclt a R\u00f3kus K\u00f3rh\u00e1z \u00e1t\u00e9p\u00edt\u00e9se, azonban csak kisebb \u00e9p\u00fcleteket alak\u00edtottak \u00e1t, a R\u00f3kust pedig id\u0151nk\u00e9nt korszer\u0171s\u00edtett\u00e9k. 1933. szeptember\u00e9ben a R\u00f3kusban fog\u00e1szati rendel\u0151t nyitottak. Tekintettel a nagy ig\u00e9nyre, 1938 janu\u00e1rj\u00e1ban fog- \u00e9s sz\u00e1jseb\u00e9szeti fekv\u0151beteg oszt\u00e1lyt l\u00e9tes\u00edtettek k\u00e9t \u00f6t\u00e1gyas szob\u00e1val, kezel\u0151vel.<\/p>\n<p style=\"text-align: justify\">A II. Vil\u00e1gh\u00e1bor\u00fa kit\u00f6r\u00e9s\u00e9t k\u00f6vet\u0151en a betegell\u00e1t\u00e1sban egyre szigor\u00fabb takar\u00e9koss\u00e1gi int\u00e9zked\u00e9seket vezettek be. Az \u00e1lland\u00f3sult l\u00e9giriad\u00f3k miatt 1941-ben, az alagsorban 5 sz\u00fcks\u00e9g \u00f3v\u00f3helyet jel\u00f6ltek ki a betegek biztons\u00e1ga \u00e9rdek\u00e9ben. Az ostrom alatt a k\u00e1polna \u00e9s a k\u00f3rh\u00e1z 40%-os \u00e9p\u00fcletk\u00e1rt szenvedett. A 650-700 \u00f6sszezs\u00fafolt beteg f\u0171t\u00e9s n\u00e9lk\u00fcl maradt. Az alagsorba sz\u00fcks\u00e9gm\u0171t\u0151t \u00e9s k\u00f6t\u00f6z\u0151t telep\u00edtettek.<\/p>\n<p style=\"text-align: justify\">A R\u00f3kus K\u00f3rh\u00e1zat 1952. j\u00falius 1-\u00e9n vette \u00e1t a Pest megyei Tan\u00e1cs, majd ezt k\u00f6vet\u0151en lett a <em>Pest megyei Tan\u00e1cs Semmelweis K\u00f3rh\u00e1za. <\/em>1956. Janu\u00e1r 1-j\u00e9t\u0151l rendszeres orvos tov\u00e1bbk\u00e9pz\u00e9s, majd szakdolgoz\u00f3 k\u00e9pz\u00e9s folyt a k\u00f3rh\u00e1zban. 1956 elej\u00e9n f\u00f6ldreng\u00e9s \u00e9s \u00e1rv\u00edz puszt\u00edtott Pest megy\u00e9ben. Az \u00e9rintett k\u00f6zs\u00e9gek k\u00f6rzeti orvosainak a k\u00f3rh\u00e1z m\u00e1sodorvosai seg\u00edtettek a betegell\u00e1t\u00e1sban. 1956. okt\u00f3ber 23-\u00e1n, a forradalom kit\u00f6r\u00e9se ut\u00e1n a k\u00f3rh\u00e1z dolgoz\u00f3i demokratikus, titkos szavaz\u00e1ssal 10 tag\u00fa (5 orvos, 5 nem orvos) munk\u00e1stan\u00e1csot v\u00e1lasztottak 4 p\u00f3ttaggal (3 orvos, 1 nem orvos). A sebes\u00fcltek felv\u00e9tel\u00e9t, orvosi ell\u00e1t\u00e1s\u00e1t siker\u00fclt neh\u00e9zs\u00e9g n\u00e9lk\u00fcl megszervezni. A k\u00f6rny\u00e9k-b\u00e9li harcok ellen\u00e9re a betegek \u00e9s dolgoz\u00f3k k\u00f6z\u00fcl senki sem s\u00e9r\u00fclt meg. Felvettek 313 beteget \u00e9s ambulanter l\u00e1ttak el 287 sebes\u00fcltet. Minden dolgoz\u00f3, orvostanhallgat\u00f3 \u00e9s \u00f6nk\u00e9ntes seg\u00e9der\u0151 f\u00e1rads\u00e1got nem ismerve, lelkesen \u00e9s \u00e1ldozatosan \u00e1llt helyt a sebes\u00fcltek \u00e9s betegek ell\u00e1t\u00e1s\u00e1ban.\u00a0A k\u00f3rh\u00e1z helyre\u00e1ll\u00edt\u00e1sa m\u00e1r 1956. november elej\u00e9n megkezd\u0151d\u00f6tt \u00e9s 1957-ben csaknem teljesen befejez\u0151d\u00f6tt. 1957 els\u0151 fel\u00e9ben m\u00e1r ugyanannyi volt a felvett betegek sz\u00e1ma, mint egy \u00e9vvel kor\u00e1bban.<\/p>\n<p style=\"text-align: justify\">Az elk\u00f6vetkez\u0151 20 \u00e9v a lass\u00fa fejl\u0151d\u00e9s id\u0151szaka volt. 1978-t\u00f3l 1991-ig tartott a \u201erekonstrukci\u00f3nak\u201d nevezett teljes \u00e1t- \u00e9s \u00fajj\u00e1\u00e9p\u00edt\u00e9s. A statikai vizsg\u00e1latok kider\u00edtett\u00e9k, hogy az eg\u00e9sz R\u00f3kust fel kell \u00faj\u00edtani. A munk\u00e1latok els\u0151 \u00fcteme 1978-ban kezd\u0151d\u00f6tt meg a \u201eCorvin sz\u00e1rnyon\u201d, \u00e9s k\u00e9t \u00e9vig tartott. A k\u00f6vetkez\u0151kben a \u201eR\u00e1k\u00f3czi \u00fati sz\u00e1rny\u201d ker\u00fclt sorra. Fel\u00e9p\u00fclt a St\u00e1hly utcai, hatszintes \u00e9p\u00fclet, ami 1985-ben lett bek\u00f6lt\u00f6zhet\u0151. A k\u00f6vetkez\u0151 \u00fctemben a Gyulai P\u00e1l utcai front alakult ki. 1990 december\u00e9ben adt\u00e1k \u00e1t a St\u00e1hly utca m\u00e1sik oldal\u00e1n \u00e9p\u00fclt, a f\u0151\u00e9p\u00fclettel z\u00e1rt h\u00edddal \u00f6sszek\u00f6t\u00f6tt Rendel\u0151int\u00e9zetet.<\/p>\n<p style=\"text-align: justify\">A 30 000 lakos\u00fa Pest v\u00e1ros a k\u00e9tsz\u00e1z \u00e9v folyam\u00e1n vil\u00e1gv\u00e1ross\u00e1 fejl\u0151d\u00f6tt, s a Szent R\u00f3kus K\u00f3rh\u00e1z is vele egy\u00fctt v\u00e1ltozott, b\u0151v\u00fcltek szolg\u00e1ltat\u00e1sai \u00e9s feladatai. Az egyszer\u0171 szeg\u00e9nyh\u00e1zb\u00f3l korszer\u0171, magas szint\u0171 gy\u00f3gy\u00edt\u00f3 feladatokat ell\u00e1t\u00f3 int\u00e9zm\u00e9ny lett, a magyar eg\u00e9szs\u00e9g\u00fcgy gy\u00f3gy\u00edt\u00f3, kutat\u00f3, szellemi k\u00f6zpontj\u00e1v\u00e1 v\u00e1lt.<\/p>\n<p style=\"text-align: justify\">2007 \u00e1prilis 1-t\u0151l a 2006. \u00e9vi CXXXII. t\u00f6rv\u00e9ny alapj\u00e1n az eg\u00e9szs\u00e9g-biztos\u00edt\u00f3 \u00e1ltal a t\u00e1rsadalombiztos\u00edt\u00e1s keret\u00e9ben finansz\u00edrozott szakell\u00e1t\u00e1si kapacit\u00e1sok feloszt\u00e1sra \u00e9s a hozz\u00e1rendelt ell\u00e1t\u00e1si ter\u00fcletek meghat\u00e1roz\u00e1sra ker\u00fcltek. Ennek k\u00f6vetkezt\u00e9ben a Szent R\u00f3kus K\u00f3rh\u00e1z 547, azaz valamennyi \u00e1gya megsz\u00fcntet\u00e9sre ker\u00fclt. Ezt k\u00f6vet\u0151en j\u00f6tt l\u00e9tre az orsz\u00e1g egyik legnagyobb \u00f6n\u00e1ll\u00f3 multidiszciplin\u00e1ris egy napos seb\u00e9szete, mely az\u00f3ta t\u00f6bb mint 45 000 m\u0171t\u00e9tet v\u00e9gzett 6 szakm\u00e1ban. Tov\u00e1bb\u00e1 Kardiol\u00f3giai-, Mozg\u00e1sszervi-, Gasztroenterol\u00f3giai Rehabilit\u00e1ci\u00f3s- \u00e9s \u00c1pol\u00e1si oszt\u00e1ly is kialak\u00edt\u00e1sra ker\u00fclt. A j\u00e1r\u00f3beteg szakell\u00e1t\u00e1s \u00e9s diagnosztikai h\u00e1tt\u00e9r mellett a k\u00f3rh\u00e1z megmaradt a betegell\u00e1t\u00e1s szolg\u00e1lat\u00e1ban.<\/p>\n<p style=\"text-align: justify\">2020 j\u00fanius 1-j\u00e9n a Szent R\u00f3kus K\u00f3rh\u00e1z \u00e9s Int\u00e9zm\u00e9nyei a Semmelweis Egyetembe integr\u00e1l\u00f3dott, ezzel \u00faj korszak kezd\u0151d\u00f6tt: l\u00e9trej\u00f6tt a Szent R\u00f3kus Klinikai T\u00f6mb, amelyben az al\u00e1bbi egys\u00e9gek tal\u00e1lhat\u00f3k:<\/p>\n<p><strong>A t\u00f6rt\u00e9nelmi \u00e9p\u00fcletben &#8211; 1085 Budapest, Gyulai P\u00e1l utca 2. &#8211; az al\u00e1bbi szakma csoport kapott helyet \u00f6n\u00e1ll\u00f3 Klinikak\u00e9nt:<\/strong><\/p>\n<ul>\n<li>a Multidiszciplin\u00e1ris Egynapos Seb\u00e9szeti Klinika<\/li>\n<\/ul>\n<p><strong>Tov\u00e1bbi egys\u00e9gek, amelyek az \u00e9p\u00fcletegy\u00fcttesben m\u0171k\u00f6dnek:<\/strong><\/p>\n<ul>\n<li>Betegfelv\u00e9teli iroda<\/li>\n<li>Szent R\u00f3kus Klinikai T\u00f6mb Orvos-F\u0151igazgat\u00f3s\u00e1g<\/li>\n<li>a Genomikai Medicina \u00e9s Ritka Betegs\u00e9gek Int\u00e9zete<\/li>\n<li>Kardiol\u00f3giai Rehabilit\u00e1ci\u00f3s R\u00e9szleg \u2013 V\u00e1rosmajori Sz\u00edv- \u00e9s \u00c9rgy\u00f3gy\u00e1szati Klinika kihelyezett r\u00e9szleg<\/li>\n<li>K\u00e9palkot\u00f3 Diagnosztika \u2013 Orvosi K\u00e9palkot\u00f3 Klinika kihelyezett r\u00e9szleg<\/li>\n<li>Laborat\u00f3riumi Diagnosztika \u2013 Laborat\u00f3riumi Medicina Int\u00e9zet kihelyezett r\u00e9szleg<\/li>\n<li>Mozg\u00e1sszervi Rehabilit\u00e1ci\u00f3s R\u00e9szleg \u2013 Ortop\u00e9diai Klinika kihelyezett r\u00e9szleg<\/li>\n<li>Pszichi\u00e1triai \u00e9s Pszichoter\u00e1pi\u00e1s Klinika kihelyezett r\u00e9szleg<\/li>\n<li>Szakrendel\u0151 Int\u00e9zet<\/li>\n<li>Betegfelv\u00e9teli iroda<\/li>\n<li>Call center<\/li>\n<li>Gy\u00f3gyszert\u00e1r &#8211; Egyetemi Gy\u00f3gyszert\u00e1r Gy\u00f3gyszer\u00fcgyi Szervez\u00e9si Int\u00e9zet kihelyezett r\u00e9szleg<\/li>\n<li>\u00c1pol\u00e1svezet\u00e9si \u00e9s Szakdolgoz\u00f3i Oktat\u00e1si Igazgat\u00f3s\u00e1g<\/li>\n<li>Eg\u00e9szs\u00e9g\u00fcgyi Szolg\u00e1ltat\u00e1si Igazgat\u00f3s\u00e1g<\/li>\n<li>Szent R\u00f3kus Klinikai T\u00f6mbigazgat\u00f3s\u00e1g<\/li>\n<li>Csal\u00e1dorvosi Tansz\u00e9k<\/li>\n<li>a Semmelweis Egyetem K\u00f6zponti Lev\u00e9lt\u00e1ra\n<\/li>\n<\/ul>\n","protected":false},"excerpt":{"rendered":"<p>A Pest Megyei Szent R\u00f3kus K\u00f3rh\u00e1z t\u00f6rt\u00e9nete A Szent R\u00f3kus K\u00f3rh\u00e1z, Eur\u00f3pa egyik legr\u00e9gibb, nagy m\u00falt\u00fa eg\u00e9szs\u00e9g\u00fcgyi int\u00e9zm\u00e9nye. Egyike azoknak a k\u00f3rh\u00e1zaknak, amelyek meg\u00e9lve k\u00e9t \u00e9vsz\u00e1zad t\u00f6rt\u00e9nelmi viharait m\u00e1ig megmaradtak, \u00e9s ma is az \u00e1pol\u00e1s \u00e9s gy\u00f3gy\u00edt\u00e1s szolg\u00e1lat\u00e1ban tev\u00e9kenykednek. A k\u00f3rh\u00e1z t\u00f6bb, mint 200 \u00e9ves m\u00faltja k\u00f6telez. Az eg\u00e9szs\u00e9g\u00fcgyi int\u00e9zm\u00e9nyek k\u00f6z\u00fcl els\u0151k\u00e9nt, \u00e9s eddig egyetlenk\u00e9nt &hellip;<\/p>\n","protected":false},"author":12,"featured_media":0,"parent":5,"menu_order":0,"comment_status":"closed","ping_status":"closed","template":"","meta":{"_acf_changed":false,"footnotes":""},"categories":[],"tags":[],"class_list":["post-63","page","type-page","status-publish","hentry"],"acf":[],"_links":{"self":[{"href":"https:\/\/semmelweis.hu\/rokus\/wp-json\/wp\/v2\/pages\/63","targetHints":{"allow":["GET"]}}],"collection":[{"href":"https:\/\/semmelweis.hu\/rokus\/wp-json\/wp\/v2\/pages"}],"about":[{"href":"https:\/\/semmelweis.hu\/rokus\/wp-json\/wp\/v2\/types\/page"}],"author":[{"embeddable":true,"href":"https:\/\/semmelweis.hu\/rokus\/wp-json\/wp\/v2\/users\/12"}],"replies":[{"embeddable":true,"href":"https:\/\/semmelweis.hu\/rokus\/wp-json\/wp\/v2\/comments?post=63"}],"version-history":[{"count":11,"href":"https:\/\/semmelweis.hu\/rokus\/wp-json\/wp\/v2\/pages\/63\/revisions"}],"predecessor-version":[{"id":599,"href":"https:\/\/semmelweis.hu\/rokus\/wp-json\/wp\/v2\/pages\/63\/revisions\/599"}],"up":[{"embeddable":true,"href":"https:\/\/semmelweis.hu\/rokus\/wp-json\/wp\/v2\/pages\/5"}],"wp:attachment":[{"href":"https:\/\/semmelweis.hu\/rokus\/wp-json\/wp\/v2\/media?parent=63"}],"wp:term":[{"taxonomy":"category","embeddable":true,"href":"https:\/\/semmelweis.hu\/rokus\/wp-json\/wp\/v2\/categories?post=63"},{"taxonomy":"post_tag","embeddable":true,"href":"https:\/\/semmelweis.hu\/rokus\/wp-json\/wp\/v2\/tags?post=63"}],"curies":[{"name":"wp","href":"https:\/\/api.w.org\/{rel}","templated":true}]}}