{"id":38,"date":"2021-10-05T14:28:10","date_gmt":"2021-10-05T12:28:10","guid":{"rendered":"https:\/\/semmelweis.hu\/rokus\/?page_id=38"},"modified":"2022-04-29T09:31:03","modified_gmt":"2022-04-29T07:31:03","slug":"adatvedelem","status":"publish","type":"page","link":"https:\/\/semmelweis.hu\/rokus\/a-szent-rokus-klinikai-tombigazgatosag-bemutatasa\/adatvedelem\/","title":{"rendered":"Adatv\u00e9delem"},"content":{"rendered":"<p style=\"text-align: center\"><strong>A Szent R\u00f3kus Klinikai T\u00f6mbigazgat\u00f3s\u00e1g \u00e1ltal v\u00e9gzett szem\u00e9lyes adatkezel\u00e9ssel kapcsolatos inform\u00e1ci\u00f3k<\/strong><\/p>\n<p><a href=\"https:\/\/semmelweis.hu\/rokus\/files\/2022\/04\/Adatkezelesi_tajekoztato.pdf\" target=\"_blank\" rel=\"noopener\">Adatkezel\u00e9si t\u00e1j\u00e9koztat\u00f3<\/a><\/p>\n<p><a href=\"https:\/\/semmelweis.hu\/rokus\/files\/2022\/04\/Adatkezelesi_nyilvantartas-adminisztracio.pdf\" target=\"_blank\" rel=\"noopener\">Adatkezel\u00e9si nyilv\u00e1ntart\u00e1s &#8211; adminisztr\u00e1ci\u00f3<\/a><\/p>\n<p><a href=\"https:\/\/semmelweis.hu\/rokus\/files\/2022\/04\/Adatkezelesi_nyilvantartas-munka-es_berugy.pdf\" target=\"_blank\" rel=\"noopener\">Adatkezel\u00e9si nyilv\u00e1ntart\u00e1s &#8211; munka- \u00e9s b\u00e9r\u00fcgy<\/a><\/p>\n<p><a href=\"https:\/\/semmelweis.hu\/rokus\/files\/2022\/04\/Adatkezelesi_nyilvantartas-beszerzes.pdf\" target=\"_blank\" rel=\"noopener\">Adatkezel\u00e9si nyilv\u00e1ntart\u00e1s &#8211; beszerz\u00e9s<\/a><\/p>\n<p><a href=\"https:\/\/semmelweis.hu\/rokus\/files\/2022\/04\/Adatkezelesi_nyilvantartas-penzugy.pdf\" target=\"_blank\" rel=\"noopener\">Adatkezel\u00e9si nyilv\u00e1ntart\u00e1s &#8211; p\u00e9nz\u00fcgy<\/a><\/p>\n","protected":false},"excerpt":{"rendered":"<p>A Szent R\u00f3kus Klinikai T\u00f6mbigazgat\u00f3s\u00e1g \u00e1ltal v\u00e9gzett szem\u00e9lyes adatkezel\u00e9ssel kapcsolatos inform\u00e1ci\u00f3k<br \/>\n<a href=\"https:\/\/semmelweis.hu\/rokus\/files\/2022\/04\/Adatkezelesi_tajekoztato.pdf\" target=\"_blank\" rel=\"noopener\">Adatkezel\u00e9si t\u00e1j\u00e9koztat\u00f3<\/a><br \/>\n<a href=\"https:\/\/semmelweis.hu\/rokus\/files\/2022\/04\/Adatkezelesi_nyilvantartas-adminisztracio.pdf\" target=\"_blank\" rel=\"noopener\">Adatkezel\u00e9si nyilv\u00e1ntart\u00e1s &#8211; adminisztr\u00e1ci\u00f3<\/a><br \/>\n<a href=\"https:\/\/semmelweis.hu\/rokus\/files\/2022\/04\/Adatkezelesi_nyilvantartas-munka-es_berugy.pdf\" target=\"_blank\" rel=\"noopener\">Adatkezel\u00e9si nyilv\u00e1ntart\u00e1s &#8211; munka- \u00e9s b\u00e9r\u00fcgy<\/a><br \/>\n<a href=\"https:\/\/semmelweis.hu\/rokus\/files\/2022\/04\/Adatkezelesi_nyilvantartas-beszerzes.pdf\" target=\"_blank\" rel=\"noopener\">Adatkezel\u00e9si nyilv\u00e1ntart\u00e1s &#8211; beszerz\u00e9s<\/a><br \/>\n<a href=\"https:\/\/semmelweis.hu\/rokus\/files\/2022\/04\/Adatkezelesi_nyilvantartas-penzugy.pdf\" target=\"_blank\" rel=\"noopener\">Adatkezel\u00e9si nyilv\u00e1ntart\u00e1s &#8211; p\u00e9nz\u00fcgy<\/a><\/p>\n","protected":false},"author":101934,"featured_media":0,"parent":5,"menu_order":3,"comment_status":"closed","ping_status":"closed","template":"","meta":{"_acf_changed":false,"footnotes":""},"categories":[],"tags":[],"class_list":["post-38","page","type-page","status-publish","hentry"],"acf":[],"_links":{"self":[{"href":"https:\/\/semmelweis.hu\/rokus\/wp-json\/wp\/v2\/pages\/38","targetHints":{"allow":["GET"]}}],"collection":[{"href":"https:\/\/semmelweis.hu\/rokus\/wp-json\/wp\/v2\/pages"}],"about":[{"href":"https:\/\/semmelweis.hu\/rokus\/wp-json\/wp\/v2\/types\/page"}],"author":[{"embeddable":true,"href":"https:\/\/semmelweis.hu\/rokus\/wp-json\/wp\/v2\/users\/101934"}],"replies":[{"embeddable":true,"href":"https:\/\/semmelweis.hu\/rokus\/wp-json\/wp\/v2\/comments?post=38"}],"version-history":[{"count":10,"href":"https:\/\/semmelweis.hu\/rokus\/wp-json\/wp\/v2\/pages\/38\/revisions"}],"predecessor-version":[{"id":478,"href":"https:\/\/semmelweis.hu\/rokus\/wp-json\/wp\/v2\/pages\/38\/revisions\/478"}],"up":[{"embeddable":true,"href":"https:\/\/semmelweis.hu\/rokus\/wp-json\/wp\/v2\/pages\/5"}],"wp:attachment":[{"href":"https:\/\/semmelweis.hu\/rokus\/wp-json\/wp\/v2\/media?parent=38"}],"wp:term":[{"taxonomy":"category","embeddable":true,"href":"https:\/\/semmelweis.hu\/rokus\/wp-json\/wp\/v2\/categories?post=38"},{"taxonomy":"post_tag","embeddable":true,"href":"https:\/\/semmelweis.hu\/rokus\/wp-json\/wp\/v2\/tags?post=38"}],"curies":[{"name":"wp","href":"https:\/\/api.w.org\/{rel}","templated":true}]}}