{"id":282,"date":"2021-10-07T12:05:18","date_gmt":"2021-10-07T10:05:18","guid":{"rendered":"https:\/\/semmelweis.hu\/rokus\/?page_id=282"},"modified":"2025-04-29T15:41:58","modified_gmt":"2025-04-29T13:41:58","slug":"latogatasi-rend","status":"publish","type":"page","link":"https:\/\/semmelweis.hu\/rokus\/latogatasi-rend\/","title":{"rendered":"L\u00e1togat\u00e1si rend"},"content":{"rendered":"<h4><strong><a href=\"https:\/\/semmelweis.hu\/jogigfoig\/2025\/04\/29\/kke-3-2025-iv-28-szamu-klinikai-kozpont-elnoki-utasitas-az-altalanos-latogatasi-korlatozas-valamint-a-kotelezo-maszkhasznalat-elrendelesenek-eljarasrendjerol\/\"><span style=\"color: #000000\">\u00c1ltal\u00e1nos l\u00e1togat\u00e1si Rend \u00e9s maszkhaszn\u00e1lat<\/span><\/a><\/strong><\/h4>\n<p>\u00a0Az utas\u00edt\u00e1s t\u00e1rgyi hat\u00e1lya a maszkhaszn\u00e1latra \u00e9s a l\u00e1togat\u00e1s rendj\u00e9re terjed ki.<\/p>\n<p><strong>2. \u00a7<\/strong><\/p>\n<p><strong>(1) A l\u00e1togat\u00e1si korl\u00e1toz\u00e1s valamint a k\u00f6telez\u0151 maszkhaszn\u00e1lat az egyetem betegell\u00e1t\u00f3 szervezeti egys\u00e9geiben \u00e1ltal\u00e1nos jelleggel nem k\u00f6telez\u0151.<\/strong><\/p>\n<p>(2) A betegell\u00e1t\u00f3 szervezeti egys\u00e9g vezet\u0151je, \u2013 saj\u00e1t hat\u00e1sk\u00f6rben a Klinikai K\u00f6zpont egyidej\u0171 \u00e9rtes\u00edt\u00e9se mellett \u2013 elrendelhet l\u00e1togat\u00e1si korl\u00e1toz\u00e1st valamint k\u00f6telez\u0151 maszkhaszn\u00e1latot, amennyiben azt fert\u0151z\u0151 megbeteged\u00e9sek halmoz\u00f3d\u00e1sa, int\u00e9zm\u00e9nyi j\u00e1rv\u00e1ny kialakul\u00e1sa, vagy egy\u00e9b j\u00e1rv\u00e1ny\u00fcgyi kock\u00e1zat indokolja. Ez esetben a l\u00e1togat\u00e1si korl\u00e1toz\u00e1s al\u00f3l tov\u00e1bbra is kiv\u00e9telt kell hogy k\u00e9pezzen:<\/p>\n<p>a) \u00c9letvesz\u00e9lyes \u00e1llapot\u00fa vagy \u00e9letv\u00e9gi ell\u00e1t\u00e1sban r\u00e9szes\u00fcl\u0151 betegek hozz\u00e1tartoz\u00f3ja(i), el\u0151zetes klinikavezet\u0151i enged\u00e9ly alapj\u00e1n.<\/p>\n<p>b) Kiskor\u00fa betegek sz\u00fclei vagy t\u00f6rv\u00e9nyes k\u00e9pvisel\u0151i k\u00f6z\u00fcl egy sz\u00fcl\u0151, t\u00f6rv\u00e9nyes k\u00e9pvisel\u0151, aki folyamatosan a gyermek mellett tart\u00f3zkodhat.<\/p>\n<p>c) A Neonat\u00e1lis Intenz\u00edv Centrumokban (NIC\/PIC) fekv\u0151 \u00fajsz\u00fcl\u00f6ttj\u00e9t l\u00e1togat\u00f3 \u00e9desanya, \u00e9s a sz\u00fcl\u00e9szeti r\u00e9szlegeken a vaj\u00fad\u00e1s \u00e9s sz\u00fcl\u00e9s idej\u00e9n az apa.<\/p>\n<p>d) Egy\u00e9b, k\u00fcl\u00f6nleges esetekben, a betegell\u00e1t\u00f3 szervezeti egys\u00e9g vezet\u0151je enged\u00e9ly\u00e9vel.<\/p>\n<p>(3) A l\u00e1togat\u00e1si korl\u00e1toz\u00e1sr\u00f3l \u00e9s k\u00f6telez\u0151 maszkhaszn\u00e1latr\u00f3l a betegell\u00e1t\u00f3 szervezeti vezet\u0151je a H\u00e1zirend mell\u00e9klet\u00e9t k\u00e9pez\u0151 t\u00e1j\u00e9koztat\u00f3t k\u00f6teles az int\u00e9zm\u00e9ny bej\u00e1ratain\u00e1l kif\u00fcggeszteni.<\/p>\n<p>&nbsp;<\/p>\n<h4><strong>\u00e1ltal\u00e1noss\u00e1gban Az eg\u00e9szs\u00e9g\u00fcgyi int\u00e9zm\u00e9nyekben a l\u00e1togat\u00e1sra az al\u00e1bbi szab\u00e1lyok vonatkoznak:<\/strong><\/h4>\n<ul>\n<li>Egy beteghez naponta legfeljebb <strong>k\u00e9t l\u00e1togat\u00f3 mehet be, szem\u00e9lyenk\u00e9nt maximum 30 perces id\u0151tartamra, vagy egy l\u00e1togat\u00f3 maximum 60 perces id\u0151tartamra.<\/strong><\/li>\n<li>Ha a beteg \u00e1llapota \u00e9s az int\u00e9zm\u00e9ny adotts\u00e1gai megengedik, az id\u0151j\u00e1r\u00e1s f\u00fcggv\u00e9ny\u00e9ben lehet\u0151s\u00e9g szerint szabadt\u00e9ren t\u00f6rt\u00e9njen a l\u00e1togat\u00e1s, ebben az esetben nincs korl\u00e1tozva a l\u00e1togat\u00f3k sz\u00e1ma.<\/li>\n<\/ul>\n<p>A Szent R\u00f3kus Klinikai T\u00f6mbben m\u0171k\u00f6d\u0151 eg\u00e9szs\u00e9g\u00fcgyi int\u00e9zm\u00e9nyek fentiekt\u0151l esetlegesen elt\u00e9r\u0151 l\u00e1togat\u00e1si rendje, az adott int\u00e9zm\u00e9ny honlapj\u00e1n tekinthet\u0151 meg.<\/p>\n<h4>\u00a0<\/h4>\n<h4><strong>A l\u00e1togat\u00f3nak javasolt:<\/strong><\/h4>\n<ul>\n<li>a klinika ter\u00fclet\u00e9re l\u00e9p\u00e9skor a szappanos k\u00e9zmos\u00e1s vagy alkoholos k\u00e9zfert\u0151tlen\u00edt\u00e9s,<\/li>\n<li>ha a beteg \u00e1llapota engedi, nem a k\u00f3rteremben, hanem nagyobb l\u00e9gt\u00e9rrel rendelkez\u0151 helyen (folyos\u00f3n, aul\u00e1ban) tal\u00e1lkozni,<\/li>\n<li>a beteg \u00e1llapota \u00e9s az id\u0151j\u00e1r\u00e1s f\u00fcggv\u00e9ny\u00e9ben szabadt\u00e9ren &#8211; pl. a klinikakertben &#8211; val\u00f3 tal\u00e1lkoz\u00e1skor a l\u00e1togat\u00f3k sz\u00e1ma nincs korl\u00e1tozva.<\/li>\n<\/ul>\n<p>&nbsp;<\/p>\n<div class=\"keretes w-100\">\n<p style=\"text-align: justify\"><strong><span style=\"color: #000000\"><span style=\"color: #ff0000\"><span style=\"color: #000000\">A COVID-19 fert\u0151z\u00e9s miatt kezelt betegek &#8211; az E\u00fctv. 11. \u00a7 (3)-(6) bekezd\u00e9sben a kapcsolattart\u00e1s jog\u00e1ra vonatkoz\u00f3an meghat\u00e1rozott esetek kiv\u00e9tel\u00e9vel &#8211; nem l\u00e1togathat\u00f3k!<\/span><\/span><\/span><\/strong><\/p>\n<\/div>\n","protected":false},"excerpt":{"rendered":"<p><a href=\"https:\/\/semmelweis.hu\/jogigfoig\/2025\/04\/29\/kke-3-2025-iv-28-szamu-klinikai-kozpont-elnoki-utasitas-az-altalanos-latogatasi-korlatozas-valamint-a-kotelezo-maszkhasznalat-elrendelesenek-eljarasrendjerol\/\">\u00c1ltal\u00e1nos l\u00e1togat\u00e1si Rend \u00e9s maszkhaszn\u00e1lat<\/a> \u00a0Az utas\u00edt\u00e1s t\u00e1rgyi hat\u00e1lya a maszkhaszn\u00e1latra \u00e9s a l\u00e1togat\u00e1s rendj\u00e9re terjed ki. 2. \u00a7 (1) A l\u00e1togat\u00e1si korl\u00e1toz\u00e1s valamint a k\u00f6telez\u0151 maszkhaszn\u00e1lat az egyetem betegell\u00e1t\u00f3 szervezeti egys\u00e9geiben \u00e1ltal\u00e1nos jelleggel nem k\u00f6telez\u0151. (2) A betegell\u00e1t\u00f3 szervezeti egys\u00e9g vezet\u0151je, \u2013 saj\u00e1t hat\u00e1sk\u00f6rben a Klinikai K\u00f6zpont egyidej\u0171 \u00e9rtes\u00edt\u00e9se mellett \u2013 elrendelhet l\u00e1togat\u00e1si korl\u00e1toz\u00e1st valamint k\u00f6telez\u0151 maszkhaszn\u00e1latot, amennyiben azt &hellip;<\/p>\n","protected":false},"author":12,"featured_media":0,"parent":0,"menu_order":3,"comment_status":"closed","ping_status":"closed","template":"","meta":{"_acf_changed":false,"footnotes":""},"categories":[],"tags":[],"class_list":["post-282","page","type-page","status-publish","hentry"],"acf":[],"_links":{"self":[{"href":"https:\/\/semmelweis.hu\/rokus\/wp-json\/wp\/v2\/pages\/282","targetHints":{"allow":["GET"]}}],"collection":[{"href":"https:\/\/semmelweis.hu\/rokus\/wp-json\/wp\/v2\/pages"}],"about":[{"href":"https:\/\/semmelweis.hu\/rokus\/wp-json\/wp\/v2\/types\/page"}],"author":[{"embeddable":true,"href":"https:\/\/semmelweis.hu\/rokus\/wp-json\/wp\/v2\/users\/12"}],"replies":[{"embeddable":true,"href":"https:\/\/semmelweis.hu\/rokus\/wp-json\/wp\/v2\/comments?post=282"}],"version-history":[{"count":10,"href":"https:\/\/semmelweis.hu\/rokus\/wp-json\/wp\/v2\/pages\/282\/revisions"}],"predecessor-version":[{"id":685,"href":"https:\/\/semmelweis.hu\/rokus\/wp-json\/wp\/v2\/pages\/282\/revisions\/685"}],"wp:attachment":[{"href":"https:\/\/semmelweis.hu\/rokus\/wp-json\/wp\/v2\/media?parent=282"}],"wp:term":[{"taxonomy":"category","embeddable":true,"href":"https:\/\/semmelweis.hu\/rokus\/wp-json\/wp\/v2\/categories?post=282"},{"taxonomy":"post_tag","embeddable":true,"href":"https:\/\/semmelweis.hu\/rokus\/wp-json\/wp\/v2\/tags?post=282"}],"curies":[{"name":"wp","href":"https:\/\/api.w.org\/{rel}","templated":true}]}}