{"id":26,"date":"2021-10-01T10:34:19","date_gmt":"2021-10-01T08:34:19","guid":{"rendered":"https:\/\/semmelweis.hu\/rokus\/?page_id=26"},"modified":"2024-02-26T11:53:52","modified_gmt":"2024-02-26T10:53:52","slug":"betegellatas","status":"publish","type":"page","link":"https:\/\/semmelweis.hu\/rokus\/betegellatas\/","title":{"rendered":"Betegell\u00e1t\u00e1s a Szent R\u00f3kus Klinikai T\u00f6mbben"},"content":{"rendered":"","protected":false},"excerpt":{"rendered":"","protected":false},"author":102306,"featured_media":0,"parent":0,"menu_order":2,"comment_status":"closed","ping_status":"closed","template":"","meta":{"_acf_changed":false,"footnotes":""},"categories":[3],"tags":[],"class_list":["post-26","page","type-page","status-publish","hentry","category-tajekoztatasok"],"acf":[],"_links":{"self":[{"href":"https:\/\/semmelweis.hu\/rokus\/wp-json\/wp\/v2\/pages\/26","targetHints":{"allow":["GET"]}}],"collection":[{"href":"https:\/\/semmelweis.hu\/rokus\/wp-json\/wp\/v2\/pages"}],"about":[{"href":"https:\/\/semmelweis.hu\/rokus\/wp-json\/wp\/v2\/types\/page"}],"author":[{"embeddable":true,"href":"https:\/\/semmelweis.hu\/rokus\/wp-json\/wp\/v2\/users\/102306"}],"replies":[{"embeddable":true,"href":"https:\/\/semmelweis.hu\/rokus\/wp-json\/wp\/v2\/comments?post=26"}],"version-history":[{"count":1,"href":"https:\/\/semmelweis.hu\/rokus\/wp-json\/wp\/v2\/pages\/26\/revisions"}],"predecessor-version":[{"id":27,"href":"https:\/\/semmelweis.hu\/rokus\/wp-json\/wp\/v2\/pages\/26\/revisions\/27"}],"wp:attachment":[{"href":"https:\/\/semmelweis.hu\/rokus\/wp-json\/wp\/v2\/media?parent=26"}],"wp:term":[{"taxonomy":"category","embeddable":true,"href":"https:\/\/semmelweis.hu\/rokus\/wp-json\/wp\/v2\/categories?post=26"},{"taxonomy":"post_tag","embeddable":true,"href":"https:\/\/semmelweis.hu\/rokus\/wp-json\/wp\/v2\/tags?post=26"}],"curies":[{"name":"wp","href":"https:\/\/api.w.org\/{rel}","templated":true}]}}