{"id":39,"date":"2013-11-22T09:20:07","date_gmt":"2013-11-22T08:20:07","guid":{"rendered":"http:\/\/semmelweis.hu\/tukeb\/?page_id=39"},"modified":"2025-07-25T10:00:04","modified_gmt":"2025-07-25T08:00:04","slug":"jogszabalyok","status":"publish","type":"page","link":"https:\/\/semmelweis.hu\/rkeb\/jogszabalyok\/","title":{"rendered":"Jogszab\u00e1lyok"},"content":{"rendered":"<ul>\n<li><a href=\"https:\/\/net.jogtar.hu\/jogszabaly?docid=99700154.TV&amp;searchUrl=\/gyorskereso?keyword%3D1997%2520%25C3%25A9vi%2520CLIV\"><strong>1997. \u00e9vi CLIV. t\u00f6rv\u00e9ny<\/strong> az eg\u00e9szs\u00e9g\u00fcgyr\u0151l<\/a><\/li>\n<li><a href=\"https:\/\/net.jogtar.hu\/jogszabaly?docid=99700047.tv\"><strong>1997. \u00e9vi XLVII. t\u00f6rv\u00e9ny<\/strong> az eg\u00e9szs\u00e9g\u00fcgyi \u00e9s a hozz\u00e1juk kapcsol\u00f3d\u00f3 szem\u00e9lyes adatok kezel\u00e9s\u00e9r\u0151l \u00e9s v\u00e9delm\u00e9r\u0151l<\/a><\/li>\n<li><a href=\"https:\/\/net.jogtar.hu\/jogszabaly?docid=a0200023.eum\"><strong>23\/2002. (V. 9.) E\u00fcM rendelet<\/strong> az emberen v\u00e9gzett orvostudom\u00e1nyi kutat\u00e1sokr\u00f3l<\/a><\/li>\n<li><a href=\"https:\/\/net.jogtar.hu\/jogszabaly?docid=a0500035.eum\"><strong>35\/2005. (VIII. 26.) E\u00fcM rendelet<\/strong> az emberi felhaszn\u00e1l\u00e1sra ker\u00fcl\u0151 vizsg\u00e1lati k\u00e9sz\u00edtm\u00e9nyek klinikai vizsg\u00e1lat\u00e1r\u00f3l \u00e9s a helyes klinikai gyakorlat alkalmaz\u00e1s\u00e1r\u00f3l<\/a><\/li>\n<li><a href=\"https:\/\/net.jogtar.hu\/jogszabaly?docid=A0900235.KOR&amp;searchUrl=\/gyorskereso?keyword%3D235\/2009\"><strong>235\/2009. (X. 20.) Korm. rendelet<\/strong> az emberen v\u00e9gzett orvostudom\u00e1nyi kutat\u00e1sok, az emberi felhaszn\u00e1l\u00e1sra ker\u00fcl\u0151 vizsg\u00e1lati k\u00e9sz\u00edtm\u00e9nyek klinikai vizsg\u00e1lata, valamint az emberen t\u00f6rt\u00e9n\u0151 alkalmaz\u00e1sra szolg\u00e1l\u00f3, klinikai vizsg\u00e1latra sz\u00e1nt orvostechnikai eszk\u00f6z\u00f6k klinikai vizsg\u00e1lata enged\u00e9lyez\u00e9si elj\u00e1r\u00e1s\u00e1nak szab\u00e1lyair\u00f3l<\/a><\/li>\n<li><a href=\"https:\/\/net.jogtar.hu\/jogszabaly?docid=A0800021.TV&amp;searchUrl=\/gyorskereso?keyword%3D2008%2520XXI\"><strong>2008. \u00e9vi XXI. t\u00f6rv\u00e9ny<\/strong> a hum\u00e1ngenetikai adatok v\u00e9delm\u00e9r\u0151l, a hum\u00e1ngenetikai vizsg\u00e1latok \u00e9s kutat\u00e1sok, valamint a biobankok m\u0171k\u00f6d\u00e9s\u00e9nek szab\u00e1lyair\u00f3l<\/a><\/li>\n<li><a href=\"https:\/\/net.jogtar.hu\/jogszabaly?docid=a1700531.kor\"><strong>531\/2017. (XII. 29.) Korm. rendelet<\/strong> az egyes k\u00f6z\u00e9rdeken alapul\u00f3 k\u00e9nyszer\u00edt\u0151 indok alapj\u00e1n elj\u00e1r\u00f3 szakhat\u00f3s\u00e1gok kijel\u00f6l\u00e9s\u00e9r\u0151l<\/a><\/li>\n<\/ul>\n","protected":false},"excerpt":{"rendered":"<p><a href=\"https:\/\/net.jogtar.hu\/jogszabaly?docid=99700154.TV&amp;searchUrl=\/gyorskereso?keyword%3D1997%2520%25C3%25A9vi%2520CLIV\">1997. \u00e9vi CLIV. t\u00f6rv\u00e9ny az eg\u00e9szs\u00e9g\u00fcgyr\u0151l<\/a><br \/>\n<a href=\"https:\/\/net.jogtar.hu\/jogszabaly?docid=99700047.tv\">1997. \u00e9vi XLVII. t\u00f6rv\u00e9ny az eg\u00e9szs\u00e9g\u00fcgyi \u00e9s a hozz\u00e1juk kapcsol\u00f3d\u00f3 szem\u00e9lyes adatok kezel\u00e9s\u00e9r\u0151l \u00e9s v\u00e9delm\u00e9r\u0151l<\/a><br \/>\n<a href=\"https:\/\/net.jogtar.hu\/jogszabaly?docid=a0200023.eum\">23\/2002. (V. 9.) E\u00fcM rendelet az emberen v\u00e9gzett orvostudom\u00e1nyi kutat\u00e1sokr\u00f3l<\/a><br \/>\n<a href=\"https:\/\/net.jogtar.hu\/jogszabaly?docid=a0500035.eum\">35\/2005. (VIII. 26.) E\u00fcM rendelet az emberi felhaszn\u00e1l\u00e1sra ker\u00fcl\u0151 vizsg\u00e1lati k\u00e9sz\u00edtm\u00e9nyek klinikai vizsg\u00e1lat\u00e1r\u00f3l \u00e9s a helyes klinikai gyakorlat alkalmaz\u00e1s\u00e1r\u00f3l<\/a><br \/>\n<a href=\"https:\/\/net.jogtar.hu\/jogszabaly?docid=A0900235.KOR&amp;searchUrl=\/gyorskereso?keyword%3D235\/2009\">235\/2009. (X. 20.) Korm. rendelet az emberen v\u00e9gzett orvostudom\u00e1nyi kutat\u00e1sok, az emberi felhaszn\u00e1l\u00e1sra ker\u00fcl\u0151 vizsg\u00e1lati k\u00e9sz\u00edtm\u00e9nyek klinikai vizsg\u00e1lata, valamint az emberen t\u00f6rt\u00e9n\u0151 alkalmaz\u00e1sra szolg\u00e1l\u00f3, klinikai vizsg\u00e1latra sz\u00e1nt orvostechnikai eszk\u00f6z\u00f6k klinikai vizsg\u00e1lata enged\u00e9lyez\u00e9si elj\u00e1r\u00e1s\u00e1nak szab\u00e1lyair\u00f3l<\/a><br \/>\n<a href=\"https:\/\/net.jogtar.hu\/jogszabaly?docid=A0800021.TV&amp;searchUrl=\/gyorskereso?keyword%3D2008%2520XXI\">2008. \u00e9vi XXI. t\u00f6rv\u00e9ny a hum\u00e1ngenetikai adatok v\u00e9delm\u00e9r\u0151l, a hum\u00e1ngenetikai vizsg\u00e1latok \u00e9s kutat\u00e1sok, valamint a biobankok m\u0171k\u00f6d\u00e9s\u00e9nek szab\u00e1lyair\u00f3l<\/a><br \/>\n<a href=\"https:\/\/net.jogtar.hu\/jogszabaly?docid=a1700531.kor\">531\/2017. (XII. 29.) Korm. rendelet az egyes k\u00f6z\u00e9rdeken alapul\u00f3 k\u00e9nyszer\u00edt\u0151 indok alapj\u00e1n elj\u00e1r\u00f3 szakhat\u00f3s\u00e1gok kijel\u00f6l\u00e9s\u00e9r\u0151l<\/a><\/p>\n","protected":false},"author":12,"featured_media":0,"parent":0,"menu_order":4,"comment_status":"closed","ping_status":"closed","template":"","meta":{"_acf_changed":false,"footnotes":""},"categories":[],"tags":[],"class_list":["post-39","page","type-page","status-publish","hentry"],"acf":[],"_links":{"self":[{"href":"https:\/\/semmelweis.hu\/rkeb\/wp-json\/wp\/v2\/pages\/39","targetHints":{"allow":["GET"]}}],"collection":[{"href":"https:\/\/semmelweis.hu\/rkeb\/wp-json\/wp\/v2\/pages"}],"about":[{"href":"https:\/\/semmelweis.hu\/rkeb\/wp-json\/wp\/v2\/types\/page"}],"author":[{"embeddable":true,"href":"https:\/\/semmelweis.hu\/rkeb\/wp-json\/wp\/v2\/users\/12"}],"replies":[{"embeddable":true,"href":"https:\/\/semmelweis.hu\/rkeb\/wp-json\/wp\/v2\/comments?post=39"}],"version-history":[{"count":10,"href":"https:\/\/semmelweis.hu\/rkeb\/wp-json\/wp\/v2\/pages\/39\/revisions"}],"predecessor-version":[{"id":334,"href":"https:\/\/semmelweis.hu\/rkeb\/wp-json\/wp\/v2\/pages\/39\/revisions\/334"}],"wp:attachment":[{"href":"https:\/\/semmelweis.hu\/rkeb\/wp-json\/wp\/v2\/media?parent=39"}],"wp:term":[{"taxonomy":"category","embeddable":true,"href":"https:\/\/semmelweis.hu\/rkeb\/wp-json\/wp\/v2\/categories?post=39"},{"taxonomy":"post_tag","embeddable":true,"href":"https:\/\/semmelweis.hu\/rkeb\/wp-json\/wp\/v2\/tags?post=39"}],"curies":[{"name":"wp","href":"https:\/\/api.w.org\/{rel}","templated":true}]}}