{"id":36,"date":"2013-11-22T09:17:15","date_gmt":"2013-11-22T08:17:15","guid":{"rendered":"http:\/\/semmelweis.hu\/tukeb\/?page_id=36"},"modified":"2025-12-18T13:35:07","modified_gmt":"2025-12-18T12:35:07","slug":"ulesek","status":"publish","type":"page","link":"https:\/\/semmelweis.hu\/rkeb\/ulesek\/","title":{"rendered":"\u00dcl\u00e9sek"},"content":{"rendered":"<p>A Semmelweis Egyetem Region\u00e1lis, Int\u00e9zm\u00e9nyi Tudom\u00e1nyos \u00e9s Kutat\u00e1setikai Bizotts\u00e1g <strong>2026. \u00e9vben<\/strong> az al\u00e1bbi id\u0151pontokban tartja \u00fcl\u00e9seit:<\/p>\n<ul type=\"disc\">\n<li class=\"v1MsoNormal\">Janu\u00e1r 27.<\/li>\n<li class=\"v1MsoNormal\">Febru\u00e1r 24.<\/li>\n<li class=\"v1MsoNormal\">M\u00e1rcius 31.<\/li>\n<li class=\"v1MsoNormal\">\u00c1prilis 28.<\/li>\n<li class=\"v1MsoNormal\">M\u00e1jus 26.<\/li>\n<li class=\"v1MsoNormal\">J\u00fanius 30.<\/li>\n<li class=\"v1MsoNormal\">J\u00falius 28.<\/li>\n<li class=\"v1MsoNormal\">Augusztus: nincs \u00fcl\u00e9s<\/li>\n<li class=\"v1MsoNormal\">Szeptember 29.<\/li>\n<li class=\"v1MsoNormal\">Okt\u00f3ber 27.<\/li>\n<li class=\"v1MsoNormal\">November 24.<\/li>\n<li class=\"v1MsoNormal\">December 15.<\/li>\n<\/ul>\n<p class=\"v1MsoNormal\">A kutat\u00e1si k\u00e9relmeket, legk\u00e9s\u0151bb, az \u00fcl\u00e9s el\u0151tt egy h\u00e9ttel (<b>azaz legk\u00e9s\u0151bb az \u00fcl\u00e9st megel\u0151z\u0151 kedden<\/b>) k\u00e9rj\u00fck a Bizotts\u00e1ghoz eljuttatni.<\/p>\n","protected":false},"excerpt":{"rendered":"<p>A Semmelweis Egyetem Region\u00e1lis, Int\u00e9zm\u00e9nyi Tudom\u00e1nyos \u00e9s Kutat\u00e1setikai Bizotts\u00e1g 2026. \u00e9vben az al\u00e1bbi id\u0151pontokban tartja \u00fcl\u00e9seit: Janu\u00e1r 27. Febru\u00e1r 24. M\u00e1rcius 31. \u00c1prilis 28. M\u00e1jus 26. J\u00fanius 30. J\u00falius 28. Augusztus: nincs \u00fcl\u00e9s Szeptember 29. Okt\u00f3ber 27. November 24. December 15. A kutat\u00e1si k\u00e9relmeket, legk\u00e9s\u0151bb, az \u00fcl\u00e9s el\u0151tt egy h\u00e9ttel (azaz legk\u00e9s\u0151bb az \u00fcl\u00e9st megel\u0151z\u0151 &hellip;<\/p>\n","protected":false},"author":12,"featured_media":0,"parent":0,"menu_order":3,"comment_status":"closed","ping_status":"closed","template":"","meta":{"_acf_changed":false,"footnotes":""},"categories":[],"tags":[],"class_list":["post-36","page","type-page","status-publish","hentry"],"acf":[],"_links":{"self":[{"href":"https:\/\/semmelweis.hu\/rkeb\/wp-json\/wp\/v2\/pages\/36","targetHints":{"allow":["GET"]}}],"collection":[{"href":"https:\/\/semmelweis.hu\/rkeb\/wp-json\/wp\/v2\/pages"}],"about":[{"href":"https:\/\/semmelweis.hu\/rkeb\/wp-json\/wp\/v2\/types\/page"}],"author":[{"embeddable":true,"href":"https:\/\/semmelweis.hu\/rkeb\/wp-json\/wp\/v2\/users\/12"}],"replies":[{"embeddable":true,"href":"https:\/\/semmelweis.hu\/rkeb\/wp-json\/wp\/v2\/comments?post=36"}],"version-history":[{"count":11,"href":"https:\/\/semmelweis.hu\/rkeb\/wp-json\/wp\/v2\/pages\/36\/revisions"}],"predecessor-version":[{"id":350,"href":"https:\/\/semmelweis.hu\/rkeb\/wp-json\/wp\/v2\/pages\/36\/revisions\/350"}],"wp:attachment":[{"href":"https:\/\/semmelweis.hu\/rkeb\/wp-json\/wp\/v2\/media?parent=36"}],"wp:term":[{"taxonomy":"category","embeddable":true,"href":"https:\/\/semmelweis.hu\/rkeb\/wp-json\/wp\/v2\/categories?post=36"},{"taxonomy":"post_tag","embeddable":true,"href":"https:\/\/semmelweis.hu\/rkeb\/wp-json\/wp\/v2\/tags?post=36"}],"curies":[{"name":"wp","href":"https:\/\/api.w.org\/{rel}","templated":true}]}}