{"id":308,"date":"2025-07-24T10:40:04","date_gmt":"2025-07-24T08:40:04","guid":{"rendered":"https:\/\/semmelweis.hu\/rkeb\/?page_id=308"},"modified":"2025-07-24T10:41:01","modified_gmt":"2025-07-24T08:41:01","slug":"bizottsag","status":"publish","type":"page","link":"https:\/\/semmelweis.hu\/rkeb\/bizottsag\/","title":{"rendered":"Bizotts\u00e1g"},"content":{"rendered":"<p><strong>A Bizotts\u00e1g \u00f6sszet\u00e9tele:<\/strong><\/p>\n<p><strong>Eln\u00f6k:<\/strong><\/p>\n<p><strong>Dr. D\u00f3sa \u00c1gnes egyetemi docens \u2013\u00a0<\/strong>orvos-jog\u00e1sz<br \/>\n(Semmelweis Egyetem Magatart\u00e1studom\u00e1nyi Int\u00e9zet)<\/p>\n<p><strong>Titk\u00e1r:<\/strong><\/p>\n<p><strong>Prof. Dr. S\u00f3tonyi P\u00e9ter<\/strong>\u00a0\u2013 igazs\u00e1g\u00fcgyi orvosszak\u00e9rt\u0151<br \/>\n(Semmelweis Egyetem Patol\u00f3giai, Igazs\u00e1g\u00fcgyi \u00e9s Biztos\u00edt\u00e1s Orvostani Int\u00e9zet)<\/p>\n<p><strong>Tagok:<\/strong><\/p>\n<p><strong>Dr. B\u00e9res Tam\u00e1s egyetemi adjunktus<\/strong>\u00a0\u2013 teol\u00f3gus<strong><br \/>\n<\/strong>(Evang\u00e9likus Hittudom\u00e1nyi Egyetem Rendszeres Teol\u00f3giai Tansz\u00e9k)<strong>\u00a0 \u00a0 \u00a0 \u00a0<\/strong><\/p>\n<p><strong>Dr. Pethesn\u00e9 D\u00e1vid Be\u00e1ta egyetemi tan\u00e1r\u00a0<\/strong>\u2013\u00a0ment\u00e1lhigi\u00e9n\u00e9, szociol\u00f3gus<strong><br \/>\n<\/strong>(Semmelweis Egyetem Ment\u00e1lhigi\u00e9n\u00e9 Int\u00e9zet)<\/p>\n<p><strong>L\u00e1ng Tiborn\u00e9\u00a0 \u2013\u00a0<\/strong>klinikavezet\u0151 f\u0151n\u0151v\u00e9r<br \/>\n(Semmelweis Egyetem Szem\u00e9szeti Klinika)<\/p>\n<p><strong>Sz\u00e9l Ferencn\u00e9 \u2013\u00a0<\/strong>a Bizotts\u00e1g laikus tagja<\/p>\n<p><strong>Dr. K\u00f6les L\u00e1szl\u00f3 egyetemi docens<\/strong>\u00a0\u2013 farmakol\u00f3gus<br \/>\n(Semmelweis Egyetem Farmakol\u00f3giai \u00e9s Farmakoter\u00e1pi\u00e1s Int\u00e9zet)<\/p>\n<p>\u00a0<strong>Dr. M\u00e1rton Krisztina egyetemi tan\u00e1r<\/strong>\u00a0fogorvos<br \/>\n(Semmelweis Egyetem FOK Propedeutikai Tansz\u00e9k)<\/p>\n<p><strong>Dr. Molvarec Attila egyetemi tan\u00e1r<\/strong>\u00a0\u2013\u00a0 sz\u00fcl\u00e9sz-n\u0151gy\u00f3gy\u00e1sz<br \/>\n\u00a0(Semmelweis Egyetem Sz\u00fcl\u00e9szeti \u00e9s N\u0151gy\u00f3gy\u00e1szati Klinika)<\/p>\n<p><strong>Dr. Somogyi Anik\u00f3 egyetemi tan\u00e1r<\/strong>\u00a0 \u2013\u00a0belgy\u00f3gy\u00e1sz<br \/>\n(Semmelweis Egyetem Belgy\u00f3gy\u00e1szati \u00e9s Hematol\u00f3giai Klinika)<\/p>\n<p><strong>Dr. Szil\u00e1gyi Gy\u00f6rgy<\/strong>\u00a0\u2013 foglalkoz\u00e1s-eg\u00e9szs\u00e9g\u00fcgyi orvos, sportorvos, igazs\u00e1g\u00fcgyi orvos<br \/>\n(Semmelweis Egyetem Patol\u00f3giai, Igazs\u00e1g\u00fcgyi \u00e9s\u00a0Biztos\u00edt\u00e1si Orvostani Int\u00e9zet)<\/p>\n<p><strong>\u00a0Dr. Tak\u00e1cs Istv\u00e1n egyetemi tan\u00e1r<\/strong>\u00a0 \u2013 belgy\u00f3gy\u00e1sz, farmakol\u00f3gus<br \/>\n\u00a0(Semmelweis Egyetem Belgy\u00f3gy\u00e1szati \u00e9s Onkol\u00f3giai Klinika)<\/p>\n<p><strong>Dr. Zana \u00c1gnes egyetemi docens\u00a0\u00a0<\/strong>\u2013<strong>\u00a0<\/strong>bioetikus<br \/>\n(Semmelweis Egyetem Magatart\u00e1studom\u00e1nyi Int\u00e9zet)<\/p>\n<p><strong>Adminisztr\u00e1ci\u00f3 vezet\u0151je: Nagy \u00c1rp\u00e1dn\u00e9<br \/>\n<\/strong>(Semmelweis Egyetem Patol\u00f3giai, Igazs\u00e1g\u00fcgyi \u00e9s\u00a0Biztos\u00edt\u00e1si Orvostani Int\u00e9zet)<\/p>\n<p>&nbsp;<\/p>\n<p><strong>Dr. Madl\u00e9na Melinda egyetemi tan\u00e1r eseti k\u00fcls\u0151 tag<\/strong><\/p>\n","protected":false},"excerpt":{"rendered":"<p>A Bizotts\u00e1g \u00f6sszet\u00e9tele: Eln\u00f6k: Dr. D\u00f3sa \u00c1gnes egyetemi docens \u2013\u00a0orvos-jog\u00e1sz (Semmelweis Egyetem Magatart\u00e1studom\u00e1nyi Int\u00e9zet) Titk\u00e1r: Prof. Dr. S\u00f3tonyi P\u00e9ter\u00a0\u2013 igazs\u00e1g\u00fcgyi orvosszak\u00e9rt\u0151 (Semmelweis Egyetem Patol\u00f3giai, Igazs\u00e1g\u00fcgyi \u00e9s Biztos\u00edt\u00e1s Orvostani Int\u00e9zet) Tagok: Dr. B\u00e9res Tam\u00e1s egyetemi adjunktus\u00a0\u2013 teol\u00f3gus (Evang\u00e9likus Hittudom\u00e1nyi Egyetem Rendszeres Teol\u00f3giai Tansz\u00e9k)\u00a0 \u00a0 \u00a0 \u00a0 Dr. Pethesn\u00e9 D\u00e1vid Be\u00e1ta egyetemi tan\u00e1r\u00a0\u2013\u00a0ment\u00e1lhigi\u00e9n\u00e9, szociol\u00f3gus (Semmelweis Egyetem Ment\u00e1lhigi\u00e9n\u00e9 &hellip;<\/p>\n","protected":false},"author":136,"featured_media":0,"parent":0,"menu_order":3,"comment_status":"closed","ping_status":"closed","template":"","meta":{"_acf_changed":false,"footnotes":""},"categories":[],"tags":[],"class_list":["post-308","page","type-page","status-publish","hentry"],"acf":[],"_links":{"self":[{"href":"https:\/\/semmelweis.hu\/rkeb\/wp-json\/wp\/v2\/pages\/308","targetHints":{"allow":["GET"]}}],"collection":[{"href":"https:\/\/semmelweis.hu\/rkeb\/wp-json\/wp\/v2\/pages"}],"about":[{"href":"https:\/\/semmelweis.hu\/rkeb\/wp-json\/wp\/v2\/types\/page"}],"author":[{"embeddable":true,"href":"https:\/\/semmelweis.hu\/rkeb\/wp-json\/wp\/v2\/users\/136"}],"replies":[{"embeddable":true,"href":"https:\/\/semmelweis.hu\/rkeb\/wp-json\/wp\/v2\/comments?post=308"}],"version-history":[{"count":1,"href":"https:\/\/semmelweis.hu\/rkeb\/wp-json\/wp\/v2\/pages\/308\/revisions"}],"predecessor-version":[{"id":309,"href":"https:\/\/semmelweis.hu\/rkeb\/wp-json\/wp\/v2\/pages\/308\/revisions\/309"}],"wp:attachment":[{"href":"https:\/\/semmelweis.hu\/rkeb\/wp-json\/wp\/v2\/media?parent=308"}],"wp:term":[{"taxonomy":"category","embeddable":true,"href":"https:\/\/semmelweis.hu\/rkeb\/wp-json\/wp\/v2\/categories?post=308"},{"taxonomy":"post_tag","embeddable":true,"href":"https:\/\/semmelweis.hu\/rkeb\/wp-json\/wp\/v2\/tags?post=308"}],"curies":[{"name":"wp","href":"https:\/\/api.w.org\/{rel}","templated":true}]}}