{"id":13,"date":"2012-09-11T15:40:47","date_gmt":"2012-09-11T13:40:47","guid":{"rendered":"http:\/\/semmelweis-egyetem.hu\/onkoterapiai-tanszek\/?page_id=5"},"modified":"2025-08-27T07:36:09","modified_gmt":"2025-08-27T05:36:09","slug":"altalanos-informaciok","status":"publish","type":"page","link":"https:\/\/semmelweis.hu\/rkeb\/","title":{"rendered":"\u00c1ltal\u00e1nos inform\u00e1ci\u00f3k"},"content":{"rendered":"<p style=\"text-align: justify\"><strong>A Semmelweis Egyetem Region\u00e1lis, Int\u00e9zm\u00e9nyi Tudom\u00e1nyos Kutat\u00e1setikai Bizotts\u00e1ga (SE RKEB)<\/strong> a Semmelweis Egyetem Patol\u00f3giai, Igazs\u00e1g\u00fcgyi \u00e9s Biztos\u00edt\u00e1s-orvostani Int\u00e9zet\u00e9ben\u00a0m\u0171k\u00f6dik, c\u00edm: 1091 Budapest, \u00dcll\u0151i \u00fat 93.<\/p>\n<p style=\"text-align: justify\">A SE RKEB l\u00e1tja el a Semmelweis Egyetemen \u00e9s int\u00e9zm\u00e9nyeiben foly\u00f3 orvostudom\u00e1nyi kutat\u00e1sokkal \u00e9s klinikai vizsg\u00e1latokkal kapcsolatban az int\u00e9zm\u00e9nyi kutat\u00e1setikai bizotts\u00e1g feladatait, valamint az emberen v\u00e9gzett orvostudom\u00e1nyi kutat\u00e1sra vonatkoz\u00f3 23\/2002.(V.9.) E\u00fcM rendelet mell\u00e9klete alapj\u00e1n a Semmelweis Egyetem\u00a0 int\u00e9zm\u00e9nyei tekintet\u00e9ben a region\u00e1lis kutat\u00e1setikai bizotts\u00e1g feladatait.<\/p>\n<p style=\"text-align: justify\"><strong>Region\u00e1lis kutat\u00e1setikai feladatai k\u00f6r\u00e9ben 2025. j\u00falius 1-j\u00e9t\u0151l a SE RKEB enged\u00e9lyezi a Semmelweis Egyetemen tervezett, beavatkoz\u00e1ssal nem j\u00e1r\u00f3 kutat\u00e1sokat, ha abban kiz\u00e1r\u00f3lag az SE int\u00e9zm\u00e9nyei vesznek r\u00e9szt (egy vagy t\u00f6bb SE klinika, ill. int\u00e9zet)<\/strong>.<\/p>\n<p style=\"text-align: justify\"><strong>Beavatkoz\u00e1ssal j\u00e1r\u00f3 kutat\u00e1snak <\/strong>min\u0151s\u00fcl<strong>, <\/strong>ha a kutat\u00e1s \u00e9rdek\u00e9ben elt\u00e9rnek a szok\u00e1sos diagnosztikai \u00e9s ter\u00e1pi\u00e1s elj\u00e1r\u00e1st\u00f3l.<\/p>\n<p>Ide tartozik t\u00f6bbek k\u00f6z\u00f6tt minden olyan kutat\u00e1s,<\/p>\n<ul>\n<li>amelyben a kutat\u00e1s \u00e9rdek\u00e9ben eg\u00e9szs\u00e9ges \u00f6nk\u00e9nteseket vonnak be, vagy<\/li>\n<li>amely sor\u00e1n az alanyokat b\u00e1rmilyen m\u00e9rt\u00e9k\u0171 \u00e9s jelleg\u0171 fizikai terhel\u00e9s \u00e9ri, vagy<\/li>\n<li>ha olyan m\u00e9r\u00e9seket v\u00e9geznek az alanyokon, amely elj\u00e1r\u00e1s egy\u00e9bk\u00e9nt nem t\u00f6rt\u00e9nne meg vel\u00fck\/rajtuk, pl. ny\u00e1l \u00e9s b\u0151r mintav\u00e9tel, vagy<\/li>\n<li>ha a kutat\u00e1s \u00e9rdek\u00e9ben olyan mennyis\u00e9g\u0171 plusz v\u00e9rt vesznek le, mely volumene feln\u0151ttek eset\u00e9ben t\u00f6bb mint 10 ml, vagy<\/li>\n<li>ha az alanyokat k\u00e9t, vagy t\u00f6bb csoportra osztj\u00e1k az\u00e9rt, hogy a csoportok ne ugyanabban az elj\u00e1r\u00e1sban r\u00e9szes\u00fcljenek, vagy<\/li>\n<li>ha \u00e9trendkieg\u00e9sz\u00edt\u0151t terveznek vizsg\u00e1lni, vagy<\/li>\n<li>ha embri\u00f3kkal, ivarsejtekkel, \u0151ssejtekkel v\u00e9gzend\u0151 beavatkoz\u00e1ssal j\u00e1r\u00f3 vizsg\u00e1latot, illetve beavatkoz\u00e1ssal nem j\u00e1r\u00f3 vizsg\u00e1latot terveznek, vagy<\/li>\n<li>ha Magyarorsz\u00e1gon m\u00e9g nem elfogadott, \u00faj megel\u0151z\u0151, ter\u00e1pi\u00e1s vagy diagnosztikus elj\u00e1r\u00e1st, m\u00f3dszert, terveznek alkalmazni, ha azzal \u00f6sszef\u00fcgg\u00e9sben a betegen invaz\u00edv beavatkoz\u00e1st v\u00e9geznek, vagy<\/li>\n<li>ha genetikailag determin\u00e1lt betegs\u00e9g kialakul\u00e1s\u00e1val, jellegzetess\u00e9geivel foglalkoz\u00f3, a popul\u00e1ci\u00f3s genetika, szomatikus genetika, genetikai epidemiol\u00f3giai k\u00e9rd\u00e9sk\u00f6rre ir\u00e1nyul\u00f3 kutat\u00e1st terveznek.<\/li>\n<\/ul>\n<p style=\"text-align: justify\"><strong>Beavatkoz\u00e1ssal nem j\u00e1r\u00f3 kutat\u00e1snak<\/strong> min\u0151s\u00fcl, ha kutat\u00e1s \u00e9rdek\u00e9ben semmilyen j\u00e1rul\u00e9kos plusz beavatkoz\u00e1s nem t\u00f6rt\u00e9nik \u00e9s a szok\u00e1sos diagnosztikai \u00e9s ter\u00e1pi\u00e1s elj\u00e1r\u00e1st alkalmazz\u00e1k, azaz a kutat\u00e1s sor\u00e1n v\u00e9gzett elj\u00e1r\u00e1s nem t\u00e9r el a megszokott eg\u00e9szs\u00e9g\u00fcgyi ell\u00e1t\u00e1st\u00f3l.<\/p>\n<p>Beavatkoz\u00e1ssal nem j\u00e1r\u00f3 vizsg\u00e1latnak min\u0151s\u00fclnek k\u00fcl\u00f6n\u00f6sen a<\/p>\n<ul>\n<li>biztons\u00e1goss\u00e1gi,<\/li>\n<li>farmako\u00f6kon\u00f3miai,<\/li>\n<li>\u00e9letmin\u0151s\u00e9gi,<\/li>\n<li>epidemiol\u00f3giai,<\/li>\n<li>compliance\/perzisztencia,<\/li>\n<li>obszerv\u00e1ci\u00f3s kohorsz,<\/li>\n<li>retrospekt\u00edv eset-kontroll,<\/li>\n<li>\u00e9s egy\u00e9b obszerv\u00e1ci\u00f3s vizsg\u00e1latok.<\/li>\n<\/ul>\n<p style=\"text-align: justify\">Az ETT TUKEB kor\u00e1bbi gyakorlata alapj\u00e1n ide soroland\u00f3k m\u00e9g a k\u00e9rd\u0151\u00edves m\u00f3dszerrel pap\u00edron, vagy elektronikusan online fel\u00fcleteken v\u00e9gzett, illetve a betegdokument\u00e1ci\u00f3 adatain anonimiz\u00e1lt m\u00f3don, vagy anonim adatb\u00e1zisok felhaszn\u00e1l\u00e1s\u00e1val v\u00e9gzett vizsg\u00e1latok is.<\/p>\n","protected":false},"excerpt":{"rendered":"<p>A Semmelweis Egyetem Region\u00e1lis, Int\u00e9zm\u00e9nyi Tudom\u00e1nyos Kutat\u00e1setikai Bizotts\u00e1ga (SE RKEB) a Semmelweis Egyetem Patol\u00f3giai, Igazs\u00e1g\u00fcgyi \u00e9s Biztos\u00edt\u00e1s-orvostani Int\u00e9zet\u00e9ben\u00a0m\u0171k\u00f6dik, c\u00edm: 1091 Budapest, \u00dcll\u0151i \u00fat 93. A SE RKEB l\u00e1tja el a Semmelweis Egyetemen \u00e9s int\u00e9zm\u00e9nyeiben foly\u00f3 orvostudom\u00e1nyi kutat\u00e1sokkal \u00e9s klinikai vizsg\u00e1latokkal kapcsolatban az int\u00e9zm\u00e9nyi kutat\u00e1setikai bizotts\u00e1g feladatait, valamint az emberen v\u00e9gzett orvostudom\u00e1nyi kutat\u00e1sra vonatkoz\u00f3 23\/2002.(V.9.) E\u00fcM &hellip;<\/p>\n","protected":false},"author":12,"featured_media":0,"parent":0,"menu_order":1,"comment_status":"closed","ping_status":"closed","template":"","meta":{"_acf_changed":false,"footnotes":""},"categories":[],"tags":[],"class_list":["post-13","page","type-page","status-publish","hentry"],"acf":[],"_links":{"self":[{"href":"https:\/\/semmelweis.hu\/rkeb\/wp-json\/wp\/v2\/pages\/13","targetHints":{"allow":["GET"]}}],"collection":[{"href":"https:\/\/semmelweis.hu\/rkeb\/wp-json\/wp\/v2\/pages"}],"about":[{"href":"https:\/\/semmelweis.hu\/rkeb\/wp-json\/wp\/v2\/types\/page"}],"author":[{"embeddable":true,"href":"https:\/\/semmelweis.hu\/rkeb\/wp-json\/wp\/v2\/users\/12"}],"replies":[{"embeddable":true,"href":"https:\/\/semmelweis.hu\/rkeb\/wp-json\/wp\/v2\/comments?post=13"}],"version-history":[{"count":11,"href":"https:\/\/semmelweis.hu\/rkeb\/wp-json\/wp\/v2\/pages\/13\/revisions"}],"predecessor-version":[{"id":344,"href":"https:\/\/semmelweis.hu\/rkeb\/wp-json\/wp\/v2\/pages\/13\/revisions\/344"}],"wp:attachment":[{"href":"https:\/\/semmelweis.hu\/rkeb\/wp-json\/wp\/v2\/media?parent=13"}],"wp:term":[{"taxonomy":"category","embeddable":true,"href":"https:\/\/semmelweis.hu\/rkeb\/wp-json\/wp\/v2\/categories?post=13"},{"taxonomy":"post_tag","embeddable":true,"href":"https:\/\/semmelweis.hu\/rkeb\/wp-json\/wp\/v2\/tags?post=13"}],"curies":[{"name":"wp","href":"https:\/\/api.w.org\/{rel}","templated":true}]}}