{"id":9,"date":"2024-07-16T13:50:21","date_gmt":"2024-07-16T11:50:21","guid":{"rendered":"https:\/\/semmelweis.hu\/richtertanszek\/?page_id=9"},"modified":"2024-07-16T13:50:21","modified_gmt":"2024-07-16T11:50:21","slug":"oktatok","status":"publish","type":"page","link":"https:\/\/semmelweis.hu\/richtertanszek\/oktatok\/","title":{"rendered":"Oktat\u00f3k"},"content":{"rendered":"<h4><strong>Dr. Lendvai Bal\u00e1zs<\/strong>, MD, PhD, DSc.<\/h4>\n<p><em><strong>Tansz\u00e9kvezet\u0151, egyetemi docens<\/strong><\/em><\/p>\n<p>1103 Budapest, Gy\u00f6mr\u0151i \u00fat 19-21.<br \/>+36-20-240-9058, +36-1-431-7187<br \/><a href=\"mailto:b.lendvai@gedeonrichter.com\">b.lendvai@gedeonrichter.com<\/a><br \/><a href=\"mailto:lendvai.balazs@semmelweis.hu\">lendvai.balazs@semmelweis.hu<\/a><\/p>\n<h4><strong>Dr. Rom\u00e1n Viktor<\/strong>, PhD<\/h4>\n<p><em><strong>egyetemi adjunktus<\/strong><\/em><\/p>\n<p>1103 Budapest, Gy\u00f6mr\u0151i \u00fat 19-21.<br \/>+36-20-512-3957, +36-1-431-6131<br \/><a href=\"mailto:v.roman@gedeonrichter.com\">v.roman@gedeonrichter.com<\/a><br \/><a href=\"mailto:roman.viktor@semmelweis.hu\">roman.viktor@semmelweis.hu<\/a><\/p>\n<h4><strong>Dr. K\u00f3nya Attila<\/strong>, PhD<\/h4>\n<p><em><strong>egyetemi adjunktus<\/strong><\/em><\/p>\n<p>1103 Budapest, Gy\u00f6mr\u0151i \u00fat 19-21.<br \/>+36-20-310-5398<br \/><a href=\"mailto:konyaa@gedeonrichter.com\">konyaa@gedeonrichter.com<\/a><br \/><a href=\"mailto:konya.attila@semmelweis.hu\">konya.attila@semmelweis.hu<\/a><\/p>\n<h4><strong>Dr. Boros Andr\u00e1s<\/strong>, PhD<\/h4>\n<p><em><strong>egyetemi adjunktus<\/strong><\/em><\/p>\n<p>1103 Budapest, Gy\u00f6mr\u0151i \u00fat 19-21.<br \/>+36-20-354-5076, +36-1-431-5281<br \/><a href=\"mailto:a.boros@gedeonrichter.com\">a.boros@gedeonrichter.com<\/a><br \/><a href=\"mailto:boros.andras.gyozo@semmelweis.hu\">boros.andras.gyozo@semmelweis.hu<\/a><\/p>\n","protected":false},"excerpt":{"rendered":"<p>Dr. Lendvai Bal\u00e1zs, MD, PhD, DSc. Tansz\u00e9kvezet\u0151, egyetemi docens 1103 Budapest, Gy\u00f6mr\u0151i \u00fat 19-21.+36-20-240-9058, +36-1-431-7187 <a href=\"mailto:b.lendvai@gedeonrichter.com\">b.lendvai@gedeonrichter.com<\/a> <a href=\"mailto:lendvai.balazs@semmelweis.hu\">lendvai.balazs@semmelweis.hu<\/a> Dr. Rom\u00e1n Viktor, PhD egyetemi adjunktus 1103 Budapest, Gy\u00f6mr\u0151i \u00fat 19-21.+36-20-512-3957, +36-1-431-6131 <a href=\"mailto:v.roman@gedeonrichter.com\">v.roman@gedeonrichter.com<\/a> <a href=\"mailto:roman.viktor@semmelweis.hu\">roman.viktor@semmelweis.hu<\/a> Dr. K\u00f3nya Attila, PhD egyetemi adjunktus 1103 Budapest, Gy\u00f6mr\u0151i \u00fat 19-21.+36-20-310-5398 <a href=\"mailto:konyaa@gedeonrichter.com\">konyaa@gedeonrichter.com<\/a> <a href=\"mailto:konya.attila@semmelweis.hu\">konya.attila@semmelweis.hu<\/a> Dr. Boros Andr\u00e1s, PhD egyetemi adjunktus 1103 Budapest, Gy\u00f6mr\u0151i \u00fat 19-21.+36-20-354-5076, +36-1-431-5281 <a href=\"mailto:a.boros@gedeonrichter.com\">a.boros@gedeonrichter.com<\/a> &hellip;<\/p>\n","protected":false},"author":12,"featured_media":0,"parent":0,"menu_order":2,"comment_status":"closed","ping_status":"closed","template":"","meta":{"_acf_changed":false,"footnotes":""},"categories":[],"tags":[],"class_list":["post-9","page","type-page","status-publish","hentry"],"acf":[],"_links":{"self":[{"href":"https:\/\/semmelweis.hu\/richtertanszek\/wp-json\/wp\/v2\/pages\/9","targetHints":{"allow":["GET"]}}],"collection":[{"href":"https:\/\/semmelweis.hu\/richtertanszek\/wp-json\/wp\/v2\/pages"}],"about":[{"href":"https:\/\/semmelweis.hu\/richtertanszek\/wp-json\/wp\/v2\/types\/page"}],"author":[{"embeddable":true,"href":"https:\/\/semmelweis.hu\/richtertanszek\/wp-json\/wp\/v2\/users\/12"}],"replies":[{"embeddable":true,"href":"https:\/\/semmelweis.hu\/richtertanszek\/wp-json\/wp\/v2\/comments?post=9"}],"version-history":[{"count":1,"href":"https:\/\/semmelweis.hu\/richtertanszek\/wp-json\/wp\/v2\/pages\/9\/revisions"}],"predecessor-version":[{"id":10,"href":"https:\/\/semmelweis.hu\/richtertanszek\/wp-json\/wp\/v2\/pages\/9\/revisions\/10"}],"wp:attachment":[{"href":"https:\/\/semmelweis.hu\/richtertanszek\/wp-json\/wp\/v2\/media?parent=9"}],"wp:term":[{"taxonomy":"category","embeddable":true,"href":"https:\/\/semmelweis.hu\/richtertanszek\/wp-json\/wp\/v2\/categories?post=9"},{"taxonomy":"post_tag","embeddable":true,"href":"https:\/\/semmelweis.hu\/richtertanszek\/wp-json\/wp\/v2\/tags?post=9"}],"curies":[{"name":"wp","href":"https:\/\/api.w.org\/{rel}","templated":true}]}}