{"id":7,"date":"2024-07-16T13:47:03","date_gmt":"2024-07-16T11:47:03","guid":{"rendered":"https:\/\/semmelweis.hu\/richtertanszek\/?page_id=7"},"modified":"2024-07-16T14:10:59","modified_gmt":"2024-07-16T12:10:59","slug":"oktatas","status":"publish","type":"page","link":"https:\/\/semmelweis.hu\/richtertanszek\/oktatas\/","title":{"rendered":"Gradu\u00e1lis oktat\u00e1s"},"content":{"rendered":"<p><strong>A 2024\/25 tan\u00e9vt\u0151l indul a saj\u00e1t tant\u00e1rgy oktat\u00e1sa \u201eGy\u00f3gyszermolekul\u00e1k ipari kutat\u00e1sa, felfedez\u00e9se\u201d c\u00edmmel.<\/strong> A Richter vil\u00e1gsiker\u0171 gy\u00f3gyszere a Cariprazine, amely az USA-ban is piacra ker\u00fclt, a kismolekul\u00e1s gy\u00f3gyszerek kutat\u00e1s\u00e1nak, fejleszt\u00e9s\u00e9nek \u00e9s piacra vitel\u00e9nek minden aspektus\u00e1t \u00e9s folyamat\u00e1t j\u00f3l t\u00fckr\u00f6zi.<\/p>\n<h5>A tant\u00e1rgy<\/h5>\n<ul>\n<li>\u00e1tfog\u00f3 k\u00e9pet ad a hallgat\u00f3k sz\u00e1m\u00e1ra ezekr\u0151l <strong>a gy\u00f3gyszeripari K+F folyamatokr\u00f3l<\/strong>, ennek f\u0151bb elemeir\u0151l \u00e9s h\u00e1tt\u00e9rben \u00e1ll\u00f3 <strong>tud\u00e1sb\u00e1zis<\/strong>\u00e1r\u00f3l;<\/li>\n<li>k\u00fcl\u00f6n\u00f6sen hangs\u00falyt helyez <strong>az ipari preklinikai kutat\u00e1s<\/strong>ra, ahol a gy\u00f3gyszermolekul\u00e1k felfedez\u00e9se megt\u00f6rt\u00e9nik, de kit\u00e9r a <strong>gy\u00f3gyszerjel\u00f6ltek kismolekul\u00e1s fejleszt\u00e9s<\/strong>\u00e9nek a k\u00e9rd\u00e9seire is;<\/li>\n<li>r\u00e9szleteiben mutatja be a <strong>k\u00e9miai kiindul\u00f3pontok lehet\u0151s\u00e9gei<\/strong>t, az <strong>\u00faj c\u00e9lpontok keres\u00e9s\u00e9nek metodik\u00e1j\u00e1t<\/strong>, a farmakol\u00f3giai molekula sz\u0171r\u00e9s, farmakokinetika \u00e9s metabolizmus alapjait, in vivo betegs\u00e9gmodellek \u00e9s <strong>gy\u00f3gyszeripari transzl\u00e1ci\u00f3s kutat\u00e1sok m\u00f3dszertan\u00e1t<\/strong> \u00e9s ennek a jelenlegi kih\u00edv\u00e1sait is;<\/li>\n<li>a <strong>biztons\u00e1gfarmakol\u00f3gia<\/strong> vonatkoz\u00e1s\u00e1ban a preklinikai el\u0151rejelz\u00e9s szerep\u00e9t vil\u00e1g\u00edtja meg.<\/li>\n<\/ul>\n<p>A Richter r\u00e9sz\u00e9r\u0151l az el\u0151ad\u00f3k szakm\u00e1juk kiv\u00e1l\u00f3 szak\u00e9rt\u0151i, akik az oktatott anyagot a h\u00e9tk\u00f6znapokban m\u0171velik.<\/p>\n<div class=\"keretes w-100\">\n<h5>A tant\u00e1rgy szabadon v\u00e1laszthat\u00f3, magyar nyelv\u0171, k\u00e9t f\u00e9l\u00e9ves k\u00e9pz\u00e9s, mely szem\u00e9lyes form\u00e1ban val\u00f3sul meg.<\/h5>\n<\/div>\n<p>&nbsp;<\/p>\n","protected":false},"excerpt":{"rendered":"<p>A 2024\/25 tan\u00e9vt\u0151l indul a saj\u00e1t tant\u00e1rgy oktat\u00e1sa \u201eGy\u00f3gyszermolekul\u00e1k ipari kutat\u00e1sa, felfedez\u00e9se\u201d c\u00edmmel. A Richter vil\u00e1gsiker\u0171 gy\u00f3gyszere a Cariprazine, amely az USA-ban is piacra ker\u00fclt, a kismolekul\u00e1s gy\u00f3gyszerek kutat\u00e1s\u00e1nak, fejleszt\u00e9s\u00e9nek \u00e9s piacra vitel\u00e9nek minden aspektus\u00e1t \u00e9s folyamat\u00e1t j\u00f3l t\u00fckr\u00f6zi. A tant\u00e1rgy \u00e1tfog\u00f3 k\u00e9pet ad a hallgat\u00f3k sz\u00e1m\u00e1ra ezekr\u0151l a gy\u00f3gyszeripari K+F folyamatokr\u00f3l, ennek f\u0151bb elemeir\u0151l &hellip;<\/p>\n","protected":false},"author":12,"featured_media":0,"parent":0,"menu_order":1,"comment_status":"closed","ping_status":"closed","template":"","meta":{"_acf_changed":false,"footnotes":""},"categories":[],"tags":[],"class_list":["post-7","page","type-page","status-publish","hentry"],"acf":[],"_links":{"self":[{"href":"https:\/\/semmelweis.hu\/richtertanszek\/wp-json\/wp\/v2\/pages\/7","targetHints":{"allow":["GET"]}}],"collection":[{"href":"https:\/\/semmelweis.hu\/richtertanszek\/wp-json\/wp\/v2\/pages"}],"about":[{"href":"https:\/\/semmelweis.hu\/richtertanszek\/wp-json\/wp\/v2\/types\/page"}],"author":[{"embeddable":true,"href":"https:\/\/semmelweis.hu\/richtertanszek\/wp-json\/wp\/v2\/users\/12"}],"replies":[{"embeddable":true,"href":"https:\/\/semmelweis.hu\/richtertanszek\/wp-json\/wp\/v2\/comments?post=7"}],"version-history":[{"count":3,"href":"https:\/\/semmelweis.hu\/richtertanszek\/wp-json\/wp\/v2\/pages\/7\/revisions"}],"predecessor-version":[{"id":22,"href":"https:\/\/semmelweis.hu\/richtertanszek\/wp-json\/wp\/v2\/pages\/7\/revisions\/22"}],"wp:attachment":[{"href":"https:\/\/semmelweis.hu\/richtertanszek\/wp-json\/wp\/v2\/media?parent=7"}],"wp:term":[{"taxonomy":"category","embeddable":true,"href":"https:\/\/semmelweis.hu\/richtertanszek\/wp-json\/wp\/v2\/categories?post=7"},{"taxonomy":"post_tag","embeddable":true,"href":"https:\/\/semmelweis.hu\/richtertanszek\/wp-json\/wp\/v2\/tags?post=7"}],"curies":[{"name":"wp","href":"https:\/\/api.w.org\/{rel}","templated":true}]}}