{"id":5,"date":"2024-07-16T13:29:56","date_gmt":"2024-07-16T11:29:56","guid":{"rendered":"https:\/\/semmelweis.hu\/richtertanszek\/?page_id=5"},"modified":"2025-10-09T13:45:45","modified_gmt":"2025-10-09T11:45:45","slug":"bemutatkozas","status":"publish","type":"page","link":"https:\/\/semmelweis.hu\/richtertanszek\/","title":{"rendered":"A Tansz\u00e9kr\u0151l"},"content":{"rendered":"<div class=\"keretes w-100\">\n<p>A <strong>Richter Tansz\u00e9k<\/strong> 2023 szeptember\u00e9ben alakult meg a Semmelweis Egyetemen, a <a href=\"https:\/\/www.gedeonrichter.com\/hu-hu\" target=\"_blank\" rel=\"noopener\">Richter Gedeon Nyrt.<\/a> \u00e9s a <a href=\"https:\/\/semmelweis.hu\/\" target=\"_blank\" rel=\"noopener\">Semmelweis Egyetem<\/a> k\u00f6z\u00f6s elhat\u00e1roz\u00e1s\u00e1val. A Tansz\u00e9k f\u0151\u00e1ll\u00e1s\u00fa dolgoz\u00f3inak \u00e9s a gy\u00f3gyszeriparban dolgoz\u00f3 seg\u00edt\u0151ik oktat\u00f3 munk\u00e1ja a Richtern\u00e9l felgy\u0171lt jelent\u0151s gy\u00f3gyszerkutat\u00e1si tapasztalat \u00e9s k\u00e9pess\u00e9g \u00e1tad\u00e1s\u00e1t c\u00e9lozza a Semmelweis Egyetem sz\u00e1m\u00e1ra.<\/p>\n<\/div>\n<p>Kiemelt c\u00e9lunk, hogy a gy\u00f3gyszerek felfedez\u00e9s\u00e9nek \u00e9s fejleszt\u00e9si folyamat\u00e1nak megismertet\u00e9s\u00e9n kereszt\u00fcl a hallgat\u00f3k a piacon l\u00e9v\u0151 gy\u00f3gyszerek hat\u00e1s\u00e1nak \u00e9rt\u00e9kel\u00e9s\u00e9hez kapjanak eszk\u00f6z\u00f6ket \u00e9s ismereteket. Mindezek meg\u00e9rt\u00e9se az\u00e9rt fontos, mert a gy\u00f3gyszeralkalmaz\u00e1s helyes gyakorlata egy sok \u00f6sszetev\u0151b\u0151l \u00e1ll\u00f3, bonyolult folyamat; mindezeknek a kor sz\u00ednvo<span style=\"font-size: 1rem\">nal\u00e1n val\u00f3 alkalmaz\u00e1sa jelent\u0151s hozz\u00e1adott \u00e9rt\u00e9ket jelent az orvos- \u00e9s gy\u00f3gyszer\u00e9sztudom\u00e1nyok sikere szempontj\u00e1b\u00f3l.<\/span><\/p>\n<h5 style=\"padding-left: 40px\">El\u00e9rhet\u0151s\u00e9g:<\/h5>\n<p style=\"padding-left: 40px\">Titk\u00e1rs\u00e1g: P\u0151sz\u00e9rn\u00e9 Schrick Marianna<br \/>\n1103 Budapest, Gy\u00f6mr\u0151i \u00fat 19-21.<br \/>\nTelefon: +36 1 431 5707<br \/>\nE-mail: <a href=\"mailto:schrickm@gedeonrichter.com\">schrickm@gedeonrichter.com<\/a><\/p>\n<p style=\"padding-left: 40px\">Tanulm\u00e1nyi felel\u0151s: Boros Andr\u00e1s dr.<br \/>\n1103 Budapest, Gy\u00f6mr\u0151i \u00fat 19-21.<br \/>\nTelefon: +36 20 3545076<br \/>\nE-mail: <a href=\"mailto:schrickm@gedeonrichter.com\">a.boros@gedeonrichter.com<\/a><\/p>\n<p>&nbsp;<\/p>\n<p><img loading=\"lazy\" decoding=\"async\" class=\" wp-image-39 aligncenter\" style=\"background-color: #f0f3f6\" src=\"https:\/\/semmelweis.hu\/richtertanszek\/files\/2024\/07\/rg-headings-1-400x126.jpg\" alt=\"\" width=\"1244\" height=\"392\" srcset=\"https:\/\/semmelweis.hu\/richtertanszek\/files\/2024\/07\/rg-headings-1-400x126.jpg 400w, https:\/\/semmelweis.hu\/richtertanszek\/files\/2024\/07\/rg-headings-1-1024x324.jpg 1024w, https:\/\/semmelweis.hu\/richtertanszek\/files\/2024\/07\/rg-headings-1-768x243.jpg 768w, https:\/\/semmelweis.hu\/richtertanszek\/files\/2024\/07\/rg-headings-1-753x238.jpg 753w, https:\/\/semmelweis.hu\/richtertanszek\/files\/2024\/07\/rg-headings-1.jpg 1879w\" sizes=\"auto, (max-width: 1244px) 100vw, 1244px\" \/><\/p>\n<p>&nbsp;<\/p>\n","protected":false},"excerpt":{"rendered":"<p>A Richter Tansz\u00e9k 2023 szeptember\u00e9ben alakult meg a Semmelweis Egyetemen, a <a href=\"https:\/\/www.gedeonrichter.com\/hu-hu\" target=\"_blank\" rel=\"noopener\">Richter Gedeon Nyrt.<\/a> \u00e9s a <a href=\"https:\/\/semmelweis.hu\/\" target=\"_blank\" rel=\"noopener\">Semmelweis Egyetem<\/a> k\u00f6z\u00f6s elhat\u00e1roz\u00e1s\u00e1val. A Tansz\u00e9k f\u0151\u00e1ll\u00e1s\u00fa dolgoz\u00f3inak \u00e9s a gy\u00f3gyszeriparban dolgoz\u00f3 seg\u00edt\u0151ik oktat\u00f3 munk\u00e1ja a Richtern\u00e9l felgy\u0171lt jelent\u0151s gy\u00f3gyszerkutat\u00e1si tapasztalat \u00e9s k\u00e9pess\u00e9g \u00e1tad\u00e1s\u00e1t c\u00e9lozza a Semmelweis Egyetem sz\u00e1m\u00e1ra. Kiemelt c\u00e9lunk, hogy a gy\u00f3gyszerek felfedez\u00e9s\u00e9nek \u00e9s fejleszt\u00e9si folyamat\u00e1nak megismertet\u00e9s\u00e9n kereszt\u00fcl a hallgat\u00f3k a piacon &hellip;<\/p>\n","protected":false},"author":12,"featured_media":0,"parent":0,"menu_order":0,"comment_status":"closed","ping_status":"closed","template":"","meta":{"_acf_changed":false,"footnotes":""},"categories":[],"tags":[],"class_list":["post-5","page","type-page","status-publish","hentry"],"acf":[],"_links":{"self":[{"href":"https:\/\/semmelweis.hu\/richtertanszek\/wp-json\/wp\/v2\/pages\/5","targetHints":{"allow":["GET"]}}],"collection":[{"href":"https:\/\/semmelweis.hu\/richtertanszek\/wp-json\/wp\/v2\/pages"}],"about":[{"href":"https:\/\/semmelweis.hu\/richtertanszek\/wp-json\/wp\/v2\/types\/page"}],"author":[{"embeddable":true,"href":"https:\/\/semmelweis.hu\/richtertanszek\/wp-json\/wp\/v2\/users\/12"}],"replies":[{"embeddable":true,"href":"https:\/\/semmelweis.hu\/richtertanszek\/wp-json\/wp\/v2\/comments?post=5"}],"version-history":[{"count":11,"href":"https:\/\/semmelweis.hu\/richtertanszek\/wp-json\/wp\/v2\/pages\/5\/revisions"}],"predecessor-version":[{"id":74,"href":"https:\/\/semmelweis.hu\/richtertanszek\/wp-json\/wp\/v2\/pages\/5\/revisions\/74"}],"wp:attachment":[{"href":"https:\/\/semmelweis.hu\/richtertanszek\/wp-json\/wp\/v2\/media?parent=5"}],"wp:term":[{"taxonomy":"category","embeddable":true,"href":"https:\/\/semmelweis.hu\/richtertanszek\/wp-json\/wp\/v2\/categories?post=5"},{"taxonomy":"post_tag","embeddable":true,"href":"https:\/\/semmelweis.hu\/richtertanszek\/wp-json\/wp\/v2\/tags?post=5"}],"curies":[{"name":"wp","href":"https:\/\/api.w.org\/{rel}","templated":true}]}}