{"id":18,"date":"2024-07-16T14:09:13","date_gmt":"2024-07-16T12:09:13","guid":{"rendered":"https:\/\/semmelweis.hu\/richtertanszek\/?page_id=18"},"modified":"2024-07-16T14:09:13","modified_gmt":"2024-07-16T12:09:13","slug":"posztgradualis-oktatas","status":"publish","type":"page","link":"https:\/\/semmelweis.hu\/richtertanszek\/posztgradualis-oktatas\/","title":{"rendered":"Posztgradu\u00e1lis oktat\u00e1s"},"content":{"rendered":"<p>A form\u00e1l\u00f3d\u00f3\u00a0<a href=\"https:\/\/semmelweis.hu\/cemdc\/\" target=\"_blank\" rel=\"noopener\"><strong>Semmelweis Farma MBA programhoz<\/strong><\/a>\u00a0a Tansz\u00e9k a preklinikai modulok szervez\u00e9s\u00e9vel \u00e9s lebonyol\u00edt\u00e1s\u00e1val kapcsol\u00f3dik. A tervek szerint ez a program egy angol nyelven foly\u00f3 posztgradu\u00e1lis (MSc-PhD k\u00e9pz\u00e9s). A szakember k\u00e9pz\u00e9s mellett \u00faj, Semmelweis Egyetem \u00e9s a Richter k\u00f6z\u00f6tt egy\u00fcttm\u0171k\u00f6d\u0151 tudom\u00e1nyos csapatok megteremt\u00e9s\u00e9t, \u00faj tudom\u00e1nyos kutat\u00e1si egy\u00fcttm\u0171k\u00f6d\u00e9sek l\u00e9trej\u00f6tt\u00e9t is el\u0151seg\u00edtheti.<\/p>\n<p>Az \u201e<strong>Advanced Clinical Therapy\u201d PhD kurzus<\/strong>\u00a0oktat\u00e1s\u00e1ba gyakorlati oktat\u00e1ssal csatlakozik a Tansz\u00e9k.<\/p>\n","protected":false},"excerpt":{"rendered":"<p>A form\u00e1l\u00f3d\u00f3\u00a0 <a href=\"https:\/\/semmelweis.hu\/cemdc\/\" target=\"_blank\" rel=\"noopener\">Semmelweis Farma MBA programhoz<\/a> \u00a0a Tansz\u00e9k a preklinikai modulok szervez\u00e9s\u00e9vel \u00e9s lebonyol\u00edt\u00e1s\u00e1val kapcsol\u00f3dik. A tervek szerint ez a program egy angol nyelven foly\u00f3 posztgradu\u00e1lis (MSc-PhD k\u00e9pz\u00e9s). A szakember k\u00e9pz\u00e9s mellett \u00faj, Semmelweis Egyetem \u00e9s a Richter k\u00f6z\u00f6tt egy\u00fcttm\u0171k\u00f6d\u0151 tudom\u00e1nyos csapatok megteremt\u00e9s\u00e9t, \u00faj tudom\u00e1nyos kutat\u00e1si egy\u00fcttm\u0171k\u00f6d\u00e9sek l\u00e9trej\u00f6tt\u00e9t is el\u0151seg\u00edtheti. Az \u201eAdvanced Clinical Therapy\u201d PhD kurzus\u00a0oktat\u00e1s\u00e1ba gyakorlati oktat\u00e1ssal csatlakozik &hellip;<\/p>\n","protected":false},"author":12,"featured_media":0,"parent":0,"menu_order":1,"comment_status":"closed","ping_status":"closed","template":"","meta":{"_acf_changed":false,"footnotes":""},"categories":[],"tags":[],"class_list":["post-18","page","type-page","status-publish","hentry"],"acf":[],"_links":{"self":[{"href":"https:\/\/semmelweis.hu\/richtertanszek\/wp-json\/wp\/v2\/pages\/18","targetHints":{"allow":["GET"]}}],"collection":[{"href":"https:\/\/semmelweis.hu\/richtertanszek\/wp-json\/wp\/v2\/pages"}],"about":[{"href":"https:\/\/semmelweis.hu\/richtertanszek\/wp-json\/wp\/v2\/types\/page"}],"author":[{"embeddable":true,"href":"https:\/\/semmelweis.hu\/richtertanszek\/wp-json\/wp\/v2\/users\/12"}],"replies":[{"embeddable":true,"href":"https:\/\/semmelweis.hu\/richtertanszek\/wp-json\/wp\/v2\/comments?post=18"}],"version-history":[{"count":1,"href":"https:\/\/semmelweis.hu\/richtertanszek\/wp-json\/wp\/v2\/pages\/18\/revisions"}],"predecessor-version":[{"id":19,"href":"https:\/\/semmelweis.hu\/richtertanszek\/wp-json\/wp\/v2\/pages\/18\/revisions\/19"}],"wp:attachment":[{"href":"https:\/\/semmelweis.hu\/richtertanszek\/wp-json\/wp\/v2\/media?parent=18"}],"wp:term":[{"taxonomy":"category","embeddable":true,"href":"https:\/\/semmelweis.hu\/richtertanszek\/wp-json\/wp\/v2\/categories?post=18"},{"taxonomy":"post_tag","embeddable":true,"href":"https:\/\/semmelweis.hu\/richtertanszek\/wp-json\/wp\/v2\/tags?post=18"}],"curies":[{"name":"wp","href":"https:\/\/api.w.org\/{rel}","templated":true}]}}