{"id":77,"date":"2025-08-04T14:48:16","date_gmt":"2025-08-04T12:48:16","guid":{"rendered":"https:\/\/semmelweis.hu\/reziliencia-akademia\/?page_id=77"},"modified":"2025-10-12T15:33:42","modified_gmt":"2025-10-12T13:33:42","slug":"gondolatolvasas","status":"publish","type":"page","link":"https:\/\/semmelweis.hu\/reziliencia-akademia\/stresszkezeles\/gondolatolvasas\/","title":{"rendered":"Gondolatolvas\u00e1s"},"content":{"rendered":"<blockquote>\n<p>A val\u00f3s\u00e1gnak mindig vannak hat\u00e1rai, a k\u00e9pzelet viszont hat\u00e1rtalan,<br \/>\navagy mit tegy\u00fcnk gondolatolvas\u00e1s helyett?<\/p>\n<\/blockquote>\n<h1 style=\"text-align: center\">A gondolatolvas\u00e1s \ud83d\udcad<\/h1>\n<p><a href=\"https:\/\/semmelweis.hu\/reziliencia-akademia\/files\/2025\/09\/gondolatolvasas-full.jpg\"><img loading=\"lazy\" decoding=\"async\" class=\"aligncenter  wp-image-306\" src=\"https:\/\/semmelweis.hu\/reziliencia-akademia\/files\/2025\/09\/gondolatolvasas-full-1024x832.jpg\" alt=\"\" width=\"624\" height=\"507\" srcset=\"https:\/\/semmelweis.hu\/reziliencia-akademia\/files\/2025\/09\/gondolatolvasas-full-1024x832.jpg 1024w, https:\/\/semmelweis.hu\/reziliencia-akademia\/files\/2025\/09\/gondolatolvasas-full-400x325.jpg 400w, https:\/\/semmelweis.hu\/reziliencia-akademia\/files\/2025\/09\/gondolatolvasas-full-768x624.jpg 768w, https:\/\/semmelweis.hu\/reziliencia-akademia\/files\/2025\/09\/gondolatolvasas-full-1536x1248.jpg 1536w, https:\/\/semmelweis.hu\/reziliencia-akademia\/files\/2025\/09\/gondolatolvasas-full-753x612.jpg 753w, https:\/\/semmelweis.hu\/reziliencia-akademia\/files\/2025\/09\/gondolatolvasas-full.jpg 1595w\" sizes=\"auto, (max-width: 624px) 100vw, 624px\" \/><\/a><\/p>\n<div class=\"keretes w-100\">\n<h6>Amikor a fenti k\u00e9tfajta automatikus gondolat-t\u00edpus j\u00f6n be a tudatunkba, <span style=\"color: #ff6600\"><strong>GONDOLATOLVAS\u00c1SR\u00d3L<\/strong><\/span> besz\u00e9l\u00fcnk.<\/h6>\n<p><a href=\"https:\/\/semmelweis.hu\/reziliencia-akademia\/files\/2025\/09\/gondolatolvasas-2-kek.png\"><img loading=\"lazy\" decoding=\"async\" class=\"aligncenter size-medium wp-image-308\" src=\"https:\/\/semmelweis.hu\/reziliencia-akademia\/files\/2025\/09\/gondolatolvasas-2-kek-400x133.png\" alt=\"\" width=\"400\" height=\"133\" srcset=\"https:\/\/semmelweis.hu\/reziliencia-akademia\/files\/2025\/09\/gondolatolvasas-2-kek-400x133.png 400w, https:\/\/semmelweis.hu\/reziliencia-akademia\/files\/2025\/09\/gondolatolvasas-2-kek-1024x339.png 1024w, https:\/\/semmelweis.hu\/reziliencia-akademia\/files\/2025\/09\/gondolatolvasas-2-kek-768x255.png 768w, https:\/\/semmelweis.hu\/reziliencia-akademia\/files\/2025\/09\/gondolatolvasas-2-kek-753x250.png 753w, https:\/\/semmelweis.hu\/reziliencia-akademia\/files\/2025\/09\/gondolatolvasas-2-kek.png 1279w\" sizes=\"auto, (max-width: 400px) 100vw, 400px\" \/><\/a><\/div>\n<h4><strong>A gondolatolvas\u00e1s k\u00e9t t\u00edpusa:<\/strong><\/h4>\n<div class=\"keretes\" style=\"float: left !important;border: 1px solid lightgray !important;background-color: #ffff !important\">\n<h6 style=\"text-align: left\"><span style=\"font-size: 18pt\">1\ufe0f\u20e3<\/span> Azt hissz\u00fck, hogy tudjuk mit gondol (vagy \u00e9rez) a m\u00e1sik<br \/>\n<img loading=\"lazy\" decoding=\"async\" class=\"wp-image-309 aligncenter\" style=\"font-size: 1rem\" src=\"https:\/\/semmelweis.hu\/reziliencia-akademia\/files\/2025\/09\/gondolatolvasas-3-kek-400x194.jpg\" alt=\"\" width=\"207\" height=\"100\" srcset=\"https:\/\/semmelweis.hu\/reziliencia-akademia\/files\/2025\/09\/gondolatolvasas-3-kek-400x194.jpg 400w, https:\/\/semmelweis.hu\/reziliencia-akademia\/files\/2025\/09\/gondolatolvasas-3-kek.jpg 509w\" sizes=\"auto, (max-width: 207px) 100vw, 207px\" \/><\/h6>\n<\/div>\n<div class=\"keretes\" style=\"float: right !important;border: 1px solid lightgray !important;background-color: #ffff !important\">\n<h6 style=\"text-align: left\"><span style=\"font-size: 18pt\">2\ufe0f\u20e3<\/span> Azt hissz\u00fck, hogy a m\u00e1siknak tudnia kell, hogy mit gondolunk (vagy \u00e9rz\u00fcnk) mi<br \/>\n<img loading=\"lazy\" decoding=\"async\" class=\"wp-image-310 aligncenter\" style=\"font-size: 1rem\" src=\"https:\/\/semmelweis.hu\/reziliencia-akademia\/files\/2025\/09\/gondolatolvasas-4-kek-400x220.jpg\" alt=\"\" width=\"184\" height=\"101\" srcset=\"https:\/\/semmelweis.hu\/reziliencia-akademia\/files\/2025\/09\/gondolatolvasas-4-kek-400x220.jpg 400w, https:\/\/semmelweis.hu\/reziliencia-akademia\/files\/2025\/09\/gondolatolvasas-4-kek.jpg 508w\" sizes=\"auto, (max-width: 184px) 100vw, 184px\" \/><\/h6>\n<\/div>\n<hr style=\"background-color: white;height: 1px;border: 0\" \/>\n<h4 style=\"text-align: center\"><strong>Ez azonban nincs \u00edgy, m\u00e9g akkor sem, ha ezer \u00e9ve ismerj\u00fck a m\u00e1sikat!<\/strong><\/h4>\n<p><img loading=\"lazy\" decoding=\"async\" class=\"aligncenter  wp-image-320\" src=\"https:\/\/semmelweis.hu\/reziliencia-akademia\/files\/2025\/09\/gondolatolvasas-5-1024x341.jpg\" alt=\"\" width=\"507\" height=\"169\" srcset=\"https:\/\/semmelweis.hu\/reziliencia-akademia\/files\/2025\/09\/gondolatolvasas-5-1024x341.jpg 1024w, https:\/\/semmelweis.hu\/reziliencia-akademia\/files\/2025\/09\/gondolatolvasas-5-400x133.jpg 400w, https:\/\/semmelweis.hu\/reziliencia-akademia\/files\/2025\/09\/gondolatolvasas-5-768x256.jpg 768w, https:\/\/semmelweis.hu\/reziliencia-akademia\/files\/2025\/09\/gondolatolvasas-5-753x251.jpg 753w, https:\/\/semmelweis.hu\/reziliencia-akademia\/files\/2025\/09\/gondolatolvasas-5.jpg 1395w\" sizes=\"auto, (max-width: 507px) 100vw, 507px\" \/><\/p>\n<div class=\"fontos_div\">\n<h6>Mindezek miatt <span style=\"color: #ff6600\"><strong>a gondolatolvas\u00e1s sz\u00e1mos f\u00e9lre\u00e9rt\u00e9shez<\/strong>, <\/span>\u00e9s indokolatlan rossz \u00e9rz\u00e9shez <strong>vezethet<\/strong><\/h6>\n<\/div>\n<h1 style=\"text-align: center\">Mit tegy\u00fcnk?<\/h1>\n<div class=\"keretes w-100\" style=\"float: left !important;border: 1px solid lightgray !important;background-color: #ffff !important\">\n<h6 style=\"text-align: left\"><span style=\"font-size: 18pt\">1\ufe0f\u20e3<\/span> Kommunik\u00e1ljuk az ig\u00e9nyeinket, ne v\u00e1rjuk meg, hogy a m\u00e1sik kital\u00e1lja<\/h6>\n<p style=\"padding-left: 40px\"><em>Pl. \u201eUgye eml\u00e9kszel, nem szeretem a tort\u00e1t\u2026\u201d<\/em><\/p>\n<\/div>\n<div class=\"keretes w-100\" style=\"float: right !important;border: 1px solid lightgray !important;background-color: #ffff !important\">\n<h6 style=\"text-align: left\"><span style=\"font-size: 18pt\">2\ufe0f\u20e3 <\/span>Ha azon kapjuk magunkat, hogy azon gondolkodunk, hogy mit gondolhat most a m\u00e1sik, k\u00e9rdezz\u00fck meg:<\/h6>\n<p style=\"padding-left: 40px\"><em>Pl. \u201eMegk\u00e9rdezhetem, hogy most mit gondolsz err\u0151l a helyzetr\u0151l\u201d?<\/em><\/p>\n<\/div>\n<hr style=\"background-color: white;height: 1px;border: 0\" \/>\n<h4><strong>TOV\u00c1BBI P\u00c9LD\u00c1K<\/strong><\/h4>\n<div class=\"keretes\" style=\"float: left !important;border: 1px solid lightgray !important;background-color: #ffff !important\">\n<h5><span style=\"font-size: 18pt\">\ud83d\udcad<\/span>Gondolatolvas\u00e1s<\/h5>\n<ul style=\"list-style-type: square\">\n<li>Biztosan azt szeretn\u00e9, hogy menjek vele\u2026<\/li>\n<li>Most biztosan haragszik r\u00e1m\u2026<\/li>\n<li>Tudnia k\u00e9ne, hogy ut\u00e1lom ezt a haverj\u00e1t!<\/li>\n<li>Mindenki tudja, hogy oda nem lehet h\u00edvatlanul be\u00e1ll\u00edtani!<\/li>\n<li>H\u00e1l\u00e1snak k\u00e9ne lennie, mert kijegyzeteltem neki a tank\u00f6nyvb\u0151l k\u00e9t fejezetet<\/li>\n<li>Most biztosan azt gondolja, tiszta h\u00fclye vagyok\u2026<\/li>\n<\/ul>\n<\/div>\n<div class=\"keretes\" style=\"float: right !important;border: 1px solid lightgray !important;background-color: #ffff !important\">\n<h5><span style=\"font-size: 18pt\">\u2757<\/span>Lehets\u00e9ges v\u00e1laszom r\u00e1<\/h5>\n<ul style=\"list-style-type: square\">\n<li>Mit szeretn\u00e9l most, mit tegyek?<\/li>\n<li>Megk\u00e9rdezhetem, mit \u00e9rzel most?<\/li>\n<li>Nem szeretem ezt a haverodat, \u00e9s nem sz\u00edvesen tal\u00e1lkozom vele<\/li>\n<li>Biztosan tudod te is, hogy nem lehet oda h\u00edvatlanul be\u00e1ll\u00edtani<\/li>\n<li>Kijegyzeteltem neked k\u00e9t fejezetet. Mit sz\u00f3lsz?<\/li>\n<li>Megk\u00e9rdezhetem, mit gondol err\u0151l\u2026?<\/li>\n<\/ul>\n<\/div>\n<hr style=\"background-color: white;height: 1px;border: 0\" \/>\n<div class=\"keretes w-100\">\n<h6><span style=\"font-size: 18pt\">\ud83d\udde3\ufe0f <\/span>Ne v\u00e1rjuk el a gondolatolvas\u00e1st, hanem k\u00f6z\u00f6lj\u00fck, amit szeretn\u00e9nk!<\/h6>\n<h6><span style=\"font-size: 18pt\">\u2753 <\/span>Ne pr\u00f3b\u00e1ljuk kital\u00e1lni m\u00e1sok gondolatait, hanem k\u00e9rdezz\u00fcnk!<\/h6>\n<h6><span style=\"font-size: 18pt\">\ud83d\udcaa <\/span>Mindkett\u0151t\u0151l sokkal magabiztosabbnak l\u00e1tszunk majd!\u00a0<\/h6>\n<\/div>\n<div class=\"w-100 keretes\">Az oldal tartalma coping cardk\u00e9nt is let\u00f6lthet\u0151 <a href=\"https:\/\/semmelweis.hu\/reziliencia-akademia\/files\/2025\/10\/gndolatolvasas_web.pdf\" target=\"_blank\" rel=\"noopener\">pdf form\u00e1tumban.<\/a><\/div>\n<style>\n           #page-grid .card-body > .line-clamp-box.excerpt{\n        width: inherit;\n        max-width: inherit;\n        display:flex;\n        min-height: 2.4em;\n        flex-direction: column;\n        justify-content: space-around;\n        background-color: #D6E4EA;\n        min-height: 3.4rem;\n        font-family: \"Montserrat\", sans-serif;\n    }\n\n    #page-grid a:hover .card-body > .line-clamp-box.excerpt {\n        background-color: #fff;\n        color: #313B40;\n    }\n\n    #page-grid .card-body .line-clamp-box.excerpt section{\n        max-width: inherit;\n        display: -webkit-box;\n        -webkit-line-clamp: 2;\n        -webkit-box-orient: vertical;\n        overflow: hidden;\n        text-overflow: ellipsis;\n        hyphens: auto;\n        margin: auto;\n        \n    }\n    .line-clamp-box.excerpt section, .line-clamp-box.excerpt section p{\n        font-size:0.8em;\n    }\n    \n<\/style>\n    <section id=\"page-grid\">\n        <section class=\"d-block d-md-flex title-row my-3 ml-0 ml-md-1\">\n<div class=\"section-title  mb-1 \">\n<h2>\n    A k\u00e9pz\u00e9s elemei\n<\/h2>\n<\/div>\n<\/section>\n        <div class=\"row row-cols-1 row-cols-md-2 row-cols-lg-3 no-gutters mx-0 \">    <div class =\"col  mb-2 card-wrapper\">\n        <a class=\"d-flex flex-fill card-link-warapper m-md-1\" href=\"https:\/\/semmelweis.hu\/reziliencia-akademia\/stresszkezeles\/stresszelmelet\/\">\n            <div class=\"card border border-secondary se-border flex-fill\">\n                <div class=\"row no-gutters mx-0 d-flex flex-nowrap flex-md-wrap align-items-center\">\n                    <div class =\"  col-5 col-md-12  d-none  d-md-none d-md-none  bg-image  card-image justify-content-center\">\n                        <img class='wp-post-image img-fluid landscape' src='https:\/\/semmelweis.hu\/reziliencia-akademia\/wp-content\/themes\/se18\/dist\/images\/svg\/bg-image.svg' \/>\n                    <\/div>\n                    <div class=\"card-body  col flex-column  col-md-12 p-0\">\n                        <div class=\"line-clamp-box p-3\">\n                            <h5 class=\"ml-0 ml-sm-1 mt-2 align-items-center\"  >Stresszelm\u00e9let<\/h5>\n                        <\/div>\n                        \n                    <\/div>\n                <\/div>\n\n            <\/div>\n        <\/a>\n    <\/div>    <div class =\"col  mb-2 card-wrapper\">\n        <a class=\"d-flex flex-fill card-link-warapper m-md-1\" href=\"https:\/\/semmelweis.hu\/reziliencia-akademia\/stresszkezeles\/gondolatolvasas\/\">\n            <div class=\"card border border-secondary se-border flex-fill\">\n                <div class=\"row no-gutters mx-0 d-flex flex-nowrap flex-md-wrap align-items-center\">\n                    <div class =\"  col-5 col-md-12  d-none  d-md-none d-md-none  bg-image  card-image justify-content-center\">\n                        <img class='wp-post-image img-fluid landscape' src='https:\/\/semmelweis.hu\/reziliencia-akademia\/wp-content\/themes\/se18\/dist\/images\/svg\/bg-image.svg' \/>\n                    <\/div>\n                    <div class=\"card-body  col flex-column  col-md-12 p-0\">\n                        <div class=\"line-clamp-box p-3\">\n                            <h5 class=\"ml-0 ml-sm-1 mt-2 align-items-center\"  >Gondolatolvas\u00e1s<\/h5>\n                        <\/div>\n                        \n                    <\/div>\n                <\/div>\n\n            <\/div>\n        <\/a>\n    <\/div>    <div class =\"col  mb-2 card-wrapper\">\n        <a class=\"d-flex flex-fill card-link-warapper m-md-1\" href=\"https:\/\/semmelweis.hu\/reziliencia-akademia\/stresszkezeles\/relaxacio\/\">\n            <div class=\"card border border-secondary se-border flex-fill\">\n                <div class=\"row no-gutters mx-0 d-flex flex-nowrap flex-md-wrap align-items-center\">\n                    <div class =\"  col-5 col-md-12  d-none  d-md-none d-md-none  bg-image  card-image justify-content-center\">\n                        <img class='wp-post-image img-fluid landscape' src='https:\/\/semmelweis.hu\/reziliencia-akademia\/wp-content\/themes\/se18\/dist\/images\/svg\/bg-image.svg' \/>\n                    <\/div>\n                    <div class=\"card-body  col flex-column  col-md-12 p-0\">\n                        <div class=\"line-clamp-box p-3\">\n                            <h5 class=\"ml-0 ml-sm-1 mt-2 align-items-center\"  >Relax\u00e1ci\u00f3s technik\u00e1k<\/h5>\n                        <\/div>\n                        \n                    <\/div>\n                <\/div>\n\n            <\/div>\n        <\/a>\n    <\/div>    <div class =\"col  mb-2 card-wrapper\">\n        <a class=\"d-flex flex-fill card-link-warapper m-md-1\" href=\"https:\/\/semmelweis.hu\/reziliencia-akademia\/stresszkezeles\/rugalmas-gondolkodas\/\">\n            <div class=\"card border border-secondary se-border flex-fill\">\n                <div class=\"row no-gutters mx-0 d-flex flex-nowrap flex-md-wrap align-items-center\">\n                    <div class =\"  col-5 col-md-12  d-none  d-md-none d-md-none  bg-image  card-image justify-content-center\">\n                        <img class='wp-post-image img-fluid landscape' src='https:\/\/semmelweis.hu\/reziliencia-akademia\/wp-content\/themes\/se18\/dist\/images\/svg\/bg-image.svg' \/>\n                    <\/div>\n                    <div class=\"card-body  col flex-column  col-md-12 p-0\">\n                        <div class=\"line-clamp-box p-3\">\n                            <h5 class=\"ml-0 ml-sm-1 mt-2 align-items-center\"  >Rugalmas gondolkod\u00e1s<\/h5>\n                        <\/div>\n                        \n                    <\/div>\n                <\/div>\n\n            <\/div>\n        <\/a>\n    <\/div>    <div class =\"col  mb-2 card-wrapper\">\n        <a class=\"d-flex flex-fill card-link-warapper m-md-1\" href=\"https:\/\/semmelweis.hu\/reziliencia-akademia\/stresszkezeles\/idogazdalkodas\/\">\n            <div class=\"card border border-secondary se-border flex-fill\">\n                <div class=\"row no-gutters mx-0 d-flex flex-nowrap flex-md-wrap align-items-center\">\n                    <div class =\"  col-5 col-md-12  d-none  d-md-none d-md-none  bg-image  card-image justify-content-center\">\n                        <img class='wp-post-image img-fluid landscape' src='https:\/\/semmelweis.hu\/reziliencia-akademia\/wp-content\/themes\/se18\/dist\/images\/svg\/bg-image.svg' \/>\n                    <\/div>\n                    <div class=\"card-body  col flex-column  col-md-12 p-0\">\n                        <div class=\"line-clamp-box p-3\">\n                            <h5 class=\"ml-0 ml-sm-1 mt-2 align-items-center\"  >Id\u0151gazd\u00e1lkod\u00e1s<\/h5>\n                        <\/div>\n                        \n                    <\/div>\n                <\/div>\n\n            <\/div>\n        <\/a>\n    <\/div>        <\/div>\n    <\/section>\n<div class=\"keretes w-100\" style=\"border: 0px solid !important; background-color: #ffe79f !important;\">\n<h5><span style=\"font-size: 14pt;\">A <a href=\"https:\/\/semmelweis.hu\/reziliencia-akademia\/\">Reziliencia Akad\u00e9mia<\/a> programj\u00e1t a <\/span><span style=\"font-size: 14pt;\"><a href=\"https:\/\/www.merckgroup.com\/en\" target=\"_blank\" rel=\"noopener\"><img loading=\"lazy\" decoding=\"async\" class=\"alignnone wp-image-497 \" src=\"https:\/\/semmelweis.hu\/reziliencia-akademia\/files\/2025\/09\/MERCK_LOGO_Rich_RGB.png\" alt=\"\" width=\"117\" height=\"20\" \/><\/a><\/span><span style=\"font-size: 14pt;\">t\u00e1mogatja. <\/span><span style=\"font-size: 14pt;\">A weboldal tartalm\u00e1t a Semmelweis Egyetem <a href=\"https:\/\/semmelweis.hu\/magtud\/\" target=\"_blank\" rel=\"noopener\">Magatart\u00e1studom\u00e1nyi Int\u00e9zete<\/a> k\u00e9sz\u00edtette.\u00a0<\/span><\/h5>\n<\/div>\n\n","protected":false},"excerpt":{"rendered":"<p>A val\u00f3s\u00e1gnak mindig vannak hat\u00e1rai, a k\u00e9pzelet viszont hat\u00e1rtalan, avagy mit tegy\u00fcnk gondolatolvas\u00e1s helyett? A gondolatolvas\u00e1s \ud83d\udcad <a href=\"https:\/\/semmelweis.hu\/reziliencia-akademia\/files\/2025\/09\/gondolatolvasas-full.jpg\"><\/a> Amikor a fenti k\u00e9tfajta automatikus gondolat-t\u00edpus j\u00f6n be a tudatunkba, GONDOLATOLVAS\u00c1SR\u00d3L besz\u00e9l\u00fcnk. <a href=\"https:\/\/semmelweis.hu\/reziliencia-akademia\/files\/2025\/09\/gondolatolvasas-2-kek.png\"><\/a> A gondolatolvas\u00e1s k\u00e9t t\u00edpusa: 1\ufe0f\u20e3 Azt hissz\u00fck, hogy tudjuk mit gondol (vagy \u00e9rez) a m\u00e1sik 2\ufe0f\u20e3 Azt hissz\u00fck, hogy a m\u00e1siknak tudnia kell, hogy mit gondolunk &hellip;<\/p>\n","protected":false},"author":110,"featured_media":0,"parent":293,"menu_order":1,"comment_status":"closed","ping_status":"closed","template":"template-fullwidth.php","meta":{"_acf_changed":false,"footnotes":""},"categories":[],"tags":[],"class_list":["post-77","page","type-page","status-publish","hentry"],"acf":[],"_links":{"self":[{"href":"https:\/\/semmelweis.hu\/reziliencia-akademia\/wp-json\/wp\/v2\/pages\/77","targetHints":{"allow":["GET"]}}],"collection":[{"href":"https:\/\/semmelweis.hu\/reziliencia-akademia\/wp-json\/wp\/v2\/pages"}],"about":[{"href":"https:\/\/semmelweis.hu\/reziliencia-akademia\/wp-json\/wp\/v2\/types\/page"}],"author":[{"embeddable":true,"href":"https:\/\/semmelweis.hu\/reziliencia-akademia\/wp-json\/wp\/v2\/users\/110"}],"replies":[{"embeddable":true,"href":"https:\/\/semmelweis.hu\/reziliencia-akademia\/wp-json\/wp\/v2\/comments?post=77"}],"version-history":[{"count":10,"href":"https:\/\/semmelweis.hu\/reziliencia-akademia\/wp-json\/wp\/v2\/pages\/77\/revisions"}],"predecessor-version":[{"id":673,"href":"https:\/\/semmelweis.hu\/reziliencia-akademia\/wp-json\/wp\/v2\/pages\/77\/revisions\/673"}],"up":[{"embeddable":true,"href":"https:\/\/semmelweis.hu\/reziliencia-akademia\/wp-json\/wp\/v2\/pages\/293"}],"wp:attachment":[{"href":"https:\/\/semmelweis.hu\/reziliencia-akademia\/wp-json\/wp\/v2\/media?parent=77"}],"wp:term":[{"taxonomy":"category","embeddable":true,"href":"https:\/\/semmelweis.hu\/reziliencia-akademia\/wp-json\/wp\/v2\/categories?post=77"},{"taxonomy":"post_tag","embeddable":true,"href":"https:\/\/semmelweis.hu\/reziliencia-akademia\/wp-json\/wp\/v2\/tags?post=77"}],"curies":[{"name":"wp","href":"https:\/\/api.w.org\/{rel}","templated":true}]}}