{"id":713,"date":"2025-11-18T15:18:37","date_gmt":"2025-11-18T14:18:37","guid":{"rendered":"https:\/\/semmelweis.hu\/reziliencia-akademia\/?page_id=713"},"modified":"2025-11-19T11:53:20","modified_gmt":"2025-11-19T10:53:20","slug":"teamwork","status":"publish","type":"page","link":"https:\/\/semmelweis.hu\/reziliencia-akademia\/teamwork\/","title":{"rendered":"Teamwork"},"content":{"rendered":"<div class=\"keretes w-100\">\n<h6>Az eg\u00e9szs\u00e9g\u00fcgyi rendszerben magas kock\u00e1zat\u00fa, \u00e9s \u00e9rzelmileg sokszor megterhel\u0151 munkak\u00f6rnyezetben dolgozunk.\u00a0\u00a0Emiatt alapvet\u0151, hogy a rendszert m\u0171k\u00f6dtet\u0151 emberek, azaz <strong>a csapattagok \u00e9rts\u00e9k egym\u00e1st, megb\u00edzzanak a t\u00e1rsaikban \u00e9s elfogadj\u00e1k egym\u00e1st<\/strong>.\u00a0<\/h6>\n<\/div>\n<style>\n           #page-grid .card-body > .line-clamp-box.excerpt{\n        width: inherit;\n        max-width: inherit;\n        display:flex;\n        min-height: 2.4em;\n        flex-direction: column;\n        justify-content: space-around;\n        background-color: #D6E4EA;\n        min-height: 3.4rem;\n        font-family: \"Montserrat\", sans-serif;\n    }\n\n    #page-grid a:hover .card-body > .line-clamp-box.excerpt {\n        background-color: #fff;\n        color: #313B40;\n    }\n\n    #page-grid .card-body .line-clamp-box.excerpt section{\n        max-width: inherit;\n        display: -webkit-box;\n        -webkit-line-clamp: 2;\n        -webkit-box-orient: vertical;\n        overflow: hidden;\n        text-overflow: ellipsis;\n        hyphens: auto;\n        margin: auto;\n        \n    }\n    .line-clamp-box.excerpt section, .line-clamp-box.excerpt section p{\n        font-size:0.8em;\n    }\n    \n<\/style>\n    <section id=\"page-grid\">\n        <section class=\"d-block d-md-flex title-row my-3 ml-0 ml-md-1\">\n<div class=\"section-title  mb-1 \">\n<h2>\n    A k\u00e9pz\u00e9s elemei\n<\/h2>\n<\/div>\n<\/section>\n        <div class=\"row row-cols-1 row-cols-md-2 row-cols-lg-3 no-gutters mx-0 \">    <div class =\"col  mb-2 card-wrapper\">\n        <a class=\"d-flex flex-fill card-link-warapper m-md-1\" href=\"https:\/\/semmelweis.hu\/reziliencia-akademia\/teamwork\/teamwork\/\">\n            <div class=\"card border border-secondary se-border flex-fill\">\n                <div class=\"row no-gutters mx-0 d-flex flex-nowrap flex-md-wrap align-items-center\">\n                    <div class =\"  col-5 col-md-12  d-none  d-md-none d-md-none  bg-image  card-image justify-content-center\">\n                        <img class='wp-post-image img-fluid landscape' src='https:\/\/semmelweis.hu\/reziliencia-akademia\/wp-content\/themes\/se18\/dist\/images\/svg\/bg-image.svg' \/>\n                    <\/div>\n                    <div class=\"card-body  col flex-column  col-md-12 p-0\">\n                        <div class=\"line-clamp-box p-3\">\n                            <h5 class=\"ml-0 ml-sm-1 mt-2 align-items-center\"  >Teamwork<\/h5>\n                        <\/div>\n                        \n                    <\/div>\n                <\/div>\n\n            <\/div>\n        <\/a>\n    <\/div>    <div class =\"col  mb-2 card-wrapper\">\n        <a class=\"d-flex flex-fill card-link-warapper m-md-1\" href=\"https:\/\/semmelweis.hu\/reziliencia-akademia\/teamwork\/versenges\/\">\n            <div class=\"card border border-secondary se-border flex-fill\">\n                <div class=\"row no-gutters mx-0 d-flex flex-nowrap flex-md-wrap align-items-center\">\n                    <div class =\"  col-5 col-md-12  d-none  d-md-none d-md-none  bg-image  card-image justify-content-center\">\n                        <img class='wp-post-image img-fluid landscape' src='https:\/\/semmelweis.hu\/reziliencia-akademia\/wp-content\/themes\/se18\/dist\/images\/svg\/bg-image.svg' \/>\n                    <\/div>\n                    <div class=\"card-body  col flex-column  col-md-12 p-0\">\n                        <div class=\"line-clamp-box p-3\">\n                            <h5 class=\"ml-0 ml-sm-1 mt-2 align-items-center\"  >Verseng\u00e9s<\/h5>\n                        <\/div>\n                        \n                    <\/div>\n                <\/div>\n\n            <\/div>\n        <\/a>\n    <\/div>        <\/div>\n    <\/section>\n<div class=\"keretes w-100\" style=\"border: 0px solid !important; background-color: #ffe79f !important;\">\n<h5><span style=\"font-size: 14pt;\">A <a href=\"https:\/\/semmelweis.hu\/reziliencia-akademia\/\">Reziliencia Akad\u00e9mia<\/a> programj\u00e1t a <\/span><span style=\"font-size: 14pt;\"><a href=\"https:\/\/www.merckgroup.com\/en\" target=\"_blank\" rel=\"noopener\"><img loading=\"lazy\" decoding=\"async\" class=\"alignnone wp-image-497 \" src=\"https:\/\/semmelweis.hu\/reziliencia-akademia\/files\/2025\/09\/MERCK_LOGO_Rich_RGB.png\" alt=\"\" width=\"117\" height=\"20\" \/><\/a><\/span><span style=\"font-size: 14pt;\">t\u00e1mogatja. <\/span><span style=\"font-size: 14pt;\">A weboldal tartalm\u00e1t a Semmelweis Egyetem <a href=\"https:\/\/semmelweis.hu\/magtud\/\" target=\"_blank\" rel=\"noopener\">Magatart\u00e1studom\u00e1nyi Int\u00e9zete<\/a> k\u00e9sz\u00edtette.\u00a0<\/span><\/h5>\n<\/div>\n\n","protected":false},"excerpt":{"rendered":"<p>Az eg\u00e9szs\u00e9g\u00fcgyi rendszerben magas kock\u00e1zat\u00fa, \u00e9s \u00e9rzelmileg sokszor megterhel\u0151 munkak\u00f6rnyezetben dolgozunk.\u00a0\u00a0Emiatt alapvet\u0151, hogy a rendszert m\u0171k\u00f6dtet\u0151 emberek, azaz a csapattagok \u00e9rts\u00e9k egym\u00e1st, megb\u00edzzanak a t\u00e1rsaikban \u00e9s elfogadj\u00e1k egym\u00e1st.\u00a0<\/p>\n","protected":false},"author":110,"featured_media":0,"parent":0,"menu_order":5,"comment_status":"closed","ping_status":"closed","template":"template-fullwidth.php","meta":{"_acf_changed":false,"footnotes":""},"categories":[12],"tags":[],"class_list":["post-713","page","type-page","status-publish","hentry","category-nyitolapra"],"acf":[],"_links":{"self":[{"href":"https:\/\/semmelweis.hu\/reziliencia-akademia\/wp-json\/wp\/v2\/pages\/713","targetHints":{"allow":["GET"]}}],"collection":[{"href":"https:\/\/semmelweis.hu\/reziliencia-akademia\/wp-json\/wp\/v2\/pages"}],"about":[{"href":"https:\/\/semmelweis.hu\/reziliencia-akademia\/wp-json\/wp\/v2\/types\/page"}],"author":[{"embeddable":true,"href":"https:\/\/semmelweis.hu\/reziliencia-akademia\/wp-json\/wp\/v2\/users\/110"}],"replies":[{"embeddable":true,"href":"https:\/\/semmelweis.hu\/reziliencia-akademia\/wp-json\/wp\/v2\/comments?post=713"}],"version-history":[{"count":4,"href":"https:\/\/semmelweis.hu\/reziliencia-akademia\/wp-json\/wp\/v2\/pages\/713\/revisions"}],"predecessor-version":[{"id":717,"href":"https:\/\/semmelweis.hu\/reziliencia-akademia\/wp-json\/wp\/v2\/pages\/713\/revisions\/717"}],"wp:attachment":[{"href":"https:\/\/semmelweis.hu\/reziliencia-akademia\/wp-json\/wp\/v2\/media?parent=713"}],"wp:term":[{"taxonomy":"category","embeddable":true,"href":"https:\/\/semmelweis.hu\/reziliencia-akademia\/wp-json\/wp\/v2\/categories?post=713"},{"taxonomy":"post_tag","embeddable":true,"href":"https:\/\/semmelweis.hu\/reziliencia-akademia\/wp-json\/wp\/v2\/tags?post=713"}],"curies":[{"name":"wp","href":"https:\/\/api.w.org\/{rel}","templated":true}]}}