{"id":51,"date":"2025-08-04T12:06:13","date_gmt":"2025-08-04T10:06:13","guid":{"rendered":"https:\/\/semmelweis.hu\/reziliencia-akademia\/?page_id=51"},"modified":"2025-10-12T16:06:08","modified_gmt":"2025-10-12T14:06:08","slug":"interperszonalis-hatekonysag","status":"publish","type":"page","link":"https:\/\/semmelweis.hu\/reziliencia-akademia\/konfliktuskezeles\/interperszonalis-hatekonysag\/","title":{"rendered":"Interperszon\u00e1lis hat\u00e9konys\u00e1g"},"content":{"rendered":"<div class=\"keretes w-100\">\n<h6 style=\"text-align: center\">Az <strong>interperszon\u00e1lis vagy kapcsolati hat\u00e9konys\u00e1g<\/strong> azt jelenti, hogy <strong>egyens\u00falyt tal\u00e1lunk a kapcsolataink fenntart\u00e1sa \u00e9s a c\u00e9ljaink el\u00e9r\u00e9se k\u00f6z\u00f6tt<\/strong>.<\/h6>\n<h5 style=\"text-align: center\"><img loading=\"lazy\" decoding=\"async\" class=\"aligncenter wp-image-461\" src=\"https:\/\/semmelweis.hu\/reziliencia-akademia\/files\/2025\/09\/interperszonalis_osszhang-1024x395.png\" alt=\"\" width=\"501\" height=\"193\" srcset=\"https:\/\/semmelweis.hu\/reziliencia-akademia\/files\/2025\/09\/interperszonalis_osszhang-1024x395.png 1024w, https:\/\/semmelweis.hu\/reziliencia-akademia\/files\/2025\/09\/interperszonalis_osszhang-400x154.png 400w, https:\/\/semmelweis.hu\/reziliencia-akademia\/files\/2025\/09\/interperszonalis_osszhang-768x296.png 768w, https:\/\/semmelweis.hu\/reziliencia-akademia\/files\/2025\/09\/interperszonalis_osszhang-753x291.png 753w, https:\/\/semmelweis.hu\/reziliencia-akademia\/files\/2025\/09\/interperszonalis_osszhang.png 1381w\" sizes=\"auto, (max-width: 501px) 100vw, 501px\" \/><\/h5>\n<h5 style=\"text-align: center\">Gyakran neh\u00e9z megtal\u00e1lni az \u00f6sszhangot a kett\u0151 k\u00f6z\u00f6tt.\u00a0<\/h5>\n<\/div>\n<p><strong><a href=\"https:\/\/semmelweis.hu\/reziliencia-akademia\/files\/2025\/09\/interperszonalis_pelda.png\"><img loading=\"lazy\" decoding=\"async\" class=\"wp-image-462  alignright\" src=\"https:\/\/semmelweis.hu\/reziliencia-akademia\/files\/2025\/09\/interperszonalis_pelda-182x400.png\" alt=\"\" width=\"137\" height=\"301\" srcset=\"https:\/\/semmelweis.hu\/reziliencia-akademia\/files\/2025\/09\/interperszonalis_pelda-182x400.png 182w, https:\/\/semmelweis.hu\/reziliencia-akademia\/files\/2025\/09\/interperszonalis_pelda.png 385w\" sizes=\"auto, (max-width: 137px) 100vw, 137px\" \/><\/a><\/strong>El\u0151fordulhat, hogy azt gondoljuk, ha fel\u00e1ldozzuk a saj\u00e1t ig\u00e9nyeinket \u00e9s sz\u00fcks\u00e9gleteinket, akkor az a kapcsolat konfliktusmentes m\u0171k\u00f6d\u00e9s\u00e9t fogja eredm\u00e9nyezni. Ez hossz\u00fat\u00e1von egyenl\u0151tlens\u00e9ghez \u00e9s magas szint\u0171 bels\u0151 fesz\u00fclts\u00e9ghez vezethet, ami eredm\u00e9nyezheti a szem\u00e9ly \u201crobban\u00e1s\u00e1t\u201d vagy a kapcsolat megszak\u00edt\u00e1s\u00e1t.\u00a0<\/p>\n<p><strong><em>N\u00e9zz\u00fcnk erre egy munkahelyi p\u00e9ld\u00e1t:<\/em> <\/strong><\/p>\n<p>Az oszt\u00e1lyon mindig neh\u00e9z megszervezni a beoszt\u00e1st, sok konfliktus van bel\u0151le a koll\u00e9g\u00e1k k\u00f6z\u00f6tt is, ez\u00e9rt az egyik \u00faj \u00e1pol\u00f3, annak a rem\u00e9ny\u00e9ben, hogy a t\u00f6bbiek emiatt jobban fogj\u00e1k kedvelni rendszeresen elv\u00e1llalja a m\u00e1sok \u00e1ltal nem kedvelt m\u0171szakokat. Egy id\u0151 ut\u00e1n mindenki automatikusnak veszi, hogy \u0151 viszi a rossz napokat, \u0151 pedig f\u00e1rad, \u00e9s gy\u0171lik benne a fesz\u00fclts\u00e9g. Egyre gy\u0171lik benne a fesz\u00fclts\u00e9g. V\u00e9g\u00fcl d\u00fch\u00f6sen felrobban \u00e9s senki sem \u00e9rti mi\u00e9rt? <img loading=\"lazy\" decoding=\"async\" class=\"aligncenter wp-image-463 \" src=\"https:\/\/semmelweis.hu\/reziliencia-akademia\/files\/2025\/09\/interperszonalis_hatekonysag.png\" alt=\"\" width=\"700\" height=\"190\" srcset=\"https:\/\/semmelweis.hu\/reziliencia-akademia\/files\/2025\/09\/interperszonalis_hatekonysag.png 1369w, https:\/\/semmelweis.hu\/reziliencia-akademia\/files\/2025\/09\/interperszonalis_hatekonysag-400x109.png 400w, https:\/\/semmelweis.hu\/reziliencia-akademia\/files\/2025\/09\/interperszonalis_hatekonysag-1024x278.png 1024w, https:\/\/semmelweis.hu\/reziliencia-akademia\/files\/2025\/09\/interperszonalis_hatekonysag-768x209.png 768w, https:\/\/semmelweis.hu\/reziliencia-akademia\/files\/2025\/09\/interperszonalis_hatekonysag-753x205.png 753w\" sizes=\"auto, (max-width: 700px) 100vw, 700px\" \/><\/p>\n<div class=\"keretes w-100\">\n<h6>Amikor <strong>interperszon\u00e1lis hat\u00e9konys\u00e1g<\/strong>r\u00f3l besz\u00e9l\u00fcnk \u00e1ltal\u00e1ban <strong>h\u00e1rom faktor<\/strong>t szoktunk figyelembe venni.\u00a0<\/h6>\n<p><img loading=\"lazy\" decoding=\"async\" class=\"aligncenter  wp-image-562\" src=\"https:\/\/semmelweis.hu\/reziliencia-akademia\/files\/2025\/09\/interperszonalis_faktor-kek-1024x350.png\" alt=\"\" width=\"560\" height=\"191\" srcset=\"https:\/\/semmelweis.hu\/reziliencia-akademia\/files\/2025\/09\/interperszonalis_faktor-kek-1024x350.png 1024w, https:\/\/semmelweis.hu\/reziliencia-akademia\/files\/2025\/09\/interperszonalis_faktor-kek-400x137.png 400w, https:\/\/semmelweis.hu\/reziliencia-akademia\/files\/2025\/09\/interperszonalis_faktor-kek-768x263.png 768w, https:\/\/semmelweis.hu\/reziliencia-akademia\/files\/2025\/09\/interperszonalis_faktor-kek-753x258.png 753w, https:\/\/semmelweis.hu\/reziliencia-akademia\/files\/2025\/09\/interperszonalis_faktor-kek.png 1140w\" sizes=\"auto, (max-width: 560px) 100vw, 560px\" \/><\/p>\n<\/div>\n<p>Konfliktushelyzetben el\u0151fordul, hogy nem tud mindh\u00e1rom teljes\u00fclni, ilyenkor \u00e9rdemes egy <strong>fontoss\u00e1gi sorrendet fel\u00e1ll\u00edtani<\/strong>, \u00e9s <strong>tudatosan v\u00e9giggondolni<\/strong>, hogy akkor <strong>melyiket \u00e1ldozzuk be<\/strong>.\u00a0<\/p>\n<h5>N\u00e9zz\u00fck meg k\u00e9t p\u00e9ld\u00e1t az eg\u00e9szs\u00e9g\u00fcgyb\u0151l:<\/h5>\n<p><em>Gondold \u00e1t, hogyha te lenn\u00e9l az adott helyzetben, neked melyik c\u00e9l lenne a legfontosabb?<\/em><\/p>\n<div class=\"keretes w-100\" style=\"border: 1px solid lightgray !important;background-color: #f2f2f2 !important;width: 80% !important;margin-left: 10% !important\">\n<h6><strong>P\u00e9lda 1.<\/strong> Az egyik \u00e1pol\u00f3 m\u00e1r t\u00falterhelt, de a m\u0171szakvezet\u0151 \u00fajabb feladatokat oszt r\u00e1, figyelmen k\u00edv\u00fcl hagyva, hogy pihen\u00e9sre van sz\u00fcks\u00e9ge.<\/h6>\n<p><b><span style=\"font-size: 18pt\">\ud83c\udfaf<\/span> C\u00e9l:<\/b> Sz\u00fcnetre menni, hogy a f\u00e1radts\u00e1g miatt ne hib\u00e1zzon.\u00a0<\/p>\n<p><b><span style=\"font-size: 18pt\">\ud83e\udd1d<\/span> Kapcsolat:<\/b> Meg\u0151rizni a j\u00f3 viszonyt a vezet\u0151vel.<\/p>\n<p><b><span style=\"font-size: 18pt\">\ud83d\udc4d<\/span> \u00d6nbecs\u00fcl\u00e9s:<\/b> K\u00e9pviselni a saj\u00e1t sz\u00fcks\u00e9gleteit b\u0171ntudat n\u00e9lk\u00fcl, \u00f6n\u00e9rv\u00e9nyes\u00edt\u0151 m\u00f3don.<\/p>\n<\/div>\n<div class=\"keretes w-100\" style=\"border: 1px solid lightgray !important;background-color: #f2f2f2 !important;width: 80% !important;margin-left: 10% !important\">\n<h6><strong>P\u00e9lda 2.<\/strong> Egy hozz\u00e1tartoz\u00f3 rendszeresen megk\u00e9rd\u0151jelezi az \u00e1pol\u00e1s min\u0151s\u00e9g\u00e9t, kritiz\u00e1lja a szem\u00e9lyzetet a beteg jelenl\u00e9t\u00e9ben.<\/h6>\n<p><b><span style=\"font-size: 18pt\">\ud83c\udfaf<\/span> C\u00e9l:<\/b> El\u00e9rni, hogy a hozz\u00e1tartoz\u00f3 egy\u00fcttm\u0171k\u00f6d\u0151bb legyen.<\/p>\n<p><b><span style=\"font-size: 18pt\">\ud83e\udd1d<\/span> Kapcsolat:<\/b> Meg\u0151rizni a nyitott, partners\u00e9gen alapul\u00f3 viszonyt, de nem engedni a tiszteletlens\u00e9gnek.<\/p>\n<p><b><span style=\"font-size: 18pt\">\ud83d\udc4d<\/span> \u00d6nbecs\u00fcl\u00e9s:<\/b> Higgadtan, professzion\u00e1lisan visszajelz\u00e9st adni, ki\u00e1llva a szakmai integrit\u00e1s mellett.<\/p>\n<\/div>\n<h4 style=\"text-align: left\">Amikor egy konfliktusos helyzetbe ker\u00fcl\u00fcnk a k\u00f6vetkez\u0151 l\u00e9p\u00e9seket tehetj\u00fck:\u00a0<\/h4>\n<p><strong><span style=\"font-size: 24pt\">1\ufe0f\u20e3<\/span> Hat\u00e1rozzuk meg a c\u00e9lt, a kapcsolati c\u00e9lt \u00e9s az \u00f6nbecs\u00fcl\u00e9si c\u00e9lt!\u00a0<\/strong>Tegy\u00fck fel ezeket a k\u00e9rd\u00e9seket magunknak:\u00a0<\/p>\n<ul>\n<li>Mi az amit konkr\u00e9tan el akarok \u00e9rni ebben a helyzetben, mit szeretn\u00e9k, hogy t\u00f6rt\u00e9njen? (c\u00e9l)<\/li>\n<li>Mi a c\u00e9lom a kapcsolattal, mit v\u00e1rok a m\u00e1sikt\u00f3l a konfliktus v\u00e9g\u00e9re?\u00a0<\/li>\n<li>Hogyan szeretn\u00e9k \u00e9rezni magammal kapcsolatban, ha ennek v\u00e9ge?<\/li>\n<\/ul>\n<p><span style=\"font-size: 24pt\">2\ufe0f\u20e3<\/span> <strong>Van-e \u00f6sszef\u00e9rhetetlens\u00e9g a h\u00e1rom k\u00f6z\u00f6tt?<\/strong> Ha igen, \u00e1ll\u00edtsunk fel <strong>fontoss\u00e1gi sorrend<\/strong>et!\u00a0<\/p>\n<p><span style=\"font-size: 24pt\">3\ufe0f\u20e3<\/span> Gondoljuk \u00e1t, hogy mit kell tenni, hogy <strong>a helyzet v\u00e9g\u00e9re a sz\u00e1munkra ide\u00e1lis kimenetet kapjuk<\/strong>? Mi az ami m\u0171k\u00f6d\u00f6tt m\u00e1r egy m\u00e1sik hasonl\u00f3 helyzetben?\u00a0<\/p>\n<p><span style=\"font-size: 24pt\">4\ufe0f\u20e3<\/span> <strong>Cselekedj\u00fcnk tudatosan!<\/strong><\/p>\n<h6 style=\"text-align: center\">Mindezt gyakorolni kell, de minden egyes pr\u00f3b\u00e1lkoz\u00e1s k\u00f6zelebb visz ahhoz, hogy magabiztosan, tiszt\u00e1n \u00e9s emberien kapcsol\u00f3djunk m\u00e1sokhoz.<\/h6>\n<div class=\"w-100 keretes\">Az oldal tartalma coping cardk\u00e9nt is let\u00f6lthet\u0151 <a href=\"https:\/\/semmelweis.hu\/reziliencia-akademia\/files\/2025\/10\/Interperszonalis_web.pdf\" target=\"_blank\" rel=\"noopener\">pdf form\u00e1tumban.<\/a><\/div>\n<p><style>\n           #page-grid .card-body > .line-clamp-box.excerpt{\n        width: inherit;\n        max-width: inherit;\n        display:flex;\n        min-height: 2.4em;\n        flex-direction: column;\n        justify-content: space-around;\n        background-color: #D6E4EA;\n        min-height: 3.4rem;\n        font-family: \"Montserrat\", sans-serif;\n    }\n\n    #page-grid a:hover .card-body > .line-clamp-box.excerpt {\n        background-color: #fff;\n        color: #313B40;\n    }\n\n    #page-grid .card-body .line-clamp-box.excerpt section{\n        max-width: inherit;\n        display: -webkit-box;\n        -webkit-line-clamp: 2;\n        -webkit-box-orient: vertical;\n        overflow: hidden;\n        text-overflow: ellipsis;\n        hyphens: auto;\n        margin: auto;\n        \n    }\n    .line-clamp-box.excerpt section, .line-clamp-box.excerpt section p{\n        font-size:0.8em;\n    }\n    \n<\/style>\n    <section id=\"page-grid\">\n        <section class=\"d-block d-md-flex title-row my-3 ml-0 ml-md-1\">\n<div class=\"section-title  mb-1 \">\n<h2>\n    A k\u00e9pz\u00e9s elemei\n<\/h2>\n<\/div>\n<\/section>\n        <div class=\"row row-cols-1 row-cols-md-2 row-cols-lg-3 no-gutters mx-0 \">    <div class =\"col  mb-2 card-wrapper\">\n        <a class=\"d-flex flex-fill card-link-warapper m-md-1\" href=\"https:\/\/semmelweis.hu\/reziliencia-akademia\/konfliktuskezeles\/konfliktuskezeles-altalaban\/\">\n            <div class=\"card border border-secondary se-border flex-fill\">\n                <div class=\"row no-gutters mx-0 d-flex flex-nowrap flex-md-wrap align-items-center\">\n                    <div class =\"  col-5 col-md-12  d-none  d-md-none d-md-none  bg-image  card-image justify-content-center\">\n                        <img class='wp-post-image img-fluid landscape' src='https:\/\/semmelweis.hu\/reziliencia-akademia\/wp-content\/themes\/se18\/dist\/images\/svg\/bg-image.svg' \/>\n                    <\/div>\n                    <div class=\"card-body  col flex-column  col-md-12 p-0\">\n                        <div class=\"line-clamp-box p-3\">\n                            <h5 class=\"ml-0 ml-sm-1 mt-2 align-items-center\"  >Konfliktuskezel\u00e9sr\u0151l \u00e1ltal\u00e1ban<\/h5>\n                        <\/div>\n                        \n                    <\/div>\n                <\/div>\n\n            <\/div>\n        <\/a>\n    <\/div>    <div class =\"col  mb-2 card-wrapper\">\n        <a class=\"d-flex flex-fill card-link-warapper m-md-1\" href=\"https:\/\/semmelweis.hu\/reziliencia-akademia\/konfliktuskezeles\/megoldaskozpontu-gondolkodas\/\">\n            <div class=\"card border border-secondary se-border flex-fill\">\n                <div class=\"row no-gutters mx-0 d-flex flex-nowrap flex-md-wrap align-items-center\">\n                    <div class =\"  col-5 col-md-12  d-none  d-md-none d-md-none  bg-image  card-image justify-content-center\">\n                        <img class='wp-post-image img-fluid landscape' src='https:\/\/semmelweis.hu\/reziliencia-akademia\/wp-content\/themes\/se18\/dist\/images\/svg\/bg-image.svg' \/>\n                    <\/div>\n                    <div class=\"card-body  col flex-column  col-md-12 p-0\">\n                        <div class=\"line-clamp-box p-3\">\n                            <h5 class=\"ml-0 ml-sm-1 mt-2 align-items-center\"  >Megold\u00e1sk\u00f6zpont\u00fa gondolkod\u00e1s<\/h5>\n                        <\/div>\n                        \n                    <\/div>\n                <\/div>\n\n            <\/div>\n        <\/a>\n    <\/div>    <div class =\"col  mb-2 card-wrapper\">\n        <a class=\"d-flex flex-fill card-link-warapper m-md-1\" href=\"https:\/\/semmelweis.hu\/reziliencia-akademia\/konfliktuskezeles\/mediacio-alapelvei\/\">\n            <div class=\"card border border-secondary se-border flex-fill\">\n                <div class=\"row no-gutters mx-0 d-flex flex-nowrap flex-md-wrap align-items-center\">\n                    <div class =\"  col-5 col-md-12  d-none  d-md-none d-md-none  bg-image  card-image justify-content-center\">\n                        <img class='wp-post-image img-fluid landscape' src='https:\/\/semmelweis.hu\/reziliencia-akademia\/wp-content\/themes\/se18\/dist\/images\/svg\/bg-image.svg' \/>\n                    <\/div>\n                    <div class=\"card-body  col flex-column  col-md-12 p-0\">\n                        <div class=\"line-clamp-box p-3\">\n                            <h5 class=\"ml-0 ml-sm-1 mt-2 align-items-center\"  >Medi\u00e1ci\u00f3 alapelvei<\/h5>\n                        <\/div>\n                        \n                    <\/div>\n                <\/div>\n\n            <\/div>\n        <\/a>\n    <\/div>    <div class =\"col  mb-2 card-wrapper\">\n        <a class=\"d-flex flex-fill card-link-warapper m-md-1\" href=\"https:\/\/semmelweis.hu\/reziliencia-akademia\/konfliktuskezeles\/interperszonalis-hatekonysag\/\">\n            <div class=\"card border border-secondary se-border flex-fill\">\n                <div class=\"row no-gutters mx-0 d-flex flex-nowrap flex-md-wrap align-items-center\">\n                    <div class =\"  col-5 col-md-12  d-none  d-md-none d-md-none  bg-image  card-image justify-content-center\">\n                        <img class='wp-post-image img-fluid landscape' src='https:\/\/semmelweis.hu\/reziliencia-akademia\/wp-content\/themes\/se18\/dist\/images\/svg\/bg-image.svg' \/>\n                    <\/div>\n                    <div class=\"card-body  col flex-column  col-md-12 p-0\">\n                        <div class=\"line-clamp-box p-3\">\n                            <h5 class=\"ml-0 ml-sm-1 mt-2 align-items-center\"  >Interperszon\u00e1lis hat\u00e9konys\u00e1g<\/h5>\n                        <\/div>\n                        \n                    <\/div>\n                <\/div>\n\n            <\/div>\n        <\/a>\n    <\/div>    <div class =\"col  mb-2 card-wrapper\">\n        <a class=\"d-flex flex-fill card-link-warapper m-md-1\" href=\"https:\/\/semmelweis.hu\/reziliencia-akademia\/konfliktuskezeles\/mentalizacio-es-empatia\/\">\n            <div class=\"card border border-secondary se-border flex-fill\">\n                <div class=\"row no-gutters mx-0 d-flex flex-nowrap flex-md-wrap align-items-center\">\n                    <div class =\"  col-5 col-md-12  d-none  d-md-none d-md-none  bg-image  card-image justify-content-center\">\n                        <img class='wp-post-image img-fluid landscape' src='https:\/\/semmelweis.hu\/reziliencia-akademia\/wp-content\/themes\/se18\/dist\/images\/svg\/bg-image.svg' \/>\n                    <\/div>\n                    <div class=\"card-body  col flex-column  col-md-12 p-0\">\n                        <div class=\"line-clamp-box p-3\">\n                            <h5 class=\"ml-0 ml-sm-1 mt-2 align-items-center\"  >Mentaliz\u00e1ci\u00f3 \u00e9s emp\u00e1tia<\/h5>\n                        <\/div>\n                        \n                    <\/div>\n                <\/div>\n\n            <\/div>\n        <\/a>\n    <\/div>        <\/div>\n    <\/section> <div class=\"keretes w-100\" style=\"border: 0px solid !important; background-color: #ffe79f !important;\">\n<h5><span style=\"font-size: 14pt;\">A <a href=\"https:\/\/semmelweis.hu\/reziliencia-akademia\/\">Reziliencia Akad\u00e9mia<\/a> programj\u00e1t a <\/span><span style=\"font-size: 14pt;\"><a href=\"https:\/\/www.merckgroup.com\/en\" target=\"_blank\" rel=\"noopener\"><img loading=\"lazy\" decoding=\"async\" class=\"alignnone wp-image-497 \" src=\"https:\/\/semmelweis.hu\/reziliencia-akademia\/files\/2025\/09\/MERCK_LOGO_Rich_RGB.png\" alt=\"\" width=\"117\" height=\"20\" \/><\/a><\/span><span style=\"font-size: 14pt;\">t\u00e1mogatja. <\/span><span style=\"font-size: 14pt;\">A weboldal tartalm\u00e1t a Semmelweis Egyetem <a href=\"https:\/\/semmelweis.hu\/magtud\/\" target=\"_blank\" rel=\"noopener\">Magatart\u00e1studom\u00e1nyi Int\u00e9zete<\/a> k\u00e9sz\u00edtette.\u00a0<\/span><\/h5>\n<\/div>\n<\/p>\n","protected":false},"excerpt":{"rendered":"<p>Az interperszon\u00e1lis vagy kapcsolati hat\u00e9konys\u00e1g azt jelenti, hogy egyens\u00falyt tal\u00e1lunk a kapcsolataink fenntart\u00e1sa \u00e9s a c\u00e9ljaink el\u00e9r\u00e9se k\u00f6z\u00f6tt. Gyakran neh\u00e9z megtal\u00e1lni az \u00f6sszhangot a kett\u0151 k\u00f6z\u00f6tt.\u00a0 <a href=\"https:\/\/semmelweis.hu\/reziliencia-akademia\/files\/2025\/09\/interperszonalis_pelda.png\"><\/a> El\u0151fordulhat, hogy azt gondoljuk, ha fel\u00e1ldozzuk a saj\u00e1t ig\u00e9nyeinket \u00e9s sz\u00fcks\u00e9gleteinket, akkor az a kapcsolat konfliktusmentes m\u0171k\u00f6d\u00e9s\u00e9t fogja eredm\u00e9nyezni. Ez hossz\u00fat\u00e1von egyenl\u0151tlens\u00e9ghez \u00e9s magas szint\u0171 bels\u0151 fesz\u00fclts\u00e9ghez vezethet, ami &hellip;<\/p>\n","protected":false},"author":110,"featured_media":0,"parent":478,"menu_order":2,"comment_status":"closed","ping_status":"closed","template":"template-fullwidth.php","meta":{"_acf_changed":false,"footnotes":""},"categories":[],"tags":[],"class_list":["post-51","page","type-page","status-publish","hentry"],"acf":[],"_links":{"self":[{"href":"https:\/\/semmelweis.hu\/reziliencia-akademia\/wp-json\/wp\/v2\/pages\/51","targetHints":{"allow":["GET"]}}],"collection":[{"href":"https:\/\/semmelweis.hu\/reziliencia-akademia\/wp-json\/wp\/v2\/pages"}],"about":[{"href":"https:\/\/semmelweis.hu\/reziliencia-akademia\/wp-json\/wp\/v2\/types\/page"}],"author":[{"embeddable":true,"href":"https:\/\/semmelweis.hu\/reziliencia-akademia\/wp-json\/wp\/v2\/users\/110"}],"replies":[{"embeddable":true,"href":"https:\/\/semmelweis.hu\/reziliencia-akademia\/wp-json\/wp\/v2\/comments?post=51"}],"version-history":[{"count":9,"href":"https:\/\/semmelweis.hu\/reziliencia-akademia\/wp-json\/wp\/v2\/pages\/51\/revisions"}],"predecessor-version":[{"id":682,"href":"https:\/\/semmelweis.hu\/reziliencia-akademia\/wp-json\/wp\/v2\/pages\/51\/revisions\/682"}],"up":[{"embeddable":true,"href":"https:\/\/semmelweis.hu\/reziliencia-akademia\/wp-json\/wp\/v2\/pages\/478"}],"wp:attachment":[{"href":"https:\/\/semmelweis.hu\/reziliencia-akademia\/wp-json\/wp\/v2\/media?parent=51"}],"wp:term":[{"taxonomy":"category","embeddable":true,"href":"https:\/\/semmelweis.hu\/reziliencia-akademia\/wp-json\/wp\/v2\/categories?post=51"},{"taxonomy":"post_tag","embeddable":true,"href":"https:\/\/semmelweis.hu\/reziliencia-akademia\/wp-json\/wp\/v2\/tags?post=51"}],"curies":[{"name":"wp","href":"https:\/\/api.w.org\/{rel}","templated":true}]}}