{"id":478,"date":"2025-09-17T09:32:44","date_gmt":"2025-09-17T07:32:44","guid":{"rendered":"https:\/\/semmelweis.hu\/reziliencia-akademia\/?page_id=478"},"modified":"2025-09-17T12:49:58","modified_gmt":"2025-09-17T10:49:58","slug":"konfliktuskezeles","status":"publish","type":"page","link":"https:\/\/semmelweis.hu\/reziliencia-akademia\/konfliktuskezeles\/","title":{"rendered":"Konfliktuskezel\u00e9s"},"content":{"rendered":"<div class=\"keretes w-100\">\n<p>A konfliktus az emberi interakci\u00f3k elker\u00fclhetetlen r\u00e9sze. Gyakran negat\u00edvnak tekintj\u00fck, pedig <strong>a konfliktusok val\u00f3j\u00e1ban lehet\u0151s\u00e9get k\u00edn\u00e1lnak a fejl\u0151d\u00e9sre \u00e9s a m\u00e9lyebb meg\u00e9rt\u00e9sre<\/strong>. A konfliktuskezel\u00e9s <strong>c\u00e9lja nem a n\u00e9zetelt\u00e9r\u00e9sek megsz\u00fcntet\u00e9se, hanem az, hogy megtanuljunk konstrukt\u00edv m\u00f3don, tisztelettud\u00f3an \u00e9s hat\u00e9konyan reag\u00e1lni r\u00e1juk<\/strong>.<\/p>\n<p>A megfelel\u0151 konfliktuskezel\u00e9si k\u00e9szs\u00e9gek birtok\u00e1ban <strong>k\u00e9pesek lesz\u00fcnk kezelni a fesz\u00fclt helyzeteket, er\u0151s\u00edteni a kapcsolatainkat, \u00e9s win-win megold\u00e1sokat tal\u00e1lni<\/strong>. Ebben a modulban gyakorlati eszk\u00f6z\u00f6ket mutatunk be kommunik\u00e1ci\u00f3 jav\u00edt\u00e1s\u00e1ra, az emp\u00e1tia n\u00f6vel\u00e9s\u00e9re \u00e9s a neh\u00e9z besz\u00e9lget\u00e9sek lebonyol\u00edt\u00e1s\u00e1ra, ami seg\u00edt abban, hogy a konfliktusokb\u00f3l er\u0151sebb kapcsolatok \u00e9s pozit\u00edv kimenetelek sz\u00fclethessenek.<\/p>\n<\/div>\n<style>\n           #page-grid .card-body > .line-clamp-box.excerpt{\n        width: inherit;\n        max-width: inherit;\n        display:flex;\n        min-height: 2.4em;\n        flex-direction: column;\n        justify-content: space-around;\n        background-color: #D6E4EA;\n        min-height: 3.4rem;\n        font-family: \"Montserrat\", sans-serif;\n    }\n\n    #page-grid a:hover .card-body > .line-clamp-box.excerpt {\n        background-color: #fff;\n        color: #313B40;\n    }\n\n    #page-grid .card-body .line-clamp-box.excerpt section{\n        max-width: inherit;\n        display: -webkit-box;\n        -webkit-line-clamp: 2;\n        -webkit-box-orient: vertical;\n        overflow: hidden;\n        text-overflow: ellipsis;\n        hyphens: auto;\n        margin: auto;\n        \n    }\n    .line-clamp-box.excerpt section, .line-clamp-box.excerpt section p{\n        font-size:0.8em;\n    }\n    \n<\/style>\n    <section id=\"page-grid\">\n        <section class=\"d-block d-md-flex title-row my-3 ml-0 ml-md-1\">\n<div class=\"section-title  mb-1 \">\n<h2>\n    A k\u00e9pz\u00e9s elemei\n<\/h2>\n<\/div>\n<\/section>\n        <div class=\"row row-cols-1 row-cols-md-2 row-cols-lg-3 no-gutters mx-0 \">    <div class =\"col  mb-2 card-wrapper\">\n        <a class=\"d-flex flex-fill card-link-warapper m-md-1\" href=\"https:\/\/semmelweis.hu\/reziliencia-akademia\/konfliktuskezeles\/konfliktuskezeles-altalaban\/\">\n            <div class=\"card border border-secondary se-border flex-fill\">\n                <div class=\"row no-gutters mx-0 d-flex flex-nowrap flex-md-wrap align-items-center\">\n                    <div class =\"  col-5 col-md-12  d-none  d-md-none d-md-none  bg-image  card-image justify-content-center\">\n                        <img class='wp-post-image img-fluid landscape' src='https:\/\/semmelweis.hu\/reziliencia-akademia\/wp-content\/themes\/se18\/dist\/images\/svg\/bg-image.svg' \/>\n                    <\/div>\n                    <div class=\"card-body  col flex-column  col-md-12 p-0\">\n                        <div class=\"line-clamp-box p-3\">\n                            <h5 class=\"ml-0 ml-sm-1 mt-2 align-items-center\"  >Konfliktuskezel\u00e9sr\u0151l \u00e1ltal\u00e1ban<\/h5>\n                        <\/div>\n                        \n                    <\/div>\n                <\/div>\n\n            <\/div>\n        <\/a>\n    <\/div>    <div class =\"col  mb-2 card-wrapper\">\n        <a class=\"d-flex flex-fill card-link-warapper m-md-1\" href=\"https:\/\/semmelweis.hu\/reziliencia-akademia\/konfliktuskezeles\/megoldaskozpontu-gondolkodas\/\">\n            <div class=\"card border border-secondary se-border flex-fill\">\n                <div class=\"row no-gutters mx-0 d-flex flex-nowrap flex-md-wrap align-items-center\">\n                    <div class =\"  col-5 col-md-12  d-none  d-md-none d-md-none  bg-image  card-image justify-content-center\">\n                        <img class='wp-post-image img-fluid landscape' src='https:\/\/semmelweis.hu\/reziliencia-akademia\/wp-content\/themes\/se18\/dist\/images\/svg\/bg-image.svg' \/>\n                    <\/div>\n                    <div class=\"card-body  col flex-column  col-md-12 p-0\">\n                        <div class=\"line-clamp-box p-3\">\n                            <h5 class=\"ml-0 ml-sm-1 mt-2 align-items-center\"  >Megold\u00e1sk\u00f6zpont\u00fa gondolkod\u00e1s<\/h5>\n                        <\/div>\n                        \n                    <\/div>\n                <\/div>\n\n            <\/div>\n        <\/a>\n    <\/div>    <div class =\"col  mb-2 card-wrapper\">\n        <a class=\"d-flex flex-fill card-link-warapper m-md-1\" href=\"https:\/\/semmelweis.hu\/reziliencia-akademia\/konfliktuskezeles\/mediacio-alapelvei\/\">\n            <div class=\"card border border-secondary se-border flex-fill\">\n                <div class=\"row no-gutters mx-0 d-flex flex-nowrap flex-md-wrap align-items-center\">\n                    <div class =\"  col-5 col-md-12  d-none  d-md-none d-md-none  bg-image  card-image justify-content-center\">\n                        <img class='wp-post-image img-fluid landscape' src='https:\/\/semmelweis.hu\/reziliencia-akademia\/wp-content\/themes\/se18\/dist\/images\/svg\/bg-image.svg' \/>\n                    <\/div>\n                    <div class=\"card-body  col flex-column  col-md-12 p-0\">\n                        <div class=\"line-clamp-box p-3\">\n                            <h5 class=\"ml-0 ml-sm-1 mt-2 align-items-center\"  >Medi\u00e1ci\u00f3 alapelvei<\/h5>\n                        <\/div>\n                        \n                    <\/div>\n                <\/div>\n\n            <\/div>\n        <\/a>\n    <\/div>    <div class =\"col  mb-2 card-wrapper\">\n        <a class=\"d-flex flex-fill card-link-warapper m-md-1\" href=\"https:\/\/semmelweis.hu\/reziliencia-akademia\/konfliktuskezeles\/interperszonalis-hatekonysag\/\">\n            <div class=\"card border border-secondary se-border flex-fill\">\n                <div class=\"row no-gutters mx-0 d-flex flex-nowrap flex-md-wrap align-items-center\">\n                    <div class =\"  col-5 col-md-12  d-none  d-md-none d-md-none  bg-image  card-image justify-content-center\">\n                        <img class='wp-post-image img-fluid landscape' src='https:\/\/semmelweis.hu\/reziliencia-akademia\/wp-content\/themes\/se18\/dist\/images\/svg\/bg-image.svg' \/>\n                    <\/div>\n                    <div class=\"card-body  col flex-column  col-md-12 p-0\">\n                        <div class=\"line-clamp-box p-3\">\n                            <h5 class=\"ml-0 ml-sm-1 mt-2 align-items-center\"  >Interperszon\u00e1lis hat\u00e9konys\u00e1g<\/h5>\n                        <\/div>\n                        \n                    <\/div>\n                <\/div>\n\n            <\/div>\n        <\/a>\n    <\/div>    <div class =\"col  mb-2 card-wrapper\">\n        <a class=\"d-flex flex-fill card-link-warapper m-md-1\" href=\"https:\/\/semmelweis.hu\/reziliencia-akademia\/konfliktuskezeles\/mentalizacio-es-empatia\/\">\n            <div class=\"card border border-secondary se-border flex-fill\">\n                <div class=\"row no-gutters mx-0 d-flex flex-nowrap flex-md-wrap align-items-center\">\n                    <div class =\"  col-5 col-md-12  d-none  d-md-none d-md-none  bg-image  card-image justify-content-center\">\n                        <img class='wp-post-image img-fluid landscape' src='https:\/\/semmelweis.hu\/reziliencia-akademia\/wp-content\/themes\/se18\/dist\/images\/svg\/bg-image.svg' \/>\n                    <\/div>\n                    <div class=\"card-body  col flex-column  col-md-12 p-0\">\n                        <div class=\"line-clamp-box p-3\">\n                            <h5 class=\"ml-0 ml-sm-1 mt-2 align-items-center\"  >Mentaliz\u00e1ci\u00f3 \u00e9s emp\u00e1tia<\/h5>\n                        <\/div>\n                        \n                    <\/div>\n                <\/div>\n\n            <\/div>\n        <\/a>\n    <\/div>        <\/div>\n    <\/section>\n<div class=\"keretes w-100\" style=\"border: 0px solid !important; background-color: #ffe79f !important;\">\n<h5><span style=\"font-size: 14pt;\">A <a href=\"https:\/\/semmelweis.hu\/reziliencia-akademia\/\">Reziliencia Akad\u00e9mia<\/a> programj\u00e1t a <\/span><span style=\"font-size: 14pt;\"><a href=\"https:\/\/www.merckgroup.com\/en\" target=\"_blank\" rel=\"noopener\"><img loading=\"lazy\" decoding=\"async\" class=\"alignnone wp-image-497 \" src=\"https:\/\/semmelweis.hu\/reziliencia-akademia\/files\/2025\/09\/MERCK_LOGO_Rich_RGB.png\" alt=\"\" width=\"117\" height=\"20\" \/><\/a><\/span><span style=\"font-size: 14pt;\">t\u00e1mogatja. <\/span><span style=\"font-size: 14pt;\">A weboldal tartalm\u00e1t a Semmelweis Egyetem <a href=\"https:\/\/semmelweis.hu\/magtud\/\" target=\"_blank\" rel=\"noopener\">Magatart\u00e1studom\u00e1nyi Int\u00e9zete<\/a> k\u00e9sz\u00edtette.\u00a0<\/span><\/h5>\n<\/div>\n\n","protected":false},"excerpt":{"rendered":"<p>Milyen technik\u00e1k seg\u00edtenek konstrukt\u00edv m\u00f3don \u00e9s hat\u00e9konyan reag\u00e1lni a konfliktusokra<\/p>\n","protected":false},"author":12,"featured_media":0,"parent":0,"menu_order":3,"comment_status":"closed","ping_status":"closed","template":"template-fullwidth.php","meta":{"_acf_changed":false,"footnotes":""},"categories":[12],"tags":[],"class_list":["post-478","page","type-page","status-publish","hentry","category-nyitolapra"],"acf":[],"_links":{"self":[{"href":"https:\/\/semmelweis.hu\/reziliencia-akademia\/wp-json\/wp\/v2\/pages\/478","targetHints":{"allow":["GET"]}}],"collection":[{"href":"https:\/\/semmelweis.hu\/reziliencia-akademia\/wp-json\/wp\/v2\/pages"}],"about":[{"href":"https:\/\/semmelweis.hu\/reziliencia-akademia\/wp-json\/wp\/v2\/types\/page"}],"author":[{"embeddable":true,"href":"https:\/\/semmelweis.hu\/reziliencia-akademia\/wp-json\/wp\/v2\/users\/12"}],"replies":[{"embeddable":true,"href":"https:\/\/semmelweis.hu\/reziliencia-akademia\/wp-json\/wp\/v2\/comments?post=478"}],"version-history":[{"count":8,"href":"https:\/\/semmelweis.hu\/reziliencia-akademia\/wp-json\/wp\/v2\/pages\/478\/revisions"}],"predecessor-version":[{"id":731,"href":"https:\/\/semmelweis.hu\/reziliencia-akademia\/wp-json\/wp\/v2\/pages\/478\/revisions\/731"}],"wp:attachment":[{"href":"https:\/\/semmelweis.hu\/reziliencia-akademia\/wp-json\/wp\/v2\/media?parent=478"}],"wp:term":[{"taxonomy":"category","embeddable":true,"href":"https:\/\/semmelweis.hu\/reziliencia-akademia\/wp-json\/wp\/v2\/categories?post=478"},{"taxonomy":"post_tag","embeddable":true,"href":"https:\/\/semmelweis.hu\/reziliencia-akademia\/wp-json\/wp\/v2\/tags?post=478"}],"curies":[{"name":"wp","href":"https:\/\/api.w.org\/{rel}","templated":true}]}}