{"id":35,"date":"2025-07-31T14:49:53","date_gmt":"2025-07-31T12:49:53","guid":{"rendered":"https:\/\/semmelweis.hu\/reziliencia-akademia\/?page_id=35"},"modified":"2025-10-27T13:22:56","modified_gmt":"2025-10-27T12:22:56","slug":"rugalmas-gondolkodas","status":"publish","type":"page","link":"https:\/\/semmelweis.hu\/reziliencia-akademia\/stresszkezeles\/rugalmas-gondolkodas\/","title":{"rendered":"Rugalmas gondolkod\u00e1s"},"content":{"rendered":"<div class=\"keretes w-100\">\n<h6>Egyens\u00falyunk meg\u0151rz\u00e9s\u00e9ben az is seg\u00edt, ha megtanulunk rugalmasan gondolkodni. Vagyis, <strong>megtanuljuk gondolkod\u00e1sunkat tudatosan ir\u00e1ny\u00edtani\u00a0<\/strong>\ud83e\udd14<\/h6>\n<\/div>\n<p>\ud83d\udd70\ufe0fA nap nagy r\u00e9sz\u00e9ben nincs sz\u00fcks\u00e9g a gondolataink tudatos ir\u00e1ny\u00edt\u00e1s\u00e1ra.\u00a0Az \ud83e\udde0agyunk rutinhelyzetekben nem gondolkodik, nem elemez, hanem automatikusan cselekszik, automatikus gondolatok seg\u00edts\u00e9g\u00e9vel, \u201erutin\u201d \u00fczemm\u00f3dban.<\/p>\n<p><img loading=\"lazy\" decoding=\"async\" class=\"size-medium wp-image-360 aligncenter\" src=\"https:\/\/semmelweis.hu\/reziliencia-akademia\/files\/2025\/09\/robotpilota-400x158.png\" alt=\"\" width=\"400\" height=\"158\" srcset=\"https:\/\/semmelweis.hu\/reziliencia-akademia\/files\/2025\/09\/robotpilota-400x158.png 400w, https:\/\/semmelweis.hu\/reziliencia-akademia\/files\/2025\/09\/robotpilota.png 532w\" sizes=\"auto, (max-width: 400px) 100vw, 400px\" \/><\/p>\n<p>Ez nem rossz, mert nagyon <strong>energiatakar\u00e9kos<\/strong>. Gondoljuk bele milyen lenne, ha percenk\u00e9nt d\u00f6nt\u00e9seket kellene hoznunk!<\/p>\n<h4 style=\"text-align: center\"><span style=\"color: #ff6600\"><strong>Csakhogy!<\/strong> <\/span><\/h4>\n<p>Vannak \u00fagynevezett <strong>Negat\u00edv Automatikus Gondolataink (NAG)<\/strong>. Ezek a m\u00falt negat\u00edv tapasztalataib\u00f3l j\u00f6nnek, kisebb r\u00e9sz\u00fcket pedig megtanultuk valahol. Ezeket a vel\u00fcnk megt\u00f6rt\u00e9n\u0151 esem\u00e9nyek aktiv\u00e1lhatj\u00e1k, \u00e9s akkor ezek a NAG-ok:<\/p>\n<p style=\"padding-left: 40px\"><span style=\"font-size: 18pt\">\ud83d\ude2d<\/span>\u00a0 t\u00fals\u00e1gosan elronthatj\u00e1k a hangulatunkat<\/p>\n<p style=\"padding-left: 40px\"><span style=\"font-size: 18pt\">\u26d3\ufe0f <\/span>megb\u00e9n\u00edthatj\u00e1k a cselekv\u0151k\u00e9pess\u00e9g\u00fcnket<\/p>\n<p style=\"padding-left: 40px\"><span style=\"font-size: 18pt\">\ud83d\udc4e <\/span>egy &#8222;negat\u00edv szem\u00fcveget\u201d tesznek r\u00e1nk, amit\u0151l mindent torz\u00edtva negat\u00edvabbnak l\u00e1tunk, mint amilyen, ez\u00e9rt rontj\u00e1k \u00edt\u00e9l\u0151k\u00e9pess\u00e9g\u00fcnket<\/p>\n<h1 style=\"text-align: center\">A gondolkod\u00e1si torz\u00edt\u00e1sok<\/h1>\n<div class=\"keretes w-100\">\n<p>Vannak <strong>tipikus NAG<\/strong>-ok, m\u00e1s n\u00e9ven <strong>\u201egondolkod\u00e1si torz\u00edt\u00e1sok\u201d<\/strong>, amelyek egy speci\u00e1lis rug\u00f3ra j\u00e1rnak.\u00a0<\/p>\n<\/div>\n<h3>I. A Minden vagy semmi t\u00edpus\u00fa NAG<\/h3>\n<p><span style=\"font-size: 18pt\">\ud83d\ude08<\/span> Ez a fajta NAG k\u00f6ny\u00f6rtelen, t\u00fals\u00e1gosan szigor\u00fa, teljes\u00edthetetlen m\u00e9rc\u00e9t \u00e1ll\u00edt saj\u00e1t magunkkal kapcsolatban<\/p>\n<p style=\"padding-left: 40px\"><em>\u201eNem lett t\u00f6k\u00e9letes, amit csin\u00e1ltam, teh\u00e1t kudarcot vallottam\u201d<\/em><\/p>\n<p style=\"padding-left: 40px\"><strong><span style=\"font-size: 18pt\">\ud83d\udc4d<\/span>Cseregondolat:<\/strong>\u00a0<br \/>\nLehetetlen t\u00f6k\u00e9letesnek lenni, bosszankodhatok az eredm\u00e9nyen, de \u00f6sszess\u00e9g\u00e9ben azonban el\u00e9g j\u00f3l csin\u00e1lom a dolgokat.<\/p>\n<hr \/>\n<h3>II. A pozit\u00edvumok lekicsinyl\u00e9se t\u00edpus\u00fa NAG<\/h3>\n<p><span style=\"font-size: 18pt\">\ud83d\ude08<\/span> Ez azt pr\u00f3b\u00e1lja nek\u00fcnk bebizony\u00edtani, hogy sikereink, er\u00e9nyeink \u00e9s j\u00f3 tulajdons\u00e1gaink nem sz\u00e1m\u00edtanak, mert egyetlen hiba elt\u00f6r\u00f6lheti ezeket \u2013 ez a NAG pedig szint\u00e9n k\u00f6ny\u00f6rtelen \u00e9s teljes\u00edthetetlen elv\u00e1r\u00e1sokat t\u00e1maszt<\/p>\n<p style=\"padding-left: 40px\"><em>\u201eIgen, eddig mindig \u00f6t\u00f6st kaptam, de az nem jelent semmit, mert most, h\u00e1rmast, ami mindent leront\u2026\u201d<\/em><br \/>\n<em>\u201eTudom, hogy j\u00f3 tanul\u00f3 \u00e9s j\u00f3 sportol\u00f3 vagyok, de ez semmit nem sz\u00e1m\u00edt, mert ezt most elrontottam.<\/em><\/p>\n<p style=\"padding-left: 40px\"><strong><span style=\"font-size: 18pt\">\ud83d\udc4dC<\/span>seregondolat:<\/strong> <br \/>\nOk, ez most nem j\u00f6tt \u00f6ssze, ez bosszant\u00f3, de \u00f6sszess\u00e9g\u00e9ben viszont sikeres vagyok<\/p>\n<hr \/>\n<h3>III. \u00c9rzelmi \u00e9rvel\u00e9s t\u00edpus\u00fa NAG\u00a0<\/h3>\n<p><span style=\"font-size: 18pt\">\ud83d\ude08<\/span> Ez az \u00e9rzelmeinken kereszt\u00fcl pr\u00f3b\u00e1l g\u00e1tolni benn\u00fcnket, m\u00e9g akkor is, ha logikusan bel\u00e1tjuk, hogy igazunk van<\/p>\n<p style=\"padding-left: 40px\"><em>\u201eTudom, hogy el\u00e9g j\u00f3l csin\u00e1lom a dolgokat, m\u00e9gis \u00fagy \u00e9rzem, hogy cs\u0151dt\u00f6meg vagyok.&#8221;<br \/>\n<\/em><em>\u201eTudom, hogy a fi\u00fak folyton engem b\u00e1mulnak, \u00e9s sokan pr\u00f3b\u00e1lnak k\u00f6zeledni, m\u00e9gsem \u00e9rzem el\u00e9g vonz\u00f3nak magam.&#8221; <\/em><\/p>\n<p style=\"padding-left: 40px\"><strong><span style=\"font-size: 18pt\">\ud83d\udc4dC<\/span>seregondolat: <br \/>\n<\/strong>Tudom, hogy j\u00f3l csin\u00e1lom a dolgokat, ez\u00e9rt nem \u00e9rtem, mi\u00e9rt \u00e9rzem magam cs\u0151dt\u00f6megnek.<br \/>\nTudom, hogy bej\u00f6v\u00f6k a fi\u00faknak, \u00fagyhogy nem \u00e9rtem, mi\u00e9rt nem \u00e9rzem magam el\u00e9g vonz\u00f3nak.<\/p>\n<hr \/>\n<h3>IV. T\u00falz\u00f3 \u00e1ltal\u00e1nos\u00edt\u00e1s t\u00edpus\u00fa NAG<\/h3>\n<p><span style=\"font-size: 18pt\">\ud83d\ude08<\/span> Ez azt pr\u00f3b\u00e1lja elhitetni vel\u00fcnk, hogy nemcsak egy adott helyzetben vagyunk pl. sikertelenek , hanem \u00e9let\u00fcnk minden pillanat\u00e1ban b\u00e9n\u00e1k, l\u00fazerek vagyunk<\/p>\n<p style=\"padding-left: 40px\"><em>\u201eEz sem j\u00f6tt most \u00f6ssze. \u00c9n egy \u00f6r\u00f6k vesztes vagyok.\u201d<br \/>\n<\/em><em>\u201eA helyzetem teljesen rem\u00e9nytelen.\u201d<br \/>\n\u201eA m\u00faltor sem \u00e9reztem j\u00f3l magam. Nem nekem val\u00f3 a buliz\u00e1s\u201d<\/em><\/p>\n<p style=\"padding-left: 40px\"><strong><span style=\"font-size: 18pt\">\ud83d\udc4dC<\/span>seregondolatok:\u00a0<br \/>\n<\/strong>Most, ebben a helyzetben vesztesnek \u00e9rzem magam.\u00a0<strong><br \/>\n<\/strong>Jelen pillanatban rem\u00e9nytelennek l\u00e1tom a helyzetemet.<strong><br \/>\n<\/strong>A m\u00faltkor nem \u00e9reztem j\u00f3l magam, de ez nem jelenti azt, hogy most sem fogom<\/p>\n<hr \/>\n<h3>V. \u201eMinden a Te hib\u00e1d!!!&#8221; t\u00edpus\u00fa NAG<\/h3>\n<p><span style=\"font-size: 18pt\">\ud83d\ude08<\/span> Ez azt pr\u00f3b\u00e1lja elhitetni vel\u00fcnk, hogy mind\u00e9rt mi vagyunk a felel\u0151sek.<\/p>\n<p style=\"padding-left: 40px\"><em>\u201eAz\u00e9rt nem siker\u00fclt a bar\u00e1tom vizsg\u00e1ja, mert nem voltam hozz\u00e1 el\u00e9g kedves, \u00e9s emiatt rosszkedv\u0171 volt.&#8221;\u00a0<\/em><br \/>\n<em>\u201eBiztos az\u00e9rt inger\u00fclt a t\u00e9mavezet\u0151m, mert valamit rosszul csin\u00e1lok.\u201d<\/em><\/p>\n<p style=\"padding-left: 40px\"><strong><span style=\"font-size: 18pt\">\ud83d\udc4dC<\/span>sergondolat: <br \/>\n<\/strong>Tegnap nem voltam hozz\u00e1 el\u00e9g kedves, k\u00edv\u00e1ncsi vagyok, ez k\u00f6zrej\u00e1tszhatott-e abban, hogy nem siker\u00fclt a vizsg\u00e1ja.<br \/>\nA t\u00e9mavezet\u0151m inger\u00fclt. Vajon mi\u00e9rt?<\/p>\n<h1 style=\"text-align: center\">Hogyan tartsuk kord\u00e1ban a NAG-okat?<\/h1>\n<h5>Felismer\u00e9s:<\/h5>\n<p style=\"padding-left: 40px\">Ha elromlik a kedv\u00fcnk, cs\u00f6kken a motiv\u00e1ci\u00f3nk, vagy \u00e9rtelmetlennek l\u00e1tjuk a cselekv\u00e9st, <strong>n\u00e9zz\u00fck meg, gondoltunk-e az el\u0151bbiekben (vagy most) NAG-ra<\/strong>? \u2013 a legfontosabb, hogy felismerj\u00fck ezeket<\/p>\n<h5>Csere:\u00a0<\/h5>\n<p style=\"padding-left: 40px\">Ha van k\u00e9sz <strong>cseregondolatunk<\/strong>, akkor gondoljunk arra!<\/p>\n<h5>Keres\u00e9s \u00e9s csere:<\/h5>\n<p style=\"padding-left: 40px\">Ha nincs, <strong>keress\u00fcnk cseregondolatokat<\/strong>, \u00e9s ut\u00e1na ezt tartsuk a fej\u00fcnkben!<\/p>\n<h5>Standard k\u00e9rd\u00e9sek:<\/h5>\n<p style=\"padding-left: 40px\">Ha ez sem megy, tegy\u00fck fel magunknak a <strong>STANDARD K\u00c9RD\u00c9SEKET<\/strong>!<\/p>\n<h1 style=\"text-align: center\">A STANDARD K\u00c9RD\u00c9SEK<\/h1>\n<div class=\"fontos_div\">\n<p>Ha NAG-on kapjuk magunkat, \u00e9s m\u00e1s eszk\u00f6z nem seg\u00edt ezt is bevethetj\u00fck. Ilyenkor az al\u00e1bbi k\u00e9rd\u00e9seket \u00e9rdemes feltenni magunknak, mindig ugyan\u00edgy (ez\u00e9rt h\u00edvjuk \u0151ket standard k\u00e9rd\u00e9seknek)<\/p>\n<\/div>\n<ul style=\"list-style-type: square\">\n<li>Mi a bizony\u00edt\u00e9k arra, hogy amig gondolok, igaz?<\/li>\n<li>Mi a bizony\u00edt\u00e9k arra, hogy nem igaz?<\/li>\n<li>\u00d6sszess\u00e9g\u00e9ben mi a legre\u00e1lisabb cseregondolat?<\/li>\n<li>Lehet-e ezt a helyzetet m\u00e1sk\u00e9ppen \u00e9s h\u00e1nyf\u00e9lek\u00e9ppen lehet?<\/li>\n<li>Hogyan hat r\u00e1m, hogyha hiszek ebben a NAG-ban \u00e9s hogyan hatna, ha nem hinn\u00e9k benne?<\/li>\n<li>Ha egy bar\u00e1tom gondoln\u00e1 ezt mag\u00e1r\u00f3l, mit mondan\u00e9k neki?<\/li>\n<li>Ha igaz lenne, amit gondolok, akkor hogyan birk\u00f3zn\u00e9k meg vele? Kit\u0151l k\u00e9rn\u00e9k seg\u00edts\u00e9get?<\/li>\n<\/ul>\n<h5>A t\u00e9m\u00e1hoz k\u00e9t m\u00e1sik modul is tartozik<\/h5>\n<ul>\n<li><a href=\"https:\/\/semmelweis.hu\/reziliencia-akademia\/stresszkezeles\/gondolatolvasas\/\">Gondolatolvas\u00e1s \u00e9s ennek legy\u0151z\u00e9se<\/a> \u2013 ez annyira fontos hogy k\u00fcl\u00f6n modulban tal\u00e1lod<\/li>\n<li><a href=\"https:\/\/semmelweis.hu\/reziliencia-akademia\/hosszu-tavu-reziliencia\/#mindfulness\">Mindfulness \u00e9s a gondolataink<\/a> \u2013 ez egy alternat\u00edv megold\u00e1s a NAG-okkal val\u00f3 megbirk\u00f3z\u00e1sra, ha a fentiek nem v\u00e1ln\u00e1nak be<\/li>\n<\/ul>\n<div class=\"keretes w-100\">\n<p>Az oldal tartalma coping cardk\u00e9nt is let\u00f6lthet\u0151 <a href=\"https:\/\/semmelweis.hu\/reziliencia-akademia\/files\/2025\/10\/rugalmas_gondolkodas_web.pdf\" target=\"_blank\" rel=\"noopener\">pdf form\u00e1tumban<\/a><\/p>\n<\/div>\n<style>\n           #page-grid .card-body > .line-clamp-box.excerpt{\n        width: inherit;\n        max-width: inherit;\n        display:flex;\n        min-height: 2.4em;\n        flex-direction: column;\n        justify-content: space-around;\n        background-color: #D6E4EA;\n        min-height: 3.4rem;\n        font-family: \"Montserrat\", sans-serif;\n    }\n\n    #page-grid a:hover .card-body > .line-clamp-box.excerpt {\n        background-color: #fff;\n        color: #313B40;\n    }\n\n    #page-grid .card-body .line-clamp-box.excerpt section{\n        max-width: inherit;\n        display: -webkit-box;\n        -webkit-line-clamp: 2;\n        -webkit-box-orient: vertical;\n        overflow: hidden;\n        text-overflow: ellipsis;\n        hyphens: auto;\n        margin: auto;\n        \n    }\n    .line-clamp-box.excerpt section, .line-clamp-box.excerpt section p{\n        font-size:0.8em;\n    }\n    \n<\/style>\n    <section id=\"page-grid\">\n        <section class=\"d-block d-md-flex title-row my-3 ml-0 ml-md-1\">\n<div class=\"section-title  mb-1 \">\n<h2>\n    A k\u00e9pz\u00e9s elemei\n<\/h2>\n<\/div>\n<\/section>\n        <div class=\"row row-cols-1 row-cols-md-2 row-cols-lg-3 no-gutters mx-0 \">    <div class =\"col  mb-2 card-wrapper\">\n        <a class=\"d-flex flex-fill card-link-warapper m-md-1\" href=\"https:\/\/semmelweis.hu\/reziliencia-akademia\/stresszkezeles\/stresszelmelet\/\">\n            <div class=\"card border border-secondary se-border flex-fill\">\n                <div class=\"row no-gutters mx-0 d-flex flex-nowrap flex-md-wrap align-items-center\">\n                    <div class =\"  col-5 col-md-12  d-none  d-md-none d-md-none  bg-image  card-image justify-content-center\">\n                        <img class='wp-post-image img-fluid landscape' src='https:\/\/semmelweis.hu\/reziliencia-akademia\/wp-content\/themes\/se18\/dist\/images\/svg\/bg-image.svg' \/>\n                    <\/div>\n                    <div class=\"card-body  col flex-column  col-md-12 p-0\">\n                        <div class=\"line-clamp-box p-3\">\n                            <h5 class=\"ml-0 ml-sm-1 mt-2 align-items-center\"  >Stresszelm\u00e9let<\/h5>\n                        <\/div>\n                        \n                    <\/div>\n                <\/div>\n\n            <\/div>\n        <\/a>\n    <\/div>    <div class =\"col  mb-2 card-wrapper\">\n        <a class=\"d-flex flex-fill card-link-warapper m-md-1\" href=\"https:\/\/semmelweis.hu\/reziliencia-akademia\/stresszkezeles\/gondolatolvasas\/\">\n            <div class=\"card border border-secondary se-border flex-fill\">\n                <div class=\"row no-gutters mx-0 d-flex flex-nowrap flex-md-wrap align-items-center\">\n                    <div class =\"  col-5 col-md-12  d-none  d-md-none d-md-none  bg-image  card-image justify-content-center\">\n                        <img class='wp-post-image img-fluid landscape' src='https:\/\/semmelweis.hu\/reziliencia-akademia\/wp-content\/themes\/se18\/dist\/images\/svg\/bg-image.svg' \/>\n                    <\/div>\n                    <div class=\"card-body  col flex-column  col-md-12 p-0\">\n                        <div class=\"line-clamp-box p-3\">\n                            <h5 class=\"ml-0 ml-sm-1 mt-2 align-items-center\"  >Gondolatolvas\u00e1s<\/h5>\n                        <\/div>\n                        \n                    <\/div>\n                <\/div>\n\n            <\/div>\n        <\/a>\n    <\/div>    <div class =\"col  mb-2 card-wrapper\">\n        <a class=\"d-flex flex-fill card-link-warapper m-md-1\" href=\"https:\/\/semmelweis.hu\/reziliencia-akademia\/stresszkezeles\/relaxacio\/\">\n            <div class=\"card border border-secondary se-border flex-fill\">\n                <div class=\"row no-gutters mx-0 d-flex flex-nowrap flex-md-wrap align-items-center\">\n                    <div class =\"  col-5 col-md-12  d-none  d-md-none d-md-none  bg-image  card-image justify-content-center\">\n                        <img class='wp-post-image img-fluid landscape' src='https:\/\/semmelweis.hu\/reziliencia-akademia\/wp-content\/themes\/se18\/dist\/images\/svg\/bg-image.svg' \/>\n                    <\/div>\n                    <div class=\"card-body  col flex-column  col-md-12 p-0\">\n                        <div class=\"line-clamp-box p-3\">\n                            <h5 class=\"ml-0 ml-sm-1 mt-2 align-items-center\"  >Relax\u00e1ci\u00f3s technik\u00e1k<\/h5>\n                        <\/div>\n                        \n                    <\/div>\n                <\/div>\n\n            <\/div>\n        <\/a>\n    <\/div>    <div class =\"col  mb-2 card-wrapper\">\n        <a class=\"d-flex flex-fill card-link-warapper m-md-1\" href=\"https:\/\/semmelweis.hu\/reziliencia-akademia\/stresszkezeles\/rugalmas-gondolkodas\/\">\n            <div class=\"card border border-secondary se-border flex-fill\">\n                <div class=\"row no-gutters mx-0 d-flex flex-nowrap flex-md-wrap align-items-center\">\n                    <div class =\"  col-5 col-md-12  d-none  d-md-none d-md-none  bg-image  card-image justify-content-center\">\n                        <img class='wp-post-image img-fluid landscape' src='https:\/\/semmelweis.hu\/reziliencia-akademia\/wp-content\/themes\/se18\/dist\/images\/svg\/bg-image.svg' \/>\n                    <\/div>\n                    <div class=\"card-body  col flex-column  col-md-12 p-0\">\n                        <div class=\"line-clamp-box p-3\">\n                            <h5 class=\"ml-0 ml-sm-1 mt-2 align-items-center\"  >Rugalmas gondolkod\u00e1s<\/h5>\n                        <\/div>\n                        \n                    <\/div>\n                <\/div>\n\n            <\/div>\n        <\/a>\n    <\/div>    <div class =\"col  mb-2 card-wrapper\">\n        <a class=\"d-flex flex-fill card-link-warapper m-md-1\" href=\"https:\/\/semmelweis.hu\/reziliencia-akademia\/stresszkezeles\/idogazdalkodas\/\">\n            <div class=\"card border border-secondary se-border flex-fill\">\n                <div class=\"row no-gutters mx-0 d-flex flex-nowrap flex-md-wrap align-items-center\">\n                    <div class =\"  col-5 col-md-12  d-none  d-md-none d-md-none  bg-image  card-image justify-content-center\">\n                        <img class='wp-post-image img-fluid landscape' src='https:\/\/semmelweis.hu\/reziliencia-akademia\/wp-content\/themes\/se18\/dist\/images\/svg\/bg-image.svg' \/>\n                    <\/div>\n                    <div class=\"card-body  col flex-column  col-md-12 p-0\">\n                        <div class=\"line-clamp-box p-3\">\n                            <h5 class=\"ml-0 ml-sm-1 mt-2 align-items-center\"  >Id\u0151gazd\u00e1lkod\u00e1s<\/h5>\n                        <\/div>\n                        \n                    <\/div>\n                <\/div>\n\n            <\/div>\n        <\/a>\n    <\/div>        <\/div>\n    <\/section>\n<div class=\"keretes w-100\" style=\"border: 0px solid !important; background-color: #ffe79f !important;\">\n<h5><span style=\"font-size: 14pt;\">A <a href=\"https:\/\/semmelweis.hu\/reziliencia-akademia\/\">Reziliencia Akad\u00e9mia<\/a> programj\u00e1t a <\/span><span style=\"font-size: 14pt;\"><a href=\"https:\/\/www.merckgroup.com\/en\" target=\"_blank\" rel=\"noopener\"><img loading=\"lazy\" decoding=\"async\" class=\"alignnone wp-image-497 \" src=\"https:\/\/semmelweis.hu\/reziliencia-akademia\/files\/2025\/09\/MERCK_LOGO_Rich_RGB.png\" alt=\"\" width=\"117\" height=\"20\" \/><\/a><\/span><span style=\"font-size: 14pt;\">t\u00e1mogatja. <\/span><span style=\"font-size: 14pt;\">A weboldal tartalm\u00e1t a Semmelweis Egyetem <a href=\"https:\/\/semmelweis.hu\/magtud\/\" target=\"_blank\" rel=\"noopener\">Magatart\u00e1studom\u00e1nyi Int\u00e9zete<\/a> k\u00e9sz\u00edtette.\u00a0<\/span><\/h5>\n<\/div>\n\n","protected":false},"excerpt":{"rendered":"<p>Egyens\u00falyunk meg\u0151rz\u00e9s\u00e9ben az is seg\u00edt, ha megtanulunk rugalmasan gondolkodni. Vagyis, megtanuljuk gondolkod\u00e1sunkat tudatosan ir\u00e1ny\u00edtani\u00a0\ud83e\udd14 \ud83d\udd70\ufe0fA nap nagy r\u00e9sz\u00e9ben nincs sz\u00fcks\u00e9g a gondolataink tudatos ir\u00e1ny\u00edt\u00e1s\u00e1ra.\u00a0Az \ud83e\udde0agyunk rutinhelyzetekben nem gondolkodik, nem elemez, hanem automatikusan cselekszik, automatikus gondolatok seg\u00edts\u00e9g\u00e9vel, \u201erutin\u201d \u00fczemm\u00f3dban. Ez nem rossz, mert nagyon energiatakar\u00e9kos. Gondoljuk bele milyen lenne, ha percenk\u00e9nt d\u00f6nt\u00e9seket kellene hoznunk! Csakhogy! Vannak &hellip;<\/p>\n","protected":false},"author":110,"featured_media":0,"parent":293,"menu_order":3,"comment_status":"closed","ping_status":"closed","template":"template-fullwidth.php","meta":{"_acf_changed":false,"footnotes":""},"categories":[],"tags":[],"class_list":["post-35","page","type-page","status-publish","hentry"],"acf":[],"_links":{"self":[{"href":"https:\/\/semmelweis.hu\/reziliencia-akademia\/wp-json\/wp\/v2\/pages\/35","targetHints":{"allow":["GET"]}}],"collection":[{"href":"https:\/\/semmelweis.hu\/reziliencia-akademia\/wp-json\/wp\/v2\/pages"}],"about":[{"href":"https:\/\/semmelweis.hu\/reziliencia-akademia\/wp-json\/wp\/v2\/types\/page"}],"author":[{"embeddable":true,"href":"https:\/\/semmelweis.hu\/reziliencia-akademia\/wp-json\/wp\/v2\/users\/110"}],"replies":[{"embeddable":true,"href":"https:\/\/semmelweis.hu\/reziliencia-akademia\/wp-json\/wp\/v2\/comments?post=35"}],"version-history":[{"count":10,"href":"https:\/\/semmelweis.hu\/reziliencia-akademia\/wp-json\/wp\/v2\/pages\/35\/revisions"}],"predecessor-version":[{"id":702,"href":"https:\/\/semmelweis.hu\/reziliencia-akademia\/wp-json\/wp\/v2\/pages\/35\/revisions\/702"}],"up":[{"embeddable":true,"href":"https:\/\/semmelweis.hu\/reziliencia-akademia\/wp-json\/wp\/v2\/pages\/293"}],"wp:attachment":[{"href":"https:\/\/semmelweis.hu\/reziliencia-akademia\/wp-json\/wp\/v2\/media?parent=35"}],"wp:term":[{"taxonomy":"category","embeddable":true,"href":"https:\/\/semmelweis.hu\/reziliencia-akademia\/wp-json\/wp\/v2\/categories?post=35"},{"taxonomy":"post_tag","embeddable":true,"href":"https:\/\/semmelweis.hu\/reziliencia-akademia\/wp-json\/wp\/v2\/tags?post=35"}],"curies":[{"name":"wp","href":"https:\/\/api.w.org\/{rel}","templated":true}]}}