{"id":296,"date":"2025-09-16T10:39:18","date_gmt":"2025-09-16T08:39:18","guid":{"rendered":"https:\/\/semmelweis.hu\/reziliencia-akademia\/?page_id=296"},"modified":"2025-10-01T10:48:35","modified_gmt":"2025-10-01T08:48:35","slug":"erzelemszabalyozas","status":"publish","type":"page","link":"https:\/\/semmelweis.hu\/reziliencia-akademia\/erzelemszabalyozas\/","title":{"rendered":"\u00c9rzelemszab\u00e1lyoz\u00e1s"},"content":{"rendered":"<div class=\"keretes w-100\">\n<p>Az \u00e9rzelmek az emberi l\u00e9t alapvet\u0151 r\u00e9szei, a h\u00e9tk\u00f6znapjaink sor\u00e1n sz\u00e1mos \u00e9rzelem vihar\u00e1n megy\u00fcnk kereszt\u00fcl. <strong>Az \u00e9rzelemszab\u00e1lyoz\u00e1s nem azt jelenti, hogy elnyomjuk vagy figyelmen k\u00edv\u00fcl hagyjuk az \u00e9rz\u00e9seinket, hanem azt, hogy tudatosan \u00e9s hat\u00e9konyan kezelj\u00fck azokat.<\/strong> K\u00e9pess\u00e9 v\u00e1lunk arra, hogy a kih\u00edv\u00e1st jelent\u0151 helyzetekben is meg\u0151rizz\u00fck a bels\u0151 nyugalmunkat \u00e9s egyens\u00falyunkat. Egy j\u00f3l m\u0171k\u00f6d\u0151 \u00e9rzelemszab\u00e1lyoz\u00e1si k\u00e9szs\u00e9g kulcsfontoss\u00e1g\u00fa a ment\u00e1lis eg\u00e9szs\u00e9g meg\u0151rz\u00e9s\u00e9ben, a kapcsolataink m\u00e9ly\u00edt\u00e9s\u00e9ben \u00e9s abban, hogy a neh\u00e9z helyzetekben is higgadtan, megfontoltan tudjunk reag\u00e1lni, ahelyett, hogy az \u00e9rzelmeink elragadn\u00e1nak minket.\u00a0<\/p>\n<\/div>\n<style>\n           #page-grid .card-body > .line-clamp-box.excerpt{\n        width: inherit;\n        max-width: inherit;\n        display:flex;\n        min-height: 2.4em;\n        flex-direction: column;\n        justify-content: space-around;\n        background-color: #D6E4EA;\n        min-height: 3.4rem;\n        font-family: \"Montserrat\", sans-serif;\n    }\n\n    #page-grid a:hover .card-body > .line-clamp-box.excerpt {\n        background-color: #fff;\n        color: #313B40;\n    }\n\n    #page-grid .card-body .line-clamp-box.excerpt section{\n        max-width: inherit;\n        display: -webkit-box;\n        -webkit-line-clamp: 2;\n        -webkit-box-orient: vertical;\n        overflow: hidden;\n        text-overflow: ellipsis;\n        hyphens: auto;\n        margin: auto;\n        \n    }\n    .line-clamp-box.excerpt section, .line-clamp-box.excerpt section p{\n        font-size:0.8em;\n    }\n    \n<\/style>\n    <section id=\"page-grid\">\n        <section class=\"d-block d-md-flex title-row my-3 ml-0 ml-md-1\">\n<div class=\"section-title  mb-1 \">\n<h2>\n    A k\u00e9pz\u00e9s elemei\n<\/h2>\n<\/div>\n<\/section>\n        <div class=\"row row-cols-1 row-cols-md-2 row-cols-lg-2 no-gutters mx-0 \">    <div class =\"col  mb-2 card-wrapper\">\n        <a class=\"d-flex flex-fill card-link-warapper m-md-1\" href=\"https:\/\/semmelweis.hu\/reziliencia-akademia\/erzelemszabalyozas\/erzelemszabalyozas-elmelete\/\">\n            <div class=\"card border border-secondary se-border flex-fill\">\n                <div class=\"row no-gutters mx-0 d-flex flex-nowrap flex-md-wrap align-items-center\">\n                    <div class =\"  col-5 col-md-12  d-none  d-md-none d-md-none  bg-image  card-image justify-content-center\">\n                        <img class='wp-post-image img-fluid landscape' src='https:\/\/semmelweis.hu\/reziliencia-akademia\/wp-content\/themes\/se18\/dist\/images\/svg\/bg-image.svg' \/>\n                    <\/div>\n                    <div class=\"card-body  col flex-column  col-md-12 p-0\">\n                        <div class=\"line-clamp-box p-3\">\n                            <h5 class=\"ml-0 ml-sm-1 mt-2 align-items-center\"  >\u00c9rzelemszab\u00e1lyoz\u00e1s elm\u00e9lete<\/h5>\n                        <\/div>\n                        \n                    <\/div>\n                <\/div>\n\n            <\/div>\n        <\/a>\n    <\/div>    <div class =\"col  mb-2 card-wrapper\">\n        <a class=\"d-flex flex-fill card-link-warapper m-md-1\" href=\"https:\/\/semmelweis.hu\/reziliencia-akademia\/erzelemszabalyozas\/foldelesi-technikak\/\">\n            <div class=\"card border border-secondary se-border flex-fill\">\n                <div class=\"row no-gutters mx-0 d-flex flex-nowrap flex-md-wrap align-items-center\">\n                    <div class =\"  col-5 col-md-12  d-none  d-md-none d-md-none  bg-image  card-image justify-content-center\">\n                        <img class='wp-post-image img-fluid landscape' src='https:\/\/semmelweis.hu\/reziliencia-akademia\/wp-content\/themes\/se18\/dist\/images\/svg\/bg-image.svg' \/>\n                    <\/div>\n                    <div class=\"card-body  col flex-column  col-md-12 p-0\">\n                        <div class=\"line-clamp-box p-3\">\n                            <h5 class=\"ml-0 ml-sm-1 mt-2 align-items-center\"  >F\u00f6ldel\u00e9si technik\u00e1k<\/h5>\n                        <\/div>\n                        \n                    <\/div>\n                <\/div>\n\n            <\/div>\n        <\/a>\n    <\/div>        <\/div>\n    <\/section>\n<div class=\"keretes w-100\" style=\"border: 0px solid !important; background-color: #ffe79f !important;\">\n<h5><span style=\"font-size: 14pt;\">A <a href=\"https:\/\/semmelweis.hu\/reziliencia-akademia\/\">Reziliencia Akad\u00e9mia<\/a> programj\u00e1t a <\/span><span style=\"font-size: 14pt;\"><a href=\"https:\/\/www.merckgroup.com\/en\" target=\"_blank\" rel=\"noopener\"><img loading=\"lazy\" decoding=\"async\" class=\"alignnone wp-image-497 \" src=\"https:\/\/semmelweis.hu\/reziliencia-akademia\/files\/2025\/09\/MERCK_LOGO_Rich_RGB.png\" alt=\"\" width=\"117\" height=\"20\" \/><\/a><\/span><span style=\"font-size: 14pt;\">t\u00e1mogatja. <\/span><span style=\"font-size: 14pt;\">A weboldal tartalm\u00e1t a Semmelweis Egyetem <a href=\"https:\/\/semmelweis.hu\/magtud\/\" target=\"_blank\" rel=\"noopener\">Magatart\u00e1studom\u00e1nyi Int\u00e9zete<\/a> k\u00e9sz\u00edtette.\u00a0<\/span><\/h5>\n<\/div>\n\n","protected":false},"excerpt":{"rendered":"<p>Hogyan \u0151rizz\u00fck meg a kih\u00edv\u00e1st jelent\u0151 helyzetekben is a bels\u0151 nyugalmunkat \u00e9s egyens\u00falyunkat.<\/p>\n","protected":false},"author":12,"featured_media":0,"parent":0,"menu_order":2,"comment_status":"closed","ping_status":"closed","template":"template-fullwidth.php","meta":{"_acf_changed":false,"footnotes":""},"categories":[12],"tags":[],"class_list":["post-296","page","type-page","status-publish","hentry","category-nyitolapra"],"acf":[],"_links":{"self":[{"href":"https:\/\/semmelweis.hu\/reziliencia-akademia\/wp-json\/wp\/v2\/pages\/296","targetHints":{"allow":["GET"]}}],"collection":[{"href":"https:\/\/semmelweis.hu\/reziliencia-akademia\/wp-json\/wp\/v2\/pages"}],"about":[{"href":"https:\/\/semmelweis.hu\/reziliencia-akademia\/wp-json\/wp\/v2\/types\/page"}],"author":[{"embeddable":true,"href":"https:\/\/semmelweis.hu\/reziliencia-akademia\/wp-json\/wp\/v2\/users\/12"}],"replies":[{"embeddable":true,"href":"https:\/\/semmelweis.hu\/reziliencia-akademia\/wp-json\/wp\/v2\/comments?post=296"}],"version-history":[{"count":10,"href":"https:\/\/semmelweis.hu\/reziliencia-akademia\/wp-json\/wp\/v2\/pages\/296\/revisions"}],"predecessor-version":[{"id":658,"href":"https:\/\/semmelweis.hu\/reziliencia-akademia\/wp-json\/wp\/v2\/pages\/296\/revisions\/658"}],"wp:attachment":[{"href":"https:\/\/semmelweis.hu\/reziliencia-akademia\/wp-json\/wp\/v2\/media?parent=296"}],"wp:term":[{"taxonomy":"category","embeddable":true,"href":"https:\/\/semmelweis.hu\/reziliencia-akademia\/wp-json\/wp\/v2\/categories?post=296"},{"taxonomy":"post_tag","embeddable":true,"href":"https:\/\/semmelweis.hu\/reziliencia-akademia\/wp-json\/wp\/v2\/tags?post=296"}],"curies":[{"name":"wp","href":"https:\/\/api.w.org\/{rel}","templated":true}]}}